{"id":31276,"date":"2021-08-21T13:46:52","date_gmt":"2021-08-21T13:46:52","guid":{"rendered":"https:\/\/amelie-project.eu\/?page_id=31276"},"modified":"2021-08-25T14:54:05","modified_gmt":"2021-08-25T14:54:05","slug":"politica-de-privacidade","status":"publish","type":"page","link":"https:\/\/amelie-project.eu\/pt\/politica-de-privacidade\/","title":{"rendered":"Pol\u00edtica de privacidade"},"content":{"rendered":"<p>[et_pb_section fb_built=&#8221;1&#8243; custom_padding_last_edited=&#8221;on|phone&#8221; disabled_on=&#8221;off|off|off&#8221; admin_label=&#8221;Hero section&#8221; _builder_version=&#8221;4.6.3&#8243; background_image=&#8221;https:\/\/amelie-project.eu\/wp-content\/uploads\/2020\/09\/shutterstock_1438674518-Converted-1-1.png&#8221; background_position=&#8221;center_left&#8221; custom_margin=&#8221;|||&#8221; custom_padding=&#8221;7%||7%||true|false&#8221; custom_padding_tablet=&#8221;15%||15%||true|false&#8221; custom_padding_phone=&#8221;&#8221;][et_pb_row use_custom_gutter=&#8221;on&#8221; gutter_width=&#8221;1&#8243; custom_padding_last_edited=&#8221;on|desktop&#8221; _builder_version=&#8221;4.6.3&#8243; _module_preset=&#8221;default&#8221; width=&#8221;100%&#8221; module_alignment=&#8221;left&#8221; custom_padding=&#8221;|||4%|false|false&#8221; custom_padding_tablet=&#8221;|||6%|false|false&#8221; custom_padding_phone=&#8221;|||7%|false|false&#8221;][et_pb_column type=&#8221;4_4&#8243; _builder_version=&#8221;4.6.3&#8243; _module_preset=&#8221;default&#8221;][dsm_block_reveal_text block_reveal_text=&#8221;PRIVACY&#8221; heading_html_tag=&#8221;h1&#8243; block_reveal_color=&#8221;#0e94f9&#8243; block_reveal_delay=&#8221;0&#8243; _builder_version=&#8221;4.6.3&#8243; _module_preset=&#8221;default&#8221; header_font=&#8221;AMELIE||||||||&#8221; header_text_color=&#8221;#0e94f9&#8243; header_font_size=&#8221;4vw&#8221; custom_padding=&#8221;||||false|false&#8221; custom_padding_tablet=&#8221;||||false|false&#8221; custom_padding_phone=&#8221;||||false|false&#8221; custom_padding_last_edited=&#8221;on|tablet&#8221; header_font_size_tablet=&#8221;8.5vw&#8221; header_font_size_phone=&#8221;9vw&#8221; header_font_size_last_edited=&#8221;on|desktop&#8221;][\/dsm_block_reveal_text][dsm_block_reveal_text block_reveal_text=&#8221;POLICY&#8221; heading_html_tag=&#8221;h1&#8243; block_reveal_color=&#8221;#0e94f9&#8243; _builder_version=&#8221;4.6.3&#8243; _module_preset=&#8221;default&#8221; header_font=&#8221;AMELIE||||||||&#8221; header_text_color=&#8221;#0e94f9&#8243; header_font_size=&#8221;3.1vw&#8221; custom_padding=&#8221;||||false|false&#8221; custom_padding_tablet=&#8221;||||false|false&#8221; custom_padding_phone=&#8221;||||false|false&#8221; custom_padding_last_edited=&#8221;on|phone&#8221; header_font_size_tablet=&#8221;5.3vw&#8221; header_font_size_phone=&#8221;5.5vw&#8221; header_font_size_last_edited=&#8221;on|desktop&#8221;][\/dsm_block_reveal_text][\/et_pb_column][\/et_pb_row][\/et_pb_section][et_pb_section fb_built=&#8221;1&#8243; _builder_version=&#8221;4.6.3&#8243; background_color=&#8221;#ffffff&#8221; background_position=&#8221;top_center&#8221; custom_margin=&#8221;|||&#8221; custom_padding=&#8221;100px||50px|||&#8221; hover_enabled=&#8221;0&#8243; sticky_enabled=&#8221;0&#8243;][et_pb_row _builder_version=&#8221;3.25&#8243; custom_margin=&#8221;|||&#8221; custom_padding=&#8221;||26px|||&#8221; locked=&#8221;off&#8221;][et_pb_column type=&#8221;4_4&#8243; _builder_version=&#8221;3.25&#8243; custom_padding=&#8221;|||&#8221; custom_padding__hover=&#8221;|||&#8221;][et_pb_text _builder_version=&#8221;4.6.3&#8243; text_font=&#8221;Gotham kinda bold||||||||&#8221; text_text_color=&#8221;#898f99&#8243; text_line_height=&#8221;2em&#8221; header_font=&#8221;||||||||&#8221; header_2_font=&#8221;Gotham||||on||||solid&#8221; header_2_text_color=&#8221;#6e7889&#8243; header_2_line_height=&#8221;1.4em&#8221; header_3_font=&#8221;Gotham||||||||&#8221; header_3_text_align=&#8221;center&#8221; header_3_text_color=&#8221;#6e7889&#8243; header_3_font_size=&#8221;20px&#8221; header_3_line_height=&#8221;1.4em&#8221; header_4_text_color=&#8221;#000000&#8243; text_orientation=&#8221;center&#8221; width=&#8221;100%&#8221; module_alignment=&#8221;center&#8221; locked=&#8221;off&#8221;]<\/p>\n<h3><strong>Introdu\u00e7\u00e3o<\/strong><\/h3>\n<p>A Bowel Research UK (\u201cn\u00f3s\u201d, \u201cnos\u201d ou \u201cnosso\u201d) respeita a sua privacidade e est\u00e1 empenhada em proteger os seus dados pessoais. Este documento de pol\u00edtica informa-o sobre a forma como recolhemos, armazenamos, utilizamos e divulgamos os seus dados pessoais quando interage connosco. Leia atentamente o que se segue para compreender como processamos os seus dados pessoais.<\/p>\n<p>&nbsp;<\/p>\n<h3><strong>Sobre n\u00f3s<\/strong><\/h3>\n<p>A Bowel Research UK \u00e9 a respons\u00e1vel designada pela divulga\u00e7\u00e3o e comunica\u00e7\u00e3o das actividades de investiga\u00e7\u00e3o do projeto <strong><u>A<\/u><\/strong><u>ncorado <strong>M<\/strong>uscle c<strong>EL<\/strong>ls para <strong>I<\/strong>ncontin\u00eancia<strong>E<\/strong><\/u><strong> (AMELIE), <\/strong><u>financiado pelo programa H2020 da Uni\u00e3o Europeia.<\/u><\/p>\n<p><u>\u00a0<\/u><\/p>\n<p>AMELIE \u00e9 um projeto de investiga\u00e7\u00e3o colaborativa com a dura\u00e7\u00e3o de 5 anos, financiado pelo programa-quadro da Uni\u00e3o Europeia (Horizonte 2020). Envolve a colabora\u00e7\u00e3o de 13 organiza\u00e7\u00f5es de nove pa\u00edses para desenvolver e efetuar investiga\u00e7\u00e3o. O projeto \u00e9 coordenado pela UCL e liderado por Richard Day, Professor de Tecnologia de Medicina Regenerativa na UCL.<\/p>\n<p>A Bowel Research UK, a principal institui\u00e7\u00e3o de caridade especializada no cancro do intestino e na investiga\u00e7\u00e3o do cancro do intestino no Reino Unido, \u00e9 a entidade que determina como e porqu\u00ea os seus dados pessoais s\u00e3o processados. Isto significa que a Bowel Research UK \u00e9 o \u2018controlador\u2019 dos seus dados pessoais para efeitos da lei de prote\u00e7\u00e3o de dados.<\/p>\n<p>&nbsp;<\/p>\n<h3><strong>O que \u00e9 que esta pol\u00edtica de privacidade abrange?<\/strong><\/h3>\n<p>A Pol\u00edtica de Privacidade abrange o tratamento dos seus dados pessoais que recolhemos quando acede ou utiliza os nossos s\u00edtios Web ou servi\u00e7os (por exemplo, quando se inscreve nos nossos eventos) ou quando nos contacta. Armazenamos dados que podem identific\u00e1-lo como indiv\u00edduo (\u201cDados Pessoais\u201d), conforme explicado em mais pormenor abaixo.<\/p>\n<p><strong>\u00a0<\/strong><\/p>\n<h3><strong>Informa\u00e7\u00f5es que nos fornece<\/strong><strong>\u00a0<\/strong><\/h3>\n<p>Podemos armazenar Dados Pessoais que o utilizador opte por nos enviar ou fornecer, por exemplo, ao utilizar o formul\u00e1rio \u201cContacto\u201d no s\u00edtio Web do nosso projeto (<a href=\"https:\/\/amelie-project.eu\/pt\/\">www.amelie-project.eu<\/a>), ou quando se regista para participar nos nossos eventos.<\/p>\n<p>Se nos contactar atrav\u00e9s do formul\u00e1rio \u201cContacto\u201d do nosso s\u00edtio Web, poderemos manter um registo da nossa correspond\u00eancia.<\/p>\n<p>&nbsp;<\/p>\n<h3><strong>Informa\u00e7\u00f5es que nos fornece quando utiliza os nossos servi\u00e7os<\/strong><strong>\u00a0<\/strong><\/h3>\n<p>Recebemos e armazenamos apenas os dados que nos fornece diretamente. Os tipos de dados que podemos recolher diretamente do utilizador incluem: nomes, endere\u00e7os de correio eletr\u00f3nico, n\u00fameros de telefone, cargos, organiza\u00e7\u00e3o afiliada, pa\u00eds, bem como quaisquer outros dados que o utilizador possa ter fornecido.<\/p>\n<p>&nbsp;<\/p>\n<h3><strong>Informa\u00e7\u00f5es que recolhemos automaticamente<\/strong><\/h3>\n<p>Utilizamos cookies e outras tecnologias para garantir que todos os utilizadores do nosso s\u00edtio Web tenham a melhor experi\u00eancia poss\u00edvel.<\/p>\n<p>Um cookie \u00e9 um pequeno ficheiro de dados que \u00e9 colocado no seu computador ou noutro dispositivo para permitir que a plataforma o reconhe\u00e7a como utilizador quando regressa utilizando o mesmo dispositivo e navegador Web, quer durante a sua visita (utilizando um \u2018cookie de sess\u00e3o\u2019) quer para visitas repetidas (um \u2018cookie persistente\u2019). Quando o utilizador visita <a href=\"https:\/\/amelie-project.eu\/pt\/\">www.amelie-project.eu<\/a>, No nosso site, recolhemos determinados dados relacionados com o seu dispositivo, tais como o endere\u00e7o IP do seu dispositivo, o site de refer\u00eancia, as p\u00e1ginas que o seu dispositivo visitou e a hora a que o seu dispositivo visitou o nosso site.<\/p>\n<p>N\u00e3o utilizaremos cookies para recolher informa\u00e7\u00f5es pessoais identific\u00e1veis sobre o utilizador. No entanto, se pretender restringir ou bloquear os cookies que s\u00e3o definidos por esta plataforma, pode faz\u00ea-lo atrav\u00e9s das defini\u00e7\u00f5es do seu browser, ou pode tamb\u00e9m optar por instalar o complemento do browser \u2018Google Analytics\u2019, mas lembre-se de que restringir os cookies pode significar que n\u00e3o poder\u00e1 tirar o m\u00e1ximo partido de todas as funcionalidades dispon\u00edveis nas nossas p\u00e1ginas.<\/p>\n<p>&nbsp;<\/p>\n<h3><strong>Como \u00e9 que utilizamos os dados?<\/strong><\/h3>\n<p>Utilizamos os dados que recolhemos:<\/p>\n<ul>\n<li>Para administrar o nosso s\u00edtio Web, os nossos eventos e para opera\u00e7\u00f5es internas, incluindo resolu\u00e7\u00e3o de problemas, an\u00e1lise de dados, testes, estat\u00edsticas e inqu\u00e9ritos<\/li>\n<li>Para melhorar o nosso s\u00edtio Web e garantir que o conte\u00fado \u00e9 apresentado da forma mais eficaz para o utilizador e para o seu computador<\/li>\n<li>Como parte dos nossos esfor\u00e7os para manter o nosso s\u00edtio Web seguro e protegido<\/li>\n<\/ul>\n<p>Podemos utilizar os dados que nos envia atrav\u00e9s do nosso s\u00edtio Web e\/ou servi\u00e7os para comunicar consigo por correio eletr\u00f3nico e, eventualmente, por outros meios, relativamente a eventos, publica\u00e7\u00f5es, blogues e boletins informativos que pensamos serem do seu interesse. No entanto, o utilizador poder\u00e1 sempre optar por n\u00e3o receber essas comunica\u00e7\u00f5es em qualquer altura (ver a sec\u00e7\u00e3o \u201cOs seus direitos de privacidade\u201d abaixo).<\/p>\n<p>&nbsp;<\/p>\n<h3><strong>Partilhamos e divulgamos dados a terceiros?<\/strong><\/h3>\n<p>Podemos partilhar os seus Dados Pessoais com os benefici\u00e1rios da AMELIE para a boa condu\u00e7\u00e3o das actividades do projeto, por exemplo, para o convidar para os eventos do projeto.<span style=\"font-size: 18px;\">\u00a0<\/span><\/p>\n<p>N\u00e3o vendemos os seus Dados Pessoais a ningu\u00e9m nem os partilhamos com qualquer outra organiza\u00e7\u00e3o que n\u00e3o os benefici\u00e1rios da AMELIE.<\/p>\n<p>No entanto, pode haver circunst\u00e2ncias em que tenhamos de partilhar as suas informa\u00e7\u00f5es:<span style=\"font-size: 18px;\">\u00a0<\/span><\/p>\n<ul>\n<li>Prote\u00e7\u00e3o dos parceiros do projeto e de outros: reservamo-nos o direito de aceder, ler, preservar e divulgar quaisquer dados, conforme necess\u00e1rio, para cumprir a lei ou ordem judicial; fazer cumprir ou aplicar os nossos acordos consigo e outros acordos, ou proteger os direitos, propriedade ou seguran\u00e7a dos parceiros do projeto, dos seus funcion\u00e1rios, dos nossos utilizadores ou de outros.<\/li>\n<li>Divulga\u00e7\u00f5es para Seguran\u00e7a Nacional ou Aplica\u00e7\u00e3o da Lei: em determinadas circunst\u00e2ncias, podemos ser obrigados a divulgar os seus Dados Pessoais em resposta a pedidos v\u00e1lidos de autoridades p\u00fablicas, incluindo para cumprir requisitos de seguran\u00e7a nacional ou de aplica\u00e7\u00e3o da lei.<\/li>\n<\/ul>\n<p>&nbsp;<\/p>\n<h3><strong>Os dados pessoais sobre si est\u00e3o seguros?<\/strong><\/h3>\n<p>Utilizamos medidas de seguran\u00e7a t\u00e9cnicas, organizacionais e administrativas adequadas para\u00a0<span style=\"font-size: 18px;\">proteger qualquer informa\u00e7\u00e3o que tenhamos nos nossos registos contra perda, utiliza\u00e7\u00e3o indevida e n\u00e3o autorizada\u00a0<\/span><span style=\"font-size: 18px;\">acesso, divulga\u00e7\u00e3o, altera\u00e7\u00e3o e destrui\u00e7\u00e3o. Infelizmente, nenhuma empresa ou servi\u00e7o\u00a0<\/span><span style=\"font-size: 18px;\">pode garantir seguran\u00e7a total, entrada ou utiliza\u00e7\u00e3o n\u00e3o autorizada, hardware ou software\u00a0<\/span><span style=\"font-size: 18px;\">e outros factores, podem comprometer a seguran\u00e7a dos dados do utilizador em qualquer altura.<\/span><\/p>\n<p>&nbsp;<\/p>\n<h3><strong>O que acontecer\u00e1 aos seus dados pessoais quando deixarem de ser necess\u00e1rios para a AMELIE?<\/strong><\/h3>\n<p>Conservaremos os seus dados pessoais apenas enquanto forem necess\u00e1rios para os fins do projeto AMELIE. Apag\u00e1-los-emos quando os dados pessoais deixarem de ser necess\u00e1rios para os fins para os quais foram recolhidos ou processados. Em qualquer caso, todos os dados pessoais ser\u00e3o eliminados at\u00e9, ou seja, dois anos ap\u00f3s o fim do projeto.<\/p>\n<p><strong>\u00a0<\/strong><\/p>\n<h2><strong>Os seus direitos de privacidade<\/strong><\/h2>\n<p><strong><u>\u00a0<\/u><\/strong><\/p>\n<h3><strong>Que op\u00e7\u00f5es tem?<\/strong><strong>\u00a0<\/strong><\/h3>\n<p>Pode sempre optar por n\u00e3o nos divulgar informa\u00e7\u00f5es, mas tenha em aten\u00e7\u00e3o que alguns dados podem ser necess\u00e1rios para se registar connosco ou para tirar partido de alguns dos nossos servi\u00e7os.<\/p>\n<p><span style=\"font-size: 18px;\">Pode apresentar uma queixa \u00e0 sua Autoridade de Prote\u00e7\u00e3o de Dados (APD) se considerar que\u00a0<\/span><span style=\"font-size: 18px;\">os seus direitos de prote\u00e7\u00e3o de dados foram violados. Pode identificar a sua APD em <\/span><a href=\"http:\/\/www.edpb.europa.eu\/about-edpb\/board\/members_en\" style=\"font-size: 18px;\">www.edpb.europa.eu\/about-edpb\/board\/members_en<\/a><span style=\"font-size: 18px;\">.<\/span><\/p>\n<p>&nbsp;<\/p>\n<h3><strong>Comunica\u00e7\u00f5es por correio eletr\u00f3nico<\/strong><strong>\u00a0<\/strong><\/h3>\n<p>Pode optar por deixar de receber as nossas comunica\u00e7\u00f5es em qualquer altura, utilizando a liga\u00e7\u00e3o de anula\u00e7\u00e3o da subscri\u00e7\u00e3o nas comunica\u00e7\u00f5es por correio eletr\u00f3nico que enviamos ou contactando-nos atrav\u00e9s de <a href=\"mailto:hannah@bowelresearchuk.org\">hannah@bowelresearchuk.org<\/a><\/p>\n<p>&nbsp;<\/p>\n<h3><strong>Como pode aceder e atualizar as suas informa\u00e7\u00f5es?<\/strong><\/h3>\n<p>Damos aos indiv\u00edduos a oportunidade de aceder, rever, atualizar e eliminar quaisquer dados pessoais que tenhamos sobre eles. Pode enviar uma mensagem de correio eletr\u00f3nico para <a href=\"mailto:hannah@bowelresearchuk.org\">hannah@bowelresearchuk.org<\/a> para este efeito. Se nos pedir para apagar os seus dados, n\u00f3s f\u00e1-lo-emos. Tenha em aten\u00e7\u00e3o que podemos ser obrigados a reter e utilizar as suas informa\u00e7\u00f5es, se necess\u00e1rio, para cumprir obriga\u00e7\u00f5es legais ou para resolver lit\u00edgios.<\/p>\n<p>&nbsp;<\/p>\n<h3><strong>S\u00edtios Web ligados<\/strong><\/h3>\n<p>Para sua conveni\u00eancia, podem ser colocadas hiperliga\u00e7\u00f5es no s\u00edtio Web que remetem para outros\u00a0<span style=\"font-size: 18px;\">websites (os \u201cSites Ligados\u201d). N\u00e3o somos respons\u00e1veis por, e esta Pol\u00edtica de Privacidade n\u00e3o se aplica \u00e0s pr\u00e1ticas de privacidade de quaisquer S\u00edtios Ligados ou de quaisquer empresas que n\u00e3o possu\u00edmos ou controlamos. Os Sites Ligados podem recolher dados para al\u00e9m dos que recolhemos no site. N\u00e3o endossamos nenhum desses Sites Ligados, os servi\u00e7os ou produtos descritos ou oferecidos em tais Sites Ligados, ou qualquer conte\u00fado contido nos Sites Ligados. Aconselhamos o utilizador a procurar e a ler a pol\u00edtica de privacidade de cada Site Ligado que visitar para compreender como s\u00e3o utilizados e protegidos os dados recolhidos sobre si.<\/span><\/p>\n<p>&nbsp;<\/p>\n<h3><strong>Crian\u00e7as<\/strong><\/h3>\n<p>N\u00e3o recolhemos nem solicitamos intencionalmente Dados Pessoais de pessoas com idade inferior a 16 anos. Se tiver menos de 16 anos, n\u00e3o tente registar-se ou enviar-nos quaisquer Dados pessoais sobre si. Se tivermos conhecimento de que recolhemos Dados Pessoais de uma crian\u00e7a com menos de 16 anos, eliminaremos esses dados.<\/p>\n<p>&nbsp;<\/p>\n<h3><strong>A AMELIE ir\u00e1 alterar esta Pol\u00edtica de Privacidade?<\/strong><strong>\u00a0<\/strong><\/h3>\n<p>Estamos constantemente a melhorar o nosso s\u00edtio Web e os nossos servi\u00e7os, pelo que poderemos ter de alterar\u00a0<span style=\"font-size: 18px;\">esta Pol\u00edtica de Privacidade de tempos a tempos. Alertaremos o utilizador para altera\u00e7\u00f5es materiais colocando\u00a0<\/span><span style=\"font-size: 18px;\">um aviso no nosso s\u00edtio Web e\/ou enviando-lhe um e-mail (se tiver registado o seu\u00a0<\/span><span style=\"font-size: 18px;\">detalhes de correio eletr\u00f3nico connosco) quando a legisla\u00e7\u00e3o aplic\u00e1vel assim o exigir. Pode ver\u00a0<\/span><span style=\"font-size: 18px;\">quando esta Pol\u00edtica de Privacidade foi actualizada pela \u00faltima vez, verificando a data na parte inferior desta\u00a0<\/span><span style=\"font-size: 18px;\">p\u00e1gina.<\/span><\/p>\n<p>&nbsp;<\/p>\n<h3><strong>Se tiver d\u00favidas sobre esta pol\u00edtica<\/strong><strong>\u00a0<\/strong><\/h3>\n<p>Se tiver alguma d\u00favida ou preocupa\u00e7\u00e3o relativamente \u00e0s nossas pol\u00edticas de privacidade, envie-nos\u00a0<span style=\"font-size: 18px;\">uma mensagem pormenorizada para <\/span><a href=\"mailto:hannah@bowelresearchuk.org\" style=\"font-size: 18px;\">hannah@bowelresearchuk.org<\/a><span style=\"font-size: 18px;\">, e faremos o nosso melhor para responder \u00e0s suas preocupa\u00e7\u00f5es.<\/span><\/p>\n<p>&nbsp;<\/p>\n<h3><strong>Reutiliza\u00e7\u00e3o de informa\u00e7\u00f5es<\/strong><\/h3>\n<p>N\u00e3o utilizaremos o seu endere\u00e7o de correio eletr\u00f3nico para outras listas de correio eletr\u00f3nico.<span style=\"font-size: 18px;\">\u00a0<\/span><\/p>\n<p>Se tal for necess\u00e1rio, contactaremos o utilizador para pedir o seu consentimento para adicionar o seu endere\u00e7o de correio eletr\u00f3nico a uma nova lista antes de o fazer.<\/p>\n<p><strong>\u00a0<\/strong><\/p>\n<p><em>\u00daltima atualiza\u00e7\u00e3o: 19 de agosto de 2021<\/em><\/p>\n<p>[\/et_pb_text][\/et_pb_column][\/et_pb_row][\/et_pb_section][et_pb_section fb_built=&#8221;1&#8243; _builder_version=&#8221;4.6.3&#8243; _module_preset=&#8221;default&#8221;][\/et_pb_section]<\/p>","protected":false},"excerpt":{"rendered":"<p><div class=\"et_pb_module dsm_block_reveal_text dsm_block_reveal_text_0\">\n\t\t\t\t\n\t\t\t\t\n\t\t\t\t\n\t\t\t\t\n\t\t\t\t\n\t\t\t\t\n\t\t\t\t<div class=\"et_pb_module_inner\">\n\t\t\t\t\t<div class=\"dsm_block_reveal_text_wrapper\" data-dsm-block-reveal-animation=\"lr\" data-dsm-block-reveal-color=\"#0e94f9\" data-dsm-block-reveal-delay=\"0\" data-dsm-block-reveal-viewport=\"80%\"><h1 class=\"dsm_block_reveal_text_header et_pb_module_header\">PRIVACIDADE<\/h1><\/div>\n\t\t\t\t<\/div>\n\t\t\t<\/div><div class=\"et_pb_module dsm_block_reveal_text dsm_block_reveal_text_1\">\n\t\t\t\t\n\t\t\t\t\n\t\t\t\t\n\t\t\t\t\n\t\t\t\t\n\t\t\t\t\n\t\t\t\t<div class=\"et_pb_module_inner\">\n\t\t\t\t\t<div class=\"dsm_block_reveal_text_wrapper\" data-dsm-block-reveal-animation=\"lr\" data-dsm-block-reveal-color=\"#0e94f9\" data-dsm-block-reveal-delay=\"0.1\" data-dsm-block-reveal-viewport=\"80%\"><h1 class=\"dsm_block_reveal_text_header et_pb_module_header\">POL\u00cdTICA<\/h1><\/div>\n\t\t\t\t<\/div>\n\t\t\t<\/div>Introduction Bowel Research UK (\u201cwe\u201d \u201cus\u201d, or \u201cour\u201d) respects your privacy and is committed to protecting your personal data. This policy document tells you how we collect, store, use and disclose your personal data when you interact with us. Please read the following carefully to understand how we process your personal data. &nbsp; About Us Bowel Research UK is the designated lead of the Dissemination and Communication of research activities of the project called Anchored Muscle cELls for IncontinencE (AMELIE), funded by the European Union H2020 programme. \u00a0 AMELIE is a 5-year collaborative research project funded by the European Union Framework Programme (Horizon 2020). It involves the collaboration of 13 organisations across nine countries to develop and carry out research. The project is co-ordinated by UCL and led by Richard Day, Professor of Regenerative Medicine Technology at UCL. Bowel Research UK, the UK\u2019s leading specialist bowel cancer and bowel cancer research charity, is the entity that determines how and why your personal data is processed. This means that Bowel [&hellip;]<\/p>","protected":false},"author":1,"featured_media":0,"parent":0,"menu_order":0,"comment_status":"closed","ping_status":"closed","template":"","meta":{"_et_pb_use_builder":"on","_et_pb_old_content":"","_et_gb_content_width":"","_coblocks_attr":"","_coblocks_dimensions":"","_coblocks_responsive_height":"","_coblocks_accordion_ie_support":"","footnotes":"","_links_to":"","_links_to_target":""},"class_list":["post-31276","page","type-page","status-publish","hentry"],"_links":{"self":[{"href":"https:\/\/amelie-project.eu\/pt\/wp-json\/wp\/v2\/pages\/31276","targetHints":{"allow":["GET"]}}],"collection":[{"href":"https:\/\/amelie-project.eu\/pt\/wp-json\/wp\/v2\/pages"}],"about":[{"href":"https:\/\/amelie-project.eu\/pt\/wp-json\/wp\/v2\/types\/page"}],"author":[{"embeddable":true,"href":"https:\/\/amelie-project.eu\/pt\/wp-json\/wp\/v2\/users\/1"}],"replies":[{"embeddable":true,"href":"https:\/\/amelie-project.eu\/pt\/wp-json\/wp\/v2\/comments?post=31276"}],"version-history":[{"count":3,"href":"https:\/\/amelie-project.eu\/pt\/wp-json\/wp\/v2\/pages\/31276\/revisions"}],"predecessor-version":[{"id":31288,"href":"https:\/\/amelie-project.eu\/pt\/wp-json\/wp\/v2\/pages\/31276\/revisions\/31288"}],"wp:attachment":[{"href":"https:\/\/amelie-project.eu\/pt\/wp-json\/wp\/v2\/media?parent=31276"}],"curies":[{"name":"wp","href":"https:\/\/api.w.org\/{rel}","templated":true}]}}