{"id":30450,"date":"2020-12-16T16:08:01","date_gmt":"2020-12-16T16:08:01","guid":{"rendered":"https:\/\/amelie-project.eu\/?page_id=30450"},"modified":"2024-02-04T14:23:06","modified_gmt":"2024-02-04T14:23:06","slug":"a-nossa-investigacao","status":"publish","type":"page","link":"https:\/\/amelie-project.eu\/pt\/a-nossa-investigacao\/","title":{"rendered":"A nossa investiga\u00e7\u00e3o"},"content":{"rendered":"[et_pb_section fb_built=&#8221;1&#8243; custom_padding_last_edited=&#8221;on|phone&#8221; disabled_on=&#8221;off|off|off&#8221; admin_label=&#8221;Hero section&#8221; _builder_version=&#8221;4.6.3&#8243; background_image=&#8221;https:\/\/amelie-project.eu\/wp-content\/uploads\/2020\/10\/AMELIEHEADERBACKGOUND-01-scaled.jpg&#8221; background_position=&#8221;center_left&#8221; custom_margin=&#8221;|||&#8221; custom_padding=&#8221;7%||7%||true|false&#8221; custom_padding_tablet=&#8221;15%||15%||true|false&#8221; custom_padding_phone=&#8221;&#8221;][et_pb_row use_custom_gutter=&#8221;on&#8221; gutter_width=&#8221;1&#8243; custom_padding_last_edited=&#8221;on|phone&#8221; _builder_version=&#8221;4.6.3&#8243; _module_preset=&#8221;default&#8221; width=&#8221;100%&#8221; module_alignment=&#8221;left&#8221; custom_padding=&#8221;|||4%|false|false&#8221; custom_padding_tablet=&#8221;|||5%|false|false&#8221; custom_padding_phone=&#8221;|||5.5%|false|false&#8221;][et_pb_column type=&#8221;4_4&#8243; _builder_version=&#8221;4.6.3&#8243; _module_preset=&#8221;default&#8221;][dsm_block_reveal_text block_reveal_text=&#8221;OUR RESEARCH&#8221; heading_html_tag=&#8221;h1&#8243; block_reveal_color=&#8221;#0e94f9&#8243; block_reveal_delay=&#8221;0&#8243; _builder_version=&#8221;4.6.3&#8243; _module_preset=&#8221;default&#8221; header_font=&#8221;AMELIE||||||||&#8221; header_text_color=&#8221;#0e94f9&#8243; header_font_size=&#8221;3vw&#8221; custom_padding=&#8221;||||false|false&#8221; custom_padding_tablet=&#8221;||||false|false&#8221; custom_padding_phone=&#8221;||||false|false&#8221; custom_padding_last_edited=&#8221;on|phone&#8221; header_font_size_tablet=&#8221;5vw&#8221; header_font_size_phone=&#8221;6vw&#8221; header_font_size_last_edited=&#8221;on|phone&#8221;][\/dsm_block_reveal_text][\/et_pb_column][\/et_pb_row][\/et_pb_section][et_pb_section fb_built=&#8221;1&#8243; custom_padding_last_edited=&#8221;on|phone&#8221; admin_label=&#8221;Collections&#8221; _builder_version=&#8221;4.6.3&#8243; custom_padding=&#8221;100px|0px|100px|0px|false|false&#8221; custom_padding_tablet=&#8221;50px||50px||true|false&#8221; custom_padding_phone=&#8221;&#8221;][et_pb_row column_structure=&#8221;2_5,3_5&#8243; make_equal=&#8221;on&#8221; custom_padding_last_edited=&#8221;off|tablet&#8221; module_id=&#8221;faecal-incontinence-about-the-condition&#8221; _builder_version=&#8221;4.6.3&#8243; background_size=&#8221;initial&#8221; background_position=&#8221;top_left&#8221; background_repeat=&#8221;repeat&#8221; module_alignment=&#8221;center&#8221; custom_margin=&#8221;|||&#8221; custom_margin_tablet=&#8221;||||false|false&#8221; custom_margin_phone=&#8221;&#8221; custom_margin_last_edited=&#8221;on|tablet&#8221; custom_padding=&#8221;0px||0px|&#8221; box_shadow_style=&#8221;preset3&#8243; box_shadow_vertical=&#8221;40px&#8221; box_shadow_blur=&#8221;50px&#8221; box_shadow_color=&#8221;rgba(0,0,0,0.1)&#8221;][et_pb_column type=&#8221;2_5&#8243; _builder_version=&#8221;4.6.3&#8243; use_background_color_gradient=&#8221;on&#8221; background_color_gradient_start=&#8221;#6bc8ff&#8221; background_color_gradient_end=&#8221;#99afff&#8221; background_color_gradient_direction=&#8221;35deg&#8221; background_image=&#8221;https:\/\/amelie-project.eu\/wp-content\/uploads\/2020\/12\/Asset-1.png&#8221; custom_padding=&#8221;5%|5%|5%|5%|true|false&#8221; custom_padding_tablet=&#8221;15%||15%||true|false&#8221; custom_padding_phone=&#8221;&#8221; custom_padding_last_edited=&#8221;on|phone&#8221; custom_padding__hover=&#8221;|||&#8221;][\/et_pb_column][et_pb_column type=&#8221;3_5&#8243; admin_label=&#8221;Column&#8221; _builder_version=&#8221;4.6.3&#8243; custom_padding=&#8221;40px|40px|40px|40px&#8221; custom_padding__hover=&#8221;|||&#8221;][et_pb_text _builder_version=&#8221;4.6.3&#8243; text_font=&#8221;AMELIE||||||||&#8221; header_font=&#8221;Gotham kinda bold||||||||&#8221; header_3_font=&#8221;Gotham kinda bold||||||||&#8221; header_3_text_color=&#8221;#000000&#8243; header_3_font_size=&#8221;28px&#8221; header_3_line_height=&#8221;1.5em&#8221; background_size=&#8221;initial&#8221; background_position=&#8221;top_left&#8221; background_repeat=&#8221;repeat&#8221; custom_margin=&#8221;||10px|&#8221; hover_enabled=&#8221;0&#8243; header_text_color=&#8221;#000000&#8243; sticky_enabled=&#8221;0&#8243;]<h3>Incontin\u00eancia fecal: Sobre a doen\u00e7a<\/h3>[\/et_pb_text][et_pb_text _builder_version=&#8221;4.6.3&#8243; text_font=&#8221;Gotham kinda bold||||||||&#8221; text_font_size=&#8221;16px&#8221; text_line_height=&#8221;1.9em&#8221; header_font=&#8221;||||||||&#8221; header_2_font=&#8221;||||||||&#8221; module_alignment=&#8221;center&#8221; custom_margin=&#8221;||||false|false&#8221; custom_padding=&#8221;||||false|false&#8221; hover_enabled=&#8221;0&#8243; text_text_color=&#8221;#000000&#8243; sticky_enabled=&#8221;0&#8243;]<p><span style=\"font-weight: 400;\">A IF \u00e9 um grave problema de sa\u00fade p\u00fablica. Tem um grande impacto na qualidade de vida, causando estigmatiza\u00e7\u00e3o e isolamento social. A AMELIE preocupa-se principalmente com o efeito da les\u00e3o do esf\u00edncter anal, seja por parto, cirurgia ou traumatismo. As mulheres que deram \u00e0 luz constituem a maioria das pacientes que apresentam IF. Uma propor\u00e7\u00e3o significativa de mulheres (incid\u00eancia relatada de 5,5%) sofre uma les\u00e3o direta durante o parto devido \u00e0 rutura do per\u00edneo.\u00a0<\/span><\/p>\n<p><span style=\"font-weight: 400;\">O tratamento atual dos doentes com IF \u00e9 insatisfat\u00f3rio. Os doentes com les\u00e3o do esf\u00edncter anal s\u00e3o normalmente tratados por cirurgia, no entanto, muitos com sintomas graves n\u00e3o s\u00e3o adequados ou n\u00e3o desejam submeter-se \u00e0s op\u00e7\u00f5es cir\u00fargicas atualmente dispon\u00edveis. Para estes doentes, uma op\u00e7\u00e3o que n\u00e3o tenha os riscos da repara\u00e7\u00e3o do esf\u00edncter ou a manuten\u00e7\u00e3o a longo prazo de um implante met\u00e1lico ativo \u00e9 atractiva. Este \u00e9 o lugar da medicina regenerativa.<\/span><\/p>[\/et_pb_text][\/et_pb_column][\/et_pb_row][\/et_pb_section][et_pb_section fb_built=&#8221;1&#8243; custom_padding_last_edited=&#8221;on|tablet&#8221; admin_label=&#8221;Collections&#8221; _builder_version=&#8221;4.6.3&#8243; custom_padding=&#8221;0px|0px|100px|0px|false|false&#8221; custom_padding_tablet=&#8221;||50px||false|false&#8221; custom_padding_phone=&#8221;&#8221;][et_pb_row column_structure=&#8221;3_5,2_5&#8243; make_equal=&#8221;on&#8221; module_id=&#8221;faecal-incontinence-and-regenerative-medicine&#8221; _builder_version=&#8221;4.6.3&#8243; background_size=&#8221;initial&#8221; background_position=&#8221;top_left&#8221; background_repeat=&#8221;repeat&#8221; module_alignment=&#8221;center&#8221; custom_margin=&#8221;|||&#8221; custom_padding=&#8221;0px||0px|&#8221; box_shadow_style=&#8221;preset3&#8243; box_shadow_vertical=&#8221;40px&#8221; box_shadow_blur=&#8221;50px&#8221; box_shadow_color=&#8221;rgba(0,0,0,0.1)&#8221;][et_pb_column type=&#8221;3_5&#8243; admin_label=&#8221;Column&#8221; _builder_version=&#8221;4.6.3&#8243; custom_padding=&#8221;40px|40px|40px|40px&#8221; custom_padding__hover=&#8221;|||&#8221; custom_css_main_element_last_edited=&#8221;off|phone&#8221;][et_pb_text _builder_version=&#8221;4.6.3&#8243; text_font=&#8221;AMELIE||||||||&#8221; header_font=&#8221;Gotham kinda bold||||||||&#8221; header_3_font=&#8221;Gotham kinda bold||||||||&#8221; header_3_text_color=&#8221;#000000&#8243; header_3_font_size=&#8221;28px&#8221; header_3_line_height=&#8221;1.5em&#8221; custom_margin=&#8221;||10px|&#8221; background_size=&#8221;initial&#8221; background_position=&#8221;top_left&#8221; background_repeat=&#8221;repeat&#8221; header_text_color=&#8221;#000000&#8243;]<h3>Incontin\u00eancia fecal e medicina regenerativa<\/h3>[\/et_pb_text][et_pb_text _builder_version=&#8221;4.6.3&#8243; text_font=&#8221;Gotham kinda bold||||||||&#8221; text_font_size=&#8221;16px&#8221; text_line_height=&#8221;1.9em&#8221; header_font=&#8221;||||||||&#8221; header_2_font=&#8221;||||||||&#8221; module_alignment=&#8221;center&#8221; custom_margin=&#8221;||||false|false&#8221; custom_padding=&#8221;||||false|false&#8221; text_text_color=&#8221;#000000&#8243;]<p><span style=\"font-weight: 400;\">A medicina regenerativa tem como objetivo restaurar o tecido funcional que est\u00e1 danificado devido ao envelhecimento, doen\u00e7a ou les\u00e3o. Oferece novas oportunidades para restaurar a incontin\u00eancia causada por les\u00f5es do esf\u00edncter anal. At\u00e9 \u00e0 data, a terapia celular utilizando ASMDC para regenerar o m\u00fasculo do esf\u00edncter anal externo danificado tem sido a abordagem mais amplamente investigada.<\/span><\/p>\n<p><span style=\"font-weight: 400;\">A Europa estabeleceu uma posi\u00e7\u00e3o predominante na tradu\u00e7\u00e3o cl\u00ednica da terapia celular em doentes com IF. Entre os cinco estudos cl\u00ednicos de terapia celular publicados at\u00e9 \u00e0 data, tr\u00eas utilizaram ASMDC e tiveram origem em unidades europeias. Estes estudos consistiram na administra\u00e7\u00e3o de c\u00e9lulas numa suspens\u00e3o. Apenas 58% dos doentes tratados com ASMDC apresentaram uma resposta aos 12 meses no estudo de Fase II aleatorizado e controlado por placebo. Os estudos-piloto abertos registaram um n\u00edvel semelhante de melhoria subjectiva. At\u00e9 \u00e0 data, os resultados globais destes estudos apenas indicaram um benef\u00edcio limitado para os doentes tratados, o que sugere um mecanismo de a\u00e7\u00e3o inconsistente com a atual abordagem do tratamento da IF baseado em c\u00e9lulas.<\/span><\/p>[\/et_pb_text][\/et_pb_column][et_pb_column type=&#8221;2_5&#8243; _builder_version=&#8221;4.6.3&#8243; use_background_color_gradient=&#8221;on&#8221; background_color_gradient_start=&#8221;#6bc8ff&#8221; background_color_gradient_end=&#8221;#99afff&#8221; background_color_gradient_direction=&#8221;35deg&#8221; background_image=&#8221;https:\/\/amelie-project.eu\/wp-content\/uploads\/2020\/12\/Asset-3.png&#8221; custom_padding=&#8221;5%|5%|5%|5%|true|false&#8221; custom_padding_tablet=&#8221;15%||15%||true|false&#8221; custom_padding_phone=&#8221;&#8221; custom_padding_last_edited=&#8221;on|phone&#8221; custom_padding__hover=&#8221;|||&#8221; custom_css_main_element_last_edited=&#8221;off|desktop&#8221;][\/et_pb_column][\/et_pb_row][\/et_pb_section][et_pb_section fb_built=&#8221;1&#8243; custom_padding_last_edited=&#8221;on|tablet&#8221; admin_label=&#8221;Collections&#8221; _builder_version=&#8221;4.6.3&#8243; custom_padding=&#8221;0px|0px|100px|0px|false|false&#8221; custom_padding_tablet=&#8221;||100px||false|false&#8221; custom_padding_phone=&#8221;&#8221;][et_pb_row column_structure=&#8221;2_5,3_5&#8243; make_equal=&#8221;on&#8221; module_id=&#8221;why-are-conventional-methods-not-working&#8221; _builder_version=&#8221;4.6.3&#8243; background_size=&#8221;initial&#8221; background_position=&#8221;top_left&#8221; background_repeat=&#8221;repeat&#8221; module_alignment=&#8221;center&#8221; custom_margin=&#8221;|||&#8221; custom_padding=&#8221;0px||0px|&#8221; box_shadow_style=&#8221;preset3&#8243; box_shadow_vertical=&#8221;40px&#8221; box_shadow_blur=&#8221;50px&#8221; box_shadow_color=&#8221;rgba(0,0,0,0.1)&#8221;][et_pb_column type=&#8221;2_5&#8243; _builder_version=&#8221;4.6.3&#8243; use_background_color_gradient=&#8221;on&#8221; background_color_gradient_start=&#8221;#6bc8ff&#8221; background_color_gradient_end=&#8221;#99afff&#8221; background_color_gradient_direction=&#8221;35deg&#8221; background_image=&#8221;https:\/\/amelie-project.eu\/wp-content\/uploads\/2020\/12\/Asset-2.png&#8221; custom_padding=&#8221;5%|5%|5%|5%|true|false&#8221; custom_padding_tablet=&#8221;15%||15%||true|false&#8221; custom_padding_phone=&#8221;&#8221; custom_padding_last_edited=&#8221;on|phone&#8221; custom_padding__hover=&#8221;|||&#8221;][\/et_pb_column][et_pb_column type=&#8221;3_5&#8243; admin_label=&#8221;Column&#8221; _builder_version=&#8221;4.6.3&#8243; custom_padding=&#8221;40px|40px|40px|40px&#8221; custom_padding__hover=&#8221;|||&#8221;][et_pb_text _builder_version=&#8221;4.6.3&#8243; text_font=&#8221;AMELIE||||||||&#8221; header_font=&#8221;Gotham kinda bold||||||||&#8221; header_3_font=&#8221;Gotham kinda bold||||||||&#8221; header_3_text_color=&#8221;#000000&#8243; header_3_font_size=&#8221;28px&#8221; header_3_line_height=&#8221;1.5em&#8221; custom_margin=&#8221;||10px|&#8221; background_size=&#8221;initial&#8221; background_position=&#8221;top_left&#8221; background_repeat=&#8221;repeat&#8221; header_text_color=&#8221;#000000&#8243;]<h3>Porque \u00e9 que os m\u00e9todos convencionais n\u00e3o est\u00e3o a funcionar?<\/h3>[\/et_pb_text][et_pb_text _builder_version=&#8221;4.6.3&#8243; text_font=&#8221;Gotham kinda bold||||||||&#8221; text_font_size=&#8221;16px&#8221; text_line_height=&#8221;1.9em&#8221; header_font=&#8221;||||||||&#8221; header_2_font=&#8221;||||||||&#8221; module_alignment=&#8221;center&#8221; custom_margin=&#8221;||||false|false&#8221; custom_padding=&#8221;||||false|false&#8221; text_text_color=&#8221;#000000&#8243;]<p><span style=\"font-weight: 400;\">As c\u00e9lulas dependentes de ancoragem devem ser cultivadas enquanto est\u00e3o ligadas a um substrato. O fabrico convencional de c\u00e9lulas dependentes de ancoragem para terapias baseadas em c\u00e9lulas de medicina regenerativa envolve o isolamento de c\u00e9lulas de um tecido hospedeiro e o seu subsequente crescimento num ambiente in vitro favor\u00e1vel. At\u00e9 \u00e0 data, todas as investiga\u00e7\u00f5es cl\u00ednicas de terapia celular publicadas para a IF utilizaram t\u00e9cnicas de bioprocessamento convencionais. No entanto, o processo de descolamento das ASMDC do seu substrato de cultura, tendo em vista a entrega cl\u00ednica, p\u00f5e em risco a viabilidade e a pot\u00eancia, iniciando o anoikis (morte celular).<\/span><\/p>\n<p><span style=\"font-weight: 400;\">A redu\u00e7\u00e3o da viabilidade celular devido ao anoikis \u00e9 um grande desafio para a medicina regenerativa. Atualmente, nenhuma das abordagens \u00e9 adequada para o tratamento da IF com ASMDC, em que \u00e9 necess\u00e1rio o enxerto no m\u00fasculo hospedeiro. O impacto do anoikis nos produtos de medicina regenerativa que consistem em c\u00e9lulas dependentes de ancoragem dificulta a efic\u00e1cia cl\u00ednica devido \u00e0 inconsist\u00eancia causada pela baixa taxa de sobreviv\u00eancia das c\u00e9lulas transplantadas.<\/span><\/p>\n<p><span style=\"font-weight: 400;\">\u00c9 este o desafio que AMELIE est\u00e1 a enfrentar. <a href=\"https:\/\/amelie-project.eu\/pt\/ultimas-noticias\/\">Saiba mais sobre os \u00faltimos desenvolvimentos aqui. <\/a><\/span><\/p>[\/et_pb_text][\/et_pb_column][\/et_pb_row][\/et_pb_section][et_pb_section fb_built=&#8221;1&#8243; _builder_version=&#8221;4.6.3&#8243; _module_preset=&#8221;default&#8221; custom_padding=&#8221;0px|||||&#8221;][\/et_pb_section]","protected":false},"excerpt":{"rendered":"<p><div class=\"et_pb_module dsm_block_reveal_text dsm_block_reveal_text_0\">\n\t\t\t\t\n\t\t\t\t\n\t\t\t\t\n\t\t\t\t\n\t\t\t\t\n\t\t\t\t\n\t\t\t\t<div class=\"et_pb_module_inner\">\n\t\t\t\t\t<div class=\"dsm_block_reveal_text_wrapper\" data-dsm-block-reveal-animation=\"lr\" data-dsm-block-reveal-color=\"#0e94f9\" data-dsm-block-reveal-delay=\"0\" data-dsm-block-reveal-viewport=\"80%\"><h1 class=\"dsm_block_reveal_text_header et_pb_module_header\">A NOSSA INVESTIGA\u00c7\u00c3O<\/h1><\/div>\n\t\t\t\t<\/div>\n\t\t\t<\/div>Faecal Incontinence: About The ConditionFI is a substantial public health problem. It has a major impact on quality of life causing stigmatization and social isolation. AMELIE is primarily concerned with the effect of injury to the anal sphincter by either childbirth, surgery or trauma. Women who have given birth form the majority of patients who present with FI. A significant proportion of women (reported incidence of 5.5%) suffer a direct injury during childbirth due to tearing of the perineum.\u00a0 The current management of patients with FI is unsatisfactory. Patients with anal sphincter injury are commonly treated by surgery, however many with severe symptoms are either unsuitable for, or do not wish to undergo, current available surgical options. For these patients, an option that does not have the risks of sphincter repair or the long-term maintenance of an active metal implant is attractive. This is the place of regenerative medicine.Faecal Incontinence and Regenerative MedicineRegenerative medicine aims to restore functional tissue that is impaired due to aging, disease or injury. It offers new opportunities to restore incontinence caused by anal sphincter injury. To date, cell [&hellip;]<\/p>","protected":false},"author":1,"featured_media":0,"parent":0,"menu_order":0,"comment_status":"closed","ping_status":"closed","template":"","meta":{"_et_pb_use_builder":"on","_et_pb_old_content":"","_et_gb_content_width":"","_coblocks_attr":"","_coblocks_dimensions":"","_coblocks_responsive_height":"","_coblocks_accordion_ie_support":"","footnotes":"","_links_to":"","_links_to_target":""},"class_list":["post-30450","page","type-page","status-publish","hentry"],"_links":{"self":[{"href":"https:\/\/amelie-project.eu\/pt\/wp-json\/wp\/v2\/pages\/30450","targetHints":{"allow":["GET"]}}],"collection":[{"href":"https:\/\/amelie-project.eu\/pt\/wp-json\/wp\/v2\/pages"}],"about":[{"href":"https:\/\/amelie-project.eu\/pt\/wp-json\/wp\/v2\/types\/page"}],"author":[{"embeddable":true,"href":"https:\/\/amelie-project.eu\/pt\/wp-json\/wp\/v2\/users\/1"}],"replies":[{"embeddable":true,"href":"https:\/\/amelie-project.eu\/pt\/wp-json\/wp\/v2\/comments?post=30450"}],"version-history":[{"count":16,"href":"https:\/\/amelie-project.eu\/pt\/wp-json\/wp\/v2\/pages\/30450\/revisions"}],"predecessor-version":[{"id":31453,"href":"https:\/\/amelie-project.eu\/pt\/wp-json\/wp\/v2\/pages\/30450\/revisions\/31453"}],"wp:attachment":[{"href":"https:\/\/amelie-project.eu\/pt\/wp-json\/wp\/v2\/media?parent=30450"}],"curies":[{"name":"wp","href":"https:\/\/api.w.org\/{rel}","templated":true}]}}