{"id":28693,"date":"2020-09-05T00:39:09","date_gmt":"2020-09-05T00:39:09","guid":{"rendered":"https:\/\/amelie-project.eu\/?page_id=28693"},"modified":"2021-01-25T12:38:32","modified_gmt":"2021-01-25T12:38:32","slug":"actividades-de-envolvimento","status":"publish","type":"page","link":"https:\/\/amelie-project.eu\/pt\/actividades-de-envolvimento\/","title":{"rendered":"Actividades de envolvimento"},"content":{"rendered":"[et_pb_section fb_built=&#8221;1&#8243; custom_padding_last_edited=&#8221;on|phone&#8221; disabled_on=&#8221;off|off|off&#8221; admin_label=&#8221;Hero section&#8221; _builder_version=&#8221;4.6.3&#8243; background_image=&#8221;https:\/\/amelie-project.eu\/wp-content\/uploads\/2020\/10\/AMELIEHEADERBACKGOUND-01-scaled.jpg&#8221; background_position=&#8221;center_left&#8221; custom_margin=&#8221;|||&#8221; custom_padding=&#8221;7%||7%||true|false&#8221; custom_padding_tablet=&#8221;15%||15%||true|false&#8221; custom_padding_phone=&#8221;&#8221;][et_pb_row use_custom_gutter=&#8221;on&#8221; gutter_width=&#8221;1&#8243; custom_padding_last_edited=&#8221;on|desktop&#8221; _builder_version=&#8221;4.6.3&#8243; _module_preset=&#8221;default&#8221; width=&#8221;100%&#8221; module_alignment=&#8221;left&#8221; custom_padding=&#8221;|||4%|false|false&#8221; custom_padding_tablet=&#8221;|||6%|false|false&#8221; custom_padding_phone=&#8221;|||7%|false|false&#8221;][et_pb_column type=&#8221;4_4&#8243; _builder_version=&#8221;4.6.3&#8243; _module_preset=&#8221;default&#8221;][dsm_block_reveal_text block_reveal_text=&#8221;ENGAGEMENT&#8221; heading_html_tag=&#8221;h1&#8243; block_reveal_color=&#8221;#0e94f9&#8243; block_reveal_delay=&#8221;0&#8243; _builder_version=&#8221;4.6.3&#8243; _module_preset=&#8221;default&#8221; header_font=&#8221;AMELIE||||||||&#8221; header_text_color=&#8221;#0e94f9&#8243; header_font_size=&#8221;4vw&#8221; custom_padding=&#8221;||||false|false&#8221; custom_padding_tablet=&#8221;||||false|false&#8221; custom_padding_phone=&#8221;||||false|false&#8221; custom_padding_last_edited=&#8221;on|phone&#8221; header_font_size_tablet=&#8221;8vw&#8221; header_font_size_phone=&#8221;8vw&#8221; header_font_size_last_edited=&#8221;on|phone&#8221;][\/dsm_block_reveal_text][dsm_block_reveal_text block_reveal_text=&#8221;ACTIVITIES&#8221; heading_html_tag=&#8221;h1&#8243; block_reveal_color=&#8221;#0e94f9&#8243; block_reveal_delay=&#8221;0&#8243; _builder_version=&#8221;4.6.3&#8243; _module_preset=&#8221;default&#8221; header_font=&#8221;AMELIE||||||||&#8221; header_text_color=&#8221;#0e94f9&#8243; header_font_size=&#8221;3vw&#8221; custom_padding=&#8221;||||false|false&#8221; custom_padding_tablet=&#8221;||||false|false&#8221; custom_padding_phone=&#8221;||||false|false&#8221; custom_padding_last_edited=&#8221;on|phone&#8221; header_font_size_tablet=&#8221;6vw&#8221; header_font_size_phone=&#8221;8vw&#8221; header_font_size_last_edited=&#8221;on|desktop&#8221;][\/dsm_block_reveal_text][\/et_pb_column][\/et_pb_row][\/et_pb_section][et_pb_section fb_built=&#8221;1&#8243; admin_label=&#8221;Courses&#8221; _builder_version=&#8221;4.6.3&#8243; custom_padding=&#8221;100px|0px|100px|0px|false|false&#8221;][et_pb_row _builder_version=&#8221;4.6.3&#8243; _module_preset=&#8221;default&#8221;][et_pb_column type=&#8221;4_4&#8243; _builder_version=&#8221;4.6.3&#8243; _module_preset=&#8221;default&#8221;][et_pb_tabs active_tab_background_color=&#8221;#ffffff&#8221; active_tab_text_color=&#8221;#000000&#8243; _builder_version=&#8221;4.6.3&#8243; _module_preset=&#8221;default&#8221; tab_font=&#8221;Gotham||||||||&#8221; tab_line_height=&#8221;1.9em&#8221; width_tablet=&#8221;100%&#8221; width_phone=&#8221;&#8221; width_last_edited=&#8221;on|phone&#8221; module_alignment=&#8221;center&#8221; hover_enabled=&#8221;0&#8243; border_radii=&#8221;on|10px|10px|10px|10px&#8221; border_width_all=&#8221;0px&#8221; border_width_top=&#8221;10px&#8221; border_color_top=&#8221;#0c71c3&#8243; box_shadow_style=&#8221;preset2&#8243; box_shadow_horizontal=&#8221;0px&#8221; box_shadow_vertical=&#8221;0px&#8221; box_shadow_blur=&#8221;60px&#8221; box_shadow_color=&#8221;rgba(0,0,2,0.12)&#8221; background__hover_enabled=&#8221;off|hover&#8221; body_text_color=&#8221;#000000&#8243; body_font=&#8221;Gotham kinda bold||||||||&#8221; sticky_enabled=&#8221;0&#8243;][et_pb_tab title=&#8221;1&#8243; _builder_version=&#8221;4.6.3&#8243; _module_preset=&#8221;default&#8221; body_font=&#8221;Gotham kinda bold||||||||&#8221; body_text_color=&#8221;#000000&#8243; body_font_size=&#8221;20px&#8221; body_line_height=&#8221;1.8em&#8221; hover_enabled=&#8221;0&#8243; sticky_enabled=&#8221;0&#8243;]<p><span style=\"font-weight: 400;\">Ver o protocolo do ensaio cl\u00ednico antes da sua apresenta\u00e7\u00e3o e consultar os doentes para garantir que vai ao encontro das suas necessidades e que a conce\u00e7\u00e3o \u00e9 aceit\u00e1vel para eles. Representantes da Bowel Research UK (e outros) ter\u00e3o assento nos comit\u00e9s da AMELIE para monitorizar a conce\u00e7\u00e3o do ensaio cl\u00ednico e a sua progress\u00e3o.<\/span><\/p>[\/et_pb_tab][et_pb_tab title=&#8221;2&#8243; _builder_version=&#8221;4.6.3&#8243; _module_preset=&#8221;default&#8221; body_font=&#8221;Gotham kinda bold||||||||&#8221; body_text_color=&#8221;#000000&#8243; body_font_size=&#8221;20px&#8221; body_line_height=&#8221;1.8em&#8221; hover_enabled=&#8221;0&#8243; sticky_enabled=&#8221;0&#8243;]<p><span style=\"font-weight: 400;\">Organizar reuni\u00f5es para comunicar os resultados \u00e0s diferentes partes interessadas, utilizando as tecnologias digitais e os m\u00e9todos de comunica\u00e7\u00e3o tradicionais.<\/span><\/p>[\/et_pb_tab][et_pb_tab title=&#8221;3&#8243; _builder_version=&#8221;4.6.3&#8243; _module_preset=&#8221;default&#8221; body_font=&#8221;Gotham kinda bold||||||||&#8221; body_text_color=&#8221;#000000&#8243; body_font_size=&#8221;20px&#8221; body_line_height=&#8221;1.8em&#8221; hover_enabled=&#8221;0&#8243;]<p><span style=\"font-weight: 400;\">Colaborar com a Sociedade Internacional de Contin\u00eancia (ICS) e a Sociedade Europeia de Coloproctologia (ESCP) em reuni\u00f5es anuais e atrav\u00e9s dos seus s\u00edtios Web para divulgar actualiza\u00e7\u00f5es e resultados.<\/span><\/p>[\/et_pb_tab][et_pb_tab title=&#8221;4&#8243; _builder_version=&#8221;4.6.3&#8243; _module_preset=&#8221;default&#8221; body_font=&#8221;Gotham kinda bold||||||||&#8221; body_text_color=&#8221;#000000&#8243; body_font_size=&#8221;20px&#8221; body_line_height=&#8221;1.8em&#8221; hover_enabled=&#8221;0&#8243;]<p><span style=\"font-weight: 400;\">Os membros do cons\u00f3rcio publicitar\u00e3o as actividades da AMELIE quando os benefici\u00e1rios falarem em eventos, tais como reuni\u00f5es nacionais de apoio aos doentes e reuni\u00f5es internacionais sobre medicina regenerativa.<\/span><\/p>[\/et_pb_tab][et_pb_tab title=&#8221;5&#8243; _builder_version=&#8221;4.6.3&#8243; _module_preset=&#8221;default&#8221; body_font=&#8221;Gotham kinda bold||||||||&#8221; body_text_color=&#8221;#000000&#8243; body_font_size=&#8221;20px&#8221; body_line_height=&#8221;1.8em&#8221; hover_enabled=&#8221;0&#8243;]<p><span style=\"font-weight: 400;\">Cria\u00e7\u00e3o de um s\u00edtio Web espec\u00edfico para o projeto, com p\u00e1ginas dedicadas aos doentes e ao p\u00fablico, que divulguem os resultados da investiga\u00e7\u00e3o da AMELIE.<\/span><\/p>[\/et_pb_tab][et_pb_tab title=&#8221;6&#8243; _builder_version=&#8221;4.6.3&#8243; _module_preset=&#8221;default&#8221; body_font=&#8221;Gotham kinda bold||||||||&#8221; body_text_color=&#8221;#000000&#8243; body_font_size=&#8221;20px&#8221; body_line_height=&#8221;1.8em&#8221; hover_enabled=&#8221;0&#8243;]<p><span style=\"font-weight: 400;\">An\u00fancio dos resultados e das publica\u00e7\u00f5es de destaque atrav\u00e9s do gabinete de imprensa da UCL, do s\u00edtio Web AMELIE e dos meios de comunica\u00e7\u00e3o internacionais.<\/span><\/p>[\/et_pb_tab][et_pb_tab title=&#8221;7&#8243; _builder_version=&#8221;4.6.3&#8243; _module_preset=&#8221;default&#8221; body_font=&#8221;Gotham kinda bold||||||||&#8221; body_text_color=&#8221;#000000&#8243; body_font_size=&#8221;20px&#8221; body_line_height=&#8221;1.8em&#8221; hover_enabled=&#8221;0&#8243;]<p><span style=\"font-weight: 400;\">Os investigadores da AMELIE publicar\u00e3o os resultados da sua investiga\u00e7\u00e3o original em revistas de alto n\u00edvel, bem como artigos de revis\u00e3o, coment\u00e1rios convidados e editoriais.<\/span><\/p>[\/et_pb_tab][et_pb_tab title=&#8221;8&#8243; _builder_version=&#8221;4.6.3&#8243; _module_preset=&#8221;default&#8221; body_font=&#8221;Gotham kinda bold||||||||&#8221; body_text_color=&#8221;#000000&#8243; body_font_size=&#8221;20px&#8221; body_line_height=&#8221;1.8em&#8221; hover_enabled=&#8221;0&#8243;]<p><span style=\"font-weight: 400;\">Os membros do cons\u00f3rcio anunciar\u00e3o os resultados do projeto em reuni\u00f5es cient\u00edficas e cl\u00ednicas nacionais e internacionais.<\/span><\/p>[\/et_pb_tab][et_pb_tab title=&#8221;9&#8243; _builder_version=&#8221;4.6.3&#8243; _module_preset=&#8221;default&#8221; body_font=&#8221;Gotham kinda bold||||||||&#8221; body_text_color=&#8221;#000000&#8243; body_font_size=&#8221;20px&#8221; body_line_height=&#8221;1.8em&#8221; hover_enabled=&#8221;0&#8243;]<p><span style=\"font-weight: 400;\">Os resultados dos ensaios ser\u00e3o rapidamente assimilados em documentos de orienta\u00e7\u00e3o especializados produzidos pelas sociedades cient\u00edficas das partes interessadas, nomeadamente a ICS e a ESCP.<\/span><\/p>[\/et_pb_tab][et_pb_tab title=&#8221;10&#8243; _builder_version=&#8221;4.6.3&#8243; _module_preset=&#8221;default&#8221; body_font=&#8221;Gotham kinda bold||||||||&#8221; body_text_color=&#8221;#000000&#8243; body_font_size=&#8221;20px&#8221; body_line_height=&#8221;1.8em&#8221; hover_enabled=&#8221;0&#8243;]<p><span style=\"font-weight: 400;\">Investigar a exist\u00eancia de outras subven\u00e7\u00f5es financiadas pela UE no mesmo dom\u00ednio de investiga\u00e7\u00e3o, com o objetivo de formar um \u2018grupo\u2019 de projectos de investiga\u00e7\u00e3o sobre incontin\u00eancia, para a partilha de dados e o desenvolvimento futuro de inova\u00e7\u00f5es criadas em conjunto para acelerar a ado\u00e7\u00e3o de tratamentos para a incontin\u00eancia.<\/span><\/p>[\/et_pb_tab][et_pb_tab title=&#8221;11&#8243; _builder_version=&#8221;4.6.3&#8243; _module_preset=&#8221;default&#8221; body_font=&#8221;Gotham kinda bold||||||||&#8221; body_text_color=&#8221;#000000&#8243; body_font_size=&#8221;20px&#8221; body_line_height=&#8221;1.8em&#8221; hover_enabled=&#8221;0&#8243;]<p><span style=\"font-weight: 400;\">Continuar a colaborar com as autoridades reguladoras para garantir que o desenvolvimento tecnol\u00f3gico do projeto AMELIE est\u00e1 em conformidade com os requisitos regulamentares. Os representantes das entidades reguladoras ser\u00e3o convidados para a reuni\u00e3o anual da Assembleia Geral, para que possam manter-se actualizados sobre os progressos do projeto e avaliar a possibilidade a longo prazo de o novo tratamento ser incorporado nos regimes de tratamento existentes.<\/span><\/p>[\/et_pb_tab][\/et_pb_tabs][\/et_pb_column][\/et_pb_row][\/et_pb_section][et_pb_section fb_built=&#8221;1&#8243; _builder_version=&#8221;4.6.3&#8243; _module_preset=&#8221;default&#8221;][\/et_pb_section]","protected":false},"excerpt":{"rendered":"<p><div class=\"et_pb_module dsm_block_reveal_text dsm_block_reveal_text_0\">\n\t\t\t\t\n\t\t\t\t\n\t\t\t\t\n\t\t\t\t\n\t\t\t\t\n\t\t\t\t\n\t\t\t\t<div class=\"et_pb_module_inner\">\n\t\t\t\t\t<div class=\"dsm_block_reveal_text_wrapper\" data-dsm-block-reveal-animation=\"lr\" data-dsm-block-reveal-color=\"#0e94f9\" data-dsm-block-reveal-delay=\"0\" data-dsm-block-reveal-viewport=\"80%\"><h1 class=\"dsm_block_reveal_text_header et_pb_module_header\">ENGAJAMENTO<\/h1><\/div>\n\t\t\t\t<\/div>\n\t\t\t<\/div><div class=\"et_pb_module dsm_block_reveal_text dsm_block_reveal_text_1\">\n\t\t\t\t\n\t\t\t\t\n\t\t\t\t\n\t\t\t\t\n\t\t\t\t\n\t\t\t\t\n\t\t\t\t<div class=\"et_pb_module_inner\">\n\t\t\t\t\t<div class=\"dsm_block_reveal_text_wrapper\" data-dsm-block-reveal-animation=\"lr\" data-dsm-block-reveal-color=\"#0e94f9\" data-dsm-block-reveal-delay=\"0\" data-dsm-block-reveal-viewport=\"80%\"><h1 class=\"dsm_block_reveal_text_header et_pb_module_header\">ACTIVIDADES<\/h1><\/div>\n\t\t\t\t<\/div>\n\t\t\t<\/div>Viewing the clinical trial protocol prior to submission and consulting with patients to ensure that it meets their needs and that the design is acceptable to them. Representatives from Bowel Research UK (and others) will sit on AMELIE committees to monitor clinical trial design and its progression.Organising meetings to communicate results to different stakeholders using digital technology as well as traditional communication methods.Engaging with the International Continence Society (ICS) and European Society of Coloproctology (ESCP) at annual meetings and via their websites to disseminate updates and results.Consortium members will publicise activities of AMELIE when beneficiaries speak at events, such as national patient support meetings and international meetings covering regenerative medicine.Devising a project specific website with dedicated patient and public pages reporting AMELIE\u2019s research outcomes.Announcing results and outstanding publications via the UCL press office, the AMELIE website and international news media.AMELIE researchers will publish their original research findings in high profile journals, along with generating review articles, invited commentaries and editorials.Consortium members will announce project results at national, international [&hellip;]<\/p>","protected":false},"author":1,"featured_media":0,"parent":0,"menu_order":0,"comment_status":"closed","ping_status":"closed","template":"","meta":{"_et_pb_use_builder":"on","_et_pb_old_content":"","_et_gb_content_width":"","_coblocks_attr":"","_coblocks_dimensions":"","_coblocks_responsive_height":"","_coblocks_accordion_ie_support":"","footnotes":"","_links_to":"","_links_to_target":""},"class_list":["post-28693","page","type-page","status-publish","hentry"],"_links":{"self":[{"href":"https:\/\/amelie-project.eu\/pt\/wp-json\/wp\/v2\/pages\/28693","targetHints":{"allow":["GET"]}}],"collection":[{"href":"https:\/\/amelie-project.eu\/pt\/wp-json\/wp\/v2\/pages"}],"about":[{"href":"https:\/\/amelie-project.eu\/pt\/wp-json\/wp\/v2\/types\/page"}],"author":[{"embeddable":true,"href":"https:\/\/amelie-project.eu\/pt\/wp-json\/wp\/v2\/users\/1"}],"replies":[{"embeddable":true,"href":"https:\/\/amelie-project.eu\/pt\/wp-json\/wp\/v2\/comments?post=28693"}],"version-history":[{"count":34,"href":"https:\/\/amelie-project.eu\/pt\/wp-json\/wp\/v2\/pages\/28693\/revisions"}],"predecessor-version":[{"id":31163,"href":"https:\/\/amelie-project.eu\/pt\/wp-json\/wp\/v2\/pages\/28693\/revisions\/31163"}],"wp:attachment":[{"href":"https:\/\/amelie-project.eu\/pt\/wp-json\/wp\/v2\/media?parent=28693"}],"curies":[{"name":"wp","href":"https:\/\/api.w.org\/{rel}","templated":true}]}}