{"id":28691,"date":"2020-09-05T00:19:04","date_gmt":"2020-09-05T00:19:04","guid":{"rendered":"https:\/\/amelie-project.eu\/?page_id=28691"},"modified":"2021-01-25T12:42:37","modified_gmt":"2021-01-25T12:42:37","slug":"visao-e-objectivos","status":"publish","type":"page","link":"https:\/\/amelie-project.eu\/pt\/visao-e-objectivos\/","title":{"rendered":"Vis\u00e3o e objectivos"},"content":{"rendered":"[et_pb_section fb_built=&#8221;1&#8243; admin_label=&#8221;Hero section&#8221; _builder_version=&#8221;4.6.3&#8243; _module_preset=&#8221;ac17d3a6-8373-45ed-95ce-70484e82a9b6&#8243; use_background_color_gradient=&#8221;off&#8221; saved_tabs=&#8221;all&#8221;][et_pb_row use_custom_gutter=&#8221;on&#8221; gutter_width=&#8221;1&#8243; custom_padding_last_edited=&#8221;on|desktop&#8221; _builder_version=&#8221;4.6.3&#8243; _module_preset=&#8221;default&#8221; width=&#8221;100%&#8221; module_alignment=&#8221;left&#8221; custom_padding=&#8221;|||4%|false|false&#8221; custom_padding_tablet=&#8221;|||6%|false|false&#8221; custom_padding_phone=&#8221;|||7%|false|false&#8221;][et_pb_column type=&#8221;4_4&#8243; _builder_version=&#8221;4.6.3&#8243; _module_preset=&#8221;default&#8221;][dsm_block_reveal_text block_reveal_text=&#8221;VISION&#8221; heading_html_tag=&#8221;h1&#8243; block_reveal_color=&#8221;#0e94f9&#8243; block_reveal_delay=&#8221;0&#8243; _builder_version=&#8221;4.6.3&#8243; _module_preset=&#8221;default&#8221; header_font=&#8221;AMELIE||||||||&#8221; header_text_color=&#8221;#0e94f9&#8243; header_font_size=&#8221;4vw&#8221; custom_padding=&#8221;||||false|false&#8221; custom_padding_tablet=&#8221;||||false|false&#8221; custom_padding_phone=&#8221;||||false|false&#8221; custom_padding_last_edited=&#8221;on|phone&#8221; header_font_size_tablet=&#8221;8vw&#8221; header_font_size_phone=&#8221;10vw&#8221; header_font_size_last_edited=&#8221;on|desktop&#8221;][\/dsm_block_reveal_text][dsm_block_reveal_text block_reveal_text=&#8221;AND OBJECTIVES&#8221; block_reveal_color=&#8221;#0e94f9&#8243; _builder_version=&#8221;4.6.3&#8243; _module_preset=&#8221;default&#8221; header_font=&#8221;AMELIE||||||||&#8221; header_text_color=&#8221;#0e94f9&#8243; header_font_size=&#8221;3vw&#8221; custom_padding=&#8221;||||false|false&#8221; custom_padding_tablet=&#8221;||||false|false&#8221; custom_padding_phone=&#8221;||||false|false&#8221; custom_padding_last_edited=&#8221;on|phone&#8221; header_font_size_tablet=&#8221;5vw&#8221; header_font_size_phone=&#8221;6vw&#8221; header_font_size_last_edited=&#8221;on|phone&#8221;][\/dsm_block_reveal_text][\/et_pb_column][\/et_pb_row][\/et_pb_section][et_pb_section fb_built=&#8221;1&#8243; admin_label=&#8221;Features&#8221; _builder_version=&#8221;4.6.3&#8243; background_enable_color=&#8221;off&#8221; custom_padding=&#8221;100px|0px|100px|0px||&#8221;][et_pb_row column_structure=&#8221;1_3,1_3,1_3&#8243; admin_label=&#8221;Sending Payments&#8221; _builder_version=&#8221;3.25&#8243; max_width=&#8221;1440px&#8221; custom_margin=&#8221;|||&#8221; use_custom_width=&#8221;on&#8221; custom_width_px=&#8221;1440px&#8221;][et_pb_column type=&#8221;1_3&#8243; _builder_version=&#8221;3.25&#8243; custom_padding=&#8221;|||&#8221; custom_padding__hover=&#8221;|||&#8221;][et_pb_image src=&#8221;https:\/\/amelie-project.eu\/wp-content\/uploads\/2020\/10\/shutterstock_1069097789-Converted-1.png&#8221; title_text=&#8221;shutterstock_1069097789 %91Converted%93&#8243; align=&#8221;center&#8221; align_tablet=&#8221;center&#8221; align_phone=&#8221;&#8221; align_last_edited=&#8221;on|desktop&#8221; _builder_version=&#8221;4.6.3&#8243; animation_style=&#8221;slide&#8221; animation_direction=&#8221;bottom&#8221; animation_intensity_slide=&#8221;10%&#8221;][\/et_pb_image][et_pb_text _builder_version=&#8221;4.6.3&#8243; text_font=&#8221;Gotham kinda bold||||||||&#8221; text_font_size=&#8221;16px&#8221; text_line_height=&#8221;1.8em&#8221; header_font=&#8221;||||||||&#8221; header_2_font=&#8221;Gotham kinda bold||||||||&#8221; header_2_text_color=&#8221;#000000&#8243; header_2_font_size=&#8221;32px&#8221; header_2_line_height=&#8221;1.3em&#8221; header_3_font=&#8221;||||||||&#8221; header_4_font=&#8221;||||||||&#8221; text_orientation=&#8221;center&#8221; hover_enabled=&#8221;0&#8243; sticky_enabled=&#8221;0&#8243; text_text_color=&#8221;#000000&#8243;]<h2>A nossa miss\u00e3o<\/h2>\n<p>O cons\u00f3rcio prop\u00f5e uma abordagem translacional radical e inovadora para fabricar e fornecer c\u00e9lulas dependentes de ancoragem no corpo, como uma forma de nova terapia celular, para estabelecer terapias de medicina regenerativa mais eficazes para a FI e outras indica\u00e7\u00f5es cl\u00ednicas.<\/p>[\/et_pb_text][et_pb_button button_url=&#8221;\/approach\/&#8221; button_text=&#8221;LEARN MORE&#8221; button_alignment=&#8221;center&#8221; _builder_version=&#8221;4.6.3&#8243; _module_preset=&#8221;default&#8221; custom_button=&#8221;on&#8221; button_text_size=&#8221;12px&#8221; button_text_color=&#8221;#000000&#8243; button_bg_color=&#8221;#ffffff&#8221; button_border_width=&#8221;1px&#8221; button_border_color=&#8221;#000000&#8243; button_border_radius=&#8221;5px&#8221; button_letter_spacing=&#8221;2px&#8221; button_font=&#8221;Gotham kinda bold|600||on|||||&#8221; button_icon=&#8221;%%20%%&#8221; button_icon_color=&#8221;#000000&#8243; button_on_hover=&#8221;off&#8221; custom_margin=&#8221;-17px||||false|false&#8221; custom_padding=&#8221;12px|30px|12px|20px|false|false&#8221; animation_style=&#8221;fold&#8221; animation_duration=&#8221;850ms&#8221; animation_intensity_fold=&#8221;16%&#8221; hover_enabled=&#8221;0&#8243; button_letter_spacing_tablet=&#8221;&#8221; button_letter_spacing_phone=&#8221;1px&#8221; button_letter_spacing_last_edited=&#8221;on|phone&#8221; button_bg_color__hover=&#8221;#0c71c3&#8243; button_bg_color__hover_enabled=&#8221;on|desktop&#8221; button_border_color__hover=&#8221;rgba(0,0,0,0)&#8221; button_border_color__hover_enabled=&#8221;on|desktop&#8221; button_letter_spacing__hover=&#8221;2px&#8221; button_letter_spacing__hover_enabled=&#8221;off|desktop&#8221; box_shadow_vertical_button__hover=&#8221;8px&#8221; box_shadow_vertical_button__hover_enabled=&#8221;on|hover&#8221; box_shadow_color__hover_enabled=&#8221;on|hover&#8221; box_shadow_color__hover=&#8221;rgba(7,82,140,0.54)&#8221; box_shadow_vertical__hover_enabled=&#8221;on|desktop&#8221; box_shadow_vertical__hover=&#8221;10px&#8221; button_bg_enable_color__hover=&#8221;on&#8221; button_text_color__hover_enabled=&#8221;on|desktop&#8221; button_text_color__hover=&#8221;#ffffff&#8221; button_border_width__hover_enabled=&#8221;on|hover&#8221; button_border_width__hover=&#8221;1px&#8221; button_icon_color__hover_enabled=&#8221;on|desktop&#8221; button_icon_color__hover=&#8221;#ffffff&#8221; sticky_enabled=&#8221;0&#8243;][\/et_pb_button][\/et_pb_column][et_pb_column type=&#8221;1_3&#8243; _builder_version=&#8221;3.25&#8243; custom_padding=&#8221;|||&#8221; custom_padding__hover=&#8221;|||&#8221;][et_pb_image src=&#8221;https:\/\/amelie-project.eu\/wp-content\/uploads\/2020\/10\/shutterstock_1289992183-Converted-1.png&#8221; title_text=&#8221;shutterstock_1289992183 %91Converted%93&#8243; align=&#8221;center&#8221; align_tablet=&#8221;center&#8221; align_phone=&#8221;&#8221; align_last_edited=&#8221;on|desktop&#8221; _builder_version=&#8221;4.6.3&#8243; width=&#8221;210px&#8221; custom_margin=&#8221;60px|||&#8221; animation_style=&#8221;slide&#8221; animation_direction=&#8221;bottom&#8221; animation_delay=&#8221;200ms&#8221; animation_intensity_slide=&#8221;10%&#8221; locked=&#8221;off&#8221;][\/et_pb_image][et_pb_text _builder_version=&#8221;4.6.3&#8243; text_font=&#8221;Gotham kinda bold||||||||&#8221; text_font_size=&#8221;16px&#8221; text_line_height=&#8221;1.8em&#8221; header_font=&#8221;||||||||&#8221; header_2_font=&#8221;Gotham kinda bold||||||||&#8221; header_2_text_color=&#8221;#000000&#8243; header_2_font_size=&#8221;32px&#8221; header_2_line_height=&#8221;1.3em&#8221; header_3_font=&#8221;||||||||&#8221; header_4_font=&#8221;||||||||&#8221; text_orientation=&#8221;center&#8221; locked=&#8221;off&#8221; text_text_color=&#8221;#000000&#8243; hover_enabled=&#8221;0&#8243; sticky_enabled=&#8221;0&#8243;]<h2>A condi\u00e7\u00e3o<\/h2>\n<p>A incontin\u00eancia fecal \u00e9 uma condi\u00e7\u00e3o comum. Embora n\u00e3o ponha em risco a vida, \u00e9 classificada como uma doen\u00e7a pela Organiza\u00e7\u00e3o Mundial de Sa\u00fade (OMS), prejudicando seriamente a vida quotidiana e a produtividade dos indiv\u00edduos afectados e das suas fam\u00edlias, e resultando num encargo substancial para os servi\u00e7os de sa\u00fade europeus. Existe uma necessidade terap\u00eautica particular n\u00e3o satisfeita para os doentes com sintomas graves de incontin\u00eancia fecal (IF), que n\u00e3o s\u00e3o adequados ou n\u00e3o desejam submeter-se \u00e0s op\u00e7\u00f5es cir\u00fargicas atualmente dispon\u00edveis, mas que podem beneficiar de uma abordagem m\u00e9dica regenerativa.<\/p>[\/et_pb_text][et_pb_button button_url=&#8221;\/our-research\/&#8221; button_text=&#8221;LEARN MORE&#8221; button_alignment=&#8221;center&#8221; _builder_version=&#8221;4.6.3&#8243; _module_preset=&#8221;default&#8221; custom_button=&#8221;on&#8221; button_text_size=&#8221;12px&#8221; button_text_color=&#8221;#000000&#8243; button_bg_color=&#8221;#ffffff&#8221; button_border_width=&#8221;1px&#8221; button_border_color=&#8221;#000000&#8243; button_border_radius=&#8221;5px&#8221; button_letter_spacing=&#8221;2px&#8221; button_font=&#8221;Gotham kinda bold|600||on|||||&#8221; button_icon=&#8221;%%20%%&#8221; button_icon_color=&#8221;#000000&#8243; button_on_hover=&#8221;off&#8221; custom_margin=&#8221;-17px||||false|false&#8221; custom_padding=&#8221;12px|30px|12px|20px|false|false&#8221; animation_style=&#8221;fold&#8221; animation_duration=&#8221;850ms&#8221; animation_intensity_fold=&#8221;16%&#8221; button_letter_spacing_tablet=&#8221;&#8221; button_letter_spacing_phone=&#8221;1px&#8221; button_letter_spacing_last_edited=&#8221;on|phone&#8221; button_bg_color__hover=&#8221;#0c71c3&#8243; button_bg_color__hover_enabled=&#8221;on|desktop&#8221; button_border_color__hover=&#8221;rgba(0,0,0,0)&#8221; button_border_color__hover_enabled=&#8221;on|desktop&#8221; button_letter_spacing__hover=&#8221;2px&#8221; button_letter_spacing__hover_enabled=&#8221;on|desktop&#8221; box_shadow_vertical_button__hover=&#8221;8px&#8221; box_shadow_vertical_button__hover_enabled=&#8221;on|hover&#8221; box_shadow_color__hover_enabled=&#8221;on|hover&#8221; box_shadow_color__hover=&#8221;rgba(7,82,140,0.54)&#8221; box_shadow_vertical__hover_enabled=&#8221;on|desktop&#8221; box_shadow_vertical__hover=&#8221;10px&#8221; button_text_color__hover=&#8221;#ffffff&#8221; button_text_color__hover_enabled=&#8221;on|desktop&#8221; button_border_width__hover=&#8221;1px&#8221; button_border_width__hover_enabled=&#8221;on|hover&#8221; button_icon_color__hover=&#8221;#ffffff&#8221; button_icon_color__hover_enabled=&#8221;on|desktop&#8221;][\/et_pb_button][\/et_pb_column][et_pb_column type=&#8221;1_3&#8243; _builder_version=&#8221;3.25&#8243; custom_padding=&#8221;|||&#8221; custom_padding__hover=&#8221;|||&#8221;][et_pb_image src=&#8221;https:\/\/amelie-project.eu\/wp-content\/uploads\/2020\/12\/shutterstock_1069097789-Converted.png&#8221; title_text=&#8221;shutterstock_1069097789 %91Converted%93&#8243; align=&#8221;center&#8221; align_tablet=&#8221;center&#8221; align_phone=&#8221;&#8221; align_last_edited=&#8221;on|desktop&#8221; _builder_version=&#8221;4.6.3&#8243; custom_padding=&#8221;||||false|false&#8221; custom_padding_tablet=&#8221;50px||||false|false&#8221; custom_padding_phone=&#8221;&#8221; custom_padding_last_edited=&#8221;on|desktop&#8221; animation_style=&#8221;slide&#8221; animation_direction=&#8221;bottom&#8221; animation_duration=&#8221;100ms&#8221; animation_intensity_slide=&#8221;10%&#8221;][\/et_pb_image][et_pb_text _builder_version=&#8221;4.6.3&#8243; text_font=&#8221;Gotham kinda bold||||||||&#8221; text_font_size=&#8221;16px&#8221; text_line_height=&#8221;1.8em&#8221; header_font=&#8221;||||||||&#8221; header_2_font=&#8221;Gotham kinda bold||||||||&#8221; header_2_text_color=&#8221;#000000&#8243; header_2_font_size=&#8221;32px&#8221; header_2_line_height=&#8221;1.3em&#8221; header_3_font=&#8221;||||||||&#8221; header_4_font=&#8221;||||||||&#8221; text_orientation=&#8221;center&#8221; locked=&#8221;off&#8221; text_text_color=&#8221;#000000&#8243;]<h2>A nossa vis\u00e3o<\/h2>\n<p>A AMELIE desenvolver\u00e1 um novo produto de engenharia de tecidos (medicamento de terapia avan\u00e7ada combinada) que inclui a liga\u00e7\u00e3o das c\u00e9lulas dependentes de ancoragem a um microportador implant\u00e1vel biodegrad\u00e1vel e clinicamente qualificado, de modo a melhorar diretamente os sintomas cl\u00ednicos da IF.<\/p>[\/et_pb_text][et_pb_button button_url=&#8221;\/engagement-activities\/&#8221; button_text=&#8221;LEARN MORE&#8221; button_alignment=&#8221;center&#8221; _builder_version=&#8221;4.6.3&#8243; _module_preset=&#8221;default&#8221; custom_button=&#8221;on&#8221; button_text_size=&#8221;12px&#8221; button_text_color=&#8221;#000000&#8243; button_bg_color=&#8221;#ffffff&#8221; button_border_width=&#8221;1px&#8221; button_border_color=&#8221;#000000&#8243; button_border_radius=&#8221;5px&#8221; button_letter_spacing=&#8221;2px&#8221; button_font=&#8221;Gotham kinda bold|600||on|||||&#8221; button_icon=&#8221;%%20%%&#8221; button_icon_color=&#8221;#000000&#8243; button_on_hover=&#8221;off&#8221; custom_margin=&#8221;-17px||||false|false&#8221; custom_padding=&#8221;12px|30px|12px|20px|false|false&#8221; animation_style=&#8221;fold&#8221; animation_duration=&#8221;850ms&#8221; animation_intensity_fold=&#8221;16%&#8221; button_letter_spacing_tablet=&#8221;&#8221; button_letter_spacing_phone=&#8221;1px&#8221; button_letter_spacing_last_edited=&#8221;on|phone&#8221; button_bg_color__hover=&#8221;#0c71c3&#8243; button_bg_color__hover_enabled=&#8221;on|desktop&#8221; button_border_color__hover=&#8221;rgba(0,0,0,0)&#8221; button_border_color__hover_enabled=&#8221;on|desktop&#8221; button_letter_spacing__hover=&#8221;2px&#8221; button_letter_spacing__hover_enabled=&#8221;on|desktop&#8221; box_shadow_vertical_button__hover=&#8221;8px&#8221; box_shadow_vertical_button__hover_enabled=&#8221;on|hover&#8221; box_shadow_color__hover_enabled=&#8221;on|hover&#8221; box_shadow_color__hover=&#8221;rgba(7,82,140,0.54)&#8221; box_shadow_vertical__hover_enabled=&#8221;on|desktop&#8221; box_shadow_vertical__hover=&#8221;10px&#8221; button_text_color__hover=&#8221;#ffffff&#8221; button_text_color__hover_enabled=&#8221;on|desktop&#8221; button_border_width__hover=&#8221;1px&#8221; button_border_width__hover_enabled=&#8221;on|hover&#8221; button_icon_color__hover=&#8221;#ffffff&#8221; button_icon_color__hover_enabled=&#8221;on|desktop&#8221;][\/et_pb_button][\/et_pb_column][\/et_pb_row][\/et_pb_section][et_pb_section fb_built=&#8221;1&#8243; admin_label=&#8221;Stats and Features&#8221; _builder_version=&#8221;3.22&#8243; background_color=&#8221;#f7f8fc&#8221; custom_padding=&#8221;80px|0px|54px|0px|false|false&#8221;][et_pb_row use_custom_gutter=&#8221;on&#8221; gutter_width=&#8221;4&#8243; _builder_version=&#8221;4.6.3&#8243; custom_margin=&#8221;||||false|false&#8221; custom_padding=&#8221;0px|||&#8221;][et_pb_column type=&#8221;4_4&#8243; _builder_version=&#8221;3.25&#8243; custom_padding=&#8221;|||&#8221; parallax__hover=&#8221;off&#8221; parallax_method__hover=&#8221;on&#8221; custom_padding__hover=&#8221;|||&#8221;][et_pb_text _builder_version=&#8221;4.6.3&#8243; _module_preset=&#8221;default&#8221; header_font=&#8221;Gotham||||||||&#8221; header_2_font=&#8221;Gotham kinda bold||||||||&#8221; header_2_text_align=&#8221;center&#8221; header_2_text_color=&#8221;#000000&#8243; header_2_font_size=&#8221;5vh&#8221; header_2_line_height=&#8221;1.2em&#8221; hover_enabled=&#8221;0&#8243; sticky_enabled=&#8221;0&#8243;]<h2>AMELIE Objectivos<\/h2>[\/et_pb_text][et_pb_blurb title=&#8221;Objective 1:&#8221; url=&#8221;#&#8221; icon_placement=&#8221;left&#8221; image_max_width=&#8221;64px&#8221; content_max_width=&#8221;1093px&#8221; admin_label=&#8221;Chapter&#8221; _builder_version=&#8221;4.6.3&#8243; header_font=&#8221;Gotham kinda bold||||||||&#8221; header_text_align=&#8221;center&#8221; header_text_color=&#8221;#000000&#8243; header_line_height=&#8221;1.5em&#8221; body_font=&#8221;Gotham kinda bold||||||||&#8221; body_text_color=&#8221;#000000&#8243; body_font_size=&#8221;16px&#8221; body_line_height=&#8221;1.9em&#8221; background_color=&#8221;#ffffff&#8221; max_width=&#8221;1500px&#8221; module_alignment=&#8221;center&#8221; custom_margin=&#8221;||30px||false|false&#8221; custom_padding=&#8221;30px|40px|30px|40px&#8221; animation_style=&#8221;zoom&#8221; animation_direction=&#8221;bottom&#8221; animation_intensity_zoom=&#8221;20%&#8221; animation_starting_opacity=&#8221;100%&#8221; hover_enabled=&#8221;0&#8243; box_shadow_style=&#8221;preset2&#8243; box_shadow_horizontal=&#8221;0px&#8221; box_shadow_vertical=&#8221;0px&#8221; box_shadow_blur=&#8221;60px&#8221; box_shadow_color=&#8221;rgba(20,8,7,0.08)&#8221; locked=&#8221;off&#8221; sticky_enabled=&#8221;0&#8243;]<p style=\"text-align: center;\"><span style=\"font-weight: 400;\">Estabelecer novos processos robustos para o fabrico, carateriza\u00e7\u00e3o, transporte e entrega de microtransportadores biodegrad\u00e1veis e implant\u00e1veis<\/span><\/p>[\/et_pb_blurb][et_pb_blurb title=&#8221;Objective 2:&#8221; url=&#8221;#&#8221; icon_placement=&#8221;left&#8221; image_max_width=&#8221;64px&#8221; content_max_width=&#8221;1400px&#8221; admin_label=&#8221;Chapter&#8221; _builder_version=&#8221;4.6.3&#8243; header_font=&#8221;Gotham kinda bold||||||||&#8221; header_text_align=&#8221;center&#8221; header_text_color=&#8221;#000000&#8243; header_line_height=&#8221;1.5em&#8221; body_font=&#8221;Gotham kinda bold||||||||&#8221; body_text_color=&#8221;#000000&#8243; body_font_size=&#8221;16px&#8221; body_line_height=&#8221;1.9em&#8221; background_color=&#8221;#ffffff&#8221; max_width=&#8221;1500px&#8221; module_alignment=&#8221;center&#8221; custom_margin=&#8221;||30px||false|false&#8221; custom_padding=&#8221;30px|40px|30px|40px&#8221; animation_style=&#8221;zoom&#8221; animation_direction=&#8221;bottom&#8221; animation_intensity_zoom=&#8221;20%&#8221; animation_starting_opacity=&#8221;100%&#8221; hover_enabled=&#8221;0&#8243; box_shadow_style=&#8221;preset2&#8243; box_shadow_horizontal=&#8221;0px&#8221; box_shadow_vertical=&#8221;0px&#8221; box_shadow_blur=&#8221;60px&#8221; box_shadow_color=&#8221;rgba(20,8,7,0.08)&#8221; locked=&#8221;off&#8221; sticky_enabled=&#8221;0&#8243;]<p style=\"text-align: center;\"><span style=\"font-weight: 400;\">Demonstrar a seguran\u00e7a dos microtransportadores ASMDC utilizando testes n\u00e3o cl\u00ednicos para cumprir os requisitos regulamentares nacionais e criar um resumo do produto que permita a avalia\u00e7\u00e3o da tecnologia em toda a Europa.<\/span><\/p>[\/et_pb_blurb][et_pb_blurb title=&#8221;Objective 3:&#8221; url=&#8221;#&#8221; icon_placement=&#8221;left&#8221; image_max_width=&#8221;64px&#8221; content_max_width=&#8221;1127px&#8221; admin_label=&#8221;Chapter&#8221; _builder_version=&#8221;4.6.3&#8243; header_font=&#8221;Gotham kinda bold||||||||&#8221; header_text_align=&#8221;center&#8221; header_text_color=&#8221;#000000&#8243; header_line_height=&#8221;1.5em&#8221; body_font=&#8221;Gotham kinda bold||||||||&#8221; body_text_color=&#8221;#000000&#8243; body_font_size=&#8221;16px&#8221; body_line_height=&#8221;1.9em&#8221; background_color=&#8221;#ffffff&#8221; max_width=&#8221;1500px&#8221; module_alignment=&#8221;center&#8221; custom_margin=&#8221;||30px||false|false&#8221; custom_padding=&#8221;30px|40px|30px|40px&#8221; animation_style=&#8221;zoom&#8221; animation_direction=&#8221;bottom&#8221; animation_intensity_zoom=&#8221;20%&#8221; animation_starting_opacity=&#8221;100%&#8221; hover_enabled=&#8221;0&#8243; box_shadow_style=&#8221;preset2&#8243; box_shadow_horizontal=&#8221;0px&#8221; box_shadow_vertical=&#8221;0px&#8221; box_shadow_blur=&#8221;60px&#8221; box_shadow_color=&#8221;rgba(20,8,7,0.08)&#8221; locked=&#8221;off&#8221; sticky_enabled=&#8221;0&#8243;]<p style=\"text-align: center;\"><span style=\"font-weight: 400;\">Realizar um ensaio pan-europeu aleat\u00f3rio e em dupla oculta\u00e7\u00e3o para determinar se os microtransportadores conduzem a uma redu\u00e7\u00e3o da frequ\u00eancia dos epis\u00f3dios de FI.<\/span><\/p>[\/et_pb_blurb][et_pb_blurb title=&#8221;Objective 4:&#8221; url=&#8221;#&#8221; icon_placement=&#8221;left&#8221; image_max_width=&#8221;64px&#8221; content_max_width=&#8221;1400px&#8221; admin_label=&#8221;Chapter&#8221; _builder_version=&#8221;4.6.3&#8243; header_font=&#8221;Gotham kinda bold||||||||&#8221; header_text_align=&#8221;center&#8221; header_text_color=&#8221;#000000&#8243; header_line_height=&#8221;1.5em&#8221; body_font=&#8221;Gotham kinda bold||||||||&#8221; body_text_color=&#8221;#000000&#8243; body_font_size=&#8221;16px&#8221; body_line_height=&#8221;1.9em&#8221; background_color=&#8221;#ffffff&#8221; max_width=&#8221;1500px&#8221; module_alignment=&#8221;center&#8221; custom_margin=&#8221;||30px||false|false&#8221; custom_padding=&#8221;30px|40px|30px|40px&#8221; animation_style=&#8221;zoom&#8221; animation_direction=&#8221;bottom&#8221; animation_intensity_zoom=&#8221;20%&#8221; animation_starting_opacity=&#8221;100%&#8221; hover_enabled=&#8221;0&#8243; box_shadow_style=&#8221;preset2&#8243; box_shadow_horizontal=&#8221;0px&#8221; box_shadow_vertical=&#8221;0px&#8221; box_shadow_blur=&#8221;60px&#8221; box_shadow_color=&#8221;rgba(20,8,7,0.08)&#8221; locked=&#8221;off&#8221; sticky_enabled=&#8221;0&#8243;]<p style=\"text-align: center;\">Envolver as sociedades nacionais e regionais com o apoio das institui\u00e7\u00f5es de caridade europeias, das redes de apoio aos doentes e do p\u00fablico para estabelecer canais para a atividade da IPP e a divulga\u00e7\u00e3o dos desenvolvimentos do projeto aos doentes, ao p\u00fablico e \u00e0 comunidade cient\u00edfica.<\/p>[\/et_pb_blurb][et_pb_blurb title=&#8221;Objective 5:&#8221; url=&#8221;#&#8221; icon_placement=&#8221;left&#8221; image_max_width=&#8221;64px&#8221; content_max_width=&#8221;1051px&#8221; admin_label=&#8221;Chapter&#8221; _builder_version=&#8221;4.6.3&#8243; header_font=&#8221;Gotham kinda bold||||||||&#8221; header_text_align=&#8221;center&#8221; header_text_color=&#8221;#000000&#8243; header_line_height=&#8221;1.5em&#8221; body_font=&#8221;Gotham kinda bold||||||||&#8221; body_text_color=&#8221;#000000&#8243; body_font_size=&#8221;16px&#8221; body_line_height=&#8221;1.9em&#8221; background_color=&#8221;#ffffff&#8221; max_width=&#8221;1500px&#8221; module_alignment=&#8221;center&#8221; custom_margin=&#8221;||30px||false|false&#8221; custom_padding=&#8221;30px|40px|25px|40px|false|false&#8221; animation_style=&#8221;zoom&#8221; animation_direction=&#8221;bottom&#8221; animation_intensity_zoom=&#8221;20%&#8221; animation_starting_opacity=&#8221;100%&#8221; hover_enabled=&#8221;0&#8243; box_shadow_style=&#8221;preset2&#8243; box_shadow_horizontal=&#8221;0px&#8221; box_shadow_vertical=&#8221;0px&#8221; box_shadow_blur=&#8221;60px&#8221; box_shadow_color=&#8221;rgba(20,8,7,0.08)&#8221; locked=&#8221;off&#8221; sticky_enabled=&#8221;0&#8243;]<p style=\"text-align: center;\"><span style=\"font-weight: 400;\">Desenvolver um plano de neg\u00f3cios e uma futura estrat\u00e9gia de comercializa\u00e7\u00e3o para permitir o acesso dos doentes ao microcarrier em toda a Europa e no mundo.<\/span><\/p>[\/et_pb_blurb][\/et_pb_column][\/et_pb_row][\/et_pb_section][et_pb_section fb_built=&#8221;1&#8243; _builder_version=&#8221;4.6.3&#8243; _module_preset=&#8221;default&#8221;][\/et_pb_section]","protected":false},"excerpt":{"rendered":"<p><div class=\"et_pb_module dsm_block_reveal_text dsm_block_reveal_text_0\">\n\t\t\t\t\n\t\t\t\t\n\t\t\t\t\n\t\t\t\t\n\t\t\t\t\n\t\t\t\t\n\t\t\t\t<div class=\"et_pb_module_inner\">\n\t\t\t\t\t<div class=\"dsm_block_reveal_text_wrapper\" data-dsm-block-reveal-animation=\"lr\" data-dsm-block-reveal-color=\"#0e94f9\" data-dsm-block-reveal-delay=\"0\" data-dsm-block-reveal-viewport=\"80%\"><h1 class=\"dsm_block_reveal_text_header et_pb_module_header\">VIS\u00c3O<\/h1><\/div>\n\t\t\t\t<\/div>\n\t\t\t<\/div><div class=\"et_pb_module dsm_block_reveal_text dsm_block_reveal_text_1\">\n\t\t\t\t\n\t\t\t\t\n\t\t\t\t\n\t\t\t\t\n\t\t\t\t\n\t\t\t\t\n\t\t\t\t<div class=\"et_pb_module_inner\">\n\t\t\t\t\t<div class=\"dsm_block_reveal_text_wrapper\" data-dsm-block-reveal-animation=\"lr\" data-dsm-block-reveal-color=\"#0e94f9\" data-dsm-block-reveal-delay=\"0.1\" data-dsm-block-reveal-viewport=\"80%\"><h2 class=\"dsm_block_reveal_text_header et_pb_module_header\">E OBJECTIVOS<\/h2><\/div>\n\t\t\t\t<\/div>\n\t\t\t<\/div>Our Mission The consortium proposes a radical, innovative translational approach to manufacture and deliver anchorage-dependent cells into the body, as a form of new cell therapy, to establish more effective regenerative medicine therapies for FI and other clinical indications.The Condition Faecal incontinence is a common condition. Whilst not life threatening, it is classified as a disease by the World Health Organization (WHO), seriously impairing daily living and productivity of affected individuals and their families, and resulting in a substantial burden on European health services. There is a particular therapeutic unmet need for patients with severe symptoms of faecal incontinence (FI), who are either unsuitable for, or do not wish to undergo, currently available surgical options, but who may benefit from a regenerative medical approach.Our Vision AMELIE will develop a novel tissue engineered product (combined advanced therapy medicinal product) that comprises attaching the anchorage dependent cells to an implantable biodegradable, clinically qualified microcarrier so as to directly improve the clinical symptoms of FI.AMELIE ObjectivesEstablish new robust processes for the manufacturing, [&hellip;]<\/p>","protected":false},"author":1,"featured_media":0,"parent":0,"menu_order":0,"comment_status":"closed","ping_status":"closed","template":"","meta":{"_et_pb_use_builder":"on","_et_pb_old_content":"","_et_gb_content_width":"","_coblocks_attr":"","_coblocks_dimensions":"","_coblocks_responsive_height":"","_coblocks_accordion_ie_support":"","footnotes":"","_links_to":"","_links_to_target":""},"class_list":["post-28691","page","type-page","status-publish","hentry"],"_links":{"self":[{"href":"https:\/\/amelie-project.eu\/pt\/wp-json\/wp\/v2\/pages\/28691","targetHints":{"allow":["GET"]}}],"collection":[{"href":"https:\/\/amelie-project.eu\/pt\/wp-json\/wp\/v2\/pages"}],"about":[{"href":"https:\/\/amelie-project.eu\/pt\/wp-json\/wp\/v2\/types\/page"}],"author":[{"embeddable":true,"href":"https:\/\/amelie-project.eu\/pt\/wp-json\/wp\/v2\/users\/1"}],"replies":[{"embeddable":true,"href":"https:\/\/amelie-project.eu\/pt\/wp-json\/wp\/v2\/comments?post=28691"}],"version-history":[{"count":38,"href":"https:\/\/amelie-project.eu\/pt\/wp-json\/wp\/v2\/pages\/28691\/revisions"}],"predecessor-version":[{"id":31170,"href":"https:\/\/amelie-project.eu\/pt\/wp-json\/wp\/v2\/pages\/28691\/revisions\/31170"}],"wp:attachment":[{"href":"https:\/\/amelie-project.eu\/pt\/wp-json\/wp\/v2\/media?parent=28691"}],"curies":[{"name":"wp","href":"https:\/\/api.w.org\/{rel}","templated":true}]}}