{"id":28371,"date":"2020-09-03T09:02:33","date_gmt":"2020-09-03T09:02:33","guid":{"rendered":"https:\/\/amelie-project.eu\/?page_id=28371"},"modified":"2021-01-26T10:47:43","modified_gmt":"2021-01-26T10:47:43","slug":"beneficios-de-amelie","status":"publish","type":"page","link":"https:\/\/amelie-project.eu\/pt\/beneficios-de-amelie\/","title":{"rendered":"Benef\u00edcios da AMELIE"},"content":{"rendered":"[et_pb_section fb_built=&#8221;1&#8243; custom_padding_last_edited=&#8221;on|phone&#8221; disabled_on=&#8221;off|off|off&#8221; admin_label=&#8221;Hero section&#8221; _builder_version=&#8221;4.6.3&#8243; background_image=&#8221;https:\/\/amelie-project.eu\/wp-content\/uploads\/2020\/10\/AMELIEHEADERBACKGOUND-01-scaled.jpg&#8221; background_position=&#8221;center_left&#8221; custom_margin=&#8221;|||&#8221; custom_padding=&#8221;7%||7%||true|false&#8221; custom_padding_tablet=&#8221;15%||15%||true|false&#8221; custom_padding_phone=&#8221;&#8221;][et_pb_row use_custom_gutter=&#8221;on&#8221; gutter_width=&#8221;1&#8243; custom_padding_last_edited=&#8221;on|desktop&#8221; _builder_version=&#8221;4.6.3&#8243; _module_preset=&#8221;default&#8221; width=&#8221;100%&#8221; module_alignment=&#8221;left&#8221; custom_padding=&#8221;|||4%|false|false&#8221; custom_padding_tablet=&#8221;|||6%|false|false&#8221; custom_padding_phone=&#8221;|||7%|false|false&#8221;][et_pb_column type=&#8221;4_4&#8243; _builder_version=&#8221;4.6.3&#8243; _module_preset=&#8221;default&#8221;][dsm_block_reveal_text block_reveal_text=&#8221;BENEFITS&#8221; heading_html_tag=&#8221;h1&#8243; block_reveal_color=&#8221;#0e94f9&#8243; block_reveal_delay=&#8221;0&#8243; _builder_version=&#8221;4.6.3&#8243; _module_preset=&#8221;default&#8221; header_font=&#8221;AMELIE||||||||&#8221; header_text_color=&#8221;#0e94f9&#8243; header_font_size=&#8221;4vw&#8221; custom_padding=&#8221;||||false|false&#8221; custom_padding_tablet=&#8221;||||false|false&#8221; custom_padding_phone=&#8221;||||false|false&#8221; custom_padding_last_edited=&#8221;on|phone&#8221; header_font_size_tablet=&#8221;8vw&#8221; header_font_size_phone=&#8221;10vw&#8221; header_font_size_last_edited=&#8221;on|desktop&#8221;][\/dsm_block_reveal_text][dsm_block_reveal_text block_reveal_text=&#8221;OF AMELIE&#8221; block_reveal_color=&#8221;#0e94f9&#8243; _builder_version=&#8221;4.6.3&#8243; _module_preset=&#8221;default&#8221; header_font=&#8221;AMELIE||||||||&#8221; header_text_color=&#8221;#0e94f9&#8243; header_font_size=&#8221;3vw&#8221; custom_padding=&#8221;||||false|false&#8221; custom_padding_tablet=&#8221;||||false|false&#8221; custom_padding_phone=&#8221;||||false|false&#8221; custom_padding_last_edited=&#8221;on|phone&#8221; header_font_size_tablet=&#8221;6vw&#8221; header_font_size_phone=&#8221;7vw&#8221; header_font_size_last_edited=&#8221;on|desktop&#8221;][\/dsm_block_reveal_text][\/et_pb_column][\/et_pb_row][\/et_pb_section][et_pb_section fb_built=&#8221;1&#8243; custom_padding_last_edited=&#8221;on|phone&#8221; _builder_version=&#8221;4.6.3&#8243; transform_scale_tablet=&#8221;90%|90%&#8221; transform_scale_last_edited=&#8221;off|desktop&#8221; transform_translate_last_edited=&#8221;off|desktop&#8221; transform_rotate_last_edited=&#8221;off|desktop&#8221; transform_skew_last_edited=&#8221;off|desktop&#8221; transform_origin_last_edited=&#8221;off|desktop&#8221; transform_styles_last_edited=&#8221;off|desktop&#8221; custom_margin=&#8221;||||false|false&#8221; custom_padding=&#8221;100px|0px|100px|0px&#8221; custom_padding_tablet=&#8221;35px|0px|35px|0px|true|false&#8221; custom_padding_phone=&#8221;15px||15px||true|false&#8221;][et_pb_row column_structure=&#8221;1_3,1_3,1_3&#8243; _builder_version=&#8221;4.6.3&#8243; _module_preset=&#8221;default&#8221; animation_style=&#8221;slide&#8221; animation_direction=&#8221;bottom&#8221; animation_intensity_slide=&#8221;11%&#8221;][et_pb_column type=&#8221;1_3&#8243; _builder_version=&#8221;4.6.3&#8243; _module_preset=&#8221;default&#8221;][dsm_tilt_image src=&#8221;https:\/\/amelie-project.eu\/wp-content\/uploads\/2020\/09\/science1shadow-4.png&#8221; title_text=&#8221;science1shadow&#8221; dsm_tilt_mobile=&#8221;on&#8221; dsm_tilt_scale=&#8221;1.1&#8243; dsm_tilt_max=&#8221;15&#8243; dsm_use_glare=&#8221;on&#8221; dsm_tilt_glare=&#8221;0.5&#8243; _builder_version=&#8221;4.6.3&#8243; _module_preset=&#8221;default&#8221;][\/dsm_tilt_image][et_pb_text _builder_version=&#8221;4.6.3&#8243; text_font=&#8221;Gotham kinda bold||||||||&#8221; text_text_color=&#8221;#000000&#8243; text_font_size=&#8221;16px&#8221; text_line_height=&#8221;1.6em&#8221; header_font=&#8221;Gotham kinda bold|||on|||||&#8221; header_text_color=&#8221;#000000&#8243; header_font_size=&#8221;15px&#8221; header_letter_spacing=&#8221;1px&#8221; header_line_height=&#8221;1.4em&#8221; header_2_font=&#8221;Gotham kinda bold|||on|||||&#8221; header_2_text_color=&#8221;#000000&#8243; header_2_font_size=&#8221;15px&#8221; header_2_letter_spacing=&#8221;1px&#8221; header_2_line_height=&#8221;1.4em&#8221; header_3_font=&#8221;Gotham kinda bold|||on|||||&#8221; header_3_text_color=&#8221;#000000&#8243; header_3_font_size=&#8221;15px&#8221; header_3_letter_spacing=&#8221;1px&#8221; header_3_line_height=&#8221;1.4em&#8221; header_4_font=&#8221;Gotham kinda bold|||on|||||&#8221; header_4_text_color=&#8221;#000000&#8243; header_4_font_size=&#8221;17px&#8221; header_4_letter_spacing=&#8221;1px&#8221; header_4_line_height=&#8221;1.4em&#8221; header_5_font=&#8221;Gotham kinda bold|||on|||||&#8221; header_5_text_color=&#8221;#000000&#8243; header_5_font_size=&#8221;15px&#8221; header_5_letter_spacing=&#8221;1px&#8221; header_5_line_height=&#8221;1.4em&#8221; header_6_font=&#8221;Gotham kinda bold|||on|||||&#8221; header_6_text_color=&#8221;#000000&#8243; header_6_font_size=&#8221;15px&#8221; header_6_letter_spacing=&#8221;1px&#8221; header_6_line_height=&#8221;1.4em&#8221; text_orientation=&#8221;center&#8221; max_width=&#8221;800px&#8221; module_alignment=&#8221;center&#8221; locked=&#8221;off&#8221;]<p>Identifica\u00e7\u00e3o de potenciais novas terapias regenerativas para responder a necessidades cl\u00ednicas n\u00e3o satisfeitas de grandes grupos de doentes.<\/p>[\/et_pb_text][\/et_pb_column][et_pb_column type=&#8221;1_3&#8243; _builder_version=&#8221;4.6.3&#8243; _module_preset=&#8221;default&#8221;][dsm_tilt_image src=&#8221;https:\/\/amelie-project.eu\/wp-content\/uploads\/2020\/09\/science2shadow.png&#8221; title_text=&#8221;science2shadow&#8221; dsm_tilt_mobile=&#8221;on&#8221; dsm_tilt_scale=&#8221;1.1&#8243; dsm_tilt_max=&#8221;15&#8243; dsm_use_glare=&#8221;on&#8221; dsm_tilt_glare=&#8221;0.5&#8243; _builder_version=&#8221;4.6.3&#8243; _module_preset=&#8221;default&#8221;][\/dsm_tilt_image][et_pb_text _builder_version=&#8221;4.6.3&#8243; text_font=&#8221;Gotham kinda bold||||||||&#8221; text_text_color=&#8221;#000000&#8243; text_font_size=&#8221;16px&#8221; text_line_height=&#8221;1.6em&#8221; header_font=&#8221;Gotham kinda bold|||on|||||&#8221; header_text_color=&#8221;#000000&#8243; header_font_size=&#8221;15px&#8221; header_letter_spacing=&#8221;1px&#8221; header_line_height=&#8221;1.4em&#8221; header_2_font=&#8221;Gotham kinda bold|||on|||||&#8221; header_2_text_color=&#8221;#000000&#8243; header_2_font_size=&#8221;15px&#8221; header_2_letter_spacing=&#8221;1px&#8221; header_2_line_height=&#8221;1.4em&#8221; header_3_font=&#8221;Gotham kinda bold|||on|||||&#8221; header_3_text_color=&#8221;#000000&#8243; header_3_font_size=&#8221;15px&#8221; header_3_letter_spacing=&#8221;1px&#8221; header_3_line_height=&#8221;1.4em&#8221; header_4_font=&#8221;Gotham kinda bold|||on|||||&#8221; header_4_text_color=&#8221;#000000&#8243; header_4_font_size=&#8221;17px&#8221; header_4_letter_spacing=&#8221;1px&#8221; header_4_line_height=&#8221;1.4em&#8221; header_5_font=&#8221;Gotham kinda bold|||on|||||&#8221; header_5_text_color=&#8221;#000000&#8243; header_5_font_size=&#8221;15px&#8221; header_5_letter_spacing=&#8221;1px&#8221; header_5_line_height=&#8221;1.4em&#8221; header_6_font=&#8221;Gotham kinda bold|||on|||||&#8221; header_6_text_color=&#8221;#000000&#8243; header_6_font_size=&#8221;15px&#8221; header_6_letter_spacing=&#8221;1px&#8221; header_6_line_height=&#8221;1.4em&#8221; text_orientation=&#8221;center&#8221; max_width=&#8221;800px&#8221; module_alignment=&#8221;center&#8221; locked=&#8221;off&#8221;]<p>A posi\u00e7\u00e3o da Europa no dom\u00ednio da medicina regenerativa translacional foi refor\u00e7ada.<\/p>[\/et_pb_text][\/et_pb_column][et_pb_column type=&#8221;1_3&#8243; _builder_version=&#8221;4.6.3&#8243; _module_preset=&#8221;default&#8221;][dsm_tilt_image src=&#8221;https:\/\/amelie-project.eu\/wp-content\/uploads\/2020\/09\/science3shadow-2.png&#8221; title_text=&#8221;science3shadow&#8221; dsm_tilt_mobile=&#8221;on&#8221; dsm_tilt_scale=&#8221;1.1&#8243; dsm_tilt_max=&#8221;15&#8243; dsm_use_glare=&#8221;on&#8221; dsm_tilt_glare=&#8221;0.5&#8243; _builder_version=&#8221;4.6.3&#8243; _module_preset=&#8221;default&#8221;][\/dsm_tilt_image][et_pb_text _builder_version=&#8221;4.6.3&#8243; text_font=&#8221;Gotham kinda bold||||||||&#8221; text_text_color=&#8221;#000000&#8243; text_font_size=&#8221;16px&#8221; text_line_height=&#8221;1.6em&#8221; header_font=&#8221;Gotham kinda bold|||on|||||&#8221; header_text_color=&#8221;#000000&#8243; header_font_size=&#8221;15px&#8221; header_letter_spacing=&#8221;1px&#8221; header_line_height=&#8221;1.4em&#8221; header_2_font=&#8221;Gotham kinda bold|||on|||||&#8221; header_2_text_color=&#8221;#000000&#8243; header_2_font_size=&#8221;15px&#8221; header_2_letter_spacing=&#8221;1px&#8221; header_2_line_height=&#8221;1.4em&#8221; header_3_font=&#8221;Gotham kinda bold|||on|||||&#8221; header_3_text_color=&#8221;#000000&#8243; header_3_font_size=&#8221;15px&#8221; header_3_letter_spacing=&#8221;1px&#8221; header_3_line_height=&#8221;1.4em&#8221; header_4_font=&#8221;Gotham kinda bold|||on|||||&#8221; header_4_text_color=&#8221;#000000&#8243; header_4_font_size=&#8221;17px&#8221; header_4_letter_spacing=&#8221;1px&#8221; header_4_line_height=&#8221;1.4em&#8221; header_5_font=&#8221;Gotham kinda bold|||on|||||&#8221; header_5_text_color=&#8221;#000000&#8243; header_5_font_size=&#8221;15px&#8221; header_5_letter_spacing=&#8221;1px&#8221; header_5_line_height=&#8221;1.4em&#8221; header_6_font=&#8221;Gotham kinda bold|||on|||||&#8221; header_6_text_color=&#8221;#000000&#8243; header_6_font_size=&#8221;15px&#8221; header_6_letter_spacing=&#8221;1px&#8221; header_6_line_height=&#8221;1.4em&#8221; text_orientation=&#8221;center&#8221; max_width=&#8221;800px&#8221; module_alignment=&#8221;center&#8221; locked=&#8221;off&#8221;]<p>Novas terapias para as principais doen\u00e7as e afec\u00e7\u00f5es humanas e novas abordagens terap\u00eauticas mais avan\u00e7adas na linha de desenvolvimento.<\/p>[\/et_pb_text][\/et_pb_column][\/et_pb_row][\/et_pb_section][et_pb_section fb_built=&#8221;1&#8243; _builder_version=&#8221;3.22&#8243; background_color=&#8221;rgba(0,0,0,0.03)&#8221; background_position=&#8221;top_center&#8221; custom_margin=&#8221;|||&#8221; custom_padding=&#8221;100px||100px|&#8221;][et_pb_row use_custom_gutter=&#8221;on&#8221; gutter_width=&#8221;4&#8243; _builder_version=&#8221;4.6.3&#8243; custom_margin=&#8221;||||false|false&#8221; custom_padding=&#8221;0px|||&#8221;][et_pb_column type=&#8221;4_4&#8243; _builder_version=&#8221;3.25&#8243; custom_padding=&#8221;|||&#8221; parallax__hover=&#8221;off&#8221; parallax_method__hover=&#8221;on&#8221; custom_padding__hover=&#8221;|||&#8221;][et_pb_blurb title=&#8221;Potential new regenerative therapies to address unmet clinical needs of large patient groups identified&#8221; url=&#8221;#&#8221; icon_placement=&#8221;left&#8221; image_max_width=&#8221;64px&#8221; content_max_width=&#8221;1400px&#8221; admin_label=&#8221;Chapter&#8221; _builder_version=&#8221;4.6.3&#8243; header_font=&#8221;Gotham kinda bold||||||||&#8221; header_text_color=&#8221;#000000&#8243; header_line_height=&#8221;1.5em&#8221; body_font=&#8221;Gotham kinda bold||||||||&#8221; body_text_color=&#8221;#000000&#8243; body_font_size=&#8221;16px&#8221; body_line_height=&#8221;1.9em&#8221; background_color=&#8221;#ffffff&#8221; custom_margin=&#8221;|||&#8221; custom_padding=&#8221;30px|40px|30px|40px&#8221; animation_style=&#8221;zoom&#8221; animation_direction=&#8221;bottom&#8221; animation_intensity_zoom=&#8221;20%&#8221; animation_starting_opacity=&#8221;100%&#8221; box_shadow_style=&#8221;preset2&#8243; box_shadow_horizontal=&#8221;0px&#8221; box_shadow_vertical=&#8221;0px&#8221; box_shadow_blur=&#8221;60px&#8221; box_shadow_color=&#8221;rgba(10,3,3,0.06)&#8221; locked=&#8221;off&#8221;]<p><span style=\"font-weight: 400;\">A IF \u00e9 uma doen\u00e7a comum que afecta ~9% de adultos europeus. Este n\u00famero est\u00e1 subestimado, uma vez que ~70% dos doentes com IF n\u00e3o consultam um prestador de cuidados de sa\u00fade sobre a sua doen\u00e7a. Apenas uma parte dos que o fazem procurar\u00e1 tratamento adicional, mas ~50% n\u00e3o se adequar\u00e3o \u00e0s op\u00e7\u00f5es actuais. A abordagem da AMELIE tem numerosas vantagens em rela\u00e7\u00e3o a outras interven\u00e7\u00f5es cir\u00fargicas, que implicam o risco de infe\u00e7\u00e3o, dor e defeito\/luxa\u00e7\u00e3o do eletrodo, o que pode resultar num estoma permanente. O efeito da melhoria da contin\u00eancia ap\u00f3s o tratamento ter\u00e1 impacto para al\u00e9m das pessoas que sofrem imediatamente da doen\u00e7a, como os prestadores de cuidados e as pessoas em listas de espera de lares de idosos.<\/span><span style=\"font-weight: 400;\">\u00a0<\/span><\/p>\n<p><span style=\"font-weight: 400;\">Se for eficaz, o tratamento com a tecnologia de microtransportadores celulares implant\u00e1veis ter\u00e1 um impacto significativo na qualidade de vida dos cidad\u00e3os da UE.<\/span> <span style=\"font-weight: 400;\">Promo\u00e7\u00e3o deste tratamento como uma abordagem realista para <\/span><i><span style=\"font-weight: 400;\">tratamento<\/span><\/i><span style=\"font-weight: 400;\"> A utiliza\u00e7\u00e3o de um tratamento para a incontin\u00eancia em vez da gest\u00e3o dos sintomas, aumentar\u00e1 a probabilidade de os doentes com IF consultarem um prestador de cuidados de sa\u00fade sobre a sua condi\u00e7\u00e3o e, assim, aumentar\u00e1 o n\u00famero de doentes a que o tratamento pode chegar.<\/span><\/p>[\/et_pb_blurb][et_pb_blurb title=&#8221;Europe\u2019s position in translational regenerative medicine strengthened &#8221; url=&#8221;#&#8221; icon_placement=&#8221;left&#8221; image_max_width=&#8221;64px&#8221; content_max_width=&#8221;1400px&#8221; admin_label=&#8221;Chapter&#8221; _builder_version=&#8221;4.6.3&#8243; header_font=&#8221;Gotham kinda bold||||||||&#8221; header_text_color=&#8221;#000000&#8243; header_line_height=&#8221;1.5em&#8221; body_font=&#8221;Gotham kinda bold||||||||&#8221; body_text_color=&#8221;#000000&#8243; body_font_size=&#8221;16px&#8221; body_line_height=&#8221;1.9em&#8221; background_color=&#8221;#ffffff&#8221; custom_margin=&#8221;|||&#8221; custom_padding=&#8221;30px|40px|30px|40px&#8221; animation_style=&#8221;zoom&#8221; animation_direction=&#8221;bottom&#8221; animation_intensity_zoom=&#8221;20%&#8221; animation_starting_opacity=&#8221;100%&#8221; hover_enabled=&#8221;0&#8243; box_shadow_style=&#8221;preset2&#8243; box_shadow_horizontal=&#8221;0px&#8221; box_shadow_vertical=&#8221;0px&#8221; box_shadow_blur=&#8221;60px&#8221; box_shadow_color=&#8221;rgba(10,3,3,0.06)&#8221; locked=&#8221;off&#8221; sticky_enabled=&#8221;0&#8243;]<p><span style=\"font-weight: 400;\">A Europa \u00e9 l\u00edder mundial em terapias baseadas em c\u00e9lulas para doentes com IF.<\/span> <span style=\"font-weight: 400;\">Para al\u00e9m de refor\u00e7ar o papel dominante da Europa neste dom\u00ednio, a AMELIE representa tamb\u00e9m uma mudan\u00e7a radical na abordagem adoptada para fabricar e fornecer medicamentos baseados em c\u00e9lulas que permitir\u00e3o aos cidad\u00e3os europeus serem os primeiros a n\u00edvel mundial a beneficiar de uma nova abordagem pioneira da medicina regenerativa.\u00a0<\/span><\/p>\n<p><span style=\"font-weight: 400;\">A terapia celular \u00e9 uma \u00e1rea de investiga\u00e7\u00e3o em r\u00e1pido crescimento. Os produtos de engenharia de tecidos dever\u00e3o registar um crescimento significativo e proporcionar oportunidades substanciais para refor\u00e7ar a posi\u00e7\u00e3o da Europa na medicina regenerativa translacional. A Europa \u00e9 respons\u00e1vel por cerca de 26% das empresas mundiais de medicina regenerativa. O desenvolvimento de tecnologias inovadoras, como os microcarregadores implant\u00e1veis TIPS, atrair\u00e1 investimentos para a Europa. A AMELIE procura ent\u00e3o promover as posi\u00e7\u00f5es competitivas das empresas europeias enquanto fornecedoras de tecnologias facilitadoras inovadoras para a medicina regenerativa. Isto refor\u00e7ar\u00e1 o potencial de explora\u00e7\u00e3o da AMELIE.<\/span><\/p>\n[\/et_pb_blurb][et_pb_blurb title=&#8221;New therapies for major human diseases and conditions, and new approaches for therapy taken further in the development pipeline&#8221; url=&#8221;#&#8221; icon_placement=&#8221;left&#8221; image_max_width=&#8221;64px&#8221; content_max_width=&#8221;1400px&#8221; admin_label=&#8221;Chapter&#8221; _builder_version=&#8221;4.6.3&#8243; header_font=&#8221;Gotham kinda bold||||||||&#8221; header_text_color=&#8221;#000000&#8243; header_line_height=&#8221;1.5em&#8221; body_font=&#8221;Gotham kinda bold||||||||&#8221; body_text_color=&#8221;#000000&#8243; body_font_size=&#8221;16px&#8221; body_line_height=&#8221;1.9em&#8221; background_color=&#8221;#ffffff&#8221; custom_margin=&#8221;|||&#8221; custom_padding=&#8221;30px|40px|30px|40px&#8221; animation_style=&#8221;zoom&#8221; animation_direction=&#8221;bottom&#8221; animation_intensity_zoom=&#8221;20%&#8221; animation_starting_opacity=&#8221;100%&#8221; box_shadow_style=&#8221;preset2&#8243; box_shadow_horizontal=&#8221;0px&#8221; box_shadow_vertical=&#8221;0px&#8221; box_shadow_blur=&#8221;60px&#8221; box_shadow_color=&#8221;rgba(10,3,3,0.06)&#8221; locked=&#8221;off&#8221;]<p><span style=\"font-weight: 400;\">A AMELIE abre caminho a tratamentos inovadores id\u00eanticos ou semelhantes utilizando combina\u00e7\u00f5es de c\u00e9lulas-microtransportadoras ASMDC para uma variedade de outras condi\u00e7\u00f5es cl\u00ednicas associadas \u00e0 perda de fun\u00e7\u00e3o do m\u00fasculo esquel\u00e9tico, como a incontin\u00eancia urin\u00e1ria, as distrofias musculares e a perda volum\u00e9trica do m\u00fasculo associada a les\u00f5es traum\u00e1ticas.\u00a0<\/span><\/p>\n<p><span style=\"font-weight: 400;\">O mesmo racioc\u00ednio cient\u00edfico e a nova abordagem desenvolvida no AMELIE s\u00e3o igualmente aplic\u00e1veis a outros tipos de c\u00e9lulas dependentes de ancoragem investigados como novos tratamentos de medicina regenerativa. Os novos produtos compostos por estas c\u00e9lulas dependentes de ancoragem destinam-se a tratar algumas das doen\u00e7as mais debilitantes que afectam os tecidos muscular, \u00f3sseo, cartilaginoso, ocular, card\u00edaco\/cardiovascular, gastrointestinal\/f\u00edgado, renal, imunit\u00e1rio e respirat\u00f3rio. A ado\u00e7\u00e3o da tecnologia de microcarreadores TIPS implant\u00e1veis poder\u00e1 ter um impacto significativo nos seus resultados.<\/span><\/p>\n<p><span style=\"font-weight: 400;\">Entretanto, o processo de fabrico em escala para micropart\u00edculas TIPS desenvolvido pode ser aplicado a outras utiliza\u00e7\u00f5es da tecnologia de micropart\u00edculas que est\u00e3o atualmente a ser investigadas na linha de desenvolvimento. <\/span><\/p>[\/et_pb_blurb][\/et_pb_column][\/et_pb_row][\/et_pb_section][et_pb_section fb_built=&#8221;1&#8243; _builder_version=&#8221;4.6.3&#8243; _module_preset=&#8221;default&#8221;][\/et_pb_section]","protected":false},"excerpt":{"rendered":"<p><div class=\"et_pb_module dsm_block_reveal_text dsm_block_reveal_text_0\">\n\t\t\t\t\n\t\t\t\t\n\t\t\t\t\n\t\t\t\t\n\t\t\t\t\n\t\t\t\t\n\t\t\t\t<div class=\"et_pb_module_inner\">\n\t\t\t\t\t<div class=\"dsm_block_reveal_text_wrapper\" data-dsm-block-reveal-animation=\"lr\" data-dsm-block-reveal-color=\"#0e94f9\" data-dsm-block-reveal-delay=\"0\" data-dsm-block-reveal-viewport=\"80%\"><h1 class=\"dsm_block_reveal_text_header et_pb_module_header\">BENEF\u00cdCIOS<\/h1><\/div>\n\t\t\t\t<\/div>\n\t\t\t<\/div><div class=\"et_pb_module dsm_block_reveal_text dsm_block_reveal_text_1\">\n\t\t\t\t\n\t\t\t\t\n\t\t\t\t\n\t\t\t\t\n\t\t\t\t\n\t\t\t\t\n\t\t\t\t<div class=\"et_pb_module_inner\">\n\t\t\t\t\t<div class=\"dsm_block_reveal_text_wrapper\" data-dsm-block-reveal-animation=\"lr\" data-dsm-block-reveal-color=\"#0e94f9\" data-dsm-block-reveal-delay=\"0.1\" data-dsm-block-reveal-viewport=\"80%\"><h2 class=\"dsm_block_reveal_text_header et_pb_module_header\">DE AMELIE<\/h2><\/div>\n\t\t\t\t<\/div>\n\t\t\t<\/div><div class=\"et_pb_module dsm_tilt_image dsm_tilt_image_0\">\n\t\t\t\t\n\t\t\t\t\n\t\t\t\t\n\t\t\t\t\n\t\t\t\t\n\t\t\t\t\n\t\t\t\t<div class=\"et_pb_module_inner\">\n\t\t\t\t\t<div class=\"dsm-tilt-image-wrapper\" data-tilt data-tilt-max=\"15\" data-tilt-speed=\"300\" data-tilt-perspective=\"1000\" data-tilt-scale=\"1.1\" data-tilt-mobile-disable=\"on\" data-tilt-glare data-tilt-max-glare=\"0.5\" data-tilt-reverse=\"false\">\n\t\t\t\t\n\t\t\t\t\n\t\t\t\t<span class=\"et_pb_image_wrap\"><img decoding=\"async\" src=\"https:\/\/amelie-project.eu\/wp-content\/uploads\/2020\/09\/science1shadow-4.png\" alt=\"\" title=\"science1shadow\" \/><\/span>\n\t\t\t<\/div>\n\t\t\t\t<\/div>\n\t\t\t<\/div>Identifica\u00e7\u00e3o de potenciais novas terapias regenerativas para responder a necessidades cl\u00ednicas n\u00e3o satisfeitas de grandes grupos de doentes.<div class=\"et_pb_module dsm_tilt_image dsm_tilt_image_1\">\n\t\t\t\t\n\t\t\t\t\n\t\t\t\t\n\t\t\t\t\n\t\t\t\t\n\t\t\t\t\n\t\t\t\t<div class=\"et_pb_module_inner\">\n\t\t\t\t\t<div class=\"dsm-tilt-image-wrapper\" data-tilt data-tilt-max=\"15\" data-tilt-speed=\"300\" data-tilt-perspective=\"1000\" data-tilt-scale=\"1.1\" data-tilt-mobile-disable=\"on\" data-tilt-glare data-tilt-max-glare=\"0.5\" data-tilt-reverse=\"false\">\n\t\t\t\t\n\t\t\t\t\n\t\t\t\t<span class=\"et_pb_image_wrap\"><img decoding=\"async\" src=\"https:\/\/amelie-project.eu\/wp-content\/uploads\/2020\/09\/science2shadow.png\" alt=\"\" title=\"science2shadow\" \/><\/span>\n\t\t\t<\/div>\n\t\t\t\t<\/div>\n\t\t\t<\/div>A posi\u00e7\u00e3o da Europa no dom\u00ednio da medicina regenerativa translacional foi refor\u00e7ada.<div class=\"et_pb_module dsm_tilt_image dsm_tilt_image_2\">\n\t\t\t\t\n\t\t\t\t\n\t\t\t\t\n\t\t\t\t\n\t\t\t\t\n\t\t\t\t\n\t\t\t\t<div class=\"et_pb_module_inner\">\n\t\t\t\t\t<div class=\"dsm-tilt-image-wrapper\" data-tilt data-tilt-max=\"15\" data-tilt-speed=\"300\" data-tilt-perspective=\"1000\" data-tilt-scale=\"1.1\" data-tilt-mobile-disable=\"on\" data-tilt-glare data-tilt-max-glare=\"0.5\" data-tilt-reverse=\"false\">\n\t\t\t\t\n\t\t\t\t\n\t\t\t\t<span class=\"et_pb_image_wrap\"><img decoding=\"async\" src=\"https:\/\/amelie-project.eu\/wp-content\/uploads\/2020\/09\/science3shadow-2.png\" alt=\"\" title=\"ci\u00eancia3sombra\" \/><\/span>\n\t\t\t<\/div>\n\t\t\t\t<\/div>\n\t\t\t<\/div>New therapies for major human diseases and conditions, and new approaches for therapy taken further in the development pipeline.FI is a common condition affecting ~9% European adults. This figure is underestimated as ~70% of patients with FI do not consult a healthcare provider about their condition. Only a proportion of those that do will seek further treatment, but ~50% will not be suited to current options. AMELIE\u2019s approach has numerous advantages over other surgical interventions, which risk infection, pain and lead defect\/dislocation, which can result in permanent stoma. The effect of improved continence following treatment will have impact beyond those immediately suffering the condition, such as carers and those on nursing home waiting lists.\u00a0 If effective, treatment with the implantable cell-microcarrier technology will [&hellip;]<\/p>","protected":false},"author":1,"featured_media":0,"parent":0,"menu_order":0,"comment_status":"closed","ping_status":"closed","template":"","meta":{"_et_pb_use_builder":"on","_et_pb_old_content":"","_et_gb_content_width":"","_coblocks_attr":"","_coblocks_dimensions":"","_coblocks_responsive_height":"","_coblocks_accordion_ie_support":"","footnotes":"","_links_to":"","_links_to_target":""},"class_list":["post-28371","page","type-page","status-publish","hentry"],"_links":{"self":[{"href":"https:\/\/amelie-project.eu\/pt\/wp-json\/wp\/v2\/pages\/28371","targetHints":{"allow":["GET"]}}],"collection":[{"href":"https:\/\/amelie-project.eu\/pt\/wp-json\/wp\/v2\/pages"}],"about":[{"href":"https:\/\/amelie-project.eu\/pt\/wp-json\/wp\/v2\/types\/page"}],"author":[{"embeddable":true,"href":"https:\/\/amelie-project.eu\/pt\/wp-json\/wp\/v2\/users\/1"}],"replies":[{"embeddable":true,"href":"https:\/\/amelie-project.eu\/pt\/wp-json\/wp\/v2\/comments?post=28371"}],"version-history":[{"count":53,"href":"https:\/\/amelie-project.eu\/pt\/wp-json\/wp\/v2\/pages\/28371\/revisions"}],"predecessor-version":[{"id":31152,"href":"https:\/\/amelie-project.eu\/pt\/wp-json\/wp\/v2\/pages\/28371\/revisions\/31152"}],"wp:attachment":[{"href":"https:\/\/amelie-project.eu\/pt\/wp-json\/wp\/v2\/media?parent=28371"}],"curies":[{"name":"wp","href":"https:\/\/api.w.org\/{rel}","templated":true}]}}