{"id":31276,"date":"2021-08-21T13:46:52","date_gmt":"2021-08-21T13:46:52","guid":{"rendered":"https:\/\/amelie-project.eu\/?page_id=31276"},"modified":"2021-08-25T14:54:05","modified_gmt":"2021-08-25T14:54:05","slug":"informativa-sulla-privacy","status":"publish","type":"page","link":"https:\/\/amelie-project.eu\/it\/informativa-sulla-privacy\/","title":{"rendered":"Informativa sulla privacy"},"content":{"rendered":"<p>[et_pb_section fb_built=&#8221;1&#8243; custom_padding_last_edited=&#8221;on|phone&#8221; disabled_on=&#8221;off|off|off&#8221; admin_label=&#8221;Hero section&#8221; _builder_version=&#8221;4.6.3&#8243; background_image=&#8221;https:\/\/amelie-project.eu\/wp-content\/uploads\/2020\/09\/shutterstock_1438674518-Converted-1-1.png&#8221; background_position=&#8221;center_left&#8221; custom_margin=&#8221;|||&#8221; custom_padding=&#8221;7%||7%||true|false&#8221; custom_padding_tablet=&#8221;15%||15%||true|false&#8221; custom_padding_phone=&#8221;&#8221;][et_pb_row use_custom_gutter=&#8221;on&#8221; gutter_width=&#8221;1&#8243; custom_padding_last_edited=&#8221;on|desktop&#8221; _builder_version=&#8221;4.6.3&#8243; _module_preset=&#8221;default&#8221; width=&#8221;100%&#8221; module_alignment=&#8221;left&#8221; custom_padding=&#8221;|||4%|false|false&#8221; custom_padding_tablet=&#8221;|||6%|false|false&#8221; custom_padding_phone=&#8221;|||7%|false|false&#8221;][et_pb_column type=&#8221;4_4&#8243; _builder_version=&#8221;4.6.3&#8243; _module_preset=&#8221;default&#8221;][dsm_block_reveal_text block_reveal_text=&#8221;PRIVACY&#8221; heading_html_tag=&#8221;h1&#8243; block_reveal_color=&#8221;#0e94f9&#8243; block_reveal_delay=&#8221;0&#8243; _builder_version=&#8221;4.6.3&#8243; _module_preset=&#8221;default&#8221; header_font=&#8221;AMELIE||||||||&#8221; header_text_color=&#8221;#0e94f9&#8243; header_font_size=&#8221;4vw&#8221; custom_padding=&#8221;||||false|false&#8221; custom_padding_tablet=&#8221;||||false|false&#8221; custom_padding_phone=&#8221;||||false|false&#8221; custom_padding_last_edited=&#8221;on|tablet&#8221; header_font_size_tablet=&#8221;8.5vw&#8221; header_font_size_phone=&#8221;9vw&#8221; header_font_size_last_edited=&#8221;on|desktop&#8221;][\/dsm_block_reveal_text][dsm_block_reveal_text block_reveal_text=&#8221;POLICY&#8221; heading_html_tag=&#8221;h1&#8243; block_reveal_color=&#8221;#0e94f9&#8243; _builder_version=&#8221;4.6.3&#8243; _module_preset=&#8221;default&#8221; header_font=&#8221;AMELIE||||||||&#8221; header_text_color=&#8221;#0e94f9&#8243; header_font_size=&#8221;3.1vw&#8221; custom_padding=&#8221;||||false|false&#8221; custom_padding_tablet=&#8221;||||false|false&#8221; custom_padding_phone=&#8221;||||false|false&#8221; custom_padding_last_edited=&#8221;on|phone&#8221; header_font_size_tablet=&#8221;5.3vw&#8221; header_font_size_phone=&#8221;5.5vw&#8221; header_font_size_last_edited=&#8221;on|desktop&#8221;][\/dsm_block_reveal_text][\/et_pb_column][\/et_pb_row][\/et_pb_section][et_pb_section fb_built=&#8221;1&#8243; _builder_version=&#8221;4.6.3&#8243; background_color=&#8221;#ffffff&#8221; background_position=&#8221;top_center&#8221; custom_margin=&#8221;|||&#8221; custom_padding=&#8221;100px||50px|||&#8221; hover_enabled=&#8221;0&#8243; sticky_enabled=&#8221;0&#8243;][et_pb_row _builder_version=&#8221;3.25&#8243; custom_margin=&#8221;|||&#8221; custom_padding=&#8221;||26px|||&#8221; locked=&#8221;off&#8221;][et_pb_column type=&#8221;4_4&#8243; _builder_version=&#8221;3.25&#8243; custom_padding=&#8221;|||&#8221; custom_padding__hover=&#8221;|||&#8221;][et_pb_text _builder_version=&#8221;4.6.3&#8243; text_font=&#8221;Gotham kinda bold||||||||&#8221; text_text_color=&#8221;#898f99&#8243; text_line_height=&#8221;2em&#8221; header_font=&#8221;||||||||&#8221; header_2_font=&#8221;Gotham||||on||||solid&#8221; header_2_text_color=&#8221;#6e7889&#8243; header_2_line_height=&#8221;1.4em&#8221; header_3_font=&#8221;Gotham||||||||&#8221; header_3_text_align=&#8221;center&#8221; header_3_text_color=&#8221;#6e7889&#8243; header_3_font_size=&#8221;20px&#8221; header_3_line_height=&#8221;1.4em&#8221; header_4_text_color=&#8221;#000000&#8243; text_orientation=&#8221;center&#8221; width=&#8221;100%&#8221; module_alignment=&#8221;center&#8221; locked=&#8221;off&#8221;]<\/p>\n<h3><strong>Introduzione<\/strong><\/h3>\n<p>Bowel Research UK (\u201cnoi\u201d o \u201cnostro\u201d) rispetta la vostra privacy e si impegna a proteggere i vostri dati personali. Il presente documento informativo illustra le modalit\u00e0 di raccolta, archiviazione, utilizzo e divulgazione dei vostri dati personali quando interagite con noi. Vi invitiamo a leggere attentamente quanto segue per capire come trattiamo i vostri dati personali.<\/p>\n<p>&nbsp;<\/p>\n<h3><strong>Chi siamo<\/strong><\/h3>\n<p>Bowel Research UK \u00e8 il responsabile designato della Disseminazione e della Comunicazione delle attivit\u00e0 di ricerca del progetto denominato <strong><u>A<\/u><\/strong><u>nchored <strong>M<\/strong>uscle c<strong>EL<\/strong>ls per <strong>I<\/strong>ncontinua<strong>E<\/strong><\/u><strong> (AMELIE), <\/strong><u>finanziato dal programma H2020 dell'Unione Europea.<\/u><\/p>\n<p><u>\u00a0<\/u><\/p>\n<p>AMELIE \u00e8 un progetto di ricerca collaborativa quinquennale finanziato dal Programma quadro dell'Unione europea (Horizon 2020). Prevede la collaborazione di 13 organizzazioni di nove Paesi per sviluppare e portare avanti la ricerca. Il progetto \u00e8 coordinato dall'UCL e guidato da Richard Day, professore di tecnologia della medicina rigenerativa all'UCL.<\/p>\n<p>Bowel Research UK, il principale ente di beneficenza specializzato nella ricerca sul cancro all'intestino, \u00e8 l'entit\u00e0 che determina come e perch\u00e9 vengono elaborati i vostri dati personali. Ci\u00f2 significa che Bowel Research UK \u00e8 il \u2018responsabile del trattamento\u2019 dei vostri dati personali ai fini della legge sulla protezione dei dati.<\/p>\n<p>&nbsp;<\/p>\n<h3><strong>Che cosa copre la presente Informativa sulla privacy?<\/strong><\/h3>\n<p>L'Informativa sulla privacy riguarda il trattamento dei vostri dati personali che raccogliamo quando accedete o utilizzate i nostri siti web o servizi (ad esempio quando vi registrate ai nostri eventi) o quando ci contattate. Conserviamo i dati che possono identificare l'utente come persona fisica (\u201cDati personali\u201d), come spiegato pi\u00f9 dettagliatamente di seguito.<\/p>\n<p><strong>\u00a0<\/strong><\/p>\n<h3><strong>Informazioni fornite dall'utente<\/strong><strong>\u00a0<\/strong><\/h3>\n<p>Possiamo memorizzare i Dati Personali che scegliete di inviarci o di fornirci, ad esempio quando utilizzate il modulo \u201cContatti\u201d sul sito web del nostro progetto (<a href=\"https:\/\/amelie-project.eu\/it\/\">www.amelie-project.eu<\/a>), o quando vi registrate per partecipare ai nostri eventi.<\/p>\n<p>Se ci contattate attraverso il modulo \u201cContatti\u201d sul nostro sito web, possiamo conservare una registrazione della nostra corrispondenza.<\/p>\n<p>&nbsp;<\/p>\n<h3><strong>Informazioni fornite dall'utente quando utilizza i nostri servizi<\/strong><strong>\u00a0<\/strong><\/h3>\n<p>Riceviamo e memorizziamo solo i dati che ci fornite direttamente. I tipi di dati che possiamo raccogliere direttamente da voi includono: nomi, indirizzi e-mail, numeri di telefono, titoli di lavoro, organizzazione affiliata, paese, nonch\u00e9 qualsiasi altro dato da voi fornito.<\/p>\n<p>&nbsp;<\/p>\n<h3><strong>Informazioni raccolte automaticamente<\/strong><\/h3>\n<p>Utilizziamo i cookie e altre tecnologie per garantire a tutti coloro che utilizzano il nostro sito web la migliore esperienza possibile.<\/p>\n<p>Un cookie \u00e8 un piccolo file di dati che viene inserito nel vostro computer o in un altro dispositivo per consentire alla piattaforma di riconoscervi come utenti quando tornate a utilizzare lo stesso dispositivo e lo stesso browser web, sia per la durata della vostra visita (utilizzando un \u2018cookie di sessione\u2019) sia per visite ripetute (un \u2018cookie persistente\u2019). Quando visitate <a href=\"https:\/\/amelie-project.eu\/it\/\">www.amelie-project.eu<\/a>, raccogliamo alcuni dati relativi al dispositivo dell'utente, come l'indirizzo IP del dispositivo, il sito web di riferimento, le pagine visitate dal dispositivo e l'ora in cui il dispositivo ha visitato il nostro sito web.<\/p>\n<p>Non utilizzeremo i cookie per raccogliere informazioni personali sull'utente. Tuttavia, se desiderate limitare o bloccare i cookie impostati da questa piattaforma, potete farlo attraverso le impostazioni del vostro browser, oppure potete anche scegliere di installare il componente aggiuntivo del browser \u2018Google Analytics\u2019 per l'opt-out, ma ricordate che limitare i cookie potrebbe significare che non sarete in grado di sfruttare appieno tutte le funzionalit\u00e0 disponibili sulle nostre pagine.<\/p>\n<p>&nbsp;<\/p>\n<h3><strong>Come utilizziamo i dati?<\/strong><\/h3>\n<p>Utilizziamo i dati raccolti:<\/p>\n<ul>\n<li>Per amministrare il nostro sito web, i nostri eventi e per le operazioni interne, tra cui la risoluzione dei problemi, l'analisi dei dati, i test, i sondaggi e le statistiche<\/li>\n<li>Migliorare il nostro sito web per garantire che il contenuto sia presentato nel modo pi\u00f9 efficace per l'utente e per il suo computer.<\/li>\n<li>Come parte dei nostri sforzi per mantenere il nostro sito web sicuro e protetto<\/li>\n<\/ul>\n<p>Possiamo utilizzare i dati che ci inviate tramite il nostro sito web e\/o i nostri servizi per comunicare con voi via e-mail e, eventualmente, con altri mezzi, in merito a eventi, pubblicazioni, blog e newsletter che riteniamo possano essere di vostro interesse. Tuttavia, l'utente avr\u00e0 sempre la possibilit\u00e0 di rinunciare a tali comunicazioni in qualsiasi momento (vedere la sezione \u201cI vostri diritti in materia di privacy\u201d di seguito).<\/p>\n<p>&nbsp;<\/p>\n<h3><strong>Condividiamo e divulghiamo i dati a terzi?<\/strong><\/h3>\n<p>Potremmo condividere i vostri dati personali con i beneficiari di AMELIE per il buon svolgimento delle attivit\u00e0 del progetto, ad esempio per invitarvi agli eventi del progetto.<span style=\"font-size: 18px;\">\u00a0<\/span><\/p>\n<p>Non vendiamo i vostri dati personali a nessuno e non li condividiamo con altre organizzazioni oltre ai beneficiari di AMELIE.<\/p>\n<p>Tuttavia, potrebbero esserci circostanze in cui potremmo essere costretti a condividere le vostre informazioni:<span style=\"font-size: 18px;\">\u00a0<\/span><\/p>\n<ul>\n<li>Protezione dei partner del progetto e di altri: ci riserviamo il diritto di accedere, leggere, conservare e divulgare qualsiasi dato se necessario per ottemperare alla legge o a un ordine del tribunale; far rispettare o applicare i nostri accordi con l'utente e altri accordi, o proteggere i diritti, la propriet\u00e0 o la sicurezza dei partner del progetto, dei loro dipendenti, dei nostri utenti o di altri.<\/li>\n<li>Divulgazione per motivi di sicurezza nazionale o applicazione della legge: in determinate circostanze, potremmo essere tenuti a divulgare i vostri Dati personali in risposta a richieste valide da parte delle autorit\u00e0 pubbliche, anche per soddisfare requisiti di sicurezza nazionale o applicazione della legge.<\/li>\n<\/ul>\n<p>&nbsp;<\/p>\n<h3><strong>I dati personali che vi riguardano sono sicuri?<\/strong><\/h3>\n<p>Utilizziamo misure di sicurezza tecniche, organizzative e amministrative adeguate per\u00a0<span style=\"font-size: 18px;\">proteggere le informazioni in nostro possesso da perdite, abusi e non autorizzazioni\u00a0<\/span><span style=\"font-size: 18px;\">accesso, divulgazione, alterazione e distruzione. Purtroppo, nessuna azienda o servizio\u00a0<\/span><span style=\"font-size: 18px;\">pu\u00f2 garantire la completa sicurezza, l'ingresso o l'utilizzo non autorizzato, l'hardware o il software\u00a0<\/span><span style=\"font-size: 18px;\">e altri fattori possono compromettere la sicurezza dei dati degli utenti in qualsiasi momento.<\/span><\/p>\n<p>&nbsp;<\/p>\n<h3><strong>Cosa succeder\u00e0 ai vostri dati personali quando non saranno pi\u00f9 necessari per AMELIE?<\/strong><\/h3>\n<p>Conserveremo i vostri dati personali solo finch\u00e9 saranno necessari per gli scopi del progetto AMELIE. Li cancelleremo quando i dati personali non saranno pi\u00f9 necessari in relazione agli scopi per i quali sono stati raccolti o altrimenti trattati. In ogni caso, tutti i dati personali saranno cancellati entro due anni dalla fine del progetto.<\/p>\n<p><strong>\u00a0<\/strong><\/p>\n<h2><strong>I vostri diritti alla privacy<\/strong><\/h2>\n<p><strong><u>\u00a0<\/u><\/strong><\/p>\n<h3><strong>Quali scelte avete?<\/strong><strong>\u00a0<\/strong><\/h3>\n<p>Potete sempre scegliere di non fornirci informazioni, ma tenete presente che alcuni dati potrebbero essere necessari per registrarvi o per usufruire di alcuni dei nostri servizi.<\/p>\n<p><span style=\"font-size: 18px;\">\u00c8 possibile presentare un reclamo all'Autorit\u00e0 per la protezione dei dati (DPA) se si ritiene che\u00a0<\/span><span style=\"font-size: 18px;\">i vostri diritti di protezione dei dati sono stati violati. Potete individuare il vostro DPA all'indirizzo <\/span><a href=\"http:\/\/www.edpb.europa.eu\/about-edpb\/board\/members_en\" style=\"font-size: 18px;\">www.edpb.europa.eu\/about-edpb\/board\/members_en<\/a><span style=\"font-size: 18px;\">.<\/span><\/p>\n<p>&nbsp;<\/p>\n<h3><strong>Comunicazioni via e-mail<\/strong><strong>\u00a0<\/strong><\/h3>\n<p>L'utente pu\u00f2 rinunciare a ricevere comunicazioni da parte nostra in qualsiasi momento, utilizzando il link di annullamento dell'iscrizione nelle comunicazioni e-mail che inviamo, oppure contattandoci all'indirizzo <a href=\"mailto:hannah@bowelresearchuk.org\">hannah@bowelresearchuk.org<\/a><\/p>\n<p>&nbsp;<\/p>\n<h3><strong>Come si pu\u00f2 accedere e aggiornare le proprie informazioni?<\/strong><\/h3>\n<p>Forniamo alle persone l'opportunit\u00e0 di accedere, rivedere, aggiornare e cancellare i dati personali in nostro possesso. \u00c8 possibile inviare un'e-mail a <a href=\"mailto:hannah@bowelresearchuk.org\">hannah@bowelresearchuk.org<\/a> per questo scopo. Se ci chiedete di cancellare i vostri dati, lo faremo. Si prega di notare che potremmo essere tenuti a conservare e utilizzare i vostri dati se necessario, per adempiere a obblighi legali o per risolvere controversie.<\/p>\n<p>&nbsp;<\/p>\n<h3><strong>Siti web collegati<\/strong><\/h3>\n<p>Per comodit\u00e0 dell'utente, sul sito web possono essere pubblicati collegamenti ipertestuali che rimandano ad altri siti.\u00a0<span style=\"font-size: 18px;\">siti web (i \u201cSiti collegati\u201d). Non siamo responsabili e la presente Informativa sulla privacy non si applica alle pratiche in materia di privacy dei siti collegati o delle societ\u00e0 che non possediamo o controlliamo. I siti collegati possono raccogliere dati in aggiunta a quelli che raccogliamo sul sito web. Non approviamo nessuno di questi Siti collegati, i servizi o i prodotti descritti o offerti su tali Siti collegati, n\u00e9 alcuno dei contenuti presenti nei Siti collegati. Vi invitiamo a cercare e leggere l'informativa sulla privacy di ciascun sito collegato che visitate per capire come vengono utilizzati e protetti i dati raccolti su di voi.<\/span><\/p>\n<p>&nbsp;<\/p>\n<h3><strong>I bambini<\/strong><\/h3>\n<p>Non raccogliamo o richiediamo consapevolmente Dati personali a persone di et\u00e0 inferiore ai 16 anni. Se l'utente ha meno di 16 anni, \u00e8 pregato di non tentare di registrarsi o di inviarci i propri Dati personali. Se veniamo a conoscenza della raccolta di Dati personali da parte di un minore di 16 anni, provvederemo a cancellare tali dati.<\/p>\n<p>&nbsp;<\/p>\n<h3><strong>AMELIE modificher\u00e0 la presente Informativa sulla privacy?<\/strong><strong>\u00a0<\/strong><\/h3>\n<p>Miglioriamo costantemente il nostro sito web e i nostri servizi, per cui potrebbe essere necessario cambiare\u00a0<span style=\"font-size: 18px;\">questa Informativa sulla privacy di tanto in tanto. Vi avviseremo delle modifiche sostanziali inserendo\u00a0<\/span><span style=\"font-size: 18px;\">un avviso sul nostro sito web e\/o inviandovi un'e-mail (se avete registrato la vostra\u00a0<\/span><span style=\"font-size: 18px;\">dati di posta elettronica con noi) quando siamo tenuti a farlo in base alle leggi vigenti. Potete vedere\u00a0<\/span><span style=\"font-size: 18px;\">quando la presente Informativa sulla privacy \u00e8 stata aggiornata per l'ultima volta controllando la data in calce a questo documento.\u00a0<\/span><span style=\"font-size: 18px;\">pagina.<\/span><\/p>\n<p>&nbsp;<\/p>\n<h3><strong>In caso di domande su questa politica<\/strong><strong>\u00a0<\/strong><\/h3>\n<p>In caso di domande o dubbi relativi alle nostre politiche sulla privacy, si prega di inviarci\u00a0<span style=\"font-size: 18px;\">un messaggio dettagliato a <\/span><a href=\"mailto:hannah@bowelresearchuk.org\" style=\"font-size: 18px;\">hannah@bowelresearchuk.org<\/a><span style=\"font-size: 18px;\">, e faremo del nostro meglio per rispondere alle vostre preoccupazioni.<\/span><\/p>\n<p>&nbsp;<\/p>\n<h3><strong>Riutilizzare le informazioni<\/strong><\/h3>\n<p>Non utilizzeremo il vostro indirizzo e-mail per altre liste di e-mail.<span style=\"font-size: 18px;\">\u00a0<\/span><\/p>\n<p>Se ci\u00f2 si rendesse necessario, vi contatteremo per chiedervi il consenso ad aggiungere il vostro indirizzo e-mail a una nuova lista prima di farlo.<\/p>\n<p><strong>\u00a0<\/strong><\/p>\n<p><em>Ultimo aggiornamento: 19 agosto 2021<\/em><\/p>\n<p>[\/et_pb_text][\/et_pb_column][\/et_pb_row][\/et_pb_section][et_pb_section fb_built=&#8221;1&#8243; _builder_version=&#8221;4.6.3&#8243; _module_preset=&#8221;default&#8221;][\/et_pb_section]<\/p>","protected":false},"excerpt":{"rendered":"<p><div class=\"et_pb_module dsm_block_reveal_text dsm_block_reveal_text_0\">\n\t\t\t\t\n\t\t\t\t\n\t\t\t\t\n\t\t\t\t\n\t\t\t\t\n\t\t\t\t\n\t\t\t\t<div class=\"et_pb_module_inner\">\n\t\t\t\t\t<div class=\"dsm_block_reveal_text_wrapper\" data-dsm-block-reveal-animation=\"lr\" data-dsm-block-reveal-color=\"#0e94f9\" data-dsm-block-reveal-delay=\"0\" data-dsm-block-reveal-viewport=\"80%\"><h1 class=\"dsm_block_reveal_text_header et_pb_module_header\">PRIVACY<\/h1><\/div>\n\t\t\t\t<\/div>\n\t\t\t<\/div><div class=\"et_pb_module dsm_block_reveal_text dsm_block_reveal_text_1\">\n\t\t\t\t\n\t\t\t\t\n\t\t\t\t\n\t\t\t\t\n\t\t\t\t\n\t\t\t\t\n\t\t\t\t<div class=\"et_pb_module_inner\">\n\t\t\t\t\t<div class=\"dsm_block_reveal_text_wrapper\" data-dsm-block-reveal-animation=\"lr\" data-dsm-block-reveal-color=\"#0e94f9\" data-dsm-block-reveal-delay=\"0.1\" data-dsm-block-reveal-viewport=\"80%\"><h1 class=\"dsm_block_reveal_text_header et_pb_module_header\">POLITICA<\/h1><\/div>\n\t\t\t\t<\/div>\n\t\t\t<\/div>Introduction Bowel Research UK (\u201cwe\u201d \u201cus\u201d, or \u201cour\u201d) respects your privacy and is committed to protecting your personal data. This policy document tells you how we collect, store, use and disclose your personal data when you interact with us. Please read the following carefully to understand how we process your personal data. &nbsp; About Us Bowel Research UK is the designated lead of the Dissemination and Communication of research activities of the project called Anchored Muscle cELls for IncontinencE (AMELIE), funded by the European Union H2020 programme. \u00a0 AMELIE is a 5-year collaborative research project funded by the European Union Framework Programme (Horizon 2020). It involves the collaboration of 13 organisations across nine countries to develop and carry out research. The project is co-ordinated by UCL and led by Richard Day, Professor of Regenerative Medicine Technology at UCL. Bowel Research UK, the UK\u2019s leading specialist bowel cancer and bowel cancer research charity, is the entity that determines how and why your personal data is processed. This means that Bowel [&hellip;]<\/p>","protected":false},"author":1,"featured_media":0,"parent":0,"menu_order":0,"comment_status":"closed","ping_status":"closed","template":"","meta":{"_et_pb_use_builder":"on","_et_pb_old_content":"","_et_gb_content_width":"","_coblocks_attr":"","_coblocks_dimensions":"","_coblocks_responsive_height":"","_coblocks_accordion_ie_support":"","footnotes":"","_links_to":"","_links_to_target":""},"class_list":["post-31276","page","type-page","status-publish","hentry"],"_links":{"self":[{"href":"https:\/\/amelie-project.eu\/it\/wp-json\/wp\/v2\/pages\/31276","targetHints":{"allow":["GET"]}}],"collection":[{"href":"https:\/\/amelie-project.eu\/it\/wp-json\/wp\/v2\/pages"}],"about":[{"href":"https:\/\/amelie-project.eu\/it\/wp-json\/wp\/v2\/types\/page"}],"author":[{"embeddable":true,"href":"https:\/\/amelie-project.eu\/it\/wp-json\/wp\/v2\/users\/1"}],"replies":[{"embeddable":true,"href":"https:\/\/amelie-project.eu\/it\/wp-json\/wp\/v2\/comments?post=31276"}],"version-history":[{"count":3,"href":"https:\/\/amelie-project.eu\/it\/wp-json\/wp\/v2\/pages\/31276\/revisions"}],"predecessor-version":[{"id":31288,"href":"https:\/\/amelie-project.eu\/it\/wp-json\/wp\/v2\/pages\/31276\/revisions\/31288"}],"wp:attachment":[{"href":"https:\/\/amelie-project.eu\/it\/wp-json\/wp\/v2\/media?parent=31276"}],"curies":[{"name":"wp","href":"https:\/\/api.w.org\/{rel}","templated":true}]}}