{"id":30450,"date":"2020-12-16T16:08:01","date_gmt":"2020-12-16T16:08:01","guid":{"rendered":"https:\/\/amelie-project.eu\/?page_id=30450"},"modified":"2024-02-04T14:23:06","modified_gmt":"2024-02-04T14:23:06","slug":"la-nostra-ricerca","status":"publish","type":"page","link":"https:\/\/amelie-project.eu\/it\/la-nostra-ricerca\/","title":{"rendered":"La nostra ricerca"},"content":{"rendered":"[et_pb_section fb_built=&#8221;1&#8243; custom_padding_last_edited=&#8221;on|phone&#8221; disabled_on=&#8221;off|off|off&#8221; admin_label=&#8221;Hero section&#8221; _builder_version=&#8221;4.6.3&#8243; background_image=&#8221;https:\/\/amelie-project.eu\/wp-content\/uploads\/2020\/10\/AMELIEHEADERBACKGOUND-01-scaled.jpg&#8221; background_position=&#8221;center_left&#8221; custom_margin=&#8221;|||&#8221; custom_padding=&#8221;7%||7%||true|false&#8221; custom_padding_tablet=&#8221;15%||15%||true|false&#8221; custom_padding_phone=&#8221;&#8221;][et_pb_row use_custom_gutter=&#8221;on&#8221; gutter_width=&#8221;1&#8243; custom_padding_last_edited=&#8221;on|phone&#8221; _builder_version=&#8221;4.6.3&#8243; _module_preset=&#8221;default&#8221; width=&#8221;100%&#8221; module_alignment=&#8221;left&#8221; custom_padding=&#8221;|||4%|false|false&#8221; custom_padding_tablet=&#8221;|||5%|false|false&#8221; custom_padding_phone=&#8221;|||5.5%|false|false&#8221;][et_pb_column type=&#8221;4_4&#8243; _builder_version=&#8221;4.6.3&#8243; _module_preset=&#8221;default&#8221;][dsm_block_reveal_text block_reveal_text=&#8221;OUR RESEARCH&#8221; heading_html_tag=&#8221;h1&#8243; block_reveal_color=&#8221;#0e94f9&#8243; block_reveal_delay=&#8221;0&#8243; _builder_version=&#8221;4.6.3&#8243; _module_preset=&#8221;default&#8221; header_font=&#8221;AMELIE||||||||&#8221; header_text_color=&#8221;#0e94f9&#8243; header_font_size=&#8221;3vw&#8221; custom_padding=&#8221;||||false|false&#8221; custom_padding_tablet=&#8221;||||false|false&#8221; custom_padding_phone=&#8221;||||false|false&#8221; custom_padding_last_edited=&#8221;on|phone&#8221; header_font_size_tablet=&#8221;5vw&#8221; header_font_size_phone=&#8221;6vw&#8221; header_font_size_last_edited=&#8221;on|phone&#8221;][\/dsm_block_reveal_text][\/et_pb_column][\/et_pb_row][\/et_pb_section][et_pb_section fb_built=&#8221;1&#8243; custom_padding_last_edited=&#8221;on|phone&#8221; admin_label=&#8221;Collections&#8221; _builder_version=&#8221;4.6.3&#8243; custom_padding=&#8221;100px|0px|100px|0px|false|false&#8221; custom_padding_tablet=&#8221;50px||50px||true|false&#8221; custom_padding_phone=&#8221;&#8221;][et_pb_row column_structure=&#8221;2_5,3_5&#8243; make_equal=&#8221;on&#8221; custom_padding_last_edited=&#8221;off|tablet&#8221; module_id=&#8221;faecal-incontinence-about-the-condition&#8221; _builder_version=&#8221;4.6.3&#8243; background_size=&#8221;initial&#8221; background_position=&#8221;top_left&#8221; background_repeat=&#8221;repeat&#8221; module_alignment=&#8221;center&#8221; custom_margin=&#8221;|||&#8221; custom_margin_tablet=&#8221;||||false|false&#8221; custom_margin_phone=&#8221;&#8221; custom_margin_last_edited=&#8221;on|tablet&#8221; custom_padding=&#8221;0px||0px|&#8221; box_shadow_style=&#8221;preset3&#8243; box_shadow_vertical=&#8221;40px&#8221; box_shadow_blur=&#8221;50px&#8221; box_shadow_color=&#8221;rgba(0,0,0,0.1)&#8221;][et_pb_column type=&#8221;2_5&#8243; _builder_version=&#8221;4.6.3&#8243; use_background_color_gradient=&#8221;on&#8221; background_color_gradient_start=&#8221;#6bc8ff&#8221; background_color_gradient_end=&#8221;#99afff&#8221; background_color_gradient_direction=&#8221;35deg&#8221; background_image=&#8221;https:\/\/amelie-project.eu\/wp-content\/uploads\/2020\/12\/Asset-1.png&#8221; custom_padding=&#8221;5%|5%|5%|5%|true|false&#8221; custom_padding_tablet=&#8221;15%||15%||true|false&#8221; custom_padding_phone=&#8221;&#8221; custom_padding_last_edited=&#8221;on|phone&#8221; custom_padding__hover=&#8221;|||&#8221;][\/et_pb_column][et_pb_column type=&#8221;3_5&#8243; admin_label=&#8221;Column&#8221; _builder_version=&#8221;4.6.3&#8243; custom_padding=&#8221;40px|40px|40px|40px&#8221; custom_padding__hover=&#8221;|||&#8221;][et_pb_text _builder_version=&#8221;4.6.3&#8243; text_font=&#8221;AMELIE||||||||&#8221; header_font=&#8221;Gotham kinda bold||||||||&#8221; header_3_font=&#8221;Gotham kinda bold||||||||&#8221; header_3_text_color=&#8221;#000000&#8243; header_3_font_size=&#8221;28px&#8221; header_3_line_height=&#8221;1.5em&#8221; background_size=&#8221;initial&#8221; background_position=&#8221;top_left&#8221; background_repeat=&#8221;repeat&#8221; custom_margin=&#8221;||10px|&#8221; hover_enabled=&#8221;0&#8243; header_text_color=&#8221;#000000&#8243; sticky_enabled=&#8221;0&#8243;]<h3>Incontinenza fecale: Informazioni sulla condizione<\/h3>[\/et_pb_text][et_pb_text _builder_version=&#8221;4.6.3&#8243; text_font=&#8221;Gotham kinda bold||||||||&#8221; text_font_size=&#8221;16px&#8221; text_line_height=&#8221;1.9em&#8221; header_font=&#8221;||||||||&#8221; header_2_font=&#8221;||||||||&#8221; module_alignment=&#8221;center&#8221; custom_margin=&#8221;||||false|false&#8221; custom_padding=&#8221;||||false|false&#8221; hover_enabled=&#8221;0&#8243; text_text_color=&#8221;#000000&#8243; sticky_enabled=&#8221;0&#8243;]<p><span style=\"font-weight: 400;\">L'IF \u00e8 un problema sostanziale di salute pubblica. Ha un forte impatto sulla qualit\u00e0 della vita, causando stigmatizzazione e isolamento sociale. AMELIE si occupa principalmente degli effetti delle lesioni allo sfintere anale causate da parto, chirurgia o trauma. Le donne che hanno partorito costituiscono la maggior parte dei pazienti che presentano l'IF. Una percentuale significativa di donne (incidenza riportata del 5,5%) subisce una lesione diretta durante il parto a causa della lacerazione del perineo.\u00a0<\/span><\/p>\n<p><span style=\"font-weight: 400;\">L'attuale gestione dei pazienti con IF \u00e8 insoddisfacente. I pazienti con lesione dello sfintere anale sono comunemente trattati con un intervento chirurgico, ma molti di quelli con sintomi gravi non sono adatti o non vogliono sottoporsi alle opzioni chirurgiche attualmente disponibili. Per questi pazienti \u00e8 interessante un'opzione che non comporti i rischi della riparazione dello sfintere o il mantenimento a lungo termine di un impianto metallico attivo. \u00c8 questo il luogo della medicina rigenerativa.<\/span><\/p>[\/et_pb_text][\/et_pb_column][\/et_pb_row][\/et_pb_section][et_pb_section fb_built=&#8221;1&#8243; custom_padding_last_edited=&#8221;on|tablet&#8221; admin_label=&#8221;Collections&#8221; _builder_version=&#8221;4.6.3&#8243; custom_padding=&#8221;0px|0px|100px|0px|false|false&#8221; custom_padding_tablet=&#8221;||50px||false|false&#8221; custom_padding_phone=&#8221;&#8221;][et_pb_row column_structure=&#8221;3_5,2_5&#8243; make_equal=&#8221;on&#8221; module_id=&#8221;faecal-incontinence-and-regenerative-medicine&#8221; _builder_version=&#8221;4.6.3&#8243; background_size=&#8221;initial&#8221; background_position=&#8221;top_left&#8221; background_repeat=&#8221;repeat&#8221; module_alignment=&#8221;center&#8221; custom_margin=&#8221;|||&#8221; custom_padding=&#8221;0px||0px|&#8221; box_shadow_style=&#8221;preset3&#8243; box_shadow_vertical=&#8221;40px&#8221; box_shadow_blur=&#8221;50px&#8221; box_shadow_color=&#8221;rgba(0,0,0,0.1)&#8221;][et_pb_column type=&#8221;3_5&#8243; admin_label=&#8221;Column&#8221; _builder_version=&#8221;4.6.3&#8243; custom_padding=&#8221;40px|40px|40px|40px&#8221; custom_padding__hover=&#8221;|||&#8221; custom_css_main_element_last_edited=&#8221;off|phone&#8221;][et_pb_text _builder_version=&#8221;4.6.3&#8243; text_font=&#8221;AMELIE||||||||&#8221; header_font=&#8221;Gotham kinda bold||||||||&#8221; header_3_font=&#8221;Gotham kinda bold||||||||&#8221; header_3_text_color=&#8221;#000000&#8243; header_3_font_size=&#8221;28px&#8221; header_3_line_height=&#8221;1.5em&#8221; custom_margin=&#8221;||10px|&#8221; background_size=&#8221;initial&#8221; background_position=&#8221;top_left&#8221; background_repeat=&#8221;repeat&#8221; header_text_color=&#8221;#000000&#8243;]<h3>Incontinenza fecale e medicina rigenerativa<\/h3>[\/et_pb_text][et_pb_text _builder_version=&#8221;4.6.3&#8243; text_font=&#8221;Gotham kinda bold||||||||&#8221; text_font_size=&#8221;16px&#8221; text_line_height=&#8221;1.9em&#8221; header_font=&#8221;||||||||&#8221; header_2_font=&#8221;||||||||&#8221; module_alignment=&#8221;center&#8221; custom_margin=&#8221;||||false|false&#8221; custom_padding=&#8221;||||false|false&#8221; text_text_color=&#8221;#000000&#8243;]<p><span style=\"font-weight: 400;\">La medicina rigenerativa mira a ripristinare i tessuti funzionali compromessi a causa dell'invecchiamento, delle malattie o delle lesioni. Offre nuove opportunit\u00e0 per ripristinare l'incontinenza causata da lesioni dello sfintere anale. Ad oggi, la terapia cellulare con ASMDC per rigenerare il muscolo dello sfintere anale esterno danneggiato \u00e8 stato l'approccio pi\u00f9 studiato.<\/span><\/p>\n<p><span style=\"font-weight: 400;\">L'Europa ha conquistato una posizione predominante nella traduzione clinica della terapia cellulare nei pazienti affetti da FI. Tra i cinque studi clinici sulla terapia cellulare pubblicati fino ad oggi, tre hanno utilizzato ASMDC e provengono da unit\u00e0 europee. Questi studi prevedevano la somministrazione di cellule in sospensione. Solo 58% dei pazienti trattati con ASMDC hanno mostrato una risposta a 12 mesi nello studio di Fase II randomizzato controllato con placebo. Gli studi pilota aperti hanno riportato un livello simile di miglioramento soggettivo. I risultati complessivi di questi studi hanno finora riportato solo benefici limitati per i pazienti trattati, suggerendo un meccanismo d'azione incoerente con l'attuale approccio al trattamento cellulare della FI.<\/span><\/p>[\/et_pb_text][\/et_pb_column][et_pb_column type=&#8221;2_5&#8243; _builder_version=&#8221;4.6.3&#8243; use_background_color_gradient=&#8221;on&#8221; background_color_gradient_start=&#8221;#6bc8ff&#8221; background_color_gradient_end=&#8221;#99afff&#8221; background_color_gradient_direction=&#8221;35deg&#8221; background_image=&#8221;https:\/\/amelie-project.eu\/wp-content\/uploads\/2020\/12\/Asset-3.png&#8221; custom_padding=&#8221;5%|5%|5%|5%|true|false&#8221; custom_padding_tablet=&#8221;15%||15%||true|false&#8221; custom_padding_phone=&#8221;&#8221; custom_padding_last_edited=&#8221;on|phone&#8221; custom_padding__hover=&#8221;|||&#8221; custom_css_main_element_last_edited=&#8221;off|desktop&#8221;][\/et_pb_column][\/et_pb_row][\/et_pb_section][et_pb_section fb_built=&#8221;1&#8243; custom_padding_last_edited=&#8221;on|tablet&#8221; admin_label=&#8221;Collections&#8221; _builder_version=&#8221;4.6.3&#8243; custom_padding=&#8221;0px|0px|100px|0px|false|false&#8221; custom_padding_tablet=&#8221;||100px||false|false&#8221; custom_padding_phone=&#8221;&#8221;][et_pb_row column_structure=&#8221;2_5,3_5&#8243; make_equal=&#8221;on&#8221; module_id=&#8221;why-are-conventional-methods-not-working&#8221; _builder_version=&#8221;4.6.3&#8243; background_size=&#8221;initial&#8221; background_position=&#8221;top_left&#8221; background_repeat=&#8221;repeat&#8221; module_alignment=&#8221;center&#8221; custom_margin=&#8221;|||&#8221; custom_padding=&#8221;0px||0px|&#8221; box_shadow_style=&#8221;preset3&#8243; box_shadow_vertical=&#8221;40px&#8221; box_shadow_blur=&#8221;50px&#8221; box_shadow_color=&#8221;rgba(0,0,0,0.1)&#8221;][et_pb_column type=&#8221;2_5&#8243; _builder_version=&#8221;4.6.3&#8243; use_background_color_gradient=&#8221;on&#8221; background_color_gradient_start=&#8221;#6bc8ff&#8221; background_color_gradient_end=&#8221;#99afff&#8221; background_color_gradient_direction=&#8221;35deg&#8221; background_image=&#8221;https:\/\/amelie-project.eu\/wp-content\/uploads\/2020\/12\/Asset-2.png&#8221; custom_padding=&#8221;5%|5%|5%|5%|true|false&#8221; custom_padding_tablet=&#8221;15%||15%||true|false&#8221; custom_padding_phone=&#8221;&#8221; custom_padding_last_edited=&#8221;on|phone&#8221; custom_padding__hover=&#8221;|||&#8221;][\/et_pb_column][et_pb_column type=&#8221;3_5&#8243; admin_label=&#8221;Column&#8221; _builder_version=&#8221;4.6.3&#8243; custom_padding=&#8221;40px|40px|40px|40px&#8221; custom_padding__hover=&#8221;|||&#8221;][et_pb_text _builder_version=&#8221;4.6.3&#8243; text_font=&#8221;AMELIE||||||||&#8221; header_font=&#8221;Gotham kinda bold||||||||&#8221; header_3_font=&#8221;Gotham kinda bold||||||||&#8221; header_3_text_color=&#8221;#000000&#8243; header_3_font_size=&#8221;28px&#8221; header_3_line_height=&#8221;1.5em&#8221; custom_margin=&#8221;||10px|&#8221; background_size=&#8221;initial&#8221; background_position=&#8221;top_left&#8221; background_repeat=&#8221;repeat&#8221; header_text_color=&#8221;#000000&#8243;]<h3>Perch\u00e9 i metodi convenzionali non funzionano?<\/h3>[\/et_pb_text][et_pb_text _builder_version=&#8221;4.6.3&#8243; text_font=&#8221;Gotham kinda bold||||||||&#8221; text_font_size=&#8221;16px&#8221; text_line_height=&#8221;1.9em&#8221; header_font=&#8221;||||||||&#8221; header_2_font=&#8221;||||||||&#8221; module_alignment=&#8221;center&#8221; custom_margin=&#8221;||||false|false&#8221; custom_padding=&#8221;||||false|false&#8221; text_text_color=&#8221;#000000&#8243;]<p><span style=\"font-weight: 400;\">Le cellule dipendenti dall'ancoraggio devono essere coltivate mentre sono attaccate a un substrato. La produzione convenzionale di cellule dipendenti dall'ancoraggio per le terapie cellulari di medicina rigenerativa prevede l'isolamento delle cellule da un tessuto ospite e la loro successiva crescita in un ambiente favorevole in vitro. Tutti gli studi clinici di terapia cellulare per l'IF pubblicati finora hanno utilizzato tecniche di bioprocesso convenzionali. Tuttavia, il processo di distacco delle ASMDC dal loro substrato di coltura in vista della somministrazione clinica mette a rischio la vitalit\u00e0 e la potenza, avviando l'anoikis (morte cellulare).<\/span><\/p>\n<p><span style=\"font-weight: 400;\">La ridotta vitalit\u00e0 cellulare dovuta all'anoikis rappresenta una sfida importante per la medicina rigenerativa. Nessuno di questi approcci \u00e8 attualmente adatto per il trattamento delle ASMDC dell'IF, dove \u00e8 richiesto l'innesto nel muscolo ospite. L'impatto dell'anoikis sui prodotti di medicina rigenerativa costituiti da cellule dipendenti dall'ancoraggio ostacola l'efficacia clinica a causa dell'incoerenza dovuta al basso tasso di sopravvivenza delle cellule trapiantate.<\/span><\/p>\n<p><span style=\"font-weight: 400;\">Questa \u00e8 la sfida che AMELIE deve affrontare. <a href=\"https:\/\/amelie-project.eu\/it\/ultime-notizie\/\">Scoprite gli ultimi sviluppi qui. <\/a><\/span><\/p>[\/et_pb_text][\/et_pb_column][\/et_pb_row][\/et_pb_section][et_pb_section fb_built=&#8221;1&#8243; _builder_version=&#8221;4.6.3&#8243; _module_preset=&#8221;default&#8221; custom_padding=&#8221;0px|||||&#8221;][\/et_pb_section]","protected":false},"excerpt":{"rendered":"<p><div class=\"et_pb_module dsm_block_reveal_text dsm_block_reveal_text_0\">\n\t\t\t\t\n\t\t\t\t\n\t\t\t\t\n\t\t\t\t\n\t\t\t\t\n\t\t\t\t\n\t\t\t\t<div class=\"et_pb_module_inner\">\n\t\t\t\t\t<div class=\"dsm_block_reveal_text_wrapper\" data-dsm-block-reveal-animation=\"lr\" data-dsm-block-reveal-color=\"#0e94f9\" data-dsm-block-reveal-delay=\"0\" data-dsm-block-reveal-viewport=\"80%\"><h1 class=\"dsm_block_reveal_text_header et_pb_module_header\">LA NOSTRA RICERCA<\/h1><\/div>\n\t\t\t\t<\/div>\n\t\t\t<\/div>Faecal Incontinence: About The ConditionFI is a substantial public health problem. It has a major impact on quality of life causing stigmatization and social isolation. AMELIE is primarily concerned with the effect of injury to the anal sphincter by either childbirth, surgery or trauma. Women who have given birth form the majority of patients who present with FI. A significant proportion of women (reported incidence of 5.5%) suffer a direct injury during childbirth due to tearing of the perineum.\u00a0 The current management of patients with FI is unsatisfactory. Patients with anal sphincter injury are commonly treated by surgery, however many with severe symptoms are either unsuitable for, or do not wish to undergo, current available surgical options. For these patients, an option that does not have the risks of sphincter repair or the long-term maintenance of an active metal implant is attractive. This is the place of regenerative medicine.Faecal Incontinence and Regenerative MedicineRegenerative medicine aims to restore functional tissue that is impaired due to aging, disease or injury. It offers new opportunities to restore incontinence caused by anal sphincter injury. To date, cell [&hellip;]<\/p>","protected":false},"author":1,"featured_media":0,"parent":0,"menu_order":0,"comment_status":"closed","ping_status":"closed","template":"","meta":{"_et_pb_use_builder":"on","_et_pb_old_content":"","_et_gb_content_width":"","_coblocks_attr":"","_coblocks_dimensions":"","_coblocks_responsive_height":"","_coblocks_accordion_ie_support":"","footnotes":"","_links_to":"","_links_to_target":""},"class_list":["post-30450","page","type-page","status-publish","hentry"],"_links":{"self":[{"href":"https:\/\/amelie-project.eu\/it\/wp-json\/wp\/v2\/pages\/30450","targetHints":{"allow":["GET"]}}],"collection":[{"href":"https:\/\/amelie-project.eu\/it\/wp-json\/wp\/v2\/pages"}],"about":[{"href":"https:\/\/amelie-project.eu\/it\/wp-json\/wp\/v2\/types\/page"}],"author":[{"embeddable":true,"href":"https:\/\/amelie-project.eu\/it\/wp-json\/wp\/v2\/users\/1"}],"replies":[{"embeddable":true,"href":"https:\/\/amelie-project.eu\/it\/wp-json\/wp\/v2\/comments?post=30450"}],"version-history":[{"count":16,"href":"https:\/\/amelie-project.eu\/it\/wp-json\/wp\/v2\/pages\/30450\/revisions"}],"predecessor-version":[{"id":31453,"href":"https:\/\/amelie-project.eu\/it\/wp-json\/wp\/v2\/pages\/30450\/revisions\/31453"}],"wp:attachment":[{"href":"https:\/\/amelie-project.eu\/it\/wp-json\/wp\/v2\/media?parent=30450"}],"curies":[{"name":"wp","href":"https:\/\/api.w.org\/{rel}","templated":true}]}}