{"id":28718,"date":"2020-09-05T00:39:08","date_gmt":"2020-09-05T00:39:08","guid":{"rendered":"https:\/\/amelie-project.eu\/?page_id=28718"},"modified":"2021-03-21T17:55:06","modified_gmt":"2021-03-21T17:55:06","slug":"approccio","status":"publish","type":"page","link":"https:\/\/amelie-project.eu\/it\/approccio\/","title":{"rendered":"Approccio"},"content":{"rendered":"<p>[et_pb_section fb_built=&#8221;1&#8243; custom_padding_last_edited=&#8221;on|phone&#8221; disabled_on=&#8221;off|off|off&#8221; admin_label=&#8221;Hero section&#8221; _builder_version=&#8221;4.6.3&#8243; background_image=&#8221;https:\/\/amelie-project.eu\/wp-content\/uploads\/2020\/10\/AMELIEHEADERBACKGOUND-01-scaled.jpg&#8221; background_position=&#8221;center_left&#8221; custom_margin=&#8221;|||&#8221; custom_padding=&#8221;7%||7%||true|false&#8221; custom_padding_tablet=&#8221;15%||15%||true|false&#8221; custom_padding_phone=&#8221;&#8221;][et_pb_row use_custom_gutter=&#8221;on&#8221; gutter_width=&#8221;1&#8243; custom_padding_last_edited=&#8221;on|phone&#8221; _builder_version=&#8221;4.6.3&#8243; _module_preset=&#8221;default&#8221; width=&#8221;100%&#8221; module_alignment=&#8221;left&#8221; custom_padding=&#8221;|||4%|false|false&#8221; custom_padding_tablet=&#8221;|||5%|false|false&#8221; custom_padding_phone=&#8221;|||5.5%|false|false&#8221;][et_pb_column type=&#8221;4_4&#8243; _builder_version=&#8221;4.6.3&#8243; _module_preset=&#8221;default&#8221;][dsm_block_reveal_text block_reveal_text=&#8221;APPROACH&#8221; heading_html_tag=&#8221;h1&#8243; block_reveal_color=&#8221;#0e94f9&#8243; block_reveal_delay=&#8221;0&#8243; _builder_version=&#8221;4.6.3&#8243; _module_preset=&#8221;default&#8221; header_font=&#8221;AMELIE||||||||&#8221; header_text_color=&#8221;#0e94f9&#8243; header_font_size=&#8221;3vw&#8221; custom_padding=&#8221;||||false|false&#8221; custom_padding_tablet=&#8221;||||false|false&#8221; custom_padding_phone=&#8221;||||false|false&#8221; custom_padding_last_edited=&#8221;on|phone&#8221; header_font_size_tablet=&#8221;5vw&#8221; header_font_size_phone=&#8221;6vw&#8221; header_font_size_last_edited=&#8221;on|phone&#8221;][\/dsm_block_reveal_text][\/et_pb_column][\/et_pb_row][\/et_pb_section][et_pb_section fb_built=&#8221;1&#8243; specialty=&#8221;on&#8221; padding_top_2=&#8221;0px&#8221; admin_label=&#8221;Course Chapters&#8221; _builder_version=&#8221;4.6.3&#8243; custom_margin=&#8221;|||&#8221; custom_padding=&#8221;100px||0px||false|false&#8221;][et_pb_column type=&#8221;2_3&#8243; specialty_columns=&#8221;2&#8243; _builder_version=&#8221;3.25&#8243; custom_padding=&#8221;|||&#8221; parallax__hover=&#8221;off&#8221; parallax_method__hover=&#8221;on&#8221; custom_padding__hover=&#8221;|||&#8221;][et_pb_row_inner use_custom_gutter=&#8221;on&#8221; gutter_width=&#8221;4&#8243; _builder_version=&#8221;4.6.3&#8243; custom_margin=&#8221;||||false|false&#8221; custom_padding=&#8221;0px|||&#8221;][et_pb_column_inner saved_specialty_column_type=&#8221;2_3&#8243; _builder_version=&#8221;3.25&#8243; custom_padding=&#8221;|||&#8221; parallax__hover=&#8221;off&#8221; parallax_method__hover=&#8221;on&#8221; custom_padding__hover=&#8221;|||&#8221;][et_pb_blurb title=&#8221;Project Management and Coordination&#8221; url=&#8221;#&#8221; icon_placement=&#8221;left&#8221; image_max_width=&#8221;64px&#8221; content_max_width=&#8221;1100px&#8221; admin_label=&#8221;Chapter&#8221; _builder_version=&#8221;4.6.3&#8243; header_font=&#8221;Gotham kinda bold||||||||&#8221; header_text_color=&#8221;#000000&#8243; header_line_height=&#8221;1.5em&#8221; body_font=&#8221;Gotham kinda bold||||||||&#8221; body_text_color=&#8221;#000000&#8243; body_font_size=&#8221;16px&#8221; body_line_height=&#8221;1.9em&#8221; background_color=&#8221;#ffffff&#8221; custom_margin=&#8221;||30px||false|false&#8221; custom_padding=&#8221;30px|40px|30px|40px&#8221; animation_style=&#8221;zoom&#8221; animation_direction=&#8221;bottom&#8221; animation_intensity_zoom=&#8221;20%&#8221; animation_starting_opacity=&#8221;100%&#8221; box_shadow_style=&#8221;preset2&#8243; box_shadow_horizontal=&#8221;0px&#8221; box_shadow_vertical=&#8221;0px&#8221; box_shadow_blur=&#8221;60px&#8221; box_shadow_color=&#8221;rgba(10,3,3,0.06)&#8221; locked=&#8221;off&#8221;]<\/p>\n<p>L'UCL sar\u00e0 responsabile della gestione scientifica, contrattuale e finanziaria del progetto. Questa fase del progetto garantir\u00e0 un'adeguata qualit\u00e0 e tempestivit\u00e0 dei progressi e dei risultati del progetto, affronter\u00e0 la pianificazione e la gestione dei rischi e terr\u00e0 conto dei criteri etici e delle questioni di genere.<\/p>\n<p>[\/et_pb_blurb][et_pb_blurb title=&#8221;Cell-microcarrier manufacturing process&#8221; url=&#8221;#&#8221; icon_placement=&#8221;left&#8221; image_max_width=&#8221;64px&#8221; content_max_width=&#8221;1100px&#8221; admin_label=&#8221;Chapter&#8221; _builder_version=&#8221;4.6.3&#8243; header_font=&#8221;Gotham kinda bold||||||||&#8221; header_text_color=&#8221;#000000&#8243; header_line_height=&#8221;1.5em&#8221; body_font=&#8221;Gotham kinda bold||||||||&#8221; body_text_color=&#8221;#000000&#8243; body_font_size=&#8221;16px&#8221; body_line_height=&#8221;1.9em&#8221; background_color=&#8221;#ffffff&#8221; custom_margin=&#8221;||30px||false|false&#8221; custom_padding=&#8221;30px|40px|30px|40px&#8221; animation_style=&#8221;zoom&#8221; animation_direction=&#8221;bottom&#8221; animation_intensity_zoom=&#8221;20%&#8221; animation_starting_opacity=&#8221;100%&#8221; box_shadow_style=&#8221;preset2&#8243; box_shadow_horizontal=&#8221;0px&#8221; box_shadow_vertical=&#8221;0px&#8221; box_shadow_blur=&#8221;60px&#8221; box_shadow_color=&#8221;rgba(10,3,3,0.06)&#8221; locked=&#8221;off&#8221;]<\/p>\n<p>Guidato dall'IST, questo progetto stabilir\u00e0 una procedura robusta, coerente e scalabile conforme alle GMP per l'attacco di SMDC umane a microcarrier TIPS. Questa procedura standardizzata sar\u00e0 verificata dall'UCL prima di essere trasferita all'NHSBT, dove il processo sar\u00e0 convalidato in vista della produzione della combinazione cellula-microcarrier.<\/p>\n<p>[\/et_pb_blurb][et_pb_blurb title=&#8221;Manufacture of clinically ready TIPS microcarriers&#8221; url=&#8221;#&#8221; icon_placement=&#8221;left&#8221; image_max_width=&#8221;64px&#8221; content_max_width=&#8221;1100px&#8221; admin_label=&#8221;Chapter&#8221; _builder_version=&#8221;4.6.3&#8243; header_font=&#8221;Gotham kinda bold||||||||&#8221; header_text_color=&#8221;#000000&#8243; header_line_height=&#8221;1.5em&#8221; body_font=&#8221;Gotham kinda bold||||||||&#8221; body_text_color=&#8221;#000000&#8243; body_font_size=&#8221;16px&#8221; body_line_height=&#8221;1.9em&#8221; background_color=&#8221;#ffffff&#8221; custom_margin=&#8221;||30px||false|false&#8221; custom_padding=&#8221;30px|40px|30px|40px&#8221; animation_style=&#8221;zoom&#8221; animation_direction=&#8221;bottom&#8221; animation_intensity_zoom=&#8221;20%&#8221; animation_starting_opacity=&#8221;100%&#8221; hover_enabled=&#8221;0&#8243; box_shadow_style=&#8221;preset2&#8243; box_shadow_horizontal=&#8221;0px&#8221; box_shadow_vertical=&#8221;0px&#8221; box_shadow_blur=&#8221;60px&#8221; box_shadow_color=&#8221;rgba(10,3,3,0.06)&#8221; locked=&#8221;off&#8221; sticky_enabled=&#8221;0&#8243;]<\/p>\n<p>I microcarrier saranno prodotti su scala pilota. L'UCL controller\u00e0 che i microcarrier siano conformi alle specifiche. Gli studi di stabilit\u00e0 forniranno dati sulla stabilit\u00e0 a lungo termine della combinazione cellula-microcarrier impiantabile. La valutazione critica del processo di produzione in questa fase determiner\u00e0 la fattibilit\u00e0 di scalare il processo per ottenere quantit\u00e0 commerciali.<\/p>\n<p>[\/et_pb_blurb][et_pb_blurb title=&#8221;Clinical trial plan and regulatory approval&#8221; url=&#8221;#&#8221; icon_placement=&#8221;left&#8221; image_max_width=&#8221;64px&#8221; content_max_width=&#8221;1100px&#8221; admin_label=&#8221;Chapter&#8221; _builder_version=&#8221;4.6.3&#8243; header_font=&#8221;Gotham kinda bold||||||||&#8221; header_text_color=&#8221;#000000&#8243; header_line_height=&#8221;1.5em&#8221; body_font=&#8221;Gotham kinda bold||||||||&#8221; body_text_color=&#8221;#000000&#8243; body_font_size=&#8221;16px&#8221; body_line_height=&#8221;1.9em&#8221; background_color=&#8221;#ffffff&#8221; custom_margin=&#8221;||30px||false|false&#8221; custom_padding=&#8221;30px|40px|30px|40px&#8221; animation_style=&#8221;zoom&#8221; animation_direction=&#8221;bottom&#8221; animation_intensity_zoom=&#8221;20%&#8221; animation_starting_opacity=&#8221;100%&#8221; box_shadow_style=&#8221;preset2&#8243; box_shadow_horizontal=&#8221;0px&#8221; box_shadow_vertical=&#8221;0px&#8221; box_shadow_blur=&#8221;60px&#8221; box_shadow_color=&#8221;rgba(10,3,3,0.06)&#8221; locked=&#8221;off&#8221;]<\/p>\n<p>Le approvazioni normative ed etiche saranno richieste nella fase di avvio dello studio. Ogni Paese avr\u00e0 tutte le approvazioni del caso prima dell'arruolamento e sar\u00e0 supervisionato dall'UCL. Lo studio clinico verificher\u00e0 se l'impianto di ASMDC-microcarrier porta a una riduzione minima clinicamente rilevante della frequenza degli episodi di IF totale. I pazienti, gli assistenti e il pubblico saranno coinvolti nella realizzazione dello studio e nella diffusione dei risultati.<\/p>\n<p>[\/et_pb_blurb][et_pb_blurb title=&#8221;Non-clinical safety studies required for regulatory approval&#8221; url=&#8221;#&#8221; icon_placement=&#8221;left&#8221; image_max_width=&#8221;64px&#8221; content_max_width=&#8221;1100px&#8221; admin_label=&#8221;Chapter&#8221; _builder_version=&#8221;4.6.3&#8243; header_font=&#8221;Gotham kinda bold||||||||&#8221; header_text_color=&#8221;#000000&#8243; header_line_height=&#8221;1.5em&#8221; body_font=&#8221;Gotham kinda bold||||||||&#8221; body_text_color=&#8221;#000000&#8243; body_font_size=&#8221;16px&#8221; body_line_height=&#8221;1.9em&#8221; background_color=&#8221;#ffffff&#8221; custom_margin=&#8221;||30px||false|false&#8221; custom_padding=&#8221;30px|40px|30px|40px&#8221; animation_style=&#8221;zoom&#8221; animation_direction=&#8221;bottom&#8221; animation_intensity_zoom=&#8221;20%&#8221; animation_starting_opacity=&#8221;100%&#8221; box_shadow_style=&#8221;preset2&#8243; box_shadow_horizontal=&#8221;0px&#8221; box_shadow_vertical=&#8221;0px&#8221; box_shadow_blur=&#8221;60px&#8221; box_shadow_color=&#8221;rgba(10,3,3,0.06)&#8221; locked=&#8221;off&#8221;]<\/p>\n<p>Il comportamento biologico atteso del componente cellulare nel prodotto finito sar\u00e0 dimostrato insieme alla tolleranza locale, alla persistenza e alle propriet\u00e0 tossicologiche della combinazione cellula-microportatore per verificarne la sicurezza.<\/p>\n<p>[\/et_pb_blurb][et_pb_blurb title=&#8221;Verification of product stability&#8221; url=&#8221;#&#8221; icon_placement=&#8221;left&#8221; image_max_width=&#8221;64px&#8221; content_max_width=&#8221;1100px&#8221; _builder_version=&#8221;4.6.3&#8243; header_font=&#8221;Gotham kinda bold||||||||&#8221; header_text_color=&#8221;#000000&#8243; header_line_height=&#8221;1.5em&#8221; body_font=&#8221;Gotham kinda bold||||||||&#8221; body_text_color=&#8221;#000000&#8243; body_font_size=&#8221;16px&#8221; body_line_height=&#8221;1.9em&#8221; background_color=&#8221;#ffffff&#8221; custom_margin=&#8221;||30px||false|false&#8221; custom_padding=&#8221;30px|40px|30px|40px&#8221; animation_style=&#8221;zoom&#8221; animation_direction=&#8221;bottom&#8221; animation_intensity_zoom=&#8221;20%&#8221; animation_starting_opacity=&#8221;100%&#8221; box_shadow_style=&#8221;preset2&#8243; box_shadow_horizontal=&#8221;0px&#8221; box_shadow_vertical=&#8221;0px&#8221; box_shadow_blur=&#8221;60px&#8221; box_shadow_color=&#8221;rgba(10,3,3,0.06)&#8221; locked=&#8221;off&#8221;]<\/p>\n<p>Verr\u00e0 progettato e convalidato un processo robusto e coerente per preparare il prodotto finito in uno stato adatto allo stoccaggio e al trasporto.<\/p>\n<p>[\/et_pb_blurb][et_pb_blurb title=&#8221;Dissemination and Stakeholder Engagement&#8221; url=&#8221;#&#8221; icon_placement=&#8221;left&#8221; image_max_width=&#8221;64px&#8221; content_max_width=&#8221;1100px&#8221; _builder_version=&#8221;4.6.3&#8243; header_font=&#8221;Gotham kinda bold||||||||&#8221; header_text_color=&#8221;#000000&#8243; header_line_height=&#8221;1.5em&#8221; body_font=&#8221;Gotham kinda bold||||||||&#8221; body_text_color=&#8221;#000000&#8243; body_font_size=&#8221;16px&#8221; body_line_height=&#8221;1.9em&#8221; background_color=&#8221;#ffffff&#8221; custom_margin=&#8221;||30px||false|false&#8221; custom_padding=&#8221;30px|40px|30px|40px&#8221; animation_style=&#8221;zoom&#8221; animation_direction=&#8221;bottom&#8221; animation_intensity_zoom=&#8221;20%&#8221; animation_starting_opacity=&#8221;100%&#8221; box_shadow_style=&#8221;preset2&#8243; box_shadow_horizontal=&#8221;0px&#8221; box_shadow_vertical=&#8221;0px&#8221; box_shadow_blur=&#8221;60px&#8221; box_shadow_color=&#8221;rgba(10,3,3,0.06)&#8221; locked=&#8221;off&#8221;]<\/p>\n<p>Bowel Research UK e TT lavoreranno insieme a tutti i beneficiari di AMELIE per coinvolgere imprese e industrie, operatori sanitari, pazienti e pubblico, associazioni di beneficenza e terzo settore, nonch\u00e9 il mondo accademico.<\/p>\n<p>[\/et_pb_blurb][et_pb_blurb title=&#8221;Knowledge Management and Exploitation&#8221; url=&#8221;#&#8221; icon_placement=&#8221;left&#8221; image_max_width=&#8221;64px&#8221; content_max_width=&#8221;1100px&#8221; admin_label=&#8221;Blurb&#8221; _builder_version=&#8221;4.6.3&#8243; header_font=&#8221;Gotham kinda bold||||||||&#8221; header_text_color=&#8221;#000000&#8243; header_line_height=&#8221;1.5em&#8221; body_font=&#8221;Gotham kinda bold||||||||&#8221; body_text_color=&#8221;#000000&#8243; body_font_size=&#8221;16px&#8221; body_line_height=&#8221;1.9em&#8221; background_color=&#8221;#ffffff&#8221; custom_margin=&#8221;||30px||false|false&#8221; custom_padding=&#8221;30px|40px|30px|40px&#8221; animation_style=&#8221;zoom&#8221; animation_direction=&#8221;bottom&#8221; animation_intensity_zoom=&#8221;20%&#8221; animation_starting_opacity=&#8221;100%&#8221; box_shadow_style=&#8221;preset2&#8243; box_shadow_horizontal=&#8221;0px&#8221; box_shadow_vertical=&#8221;0px&#8221; box_shadow_blur=&#8221;60px&#8221; box_shadow_color=&#8221;rgba(10,3,3,0.06)&#8221; locked=&#8221;off&#8221;]<\/p>\n<p>Questo pacchetto cercher\u00e0 di comprendere i meriti e le basi di un caso commerciale per l'applicazione della tecnologia cellulare microportante impiantabile nel trattamento dell'insufficienza cardiaca e di esplorare altri potenziali mercati in cui la tecnologia potrebbe essere efficacemente utilizzata.<\/p>\n<p>[\/et_pb_blurb][\/et_pb_column_inner][\/et_pb_row_inner][\/et_pb_column][et_pb_column type=&#8221;1_3&#8243; admin_label=&#8221;Column&#8221; _builder_version=&#8221;3.25&#8243; custom_padding=&#8221;|||&#8221; padding_top__hover=&#8221;0px&#8221; parallax__hover=&#8221;off&#8221; parallax_method__hover=&#8221;on&#8221; custom_padding__hover=&#8221;|||&#8221;][et_pb_blurb title=&#8221;Lesley Booth&#8221; url=&#8221;#&#8221; image=&#8221;https:\/\/amelie-project.eu\/wp-content\/uploads\/2020\/10\/Asset-2.png&#8221; image_max_width=&#8221;100px&#8221; admin_label=&#8221;Instructor&#8221; _builder_version=&#8221;4.6.3&#8243; header_font=&#8221;Gotham kinda bold||||||||&#8221; header_text_color=&#8221;#000000&#8243; header_line_height=&#8221;1.5em&#8221; body_font=&#8221;Gotham kinda bold||||||||&#8221; body_text_color=&#8221;#000000&#8243; body_font_size=&#8221;16px&#8221; body_line_height=&#8221;1.9em&#8221; background_color=&#8221;#ffffff&#8221; text_orientation=&#8221;center&#8221; custom_margin=&#8221;||||false|false&#8221; custom_padding=&#8221;50px|40px|50px|40px|true|false&#8221; animation_style=&#8221;zoom&#8221; animation_direction=&#8221;bottom&#8221; animation_intensity_zoom=&#8221;20%&#8221; animation_starting_opacity=&#8221;100%&#8221; box_shadow_style=&#8221;preset1&#8243; box_shadow_vertical=&#8221;0px&#8221; box_shadow_blur=&#8221;60px&#8221; box_shadow_color=&#8221;rgba(71,74,182,0.12)&#8221;]<\/p>\n<p><span style=\"color: #5e5e5e;\">MBE, Direttore della ricerca e del PPIE presso Bowel Research UK<\/span><\/p>\n<p>\u201cLa realt\u00e0 di vivere con l'incontinenza fecale pu\u00f2 essere devastante. \u00c8 sicuramente limitante per la vita. E il fatto che sia una condizione di cui non si parla liberamente non fa che aumentare le difficolt\u00e0 di condurre una vita normale. Trovare una terapia che funzioni non sarebbe solo un'importante scoperta medica, ma cambierebbe la vita a milioni di persone\u201d.\u201d<\/p>\n<p>[\/et_pb_blurb][et_pb_blurb title=&#8221;Richard Day&#8221; url=&#8221;#&#8221; image=&#8221;https:\/\/amelie-project.eu\/wp-content\/uploads\/2020\/10\/Asset-3.png&#8221; image_max_width=&#8221;100px&#8221; admin_label=&#8221;Instructor&#8221; _builder_version=&#8221;4.6.3&#8243; header_font=&#8221;Gotham kinda bold||||||||&#8221; header_text_color=&#8221;#000000&#8243; header_line_height=&#8221;1.5em&#8221; body_font=&#8221;Gotham kinda bold||||||||&#8221; body_text_color=&#8221;#000000&#8243; body_font_size=&#8221;16px&#8221; body_line_height=&#8221;1.9em&#8221; background_color=&#8221;#ffffff&#8221; text_orientation=&#8221;center&#8221; custom_margin=&#8221;||||false|false&#8221; custom_padding=&#8221;50px|40px|50px|40px|true|false&#8221; animation_style=&#8221;zoom&#8221; animation_direction=&#8221;bottom&#8221; animation_intensity_zoom=&#8221;20%&#8221; animation_starting_opacity=&#8221;100%&#8221; box_shadow_style=&#8221;preset1&#8243; box_shadow_vertical=&#8221;0px&#8221; box_shadow_blur=&#8221;60px&#8221; box_shadow_color=&#8221;rgba(71,74,182,0.12)&#8221;]<\/p>\n<p><span style=\"color: #5e5e5e;\">Professore di Tecnologia della Medicina Rigenerativa presso l'University College di Londra<b><br \/> <\/b><\/span><\/p>\n<p>\u201cSiamo estremamente entusiasti della prospettiva del progetto AMELIE e dei potenziali benefici che possono derivare dal nuovo approccio terapeutico che si sta studiando.<br \/> Non vediamo l'ora di lavorare con l'eccezionale consorzio di accademici, clinici, industrie e partner di beneficenza provenienti da tutta Europa per sviluppare il nostro approccio pionieristico di medicina rigenerativa per il trattamento di questa condizione debilitante. Si tratter\u00e0 di un approccio radicale e innovativo mai tentato prima su tale scala\u201d.\u201d<\/p>\n<p>[\/et_pb_blurb][\/et_pb_column][\/et_pb_section][et_pb_section fb_built=&#8221;1&#8243; _builder_version=&#8221;4.6.3&#8243; _module_preset=&#8221;default&#8221;][\/et_pb_section]<\/p>","protected":false},"excerpt":{"rendered":"<p><div class=\"et_pb_module dsm_block_reveal_text dsm_block_reveal_text_0\">\n\t\t\t\t\n\t\t\t\t\n\t\t\t\t\n\t\t\t\t\n\t\t\t\t\n\t\t\t\t\n\t\t\t\t<div class=\"et_pb_module_inner\">\n\t\t\t\t\t<div class=\"dsm_block_reveal_text_wrapper\" data-dsm-block-reveal-animation=\"lr\" data-dsm-block-reveal-color=\"#0e94f9\" data-dsm-block-reveal-delay=\"0\" data-dsm-block-reveal-viewport=\"80%\"><h1 class=\"dsm_block_reveal_text_header et_pb_module_header\">APPROCCIO<\/h1><\/div>\n\t\t\t\t<\/div>\n\t\t\t<\/div>UCL will be in charge of the scientific, contractual and financial management of the project. This stage of the project will ensure proper quality and timeliness of project progress and results, address risk planning and management as well as considering ethical criteria and gender issues.Led by IST, this will establish a robust, consistent and scalable GMP compliant procedure for attachment of human SMDC to TIPS microcarriers. This standardised procedure will be verified by UCL before being transferred to NHSBT, where the process will be validated in readiness for manufacture of the cell-microcarrier combination.The microcarriers will be manufactured at pilot scale. UCL will oversee confirmation that the microcarriers meet specifications. Stability studies will provide data on the long-term stability of the implantable cell-microcarrier combination. Critical evaluation of the manufacturing process at this stage will determine the feasibility of scaling-up the process for commercial quantities. Regulatory and Ethical approvals will be sought in the set-up phase of the trial. Each country will have all relevant approvals in place prior to recruitment and will be overseen by UCL. The clinical trial will test whether ASMDC-microcarrier implantation leads [&hellip;]<\/p>","protected":false},"author":1,"featured_media":0,"parent":0,"menu_order":0,"comment_status":"closed","ping_status":"closed","template":"","meta":{"_et_pb_use_builder":"on","_et_pb_old_content":"","_et_gb_content_width":"","_coblocks_attr":"","_coblocks_dimensions":"","_coblocks_responsive_height":"","_coblocks_accordion_ie_support":"","footnotes":"","_links_to":"","_links_to_target":""},"class_list":["post-28718","page","type-page","status-publish","hentry"],"_links":{"self":[{"href":"https:\/\/amelie-project.eu\/it\/wp-json\/wp\/v2\/pages\/28718","targetHints":{"allow":["GET"]}}],"collection":[{"href":"https:\/\/amelie-project.eu\/it\/wp-json\/wp\/v2\/pages"}],"about":[{"href":"https:\/\/amelie-project.eu\/it\/wp-json\/wp\/v2\/types\/page"}],"author":[{"embeddable":true,"href":"https:\/\/amelie-project.eu\/it\/wp-json\/wp\/v2\/users\/1"}],"replies":[{"embeddable":true,"href":"https:\/\/amelie-project.eu\/it\/wp-json\/wp\/v2\/comments?post=28718"}],"version-history":[{"count":23,"href":"https:\/\/amelie-project.eu\/it\/wp-json\/wp\/v2\/pages\/28718\/revisions"}],"predecessor-version":[{"id":31220,"href":"https:\/\/amelie-project.eu\/it\/wp-json\/wp\/v2\/pages\/28718\/revisions\/31220"}],"wp:attachment":[{"href":"https:\/\/amelie-project.eu\/it\/wp-json\/wp\/v2\/media?parent=28718"}],"curies":[{"name":"wp","href":"https:\/\/api.w.org\/{rel}","templated":true}]}}