{"id":28695,"date":"2020-09-05T00:25:58","date_gmt":"2020-09-05T00:25:58","guid":{"rendered":"https:\/\/amelie-project.eu\/?page_id=28695"},"modified":"2021-01-25T12:35:39","modified_gmt":"2021-01-25T12:35:39","slug":"collaborazione","status":"publish","type":"page","link":"https:\/\/amelie-project.eu\/it\/collaborazione\/","title":{"rendered":"Collaborazione"},"content":{"rendered":"[et_pb_section fb_built=&#8221;1&#8243; custom_padding_last_edited=&#8221;on|phone&#8221; disabled_on=&#8221;off|off|off&#8221; admin_label=&#8221;Hero section&#8221; _builder_version=&#8221;4.6.3&#8243; background_image=&#8221;https:\/\/amelie-project.eu\/wp-content\/uploads\/2020\/10\/AMELIEHEADERBACKGOUND-01-scaled.jpg&#8221; background_position=&#8221;center_left&#8221; custom_margin=&#8221;|||&#8221; custom_padding=&#8221;7%||7%||true|false&#8221; custom_padding_tablet=&#8221;15%||15%||true|false&#8221; custom_padding_phone=&#8221;&#8221; saved_tabs=&#8221;all&#8221;][et_pb_row use_custom_gutter=&#8221;on&#8221; gutter_width=&#8221;1&#8243; custom_padding_last_edited=&#8221;on|phone&#8221; _builder_version=&#8221;4.6.3&#8243; _module_preset=&#8221;default&#8221; width=&#8221;100%&#8221; module_alignment=&#8221;left&#8221; custom_padding=&#8221;|||4%|false|false&#8221; custom_padding_tablet=&#8221;|||5%|false|false&#8221; custom_padding_phone=&#8221;|||5.5%|false|false&#8221;][et_pb_column type=&#8221;4_4&#8243; _builder_version=&#8221;4.6.3&#8243; _module_preset=&#8221;default&#8221;][dsm_block_reveal_text block_reveal_text=&#8221;COLLABORATION&#8221; heading_html_tag=&#8221;h1&#8243; block_reveal_color=&#8221;#0e94f9&#8243; block_reveal_delay=&#8221;0&#8243; _builder_version=&#8221;4.6.3&#8243; _module_preset=&#8221;default&#8221; header_font=&#8221;AMELIE||||||||&#8221; header_text_color=&#8221;#0e94f9&#8243; header_font_size=&#8221;3vw&#8221; custom_padding=&#8221;||||false|false&#8221; custom_padding_tablet=&#8221;||||false|false&#8221; custom_padding_phone=&#8221;||||false|false&#8221; custom_padding_last_edited=&#8221;on|phone&#8221; header_font_size_tablet=&#8221;5vw&#8221; header_font_size_phone=&#8221;6vw&#8221; header_font_size_last_edited=&#8221;on|phone&#8221;][\/dsm_block_reveal_text][\/et_pb_column][\/et_pb_row][\/et_pb_section][et_pb_section fb_built=&#8221;1&#8243; admin_label=&#8221;Features&#8221; _builder_version=&#8221;4.6.3&#8243; background_color=&#8221;rgba(255,255,255,0)&#8221; custom_padding=&#8221;75px|0px|100px|0px|false|false&#8221;][et_pb_row admin_label=&#8221;Tittle&#8221; _builder_version=&#8221;4.6.3&#8243; custom_padding=&#8221;1px||75px|||&#8221;][et_pb_column type=&#8221;4_4&#8243; _builder_version=&#8221;3.25&#8243; custom_padding=&#8221;|||&#8221; custom_padding__hover=&#8221;|||&#8221;][et_pb_text _builder_version=&#8221;4.6.3&#8243; text_font=&#8221;Gotham kinda bold||||||||&#8221; text_text_color=&#8221;#000000&#8243; text_line_height=&#8221;1.8em&#8221; header_font=&#8221;||||||||&#8221; header_text_align=&#8221;center&#8221; header_text_color=&#8221;#535b7c&#8221; header_2_font=&#8221;Gotham||||||||&#8221; header_2_text_color=&#8221;#000000&#8243; header_2_font_size=&#8221;35px&#8221; header_2_line_height=&#8221;1.3em&#8221; text_orientation=&#8221;center&#8221; max_width=&#8221;700px&#8221; module_alignment=&#8221;center&#8221; hover_enabled=&#8221;0&#8243; sticky_enabled=&#8221;0&#8243;]<p><span style=\"font-weight: 400;\">La collaborazione costituisce una parte importante del progetto AMELIE. I membri del consorzio collaboreranno con diverse parti terze. Ci\u00f2 garantir\u00e0 un'efficace diffusione e sfruttamento della nostra ricerca e dei nostri risultati.\u00a0<\/span><\/p>[\/et_pb_text][\/et_pb_column][\/et_pb_row][et_pb_row column_structure=&#8221;1_2,1_2&#8243; use_custom_gutter=&#8221;on&#8221; gutter_width=&#8221;1&#8243; _builder_version=&#8221;4.6.3&#8243; custom_padding=&#8221;0px|0px|0px|0px&#8221; animation_style=&#8221;zoom&#8221; animation_intensity_zoom=&#8221;6%&#8221; box_shadow_style=&#8221;preset1&#8243; box_shadow_vertical=&#8221;10px&#8221; box_shadow_blur=&#8221;60px&#8221; box_shadow_color=&#8221;rgba(71,74,182,0.12)&#8221;][et_pb_column type=&#8221;1_2&#8243; module_class=&#8221;et_pb_column_1_2&#8243; _builder_version=&#8221;4.6.3&#8243; custom_padding=&#8221;|||&#8221; parallax__hover=&#8221;off&#8221; parallax_method__hover=&#8221;on&#8221; module_class__hover=&#8221;et_pb_column_1_2&#8243; custom_padding__hover=&#8221;|||&#8221;][et_pb_blurb title=&#8221;Charities and the Third Sector&#8221; url=&#8221;#&#8221; image_max_width=&#8221;65px&#8221; content_max_width=&#8221;1100px&#8221; _builder_version=&#8221;4.6.3&#8243; header_font=&#8221;Gotham|600|||||||&#8221; header_text_align=&#8221;center&#8221; header_text_color=&#8221;#2e2545&#8243; header_line_height=&#8221;1.5em&#8221; body_font=&#8221;Gotham kinda bold||||||||&#8221; body_text_color=&#8221;#000000&#8243; body_line_height=&#8221;1.9em&#8221; background_color=&#8221;#ffffff&#8221; module_alignment=&#8221;left&#8221; custom_margin=&#8221;|||&#8221; custom_padding=&#8221;60px|40px|60px|40px|false|false&#8221; animation_style=&#8221;slide&#8221; animation_direction=&#8221;top&#8221; animation_intensity_slide=&#8221;5%&#8221; animation_starting_opacity=&#8221;100%&#8221; hover_enabled=&#8221;0&#8243; border_radii=&#8221;on|4px|4px|4px|4px&#8221; border_width_top=&#8221;10px&#8221; border_color_top=&#8221;rgba(0,0,0,0)&#8221; box_shadow_style=&#8221;preset7&#8243; box_shadow_horizontal=&#8221;-1px&#8221; box_shadow_vertical=&#8221;-1px&#8221; box_shadow_color=&#8221;#f0f0fa&#8221; locked=&#8221;off&#8221; border_color_top__hover=&#8221;#3d72e7&#8243; border_color_top__hover_enabled=&#8221;on|hover&#8221; background__hover_enabled=&#8221;on|desktop&#8221; sticky_enabled=&#8221;0&#8243;]<p style=\"text-align: center;\">Bowel Research UK coordiner\u00e0 l'interazione con altre associazioni di beneficenza per l'incontinenza in tutta Europa per diffondere informazioni sulla nostra tecnologia cellulare microportatrice impiantabile, sensibilizzare sullo studio clinico per aumentare il reclutamento e coinvolgere il pubblico in generale.<\/p>[\/et_pb_blurb][et_pb_blurb title=&#8221;Patients and the Public &#8221; url=&#8221;#&#8221; image_max_width=&#8221;65px&#8221; content_max_width=&#8221;1100px&#8221; _builder_version=&#8221;4.6.3&#8243; header_font=&#8221;Gotham|600|||||||&#8221; header_text_align=&#8221;center&#8221; header_text_color=&#8221;#2e2545&#8243; header_line_height=&#8221;1.5em&#8221; body_font=&#8221;Gotham kinda bold||||||||&#8221; body_text_color=&#8221;#000000&#8243; body_line_height=&#8221;1.9em&#8221; module_alignment=&#8221;left&#8221; custom_margin=&#8221;|||&#8221; custom_padding=&#8221;60px|40px|60px|40px|false|false&#8221; animation_style=&#8221;slide&#8221; animation_direction=&#8221;top&#8221; animation_intensity_slide=&#8221;5%&#8221; animation_starting_opacity=&#8221;100%&#8221; border_radii=&#8221;on|4px|4px|4px|4px&#8221; border_width_top=&#8221;10px&#8221; border_color_top=&#8221;rgba(0,0,0,0)&#8221; box_shadow_style=&#8221;preset7&#8243; box_shadow_horizontal=&#8221;-1px&#8221; box_shadow_vertical=&#8221;-1px&#8221; box_shadow_color=&#8221;#f0f0fa&#8221; locked=&#8221;off&#8221; border_color_top__hover=&#8221;#3d72e7&#8243; border_color_top__hover_enabled=&#8221;on|hover&#8221; background_color=&#8221;#ffffff&#8221; background__hover_enabled=&#8221;on|desktop&#8221;]<p style=\"text-align: center;\">Nonostante la stigmatizzazione associata all'IF, i pazienti e il pubblico informato sono la migliore fonte di informazioni sugli effetti di questa condizione. Un impegno efficace con i pazienti e il pubblico non si limiter\u00e0 a informare le persone sulla nostra ricerca e sulle nuove tecnologie, ma dovr\u00e0 creare i canali per un dialogo reciproco. L'impegno con i pazienti e il pubblico, guidato dal Bowel Research UK, ci offre opportunit\u00e0 essenziali per ottenere un contributo prezioso allo sviluppo della tecnologia impiantabile microportatrice di cellule.<\/p>[\/et_pb_blurb][\/et_pb_column][et_pb_column type=&#8221;1_2&#8243; module_class=&#8221;et_pb_column_1_2&#8243; _builder_version=&#8221;4.6.3&#8243; custom_padding=&#8221;|||&#8221; parallax__hover=&#8221;off&#8221; parallax_method__hover=&#8221;on&#8221; module_class__hover=&#8221;et_pb_column_1_2&#8243; custom_padding__hover=&#8221;|||&#8221;][et_pb_blurb title=&#8221;Healthcare Professionals &#8221; url=&#8221;#&#8221; image_max_width=&#8221;65px&#8221; content_max_width=&#8221;1100px&#8221; _builder_version=&#8221;4.6.3&#8243; header_font=&#8221;Gotham|600|||||||&#8221; header_text_align=&#8221;center&#8221; header_text_color=&#8221;#2e2545&#8243; header_line_height=&#8221;1.5em&#8221; body_font=&#8221;Gotham kinda bold||||||||&#8221; body_text_color=&#8221;#000000&#8243; body_line_height=&#8221;1.9em&#8221; module_alignment=&#8221;left&#8221; custom_margin=&#8221;|||&#8221; custom_padding=&#8221;60px|40px|60px|40px|false|false&#8221; animation_style=&#8221;slide&#8221; animation_direction=&#8221;top&#8221; animation_intensity_slide=&#8221;5%&#8221; animation_starting_opacity=&#8221;100%&#8221; border_radii=&#8221;on|4px|4px|4px|4px&#8221; border_width_top=&#8221;10px&#8221; border_color_top=&#8221;rgba(0,0,0,0)&#8221; box_shadow_style=&#8221;preset7&#8243; box_shadow_horizontal=&#8221;-1px&#8221; box_shadow_vertical=&#8221;-1px&#8221; box_shadow_color=&#8221;#f0f0fa&#8221; locked=&#8221;off&#8221; border_color_top__hover=&#8221;#3d72e7&#8243; border_color_top__hover_enabled=&#8221;on|hover&#8221; background_color=&#8221;#ffffff&#8221; background__hover_enabled=&#8221;on|desktop&#8221;]<p style=\"text-align: center;\">Il coinvolgimento di medici e operatori sanitari di tutta Europa dar\u00e0 forma al progetto AMELIE. La collaborazione con questi gruppi garantir\u00e0 un cambiamento significativo nel programma di ricerca, fornendo un percorso di traduzione e aumentando la probabilit\u00e0 di un'accettazione e di un'adozione diffusa della nostra tecnologia cellulare microportante impiantabile.<\/p>[\/et_pb_blurb][et_pb_blurb title=&#8221;Business and Industry&#8221; url=&#8221;#&#8221; image_max_width=&#8221;65px&#8221; content_max_width=&#8221;1100px&#8221; _builder_version=&#8221;4.6.3&#8243; header_font=&#8221;Gotham|600|||||||&#8221; header_text_align=&#8221;center&#8221; header_text_color=&#8221;#2e2545&#8243; header_line_height=&#8221;1.5em&#8221; body_font=&#8221;Gotham kinda bold||||||||&#8221; body_text_color=&#8221;#000000&#8243; body_line_height=&#8221;1.9em&#8221; module_alignment=&#8221;left&#8221; custom_margin=&#8221;|||&#8221; custom_padding=&#8221;60px|40px|60px|40px|false|false&#8221; animation_style=&#8221;slide&#8221; animation_direction=&#8221;top&#8221; animation_intensity_slide=&#8221;5%&#8221; animation_starting_opacity=&#8221;100%&#8221; border_radii=&#8221;on|4px|4px|4px|4px&#8221; border_width_top=&#8221;10px&#8221; border_color_top=&#8221;rgba(0,0,0,0)&#8221; box_shadow_style=&#8221;preset7&#8243; box_shadow_horizontal=&#8221;-1px&#8221; box_shadow_vertical=&#8221;-1px&#8221; box_shadow_color=&#8221;#f0f0fa&#8221; locked=&#8221;off&#8221; border_color_top__hover=&#8221;#3d72e7&#8243; border_color_top__hover_enabled=&#8221;on|hover&#8221; background_color=&#8221;#ffffff&#8221; background__hover_enabled=&#8221;on|desktop&#8221; hover_enabled=&#8221;0&#8243; sticky_enabled=&#8221;0&#8243;]<p style=\"text-align: center;\"><span style=\"font-weight: 400;\">Le terze parti di AMELIE costituiranno un punto di accesso per un impegno precoce e continuo dei principali beneficiari commerciali e industriali. Utilizzeremo anche i legami esistenti tra i membri del consorzio e i produttori. La collaborazione con l'industria fornir\u00e0 ulteriori informazioni sulle potenziali sfide da affrontare nella commercializzazione della tecnologia delle microcelle impiantabili e potenzialmente fornir\u00e0 opportunit\u00e0 per intraprendere un successivo sviluppo traslazionale per la FI e altre patologie.<\/span><i><span style=\"font-weight: 400;\">\u00a0<\/span><\/i><\/p>\n<p style=\"text-align: center;\">\n[\/et_pb_blurb][\/et_pb_column][\/et_pb_row][\/et_pb_section][et_pb_section fb_built=&#8221;1&#8243; disabled_on=&#8221;on|on|on&#8221; admin_label=&#8221;Center Aligned Text &#8221; _builder_version=&#8221;4.6.3&#8243; background_enable_color=&#8221;off&#8221; use_background_color_gradient=&#8221;on&#8221; background_color_gradient_start=&#8221;#3288ff&#8221; background_color_gradient_end=&#8221;#30bae8&#8243; background_color_gradient_direction=&#8221;135deg&#8221; background_image=&#8221;https:\/\/amelie-project.eu\/wp-content\/uploads\/2020\/09\/coding-background-texture.jpg&#8221; background_blend=&#8221;overlay&#8221; custom_padding=&#8221;100px|0px|100px|0px&#8221; animation_style=&#8221;zoom&#8221; animation_direction=&#8221;bottom&#8221; animation_intensity_zoom=&#8221;8%&#8221; animation_starting_opacity=&#8221;100%&#8221; disabled=&#8221;on&#8221;][et_pb_row admin_label=&#8221;Tittle&#8221; _builder_version=&#8221;4.6.3&#8243; custom_padding=&#8221;||0px|||&#8221;][et_pb_column type=&#8221;4_4&#8243; _builder_version=&#8221;3.25&#8243; custom_padding=&#8221;|||&#8221; custom_padding__hover=&#8221;|||&#8221;][et_pb_text _builder_version=&#8221;4.6.3&#8243; text_font=&#8221;Gotham kinda bold||||||||&#8221; text_text_color=&#8221;#ffffff&#8221; text_line_height=&#8221;1.8em&#8221; header_font=&#8221;Gotham kinda bold||||||||&#8221; header_text_color=&#8221;#ffffff&#8221; header_2_font=&#8221;Gotham||||||||&#8221; header_2_text_color=&#8221;#ffffff&#8221; header_2_font_size=&#8221;45px&#8221; header_2_line_height=&#8221;1.3em&#8221; text_orientation=&#8221;center&#8221; background_layout=&#8221;dark&#8221; max_width=&#8221;700px&#8221; module_alignment=&#8221;center&#8221; text_line_height_tablet=&#8221;1.7em&#8221; text_line_height_last_edited=&#8221;off|desktop&#8221;]<h2>Heading 2<\/h2>\n<p>Lorem ipsum dolor sit amet, consectetur adipiscing elit, sed do eiusmod tempor incididunt ut labore et dolore magna aliqua. Ut enim ad minim veniam, quis nostrud exe.<\/p>[\/et_pb_text][\/et_pb_column][\/et_pb_row][et_pb_row admin_label=&#8221;Image Row&#8221; _builder_version=&#8221;3.25&#8243; custom_padding=&#8221;0px||||false|false&#8221;][et_pb_column type=&#8221;4_4&#8243; _builder_version=&#8221;3.25&#8243; custom_padding=&#8221;|||&#8221; custom_padding__hover=&#8221;|||&#8221;][et_pb_image src=&#8221;https:\/\/amelie-project.eu\/wp-content\/uploads\/2020\/10\/glowthing.png&#8221; title_text=&#8221;glowthing&#8221; show_bottom_space=&#8221;off&#8221; align=&#8221;center&#8221; align_tablet=&#8221;center&#8221; align_phone=&#8221;&#8221; align_last_edited=&#8221;on|desktop&#8221; _builder_version=&#8221;4.6.3&#8243; transform_scale_tablet=&#8221;&#8221; transform_scale_phone=&#8221;&#8221; transform_scale_last_edited=&#8221;on|phone&#8221; transform_translate_tablet=&#8221;&#8221; transform_translate_phone=&#8221;-17%|0px&#8221; transform_translate_last_edited=&#8221;on|desktop&#8221; transform_translate_linked_phone=&#8221;off&#8221; transform_rotate_tablet=&#8221;&#8221; transform_rotate_phone=&#8221;&#8221; transform_rotate_last_edited=&#8221;on|phone&#8221; transform_skew_tablet=&#8221;&#8221; transform_skew_phone=&#8221;&#8221; transform_skew_last_edited=&#8221;on|phone&#8221; transform_origin_tablet=&#8221;&#8221; transform_origin_phone=&#8221;&#8221; transform_origin_last_edited=&#8221;on|phone&#8221; transform_styles_last_edited=&#8221;on|desktop&#8221; width=&#8221;64%&#8221; width_tablet=&#8221;100%&#8221; width_phone=&#8221;150%&#8221; width_last_edited=&#8221;on|phone&#8221; custom_padding=&#8221;||100px||false|false&#8221; animation_style=&#8221;slide&#8221; animation_duration=&#8221;850ms&#8221; animation_intensity_slide=&#8221;10%&#8221; transform_styles_tablet=&#8221;&#8221; transform_styles_phone=&#8221;&#8221; border_color_all=&#8221;rgba(51,51,51,0.1)&#8221; border_color_bottom=&#8221;#ededed&#8221;][\/et_pb_image][\/et_pb_column][\/et_pb_row][\/et_pb_section][et_pb_section fb_built=&#8221;1&#8243; _builder_version=&#8221;4.6.3&#8243; _module_preset=&#8221;default&#8221;][\/et_pb_section]","protected":false},"excerpt":{"rendered":"<p><div class=\"et_pb_module dsm_block_reveal_text dsm_block_reveal_text_0\">\n\t\t\t\t\n\t\t\t\t\n\t\t\t\t\n\t\t\t\t\n\t\t\t\t\n\t\t\t\t\n\t\t\t\t<div class=\"et_pb_module_inner\">\n\t\t\t\t\t<div class=\"dsm_block_reveal_text_wrapper\" data-dsm-block-reveal-animation=\"lr\" data-dsm-block-reveal-color=\"#0e94f9\" data-dsm-block-reveal-delay=\"0\" data-dsm-block-reveal-viewport=\"80%\"><h1 class=\"dsm_block_reveal_text_header et_pb_module_header\">COLLABORAZIONE<\/h1><\/div>\n\t\t\t\t<\/div>\n\t\t\t<\/div>Collaboration forms a huge part of the AMELIE project. Consortium members will be collaborating with a number of third parties. This will ensure of the effective dissemination and exploitation of our research and results.\u00a0Bowel Research UK will coordinate interaction with other incontinence charities across Europe to disseminate information about our implantable cell-microcarrier technology, raise awareness of the clinical study to boost recruitment and engage the wider public.Despite the stigmatization associated with FI, patients and the informed public are the best source of information about the effects of this condition. Effective engagement with patients and the public will not be limited to telling people about our research and new technology, but about creating the channels for a reciprocal dialogue. Engagement with patients and the public, led by Bowel Research UK, provides us with essential opportunities to gain valuable input to the development of the implantable cell-microcarrier technology.Engaging clinicians and allied health professionals across Europe will shape the AMELIE project. Collaborating with these groups will ensure meaningful change in the research programme, providing a route to translation and increase the likelihood of widespread acceptance and adoption [&hellip;]<\/p>","protected":false},"author":1,"featured_media":0,"parent":0,"menu_order":0,"comment_status":"closed","ping_status":"closed","template":"","meta":{"_et_pb_use_builder":"on","_et_pb_old_content":"","_et_gb_content_width":"","_coblocks_attr":"","_coblocks_dimensions":"","_coblocks_responsive_height":"","_coblocks_accordion_ie_support":"","footnotes":"","_links_to":"","_links_to_target":""},"class_list":["post-28695","page","type-page","status-publish","hentry"],"_links":{"self":[{"href":"https:\/\/amelie-project.eu\/it\/wp-json\/wp\/v2\/pages\/28695","targetHints":{"allow":["GET"]}}],"collection":[{"href":"https:\/\/amelie-project.eu\/it\/wp-json\/wp\/v2\/pages"}],"about":[{"href":"https:\/\/amelie-project.eu\/it\/wp-json\/wp\/v2\/types\/page"}],"author":[{"embeddable":true,"href":"https:\/\/amelie-project.eu\/it\/wp-json\/wp\/v2\/users\/1"}],"replies":[{"embeddable":true,"href":"https:\/\/amelie-project.eu\/it\/wp-json\/wp\/v2\/comments?post=28695"}],"version-history":[{"count":22,"href":"https:\/\/amelie-project.eu\/it\/wp-json\/wp\/v2\/pages\/28695\/revisions"}],"predecessor-version":[{"id":31160,"href":"https:\/\/amelie-project.eu\/it\/wp-json\/wp\/v2\/pages\/28695\/revisions\/31160"}],"wp:attachment":[{"href":"https:\/\/amelie-project.eu\/it\/wp-json\/wp\/v2\/media?parent=28695"}],"curies":[{"name":"wp","href":"https:\/\/api.w.org\/{rel}","templated":true}]}}