{"id":28371,"date":"2020-09-03T09:02:33","date_gmt":"2020-09-03T09:02:33","guid":{"rendered":"https:\/\/amelie-project.eu\/?page_id=28371"},"modified":"2021-01-26T10:47:43","modified_gmt":"2021-01-26T10:47:43","slug":"benefici-di-amelie","status":"publish","type":"page","link":"https:\/\/amelie-project.eu\/it\/benefici-di-amelie\/","title":{"rendered":"Vantaggi di AMELIE"},"content":{"rendered":"[et_pb_section fb_built=&#8221;1&#8243; custom_padding_last_edited=&#8221;on|phone&#8221; disabled_on=&#8221;off|off|off&#8221; admin_label=&#8221;Hero section&#8221; _builder_version=&#8221;4.6.3&#8243; background_image=&#8221;https:\/\/amelie-project.eu\/wp-content\/uploads\/2020\/10\/AMELIEHEADERBACKGOUND-01-scaled.jpg&#8221; background_position=&#8221;center_left&#8221; custom_margin=&#8221;|||&#8221; custom_padding=&#8221;7%||7%||true|false&#8221; custom_padding_tablet=&#8221;15%||15%||true|false&#8221; custom_padding_phone=&#8221;&#8221;][et_pb_row use_custom_gutter=&#8221;on&#8221; gutter_width=&#8221;1&#8243; custom_padding_last_edited=&#8221;on|desktop&#8221; _builder_version=&#8221;4.6.3&#8243; _module_preset=&#8221;default&#8221; width=&#8221;100%&#8221; module_alignment=&#8221;left&#8221; custom_padding=&#8221;|||4%|false|false&#8221; custom_padding_tablet=&#8221;|||6%|false|false&#8221; custom_padding_phone=&#8221;|||7%|false|false&#8221;][et_pb_column type=&#8221;4_4&#8243; _builder_version=&#8221;4.6.3&#8243; _module_preset=&#8221;default&#8221;][dsm_block_reveal_text block_reveal_text=&#8221;BENEFITS&#8221; heading_html_tag=&#8221;h1&#8243; block_reveal_color=&#8221;#0e94f9&#8243; block_reveal_delay=&#8221;0&#8243; _builder_version=&#8221;4.6.3&#8243; _module_preset=&#8221;default&#8221; header_font=&#8221;AMELIE||||||||&#8221; header_text_color=&#8221;#0e94f9&#8243; header_font_size=&#8221;4vw&#8221; custom_padding=&#8221;||||false|false&#8221; custom_padding_tablet=&#8221;||||false|false&#8221; custom_padding_phone=&#8221;||||false|false&#8221; custom_padding_last_edited=&#8221;on|phone&#8221; header_font_size_tablet=&#8221;8vw&#8221; header_font_size_phone=&#8221;10vw&#8221; header_font_size_last_edited=&#8221;on|desktop&#8221;][\/dsm_block_reveal_text][dsm_block_reveal_text block_reveal_text=&#8221;OF AMELIE&#8221; block_reveal_color=&#8221;#0e94f9&#8243; _builder_version=&#8221;4.6.3&#8243; _module_preset=&#8221;default&#8221; header_font=&#8221;AMELIE||||||||&#8221; header_text_color=&#8221;#0e94f9&#8243; header_font_size=&#8221;3vw&#8221; custom_padding=&#8221;||||false|false&#8221; custom_padding_tablet=&#8221;||||false|false&#8221; custom_padding_phone=&#8221;||||false|false&#8221; custom_padding_last_edited=&#8221;on|phone&#8221; header_font_size_tablet=&#8221;6vw&#8221; header_font_size_phone=&#8221;7vw&#8221; header_font_size_last_edited=&#8221;on|desktop&#8221;][\/dsm_block_reveal_text][\/et_pb_column][\/et_pb_row][\/et_pb_section][et_pb_section fb_built=&#8221;1&#8243; custom_padding_last_edited=&#8221;on|phone&#8221; _builder_version=&#8221;4.6.3&#8243; transform_scale_tablet=&#8221;90%|90%&#8221; transform_scale_last_edited=&#8221;off|desktop&#8221; transform_translate_last_edited=&#8221;off|desktop&#8221; transform_rotate_last_edited=&#8221;off|desktop&#8221; transform_skew_last_edited=&#8221;off|desktop&#8221; transform_origin_last_edited=&#8221;off|desktop&#8221; transform_styles_last_edited=&#8221;off|desktop&#8221; custom_margin=&#8221;||||false|false&#8221; custom_padding=&#8221;100px|0px|100px|0px&#8221; custom_padding_tablet=&#8221;35px|0px|35px|0px|true|false&#8221; custom_padding_phone=&#8221;15px||15px||true|false&#8221;][et_pb_row column_structure=&#8221;1_3,1_3,1_3&#8243; _builder_version=&#8221;4.6.3&#8243; _module_preset=&#8221;default&#8221; animation_style=&#8221;slide&#8221; animation_direction=&#8221;bottom&#8221; animation_intensity_slide=&#8221;11%&#8221;][et_pb_column type=&#8221;1_3&#8243; _builder_version=&#8221;4.6.3&#8243; _module_preset=&#8221;default&#8221;][dsm_tilt_image src=&#8221;https:\/\/amelie-project.eu\/wp-content\/uploads\/2020\/09\/science1shadow-4.png&#8221; title_text=&#8221;science1shadow&#8221; dsm_tilt_mobile=&#8221;on&#8221; dsm_tilt_scale=&#8221;1.1&#8243; dsm_tilt_max=&#8221;15&#8243; dsm_use_glare=&#8221;on&#8221; dsm_tilt_glare=&#8221;0.5&#8243; _builder_version=&#8221;4.6.3&#8243; _module_preset=&#8221;default&#8221;][\/dsm_tilt_image][et_pb_text _builder_version=&#8221;4.6.3&#8243; text_font=&#8221;Gotham kinda bold||||||||&#8221; text_text_color=&#8221;#000000&#8243; text_font_size=&#8221;16px&#8221; text_line_height=&#8221;1.6em&#8221; header_font=&#8221;Gotham kinda bold|||on|||||&#8221; header_text_color=&#8221;#000000&#8243; header_font_size=&#8221;15px&#8221; header_letter_spacing=&#8221;1px&#8221; header_line_height=&#8221;1.4em&#8221; header_2_font=&#8221;Gotham kinda bold|||on|||||&#8221; header_2_text_color=&#8221;#000000&#8243; header_2_font_size=&#8221;15px&#8221; header_2_letter_spacing=&#8221;1px&#8221; header_2_line_height=&#8221;1.4em&#8221; header_3_font=&#8221;Gotham kinda bold|||on|||||&#8221; header_3_text_color=&#8221;#000000&#8243; header_3_font_size=&#8221;15px&#8221; header_3_letter_spacing=&#8221;1px&#8221; header_3_line_height=&#8221;1.4em&#8221; header_4_font=&#8221;Gotham kinda bold|||on|||||&#8221; header_4_text_color=&#8221;#000000&#8243; header_4_font_size=&#8221;17px&#8221; header_4_letter_spacing=&#8221;1px&#8221; header_4_line_height=&#8221;1.4em&#8221; header_5_font=&#8221;Gotham kinda bold|||on|||||&#8221; header_5_text_color=&#8221;#000000&#8243; header_5_font_size=&#8221;15px&#8221; header_5_letter_spacing=&#8221;1px&#8221; header_5_line_height=&#8221;1.4em&#8221; header_6_font=&#8221;Gotham kinda bold|||on|||||&#8221; header_6_text_color=&#8221;#000000&#8243; header_6_font_size=&#8221;15px&#8221; header_6_letter_spacing=&#8221;1px&#8221; header_6_line_height=&#8221;1.4em&#8221; text_orientation=&#8221;center&#8221; max_width=&#8221;800px&#8221; module_alignment=&#8221;center&#8221; locked=&#8221;off&#8221;]<p>Identificazione di potenziali nuove terapie rigenerative per rispondere alle esigenze cliniche insoddisfatte di ampi gruppi di pazienti.<\/p>[\/et_pb_text][\/et_pb_column][et_pb_column type=&#8221;1_3&#8243; _builder_version=&#8221;4.6.3&#8243; _module_preset=&#8221;default&#8221;][dsm_tilt_image src=&#8221;https:\/\/amelie-project.eu\/wp-content\/uploads\/2020\/09\/science2shadow.png&#8221; title_text=&#8221;science2shadow&#8221; dsm_tilt_mobile=&#8221;on&#8221; dsm_tilt_scale=&#8221;1.1&#8243; dsm_tilt_max=&#8221;15&#8243; dsm_use_glare=&#8221;on&#8221; dsm_tilt_glare=&#8221;0.5&#8243; _builder_version=&#8221;4.6.3&#8243; _module_preset=&#8221;default&#8221;][\/dsm_tilt_image][et_pb_text _builder_version=&#8221;4.6.3&#8243; text_font=&#8221;Gotham kinda bold||||||||&#8221; text_text_color=&#8221;#000000&#8243; text_font_size=&#8221;16px&#8221; text_line_height=&#8221;1.6em&#8221; header_font=&#8221;Gotham kinda bold|||on|||||&#8221; header_text_color=&#8221;#000000&#8243; header_font_size=&#8221;15px&#8221; header_letter_spacing=&#8221;1px&#8221; header_line_height=&#8221;1.4em&#8221; header_2_font=&#8221;Gotham kinda bold|||on|||||&#8221; header_2_text_color=&#8221;#000000&#8243; header_2_font_size=&#8221;15px&#8221; header_2_letter_spacing=&#8221;1px&#8221; header_2_line_height=&#8221;1.4em&#8221; header_3_font=&#8221;Gotham kinda bold|||on|||||&#8221; header_3_text_color=&#8221;#000000&#8243; header_3_font_size=&#8221;15px&#8221; header_3_letter_spacing=&#8221;1px&#8221; header_3_line_height=&#8221;1.4em&#8221; header_4_font=&#8221;Gotham kinda bold|||on|||||&#8221; header_4_text_color=&#8221;#000000&#8243; header_4_font_size=&#8221;17px&#8221; header_4_letter_spacing=&#8221;1px&#8221; header_4_line_height=&#8221;1.4em&#8221; header_5_font=&#8221;Gotham kinda bold|||on|||||&#8221; header_5_text_color=&#8221;#000000&#8243; header_5_font_size=&#8221;15px&#8221; header_5_letter_spacing=&#8221;1px&#8221; header_5_line_height=&#8221;1.4em&#8221; header_6_font=&#8221;Gotham kinda bold|||on|||||&#8221; header_6_text_color=&#8221;#000000&#8243; header_6_font_size=&#8221;15px&#8221; header_6_letter_spacing=&#8221;1px&#8221; header_6_line_height=&#8221;1.4em&#8221; text_orientation=&#8221;center&#8221; max_width=&#8221;800px&#8221; module_alignment=&#8221;center&#8221; locked=&#8221;off&#8221;]<p>La posizione dell'Europa nella medicina rigenerativa traslazionale si \u00e8 rafforzata.<\/p>[\/et_pb_text][\/et_pb_column][et_pb_column type=&#8221;1_3&#8243; _builder_version=&#8221;4.6.3&#8243; _module_preset=&#8221;default&#8221;][dsm_tilt_image src=&#8221;https:\/\/amelie-project.eu\/wp-content\/uploads\/2020\/09\/science3shadow-2.png&#8221; title_text=&#8221;science3shadow&#8221; dsm_tilt_mobile=&#8221;on&#8221; dsm_tilt_scale=&#8221;1.1&#8243; dsm_tilt_max=&#8221;15&#8243; dsm_use_glare=&#8221;on&#8221; dsm_tilt_glare=&#8221;0.5&#8243; _builder_version=&#8221;4.6.3&#8243; _module_preset=&#8221;default&#8221;][\/dsm_tilt_image][et_pb_text _builder_version=&#8221;4.6.3&#8243; text_font=&#8221;Gotham kinda bold||||||||&#8221; text_text_color=&#8221;#000000&#8243; text_font_size=&#8221;16px&#8221; text_line_height=&#8221;1.6em&#8221; header_font=&#8221;Gotham kinda bold|||on|||||&#8221; header_text_color=&#8221;#000000&#8243; header_font_size=&#8221;15px&#8221; header_letter_spacing=&#8221;1px&#8221; header_line_height=&#8221;1.4em&#8221; header_2_font=&#8221;Gotham kinda bold|||on|||||&#8221; header_2_text_color=&#8221;#000000&#8243; header_2_font_size=&#8221;15px&#8221; header_2_letter_spacing=&#8221;1px&#8221; header_2_line_height=&#8221;1.4em&#8221; header_3_font=&#8221;Gotham kinda bold|||on|||||&#8221; header_3_text_color=&#8221;#000000&#8243; header_3_font_size=&#8221;15px&#8221; header_3_letter_spacing=&#8221;1px&#8221; header_3_line_height=&#8221;1.4em&#8221; header_4_font=&#8221;Gotham kinda bold|||on|||||&#8221; header_4_text_color=&#8221;#000000&#8243; header_4_font_size=&#8221;17px&#8221; header_4_letter_spacing=&#8221;1px&#8221; header_4_line_height=&#8221;1.4em&#8221; header_5_font=&#8221;Gotham kinda bold|||on|||||&#8221; header_5_text_color=&#8221;#000000&#8243; header_5_font_size=&#8221;15px&#8221; header_5_letter_spacing=&#8221;1px&#8221; header_5_line_height=&#8221;1.4em&#8221; header_6_font=&#8221;Gotham kinda bold|||on|||||&#8221; header_6_text_color=&#8221;#000000&#8243; header_6_font_size=&#8221;15px&#8221; header_6_letter_spacing=&#8221;1px&#8221; header_6_line_height=&#8221;1.4em&#8221; text_orientation=&#8221;center&#8221; max_width=&#8221;800px&#8221; module_alignment=&#8221;center&#8221; locked=&#8221;off&#8221;]<p>Nuove terapie per le principali malattie e condizioni umane e nuovi approcci terapeutici in fase di sviluppo.<\/p>[\/et_pb_text][\/et_pb_column][\/et_pb_row][\/et_pb_section][et_pb_section fb_built=&#8221;1&#8243; _builder_version=&#8221;3.22&#8243; background_color=&#8221;rgba(0,0,0,0.03)&#8221; background_position=&#8221;top_center&#8221; custom_margin=&#8221;|||&#8221; custom_padding=&#8221;100px||100px|&#8221;][et_pb_row use_custom_gutter=&#8221;on&#8221; gutter_width=&#8221;4&#8243; _builder_version=&#8221;4.6.3&#8243; custom_margin=&#8221;||||false|false&#8221; custom_padding=&#8221;0px|||&#8221;][et_pb_column type=&#8221;4_4&#8243; _builder_version=&#8221;3.25&#8243; custom_padding=&#8221;|||&#8221; parallax__hover=&#8221;off&#8221; parallax_method__hover=&#8221;on&#8221; custom_padding__hover=&#8221;|||&#8221;][et_pb_blurb title=&#8221;Potential new regenerative therapies to address unmet clinical needs of large patient groups identified&#8221; url=&#8221;#&#8221; icon_placement=&#8221;left&#8221; image_max_width=&#8221;64px&#8221; content_max_width=&#8221;1400px&#8221; admin_label=&#8221;Chapter&#8221; _builder_version=&#8221;4.6.3&#8243; header_font=&#8221;Gotham kinda bold||||||||&#8221; header_text_color=&#8221;#000000&#8243; header_line_height=&#8221;1.5em&#8221; body_font=&#8221;Gotham kinda bold||||||||&#8221; body_text_color=&#8221;#000000&#8243; body_font_size=&#8221;16px&#8221; body_line_height=&#8221;1.9em&#8221; background_color=&#8221;#ffffff&#8221; custom_margin=&#8221;|||&#8221; custom_padding=&#8221;30px|40px|30px|40px&#8221; animation_style=&#8221;zoom&#8221; animation_direction=&#8221;bottom&#8221; animation_intensity_zoom=&#8221;20%&#8221; animation_starting_opacity=&#8221;100%&#8221; box_shadow_style=&#8221;preset2&#8243; box_shadow_horizontal=&#8221;0px&#8221; box_shadow_vertical=&#8221;0px&#8221; box_shadow_blur=&#8221;60px&#8221; box_shadow_color=&#8221;rgba(10,3,3,0.06)&#8221; locked=&#8221;off&#8221;]<p><span style=\"font-weight: 400;\">L'IF \u00e8 una condizione comune che colpisce ~9% di adulti europei. Questa cifra \u00e8 sottostimata, poich\u00e9 circa 70% di pazienti affetti da IF non si rivolgono a un operatore sanitario per la loro condizione. Solo una parte di quelli che lo fanno cercheranno un ulteriore trattamento, ma ~50% non saranno adatti alle opzioni attuali. L'approccio di AMELIE presenta numerosi vantaggi rispetto ad altri interventi chirurgici, che comportano il rischio di infezioni, dolore e difetti\/dislocazioni dell'elettrocatetere, che possono causare uno stoma permanente. L'effetto del miglioramento della continenza a seguito del trattamento avr\u00e0 un impatto che va oltre le persone che soffrono immediatamente della condizione, come gli assistenti e le persone in lista d'attesa nelle case di cura.<\/span><span style=\"font-weight: 400;\">\u00a0<\/span><\/p>\n<p><span style=\"font-weight: 400;\">Se efficace, il trattamento con la tecnologia impiantabile a microportatori cellulari avr\u00e0 un impatto significativo sulla qualit\u00e0 della vita dei cittadini dell'UE.<\/span> <span style=\"font-weight: 400;\">Promozione di questo trattamento come approccio realistico per <\/span><i><span style=\"font-weight: 400;\">trattamento<\/span><\/i><span style=\"font-weight: 400;\"> incontinenza piuttosto che la gestione dei sintomi, aumenter\u00e0 la probabilit\u00e0 che i pazienti con IF consultino un operatore sanitario in merito alla loro condizione e quindi aumenter\u00e0 il numero di pazienti che il trattamento pu\u00f2 raggiungere.<\/span><\/p>[\/et_pb_blurb][et_pb_blurb title=&#8221;Europe\u2019s position in translational regenerative medicine strengthened &#8221; url=&#8221;#&#8221; icon_placement=&#8221;left&#8221; image_max_width=&#8221;64px&#8221; content_max_width=&#8221;1400px&#8221; admin_label=&#8221;Chapter&#8221; _builder_version=&#8221;4.6.3&#8243; header_font=&#8221;Gotham kinda bold||||||||&#8221; header_text_color=&#8221;#000000&#8243; header_line_height=&#8221;1.5em&#8221; body_font=&#8221;Gotham kinda bold||||||||&#8221; body_text_color=&#8221;#000000&#8243; body_font_size=&#8221;16px&#8221; body_line_height=&#8221;1.9em&#8221; background_color=&#8221;#ffffff&#8221; custom_margin=&#8221;|||&#8221; custom_padding=&#8221;30px|40px|30px|40px&#8221; animation_style=&#8221;zoom&#8221; animation_direction=&#8221;bottom&#8221; animation_intensity_zoom=&#8221;20%&#8221; animation_starting_opacity=&#8221;100%&#8221; hover_enabled=&#8221;0&#8243; box_shadow_style=&#8221;preset2&#8243; box_shadow_horizontal=&#8221;0px&#8221; box_shadow_vertical=&#8221;0px&#8221; box_shadow_blur=&#8221;60px&#8221; box_shadow_color=&#8221;rgba(10,3,3,0.06)&#8221; locked=&#8221;off&#8221; sticky_enabled=&#8221;0&#8243;]<p><span style=\"font-weight: 400;\">L'Europa \u00e8 leader mondiale nelle terapie cellulari per i pazienti affetti da IF.<\/span> <span style=\"font-weight: 400;\">Oltre a rafforzare il ruolo dominante dell'Europa nel settore, AMELIE rappresenta anche un cambiamento nell'approccio alla produzione e alla fornitura di farmaci basati sulle cellule, che consentir\u00e0 ai cittadini europei di essere i primi al mondo a beneficiare di un nuovo approccio pionieristico alla medicina rigenerativa.\u00a0<\/span><\/p>\n<p><span style=\"font-weight: 400;\">La terapia cellulare \u00e8 un'area di ricerca in rapida crescita. I prodotti di ingegneria tissutale sono destinati a crescere in modo significativo e offrono notevoli opportunit\u00e0 di rafforzare la posizione dell'Europa nella medicina rigenerativa traslazionale. L'Europa \u00e8 responsabile di circa 26% di aziende di medicina rigenerativa a livello mondiale. Lo sviluppo di tecnologie innovative come i microcarrier TIPS impiantabili attirer\u00e0 investimenti in Europa. AMELIE cerca quindi di far progredire le posizioni competitive delle aziende europee come fornitori di tecnologie abilitanti innovative per la medicina rigenerativa. Ci\u00f2 aumenter\u00e0 il potenziale di sfruttamento di AMELIE.<\/span><\/p>\n[\/et_pb_blurb][et_pb_blurb title=&#8221;New therapies for major human diseases and conditions, and new approaches for therapy taken further in the development pipeline&#8221; url=&#8221;#&#8221; icon_placement=&#8221;left&#8221; image_max_width=&#8221;64px&#8221; content_max_width=&#8221;1400px&#8221; admin_label=&#8221;Chapter&#8221; _builder_version=&#8221;4.6.3&#8243; header_font=&#8221;Gotham kinda bold||||||||&#8221; header_text_color=&#8221;#000000&#8243; header_line_height=&#8221;1.5em&#8221; body_font=&#8221;Gotham kinda bold||||||||&#8221; body_text_color=&#8221;#000000&#8243; body_font_size=&#8221;16px&#8221; body_line_height=&#8221;1.9em&#8221; background_color=&#8221;#ffffff&#8221; custom_margin=&#8221;|||&#8221; custom_padding=&#8221;30px|40px|30px|40px&#8221; animation_style=&#8221;zoom&#8221; animation_direction=&#8221;bottom&#8221; animation_intensity_zoom=&#8221;20%&#8221; animation_starting_opacity=&#8221;100%&#8221; box_shadow_style=&#8221;preset2&#8243; box_shadow_horizontal=&#8221;0px&#8221; box_shadow_vertical=&#8221;0px&#8221; box_shadow_blur=&#8221;60px&#8221; box_shadow_color=&#8221;rgba(10,3,3,0.06)&#8221; locked=&#8221;off&#8221;]<p><span style=\"font-weight: 400;\">AMELIE apre la strada a trattamenti innovativi identici o simili che utilizzano combinazioni di cellule-microportatori ASMDC per una serie di altre condizioni cliniche associate alla perdita di funzionalit\u00e0 del muscolo scheletrico, come l'incontinenza urinaria, le distrofie muscolari e la perdita volumetrica del muscolo associata a lesioni da trauma.\u00a0<\/span><\/p>\n<p><span style=\"font-weight: 400;\">Lo stesso razionale scientifico e il nuovo approccio sviluppato in AMELIE sono ugualmente applicabili ad altri tipi di cellule dipendenti dall'ancoraggio studiati come nuovi trattamenti di medicina rigenerativa. I nuovi prodotti costituiti da queste cellule dipendenti dall'ancoraggio sono destinati a trattare alcune delle malattie pi\u00f9 debilitanti che colpiscono i tessuti muscolari, ossei, cartilaginei, oculari, cardiaci\/cardiovascolari, gastrointestinali\/fegato, renali, immunitari e respiratori. L'adozione della tecnologia impiantabile TIPS a microcarrier potrebbe avere un impatto significativo sui loro risultati.<\/span><\/p>\n<p><span style=\"font-weight: 400;\">Nel frattempo, il processo di produzione in scala delle microparticelle TIPS sviluppato pu\u00f2 essere applicato ad altri usi della tecnologia delle microparticelle attualmente in fase di sviluppo. <\/span><\/p>[\/et_pb_blurb][\/et_pb_column][\/et_pb_row][\/et_pb_section][et_pb_section fb_built=&#8221;1&#8243; _builder_version=&#8221;4.6.3&#8243; _module_preset=&#8221;default&#8221;][\/et_pb_section]","protected":false},"excerpt":{"rendered":"<p><div class=\"et_pb_module dsm_block_reveal_text dsm_block_reveal_text_0\">\n\t\t\t\t\n\t\t\t\t\n\t\t\t\t\n\t\t\t\t\n\t\t\t\t\n\t\t\t\t\n\t\t\t\t<div class=\"et_pb_module_inner\">\n\t\t\t\t\t<div class=\"dsm_block_reveal_text_wrapper\" data-dsm-block-reveal-animation=\"lr\" data-dsm-block-reveal-color=\"#0e94f9\" data-dsm-block-reveal-delay=\"0\" data-dsm-block-reveal-viewport=\"80%\"><h1 class=\"dsm_block_reveal_text_header et_pb_module_header\">BENEFICI<\/h1><\/div>\n\t\t\t\t<\/div>\n\t\t\t<\/div><div class=\"et_pb_module dsm_block_reveal_text dsm_block_reveal_text_1\">\n\t\t\t\t\n\t\t\t\t\n\t\t\t\t\n\t\t\t\t\n\t\t\t\t\n\t\t\t\t\n\t\t\t\t<div class=\"et_pb_module_inner\">\n\t\t\t\t\t<div class=\"dsm_block_reveal_text_wrapper\" data-dsm-block-reveal-animation=\"lr\" data-dsm-block-reveal-color=\"#0e94f9\" data-dsm-block-reveal-delay=\"0.1\" data-dsm-block-reveal-viewport=\"80%\"><h2 class=\"dsm_block_reveal_text_header et_pb_module_header\">DI AMELIE<\/h2><\/div>\n\t\t\t\t<\/div>\n\t\t\t<\/div><div class=\"et_pb_module dsm_tilt_image dsm_tilt_image_0\">\n\t\t\t\t\n\t\t\t\t\n\t\t\t\t\n\t\t\t\t\n\t\t\t\t\n\t\t\t\t\n\t\t\t\t<div class=\"et_pb_module_inner\">\n\t\t\t\t\t<div class=\"dsm-tilt-image-wrapper\" data-tilt data-tilt-max=\"15\" data-tilt-speed=\"300\" data-tilt-perspective=\"1000\" data-tilt-scale=\"1.1\" data-tilt-mobile-disable=\"on\" data-tilt-glare data-tilt-max-glare=\"0.5\" data-tilt-reverse=\"false\">\n\t\t\t\t\n\t\t\t\t\n\t\t\t\t<span class=\"et_pb_image_wrap\"><img decoding=\"async\" src=\"https:\/\/amelie-project.eu\/wp-content\/uploads\/2020\/09\/science1shadow-4.png\" alt=\"\" title=\"scienza1ombra\" \/><\/span>\n\t\t\t<\/div>\n\t\t\t\t<\/div>\n\t\t\t<\/div>Identificazione di potenziali nuove terapie rigenerative per rispondere alle esigenze cliniche insoddisfatte di ampi gruppi di pazienti.<div class=\"et_pb_module dsm_tilt_image dsm_tilt_image_1\">\n\t\t\t\t\n\t\t\t\t\n\t\t\t\t\n\t\t\t\t\n\t\t\t\t\n\t\t\t\t\n\t\t\t\t<div class=\"et_pb_module_inner\">\n\t\t\t\t\t<div class=\"dsm-tilt-image-wrapper\" data-tilt data-tilt-max=\"15\" data-tilt-speed=\"300\" data-tilt-perspective=\"1000\" data-tilt-scale=\"1.1\" data-tilt-mobile-disable=\"on\" data-tilt-glare data-tilt-max-glare=\"0.5\" data-tilt-reverse=\"false\">\n\t\t\t\t\n\t\t\t\t\n\t\t\t\t<span class=\"et_pb_image_wrap\"><img decoding=\"async\" src=\"https:\/\/amelie-project.eu\/wp-content\/uploads\/2020\/09\/science2shadow.png\" alt=\"\" title=\"scienza2ombra\" \/><\/span>\n\t\t\t<\/div>\n\t\t\t\t<\/div>\n\t\t\t<\/div>La posizione dell'Europa nella medicina rigenerativa traslazionale si \u00e8 rafforzata.<div class=\"et_pb_module dsm_tilt_image dsm_tilt_image_2\">\n\t\t\t\t\n\t\t\t\t\n\t\t\t\t\n\t\t\t\t\n\t\t\t\t\n\t\t\t\t\n\t\t\t\t<div class=\"et_pb_module_inner\">\n\t\t\t\t\t<div class=\"dsm-tilt-image-wrapper\" data-tilt data-tilt-max=\"15\" data-tilt-speed=\"300\" data-tilt-perspective=\"1000\" data-tilt-scale=\"1.1\" data-tilt-mobile-disable=\"on\" data-tilt-glare data-tilt-max-glare=\"0.5\" data-tilt-reverse=\"false\">\n\t\t\t\t\n\t\t\t\t\n\t\t\t\t<span class=\"et_pb_image_wrap\"><img decoding=\"async\" src=\"https:\/\/amelie-project.eu\/wp-content\/uploads\/2020\/09\/science3shadow-2.png\" alt=\"\" title=\"scienza3ombra\" \/><\/span>\n\t\t\t<\/div>\n\t\t\t\t<\/div>\n\t\t\t<\/div>New therapies for major human diseases and conditions, and new approaches for therapy taken further in the development pipeline.FI is a common condition affecting ~9% European adults. This figure is underestimated as ~70% of patients with FI do not consult a healthcare provider about their condition. Only a proportion of those that do will seek further treatment, but ~50% will not be suited to current options. AMELIE\u2019s approach has numerous advantages over other surgical interventions, which risk infection, pain and lead defect\/dislocation, which can result in permanent stoma. The effect of improved continence following treatment will have impact beyond those immediately suffering the condition, such as carers and those on nursing home waiting lists.\u00a0 If effective, treatment with the implantable cell-microcarrier technology will [&hellip;]<\/p>","protected":false},"author":1,"featured_media":0,"parent":0,"menu_order":0,"comment_status":"closed","ping_status":"closed","template":"","meta":{"_et_pb_use_builder":"on","_et_pb_old_content":"","_et_gb_content_width":"","_coblocks_attr":"","_coblocks_dimensions":"","_coblocks_responsive_height":"","_coblocks_accordion_ie_support":"","footnotes":"","_links_to":"","_links_to_target":""},"class_list":["post-28371","page","type-page","status-publish","hentry"],"_links":{"self":[{"href":"https:\/\/amelie-project.eu\/it\/wp-json\/wp\/v2\/pages\/28371","targetHints":{"allow":["GET"]}}],"collection":[{"href":"https:\/\/amelie-project.eu\/it\/wp-json\/wp\/v2\/pages"}],"about":[{"href":"https:\/\/amelie-project.eu\/it\/wp-json\/wp\/v2\/types\/page"}],"author":[{"embeddable":true,"href":"https:\/\/amelie-project.eu\/it\/wp-json\/wp\/v2\/users\/1"}],"replies":[{"embeddable":true,"href":"https:\/\/amelie-project.eu\/it\/wp-json\/wp\/v2\/comments?post=28371"}],"version-history":[{"count":53,"href":"https:\/\/amelie-project.eu\/it\/wp-json\/wp\/v2\/pages\/28371\/revisions"}],"predecessor-version":[{"id":31152,"href":"https:\/\/amelie-project.eu\/it\/wp-json\/wp\/v2\/pages\/28371\/revisions\/31152"}],"wp:attachment":[{"href":"https:\/\/amelie-project.eu\/it\/wp-json\/wp\/v2\/media?parent=28371"}],"curies":[{"name":"wp","href":"https:\/\/api.w.org\/{rel}","templated":true}]}}