{"id":31276,"date":"2021-08-21T13:46:52","date_gmt":"2021-08-21T13:46:52","guid":{"rendered":"https:\/\/amelie-project.eu\/?page_id=31276"},"modified":"2021-08-25T14:54:05","modified_gmt":"2021-08-25T14:54:05","slug":"politique-de-confidentialite","status":"publish","type":"page","link":"https:\/\/amelie-project.eu\/fr\/politique-de-confidentialite\/","title":{"rendered":"Politique de confidentialit\u00e9"},"content":{"rendered":"<p>[et_pb_section fb_built=&#8221;1&#8243; custom_padding_last_edited=&#8221;on|phone&#8221; disabled_on=&#8221;off|off|off&#8221; admin_label=&#8221;Hero section&#8221; _builder_version=&#8221;4.6.3&#8243; background_image=&#8221;https:\/\/amelie-project.eu\/wp-content\/uploads\/2020\/09\/shutterstock_1438674518-Converted-1-1.png&#8221; background_position=&#8221;center_left&#8221; custom_margin=&#8221;|||&#8221; custom_padding=&#8221;7%||7%||true|false&#8221; custom_padding_tablet=&#8221;15%||15%||true|false&#8221; custom_padding_phone=&#8221;&#8221;][et_pb_row use_custom_gutter=&#8221;on&#8221; gutter_width=&#8221;1&#8243; custom_padding_last_edited=&#8221;on|desktop&#8221; _builder_version=&#8221;4.6.3&#8243; _module_preset=&#8221;default&#8221; width=&#8221;100%&#8221; module_alignment=&#8221;left&#8221; custom_padding=&#8221;|||4%|false|false&#8221; custom_padding_tablet=&#8221;|||6%|false|false&#8221; custom_padding_phone=&#8221;|||7%|false|false&#8221;][et_pb_column type=&#8221;4_4&#8243; _builder_version=&#8221;4.6.3&#8243; _module_preset=&#8221;default&#8221;][dsm_block_reveal_text block_reveal_text=&#8221;PRIVACY&#8221; heading_html_tag=&#8221;h1&#8243; block_reveal_color=&#8221;#0e94f9&#8243; block_reveal_delay=&#8221;0&#8243; _builder_version=&#8221;4.6.3&#8243; _module_preset=&#8221;default&#8221; header_font=&#8221;AMELIE||||||||&#8221; header_text_color=&#8221;#0e94f9&#8243; header_font_size=&#8221;4vw&#8221; custom_padding=&#8221;||||false|false&#8221; custom_padding_tablet=&#8221;||||false|false&#8221; custom_padding_phone=&#8221;||||false|false&#8221; custom_padding_last_edited=&#8221;on|tablet&#8221; header_font_size_tablet=&#8221;8.5vw&#8221; header_font_size_phone=&#8221;9vw&#8221; header_font_size_last_edited=&#8221;on|desktop&#8221;][\/dsm_block_reveal_text][dsm_block_reveal_text block_reveal_text=&#8221;POLICY&#8221; heading_html_tag=&#8221;h1&#8243; block_reveal_color=&#8221;#0e94f9&#8243; _builder_version=&#8221;4.6.3&#8243; _module_preset=&#8221;default&#8221; header_font=&#8221;AMELIE||||||||&#8221; header_text_color=&#8221;#0e94f9&#8243; header_font_size=&#8221;3.1vw&#8221; custom_padding=&#8221;||||false|false&#8221; custom_padding_tablet=&#8221;||||false|false&#8221; custom_padding_phone=&#8221;||||false|false&#8221; custom_padding_last_edited=&#8221;on|phone&#8221; header_font_size_tablet=&#8221;5.3vw&#8221; header_font_size_phone=&#8221;5.5vw&#8221; header_font_size_last_edited=&#8221;on|desktop&#8221;][\/dsm_block_reveal_text][\/et_pb_column][\/et_pb_row][\/et_pb_section][et_pb_section fb_built=&#8221;1&#8243; _builder_version=&#8221;4.6.3&#8243; background_color=&#8221;#ffffff&#8221; background_position=&#8221;top_center&#8221; custom_margin=&#8221;|||&#8221; custom_padding=&#8221;100px||50px|||&#8221; hover_enabled=&#8221;0&#8243; sticky_enabled=&#8221;0&#8243;][et_pb_row _builder_version=&#8221;3.25&#8243; custom_margin=&#8221;|||&#8221; custom_padding=&#8221;||26px|||&#8221; locked=&#8221;off&#8221;][et_pb_column type=&#8221;4_4&#8243; _builder_version=&#8221;3.25&#8243; custom_padding=&#8221;|||&#8221; custom_padding__hover=&#8221;|||&#8221;][et_pb_text _builder_version=&#8221;4.6.3&#8243; text_font=&#8221;Gotham kinda bold||||||||&#8221; text_text_color=&#8221;#898f99&#8243; text_line_height=&#8221;2em&#8221; header_font=&#8221;||||||||&#8221; header_2_font=&#8221;Gotham||||on||||solid&#8221; header_2_text_color=&#8221;#6e7889&#8243; header_2_line_height=&#8221;1.4em&#8221; header_3_font=&#8221;Gotham||||||||&#8221; header_3_text_align=&#8221;center&#8221; header_3_text_color=&#8221;#6e7889&#8243; header_3_font_size=&#8221;20px&#8221; header_3_line_height=&#8221;1.4em&#8221; header_4_text_color=&#8221;#000000&#8243; text_orientation=&#8221;center&#8221; width=&#8221;100%&#8221; module_alignment=&#8221;center&#8221; locked=&#8221;off&#8221;]<\/p>\n<h3><strong>Introduction<\/strong><\/h3>\n<p>Bowel Research UK (\u201cnous\u201d, \u201cnotre\u201d ou \u201cnos\u201d) respecte votre vie priv\u00e9e et s'engage \u00e0 prot\u00e9ger vos donn\u00e9es personnelles. La pr\u00e9sente politique vous explique comment nous recueillons, stockons, utilisons et divulguons vos donn\u00e9es personnelles lorsque vous interagissez avec nous. Veuillez lire attentivement ce qui suit pour comprendre comment nous traitons vos donn\u00e9es personnelles.<\/p>\n<p>&nbsp;<\/p>\n<h3><strong>\u00c0 propos de nous<\/strong><\/h3>\n<p>Bowel Research UK est le chef de file d\u00e9sign\u00e9 pour la diffusion et la communication des activit\u00e9s de recherche du projet appel\u00e9 <strong><u>A<\/u><\/strong><u>nchored <strong>M<\/strong>uscle c<strong>EL<\/strong>ls pour <strong>I<\/strong>ncontinenc<strong>E<\/strong><\/u><strong> (AMELIE), <\/strong><u>financ\u00e9 par le programme H2020 de l'Union europ\u00e9enne.<\/u><\/p>\n<p><u>\u00a0<\/u><\/p>\n<p>AMELIE est un projet de recherche collaborative de 5 ans financ\u00e9 par le programme-cadre de l'Union europ\u00e9enne (Horizon 2020). Il implique la collaboration de 13 organisations \u00e0 travers neuf pays pour d\u00e9velopper et mener des recherches. Le projet est coordonn\u00e9 par l'UCL et dirig\u00e9 par Richard Day, professeur de technologie en m\u00e9decine r\u00e9g\u00e9n\u00e9rative \u00e0 l'UCL.<\/p>\n<p>Bowel Research UK, la principale organisation caritative sp\u00e9cialis\u00e9e dans le cancer de l'intestin et la recherche sur le cancer de l'intestin au Royaume-Uni, est l'entit\u00e9 qui d\u00e9termine comment et pourquoi vos donn\u00e9es personnelles sont trait\u00e9es. Cela signifie que Bowel Research UK est le \u2018contr\u00f4leur\u2019 de vos donn\u00e9es personnelles aux fins de la loi sur la protection des donn\u00e9es.<\/p>\n<p>&nbsp;<\/p>\n<h3><strong>Que couvre la pr\u00e9sente politique de protection de la vie priv\u00e9e ?<\/strong><\/h3>\n<p>La politique de confidentialit\u00e9 couvre le traitement de vos donn\u00e9es personnelles que nous recueillons lorsque vous acc\u00e9dez \u00e0 nos sites web ou \u00e0 nos services ou les utilisez (par exemple, lorsque vous vous inscrivez \u00e0 nos \u00e9v\u00e9nements) ou lorsque vous nous contactez. Nous stockons des donn\u00e9es qui peuvent vous identifier en tant qu'individu (\u201cdonn\u00e9es personnelles\u201d), comme expliqu\u00e9 plus en d\u00e9tail ci-dessous.<\/p>\n<p><strong>\u00a0<\/strong><\/p>\n<h3><strong>Informations que vous nous fournissez<\/strong><strong>\u00a0<\/strong><\/h3>\n<p>Nous pouvons stocker les donn\u00e9es personnelles que vous choisissez de nous envoyer ou de nous fournir, par exemple en utilisant le formulaire \u201cContact\u201d sur le site web de notre projet (<a href=\"https:\/\/amelie-project.eu\/fr\/\">www.amelie-project.eu<\/a>), ou lorsque vous vous inscrivez pour participer \u00e0 nos \u00e9v\u00e9nements.<\/p>\n<p>Si vous nous contactez par le biais du formulaire \u201cContact\u201d sur notre site web, nous pouvons conserver un enregistrement de notre correspondance.<\/p>\n<p>&nbsp;<\/p>\n<h3><strong>Informations que vous nous fournissez lorsque vous utilisez nos services<\/strong><strong>\u00a0<\/strong><\/h3>\n<p>Nous ne recevons et ne conservons que les donn\u00e9es que vous nous fournissez directement. Les types de donn\u00e9es que nous pouvons recueillir directement aupr\u00e8s de vous sont les suivants : noms, adresses \u00e9lectroniques, num\u00e9ros de t\u00e9l\u00e9phone, fonctions, organisation affili\u00e9e, pays, ainsi que toute autre donn\u00e9e que vous avez pu nous fournir.<\/p>\n<p>&nbsp;<\/p>\n<h3><strong>Informations collect\u00e9es automatiquement<\/strong><\/h3>\n<p>Nous utilisons des cookies et d'autres technologies pour garantir \u00e0 tous les utilisateurs de notre site web la meilleure exp\u00e9rience possible.<\/p>\n<p>Un cookie est un petit fichier de donn\u00e9es plac\u00e9 sur votre ordinateur ou autre appareil pour permettre \u00e0 la plate-forme de vous reconna\u00eetre en tant qu'utilisateur lorsque vous revenez avec le m\u00eame appareil et le m\u00eame navigateur web, soit pour la dur\u00e9e de votre visite (\u00e0 l'aide d'un \u2018cookie de session\u2019), soit pour des visites r\u00e9p\u00e9t\u00e9es (\u00e0 l'aide d'un \u2018cookie persistant\u2019). Lorsque vous visitez <a href=\"https:\/\/amelie-project.eu\/fr\/\">www.amelie-project.eu<\/a>, Sur notre site web, nous collectons certaines donn\u00e9es relatives \u00e0 votre appareil, telles que l'adresse IP de votre appareil, le site web de r\u00e9f\u00e9rence, les pages que votre appareil a visit\u00e9es et l'heure \u00e0 laquelle votre appareil a visit\u00e9 notre site web.<\/p>\n<p>Nous n'utiliserons pas de cookies pour collecter des informations personnellement identifiables vous concernant. Toutefois, si vous souhaitez restreindre ou bloquer les cookies d\u00e9finis par cette plateforme, vous pouvez le faire par le biais des param\u00e8tres de votre navigateur, ou vous pouvez \u00e9galement choisir d'installer le module compl\u00e9mentaire de navigateur \u2018Google Analytics\u2019, mais rappelez-vous que la restriction des cookies peut signifier que vous ne pourrez pas profiter pleinement de toutes les fonctionnalit\u00e9s disponibles sur nos pages.<\/p>\n<p>&nbsp;<\/p>\n<h3><strong>Comment utilisons-nous les donn\u00e9es ?<\/strong><\/h3>\n<p>Nous utilisons les donn\u00e9es que nous recueillons :<\/p>\n<ul>\n<li>pour administrer notre site web, nos \u00e9v\u00e9nements et nos op\u00e9rations internes, y compris le d\u00e9pannage, l'analyse des donn\u00e9es, les tests, les statistiques et les enqu\u00eates<\/li>\n<li>Am\u00e9liorer notre site web afin de garantir que le contenu est pr\u00e9sent\u00e9 de la mani\u00e8re la plus efficace pour vous et pour votre ordinateur.<\/li>\n<li>Dans le cadre de nos efforts pour assurer la s\u00e9curit\u00e9 de notre site web<\/li>\n<\/ul>\n<p>Nous pouvons utiliser les donn\u00e9es que vous nous envoyez par l'interm\u00e9diaire de notre site web et\/ou de nos services pour communiquer avec vous par courrier \u00e9lectronique et, \u00e9ventuellement, par d'autres moyens, au sujet d'\u00e9v\u00e9nements, de publications, de blogs et de bulletins d'information dont nous pensons qu'ils peuvent vous int\u00e9resser. Toutefois, vous aurez toujours la possibilit\u00e9 de refuser ces communications \u00e0 tout moment (voir la section \u201cVos droits en mati\u00e8re de protection de la vie priv\u00e9e\u201d ci-dessous).<\/p>\n<p>&nbsp;<\/p>\n<h3><strong>Partageons-nous et divulguons-nous des donn\u00e9es \u00e0 des tiers ?<\/strong><\/h3>\n<p>Nous pouvons partager vos donn\u00e9es personnelles avec les b\u00e9n\u00e9ficiaires d'AMELIE pour la bonne conduite des activit\u00e9s du projet, par exemple pour vous inviter aux \u00e9v\u00e9nements du projet.<span style=\"font-size: 18px;\">\u00a0<\/span><\/p>\n<p>Nous ne vendons vos donn\u00e9es personnelles \u00e0 personne et nous ne les partageons avec aucune autre organisation que les b\u00e9n\u00e9ficiaires d'AMELIE.<\/p>\n<p>Toutefois, dans certaines circonstances, nous pouvons \u00eatre amen\u00e9s \u00e0 partager vos informations :<span style=\"font-size: 18px;\">\u00a0<\/span><\/p>\n<ul>\n<li>Protection des partenaires du projet et d'autres personnes : nous nous r\u00e9servons le droit d'acc\u00e9der, de lire, de conserver et de divulguer toute donn\u00e9e si cela est n\u00e9cessaire pour se conformer \u00e0 la loi ou \u00e0 une d\u00e9cision de justice, pour faire respecter ou appliquer nos accords avec vous et d'autres accords, ou pour prot\u00e9ger les droits, la propri\u00e9t\u00e9 ou la s\u00e9curit\u00e9 des partenaires du projet, de leurs employ\u00e9s, de nos utilisateurs ou d'autres personnes.<\/li>\n<li>Divulgation pour des raisons de s\u00e9curit\u00e9 nationale ou d'application de la loi : dans certaines circonstances, nous pouvons \u00eatre tenus de divulguer vos donn\u00e9es \u00e0 caract\u00e8re personnel en r\u00e9ponse \u00e0 des demandes valables \u00e9manant d'autorit\u00e9s publiques, notamment pour r\u00e9pondre \u00e0 des exigences en mati\u00e8re de s\u00e9curit\u00e9 nationale ou d'application de la loi.<\/li>\n<\/ul>\n<p>&nbsp;<\/p>\n<h3><strong>Les donn\u00e9es personnelles vous concernant sont-elles s\u00e9curis\u00e9es ?<\/strong><\/h3>\n<p>Nous utilisons des mesures de s\u00e9curit\u00e9 techniques, organisationnelles et administratives appropri\u00e9es pour\u00a0<span style=\"font-size: 18px;\">prot\u00e9ger les informations que nous d\u00e9tenons dans nos dossiers contre la perte, l'utilisation abusive et l'utilisation non autoris\u00e9e\u00a0<\/span><span style=\"font-size: 18px;\">l'acc\u00e8s, la divulgation, l'alt\u00e9ration et la destruction. Malheureusement, aucune entreprise ni aucun service\u00a0<\/span><span style=\"font-size: 18px;\">ne peut garantir une s\u00e9curit\u00e9 totale, l'acc\u00e8s ou l'utilisation non autoris\u00e9s, le mat\u00e9riel ou le logiciel\u00a0<\/span><span style=\"font-size: 18px;\">et d'autres facteurs peuvent compromettre \u00e0 tout moment la s\u00e9curit\u00e9 des donn\u00e9es des utilisateurs.<\/span><\/p>\n<p>&nbsp;<\/p>\n<h3><strong>Qu'adviendra-t-il de vos donn\u00e9es personnelles lorsqu'elles ne seront plus n\u00e9cessaires \u00e0 AMELIE ?<\/strong><\/h3>\n<p>Nous ne conserverons vos donn\u00e9es personnelles qu'aussi longtemps qu'elles seront n\u00e9cessaires aux fins du projet AMELIE. Nous les supprimerons lorsque les donn\u00e9es personnelles ne seront plus n\u00e9cessaires par rapport aux objectifs pour lesquels elles ont \u00e9t\u00e9 collect\u00e9es ou trait\u00e9es d'une autre mani\u00e8re. En tout \u00e9tat de cause, toutes les donn\u00e9es \u00e0 caract\u00e8re personnel seront supprim\u00e9es au plus tard, c'est-\u00e0-dire deux ans apr\u00e8s la fin du projet.<\/p>\n<p><strong>\u00a0<\/strong><\/p>\n<h2><strong>Vos droits en mati\u00e8re de protection de la vie priv\u00e9e<\/strong><\/h2>\n<p><strong><u>\u00a0<\/u><\/strong><\/p>\n<h3><strong>Quels sont vos choix ?<\/strong><strong>\u00a0<\/strong><\/h3>\n<p>Vous pouvez toujours choisir de ne pas nous divulguer d'informations, mais gardez \u00e0 l'esprit que certaines donn\u00e9es peuvent \u00eatre n\u00e9cessaires pour vous enregistrer aupr\u00e8s de nous ou pour profiter de certains de nos services.<\/p>\n<p><span style=\"font-size: 18px;\">Vous pouvez d\u00e9poser une plainte aupr\u00e8s de votre autorit\u00e9 de protection des donn\u00e9es (APD) si vous estimez que\u00a0<\/span><span style=\"font-size: 18px;\">vos droits en mati\u00e8re de protection des donn\u00e9es ont \u00e9t\u00e9 viol\u00e9s. Vous pouvez identifier votre DPA \u00e0 l'adresse suivante <\/span><a href=\"http:\/\/www.edpb.europa.eu\/about-edpb\/board\/members_en\" style=\"font-size: 18px;\">www.edpb.europa.eu\/about-edpb\/board\/members_en<\/a><span style=\"font-size: 18px;\">.<\/span><\/p>\n<p>&nbsp;<\/p>\n<h3><strong>Communications par courrier \u00e9lectronique<\/strong><strong>\u00a0<\/strong><\/h3>\n<p>Vous pouvez \u00e0 tout moment refuser de recevoir des communications de notre part en utilisant le lien de d\u00e9sinscription figurant dans les courriels que nous envoyons ou en nous contactant \u00e0 l'adresse suivante <a href=\"mailto:hannah@bowelresearchuk.org\">hannah@bowelresearchuk.org<\/a><\/p>\n<p>&nbsp;<\/p>\n<h3><strong>Comment pouvez-vous acc\u00e9der \u00e0 vos informations et les mettre \u00e0 jour ?<\/strong><\/h3>\n<p>Nous offrons aux individus la possibilit\u00e9 d'acc\u00e9der, de r\u00e9viser, de mettre \u00e0 jour et de supprimer toutes les donn\u00e9es personnelles que nous d\u00e9tenons \u00e0 leur sujet. Vous pouvez envoyer un courriel \u00e0 <a href=\"mailto:hannah@bowelresearchuk.org\">hannah@bowelresearchuk.org<\/a> \u00e0 cette fin. Si vous nous demandez de supprimer vos donn\u00e9es, nous le ferons. Veuillez noter que nous pouvons \u00eatre tenus de conserver et d'utiliser vos informations si n\u00e9cessaire, pour nous conformer \u00e0 des obligations l\u00e9gales ou pour r\u00e9soudre des litiges.<\/p>\n<p>&nbsp;<\/p>\n<h3><strong>Sites web li\u00e9s<\/strong><\/h3>\n<p>Pour votre commodit\u00e9, des liens hypertextes peuvent \u00eatre affich\u00e9s sur le site web qui renvoient \u00e0 d'autres sites web de l'Union europ\u00e9enne.\u00a0<span style=\"font-size: 18px;\">(les \u201csites li\u00e9s\u201d). Nous ne sommes pas responsables des pratiques en mati\u00e8re de protection de la vie priv\u00e9e des sites li\u00e9s ou des soci\u00e9t\u00e9s que nous ne poss\u00e9dons pas ou ne contr\u00f4lons pas, et la pr\u00e9sente politique de protection de la vie priv\u00e9e ne s'applique pas \u00e0 ces pratiques. Les sites li\u00e9s peuvent collecter des donn\u00e9es en plus de celles que nous collectons sur le site web. Nous n'approuvons aucun de ces sites li\u00e9s, les services ou produits d\u00e9crits ou offerts sur ces sites li\u00e9s, ni aucun des contenus des sites li\u00e9s. Nous vous encourageons \u00e0 rechercher et \u00e0 lire la politique de confidentialit\u00e9 de chaque site li\u00e9 que vous visitez afin de comprendre comment les donn\u00e9es collect\u00e9es \u00e0 votre sujet sont utilis\u00e9es et prot\u00e9g\u00e9es.<\/span><\/p>\n<p>&nbsp;<\/p>\n<h3><strong>Les enfants<\/strong><\/h3>\n<p>Nous ne collectons ni ne sollicitons sciemment des donn\u00e9es personnelles aupr\u00e8s de personnes \u00e2g\u00e9es de moins de 16 ans. Si vous avez moins de 16 ans, n'essayez pas de vous inscrire ou de nous envoyer des donn\u00e9es personnelles vous concernant. Si nous apprenons que nous avons collect\u00e9 des donn\u00e9es personnelles aupr\u00e8s d'un enfant de moins de 16 ans, nous supprimerons ces donn\u00e9es.<\/p>\n<p>&nbsp;<\/p>\n<h3><strong>AMELIE modifiera-t-elle cette politique de confidentialit\u00e9 ?<\/strong><strong>\u00a0<\/strong><\/h3>\n<p>Nous am\u00e9liorons constamment notre site web et nos services, de sorte qu'il se peut que nous devions modifier\u00a0<span style=\"font-size: 18px;\">la pr\u00e9sente politique de confidentialit\u00e9 de temps \u00e0 autre. Nous vous avertirons des changements importants en pla\u00e7ant\u00a0<\/span><span style=\"font-size: 18px;\">un avis sur notre site web et\/ou en vous envoyant un courrier \u00e9lectronique (si vous avez enregistr\u00e9 votre num\u00e9ro de t\u00e9l\u00e9phone).\u00a0<\/span><span style=\"font-size: 18px;\">(par exemple, si vous nous communiquez vos coordonn\u00e9es \u00e9lectroniques) lorsque nous sommes tenus de le faire en vertu de la l\u00e9gislation en vigueur. Vous pouvez voir\u00a0<\/span><span style=\"font-size: 18px;\">la date de la derni\u00e8re mise \u00e0 jour de la pr\u00e9sente politique de confidentialit\u00e9 en v\u00e9rifiant la date figurant au bas de la pr\u00e9sente politique de confidentialit\u00e9.\u00a0<\/span><span style=\"font-size: 18px;\">page.<\/span><\/p>\n<p>&nbsp;<\/p>\n<h3><strong>Si vous avez des questions sur cette politique<\/strong><strong>\u00a0<\/strong><\/h3>\n<p>Si vous avez des questions ou des pr\u00e9occupations concernant nos politiques de confidentialit\u00e9, veuillez nous envoyer un courriel \u00e0 l'adresse suivante\u00a0<span style=\"font-size: 18px;\">un message d\u00e9taill\u00e9 \u00e0 <\/span><a href=\"mailto:hannah@bowelresearchuk.org\" style=\"font-size: 18px;\">hannah@bowelresearchuk.org<\/a><span style=\"font-size: 18px;\">, et nous ferons de notre mieux pour r\u00e9pondre \u00e0 vos pr\u00e9occupations.<\/span><\/p>\n<p>&nbsp;<\/p>\n<h3><strong>R\u00e9utilisation des informations<\/strong><\/h3>\n<p>Nous n'utiliserons pas votre adresse \u00e9lectronique pour d'autres listes d'adresses \u00e9lectroniques.<span style=\"font-size: 18px;\">\u00a0<\/span><\/p>\n<p>Si cela s'av\u00e8re n\u00e9cessaire, nous vous contacterons pour vous demander votre accord afin d'ajouter votre adresse \u00e9lectronique \u00e0 une nouvelle liste.<\/p>\n<p><strong>\u00a0<\/strong><\/p>\n<p><em>Derni\u00e8re mise \u00e0 jour : 19 ao\u00fbt 2021<\/em><\/p>\n<p>[\/et_pb_text][\/et_pb_column][\/et_pb_row][\/et_pb_section][et_pb_section fb_built=&#8221;1&#8243; _builder_version=&#8221;4.6.3&#8243; _module_preset=&#8221;default&#8221;][\/et_pb_section]<\/p>","protected":false},"excerpt":{"rendered":"<p><div class=\"et_pb_module dsm_block_reveal_text dsm_block_reveal_text_0\">\n\t\t\t\t\n\t\t\t\t\n\t\t\t\t\n\t\t\t\t\n\t\t\t\t\n\t\t\t\t\n\t\t\t\t<div class=\"et_pb_module_inner\">\n\t\t\t\t\t<div class=\"dsm_block_reveal_text_wrapper\" data-dsm-block-reveal-animation=\"lr\" data-dsm-block-reveal-color=\"#0e94f9\" data-dsm-block-reveal-delay=\"0\" data-dsm-block-reveal-viewport=\"80%\"><h1 class=\"dsm_block_reveal_text_header et_pb_module_header\">VIE PRIV\u00c9E<\/h1><\/div>\n\t\t\t\t<\/div>\n\t\t\t<\/div><div class=\"et_pb_module dsm_block_reveal_text dsm_block_reveal_text_1\">\n\t\t\t\t\n\t\t\t\t\n\t\t\t\t\n\t\t\t\t\n\t\t\t\t\n\t\t\t\t\n\t\t\t\t<div class=\"et_pb_module_inner\">\n\t\t\t\t\t<div class=\"dsm_block_reveal_text_wrapper\" data-dsm-block-reveal-animation=\"lr\" data-dsm-block-reveal-color=\"#0e94f9\" data-dsm-block-reveal-delay=\"0.1\" data-dsm-block-reveal-viewport=\"80%\"><h1 class=\"dsm_block_reveal_text_header et_pb_module_header\">POLITIQUE<\/h1><\/div>\n\t\t\t\t<\/div>\n\t\t\t<\/div>Introduction Bowel Research UK (\u201cwe\u201d \u201cus\u201d, or \u201cour\u201d) respects your privacy and is committed to protecting your personal data. This policy document tells you how we collect, store, use and disclose your personal data when you interact with us. Please read the following carefully to understand how we process your personal data. &nbsp; About Us Bowel Research UK is the designated lead of the Dissemination and Communication of research activities of the project called Anchored Muscle cELls for IncontinencE (AMELIE), funded by the European Union H2020 programme. \u00a0 AMELIE is a 5-year collaborative research project funded by the European Union Framework Programme (Horizon 2020). It involves the collaboration of 13 organisations across nine countries to develop and carry out research. The project is co-ordinated by UCL and led by Richard Day, Professor of Regenerative Medicine Technology at UCL. Bowel Research UK, the UK\u2019s leading specialist bowel cancer and bowel cancer research charity, is the entity that determines how and why your personal data is processed. This means that Bowel [&hellip;]<\/p>","protected":false},"author":1,"featured_media":0,"parent":0,"menu_order":0,"comment_status":"closed","ping_status":"closed","template":"","meta":{"_et_pb_use_builder":"on","_et_pb_old_content":"","_et_gb_content_width":"","_coblocks_attr":"","_coblocks_dimensions":"","_coblocks_responsive_height":"","_coblocks_accordion_ie_support":"","footnotes":"","_links_to":"","_links_to_target":""},"class_list":["post-31276","page","type-page","status-publish","hentry"],"_links":{"self":[{"href":"https:\/\/amelie-project.eu\/fr\/wp-json\/wp\/v2\/pages\/31276","targetHints":{"allow":["GET"]}}],"collection":[{"href":"https:\/\/amelie-project.eu\/fr\/wp-json\/wp\/v2\/pages"}],"about":[{"href":"https:\/\/amelie-project.eu\/fr\/wp-json\/wp\/v2\/types\/page"}],"author":[{"embeddable":true,"href":"https:\/\/amelie-project.eu\/fr\/wp-json\/wp\/v2\/users\/1"}],"replies":[{"embeddable":true,"href":"https:\/\/amelie-project.eu\/fr\/wp-json\/wp\/v2\/comments?post=31276"}],"version-history":[{"count":3,"href":"https:\/\/amelie-project.eu\/fr\/wp-json\/wp\/v2\/pages\/31276\/revisions"}],"predecessor-version":[{"id":31288,"href":"https:\/\/amelie-project.eu\/fr\/wp-json\/wp\/v2\/pages\/31276\/revisions\/31288"}],"wp:attachment":[{"href":"https:\/\/amelie-project.eu\/fr\/wp-json\/wp\/v2\/media?parent=31276"}],"curies":[{"name":"wp","href":"https:\/\/api.w.org\/{rel}","templated":true}]}}