{"id":30450,"date":"2020-12-16T16:08:01","date_gmt":"2020-12-16T16:08:01","guid":{"rendered":"https:\/\/amelie-project.eu\/?page_id=30450"},"modified":"2024-02-04T14:23:06","modified_gmt":"2024-02-04T14:23:06","slug":"notre-recherche","status":"publish","type":"page","link":"https:\/\/amelie-project.eu\/fr\/notre-recherche\/","title":{"rendered":"Nos recherches"},"content":{"rendered":"[et_pb_section fb_built=&#8221;1&#8243; custom_padding_last_edited=&#8221;on|phone&#8221; disabled_on=&#8221;off|off|off&#8221; admin_label=&#8221;Hero section&#8221; _builder_version=&#8221;4.6.3&#8243; background_image=&#8221;https:\/\/amelie-project.eu\/wp-content\/uploads\/2020\/10\/AMELIEHEADERBACKGOUND-01-scaled.jpg&#8221; background_position=&#8221;center_left&#8221; custom_margin=&#8221;|||&#8221; custom_padding=&#8221;7%||7%||true|false&#8221; custom_padding_tablet=&#8221;15%||15%||true|false&#8221; custom_padding_phone=&#8221;&#8221;][et_pb_row use_custom_gutter=&#8221;on&#8221; gutter_width=&#8221;1&#8243; custom_padding_last_edited=&#8221;on|phone&#8221; _builder_version=&#8221;4.6.3&#8243; _module_preset=&#8221;default&#8221; width=&#8221;100%&#8221; module_alignment=&#8221;left&#8221; custom_padding=&#8221;|||4%|false|false&#8221; custom_padding_tablet=&#8221;|||5%|false|false&#8221; custom_padding_phone=&#8221;|||5.5%|false|false&#8221;][et_pb_column type=&#8221;4_4&#8243; _builder_version=&#8221;4.6.3&#8243; _module_preset=&#8221;default&#8221;][dsm_block_reveal_text block_reveal_text=&#8221;OUR RESEARCH&#8221; heading_html_tag=&#8221;h1&#8243; block_reveal_color=&#8221;#0e94f9&#8243; block_reveal_delay=&#8221;0&#8243; _builder_version=&#8221;4.6.3&#8243; _module_preset=&#8221;default&#8221; header_font=&#8221;AMELIE||||||||&#8221; header_text_color=&#8221;#0e94f9&#8243; header_font_size=&#8221;3vw&#8221; custom_padding=&#8221;||||false|false&#8221; custom_padding_tablet=&#8221;||||false|false&#8221; custom_padding_phone=&#8221;||||false|false&#8221; custom_padding_last_edited=&#8221;on|phone&#8221; header_font_size_tablet=&#8221;5vw&#8221; header_font_size_phone=&#8221;6vw&#8221; header_font_size_last_edited=&#8221;on|phone&#8221;][\/dsm_block_reveal_text][\/et_pb_column][\/et_pb_row][\/et_pb_section][et_pb_section fb_built=&#8221;1&#8243; custom_padding_last_edited=&#8221;on|phone&#8221; admin_label=&#8221;Collections&#8221; _builder_version=&#8221;4.6.3&#8243; custom_padding=&#8221;100px|0px|100px|0px|false|false&#8221; custom_padding_tablet=&#8221;50px||50px||true|false&#8221; custom_padding_phone=&#8221;&#8221;][et_pb_row column_structure=&#8221;2_5,3_5&#8243; make_equal=&#8221;on&#8221; custom_padding_last_edited=&#8221;off|tablet&#8221; module_id=&#8221;faecal-incontinence-about-the-condition&#8221; _builder_version=&#8221;4.6.3&#8243; background_size=&#8221;initial&#8221; background_position=&#8221;top_left&#8221; background_repeat=&#8221;repeat&#8221; module_alignment=&#8221;center&#8221; custom_margin=&#8221;|||&#8221; custom_margin_tablet=&#8221;||||false|false&#8221; custom_margin_phone=&#8221;&#8221; custom_margin_last_edited=&#8221;on|tablet&#8221; custom_padding=&#8221;0px||0px|&#8221; box_shadow_style=&#8221;preset3&#8243; box_shadow_vertical=&#8221;40px&#8221; box_shadow_blur=&#8221;50px&#8221; box_shadow_color=&#8221;rgba(0,0,0,0.1)&#8221;][et_pb_column type=&#8221;2_5&#8243; _builder_version=&#8221;4.6.3&#8243; use_background_color_gradient=&#8221;on&#8221; background_color_gradient_start=&#8221;#6bc8ff&#8221; background_color_gradient_end=&#8221;#99afff&#8221; background_color_gradient_direction=&#8221;35deg&#8221; background_image=&#8221;https:\/\/amelie-project.eu\/wp-content\/uploads\/2020\/12\/Asset-1.png&#8221; custom_padding=&#8221;5%|5%|5%|5%|true|false&#8221; custom_padding_tablet=&#8221;15%||15%||true|false&#8221; custom_padding_phone=&#8221;&#8221; custom_padding_last_edited=&#8221;on|phone&#8221; custom_padding__hover=&#8221;|||&#8221;][\/et_pb_column][et_pb_column type=&#8221;3_5&#8243; admin_label=&#8221;Column&#8221; _builder_version=&#8221;4.6.3&#8243; custom_padding=&#8221;40px|40px|40px|40px&#8221; custom_padding__hover=&#8221;|||&#8221;][et_pb_text _builder_version=&#8221;4.6.3&#8243; text_font=&#8221;AMELIE||||||||&#8221; header_font=&#8221;Gotham kinda bold||||||||&#8221; header_3_font=&#8221;Gotham kinda bold||||||||&#8221; header_3_text_color=&#8221;#000000&#8243; header_3_font_size=&#8221;28px&#8221; header_3_line_height=&#8221;1.5em&#8221; background_size=&#8221;initial&#8221; background_position=&#8221;top_left&#8221; background_repeat=&#8221;repeat&#8221; custom_margin=&#8221;||10px|&#8221; hover_enabled=&#8221;0&#8243; header_text_color=&#8221;#000000&#8243; sticky_enabled=&#8221;0&#8243;]<h3>Incontinence f\u00e9cale : A propos de l'incontinence f\u00e9cale<\/h3>[\/et_pb_text][et_pb_text _builder_version=&#8221;4.6.3&#8243; text_font=&#8221;Gotham kinda bold||||||||&#8221; text_font_size=&#8221;16px&#8221; text_line_height=&#8221;1.9em&#8221; header_font=&#8221;||||||||&#8221; header_2_font=&#8221;||||||||&#8221; module_alignment=&#8221;center&#8221; custom_margin=&#8221;||||false|false&#8221; custom_padding=&#8221;||||false|false&#8221; hover_enabled=&#8221;0&#8243; text_text_color=&#8221;#000000&#8243; sticky_enabled=&#8221;0&#8243;]<p><span style=\"font-weight: 400;\">L'IF est un probl\u00e8me de sant\u00e9 publique important. Elle a un impact majeur sur la qualit\u00e9 de vie, entra\u00eenant stigmatisation et isolement social. AMELIE s'int\u00e9resse principalement aux effets des l\u00e9sions du sphincter anal caus\u00e9es par l'accouchement, la chirurgie ou les traumatismes. Les femmes qui ont accouch\u00e9 constituent la majorit\u00e9 des patientes qui pr\u00e9sentent une IF. Une proportion significative de femmes (incidence rapport\u00e9e de 5,5%) souffre d'une l\u00e9sion directe pendant l'accouchement, due \u00e0 une d\u00e9chirure du p\u00e9rin\u00e9e.\u00a0<\/span><\/p>\n<p><span style=\"font-weight: 400;\">La prise en charge actuelle des patients atteints d'IF n'est pas satisfaisante. Les patients souffrant de l\u00e9sions du sphincter anal sont g\u00e9n\u00e9ralement trait\u00e9s par chirurgie, mais beaucoup de ceux qui pr\u00e9sentent des sympt\u00f4mes graves ne sont pas aptes \u00e0 subir les interventions chirurgicales actuellement disponibles ou ne souhaitent pas les subir. Pour ces patients, une option qui ne pr\u00e9sente pas les risques d'une r\u00e9paration du sphincter ou l'entretien \u00e0 long terme d'un implant m\u00e9tallique actif est attrayante. C'est la place de la m\u00e9decine r\u00e9g\u00e9n\u00e9rative.<\/span><\/p>[\/et_pb_text][\/et_pb_column][\/et_pb_row][\/et_pb_section][et_pb_section fb_built=&#8221;1&#8243; custom_padding_last_edited=&#8221;on|tablet&#8221; admin_label=&#8221;Collections&#8221; _builder_version=&#8221;4.6.3&#8243; custom_padding=&#8221;0px|0px|100px|0px|false|false&#8221; custom_padding_tablet=&#8221;||50px||false|false&#8221; custom_padding_phone=&#8221;&#8221;][et_pb_row column_structure=&#8221;3_5,2_5&#8243; make_equal=&#8221;on&#8221; module_id=&#8221;faecal-incontinence-and-regenerative-medicine&#8221; _builder_version=&#8221;4.6.3&#8243; background_size=&#8221;initial&#8221; background_position=&#8221;top_left&#8221; background_repeat=&#8221;repeat&#8221; module_alignment=&#8221;center&#8221; custom_margin=&#8221;|||&#8221; custom_padding=&#8221;0px||0px|&#8221; box_shadow_style=&#8221;preset3&#8243; box_shadow_vertical=&#8221;40px&#8221; box_shadow_blur=&#8221;50px&#8221; box_shadow_color=&#8221;rgba(0,0,0,0.1)&#8221;][et_pb_column type=&#8221;3_5&#8243; admin_label=&#8221;Column&#8221; _builder_version=&#8221;4.6.3&#8243; custom_padding=&#8221;40px|40px|40px|40px&#8221; custom_padding__hover=&#8221;|||&#8221; custom_css_main_element_last_edited=&#8221;off|phone&#8221;][et_pb_text _builder_version=&#8221;4.6.3&#8243; text_font=&#8221;AMELIE||||||||&#8221; header_font=&#8221;Gotham kinda bold||||||||&#8221; header_3_font=&#8221;Gotham kinda bold||||||||&#8221; header_3_text_color=&#8221;#000000&#8243; header_3_font_size=&#8221;28px&#8221; header_3_line_height=&#8221;1.5em&#8221; custom_margin=&#8221;||10px|&#8221; background_size=&#8221;initial&#8221; background_position=&#8221;top_left&#8221; background_repeat=&#8221;repeat&#8221; header_text_color=&#8221;#000000&#8243;]<h3>Incontinence f\u00e9cale et m\u00e9decine r\u00e9g\u00e9n\u00e9rative<\/h3>[\/et_pb_text][et_pb_text _builder_version=&#8221;4.6.3&#8243; text_font=&#8221;Gotham kinda bold||||||||&#8221; text_font_size=&#8221;16px&#8221; text_line_height=&#8221;1.9em&#8221; header_font=&#8221;||||||||&#8221; header_2_font=&#8221;||||||||&#8221; module_alignment=&#8221;center&#8221; custom_margin=&#8221;||||false|false&#8221; custom_padding=&#8221;||||false|false&#8221; text_text_color=&#8221;#000000&#8243;]<p><span style=\"font-weight: 400;\">La m\u00e9decine r\u00e9g\u00e9n\u00e9rative vise \u00e0 restaurer les tissus fonctionnels alt\u00e9r\u00e9s par le vieillissement, la maladie ou les blessures. Elle offre de nouvelles possibilit\u00e9s pour r\u00e9tablir l'incontinence caus\u00e9e par une l\u00e9sion du sphincter anal. \u00c0 ce jour, la th\u00e9rapie cellulaire utilisant l'ASMDC pour r\u00e9g\u00e9n\u00e9rer le muscle endommag\u00e9 du sphincter anal externe a \u00e9t\u00e9 l'approche la plus \u00e9tudi\u00e9e.<\/span><\/p>\n<p><span style=\"font-weight: 400;\">L'Europe a acquis une position pr\u00e9dominante dans l'application clinique de la th\u00e9rapie cellulaire aux patients atteints d'IF. Parmi les cinq \u00e9tudes cliniques de th\u00e9rapie cellulaire publi\u00e9es \u00e0 ce jour, trois ont utilis\u00e9 l'ASMDC et provenaient d'unit\u00e9s europ\u00e9ennes. Ces \u00e9tudes ont consist\u00e9 \u00e0 d\u00e9livrer des cellules en suspension. Seuls 58% des patients trait\u00e9s par ASMDC ont pr\u00e9sent\u00e9 une r\u00e9ponse \u00e0 12 mois dans l'\u00e9tude de phase II randomis\u00e9e contr\u00f4l\u00e9e par placebo. Des \u00e9tudes pilotes ouvertes ont fait \u00e9tat d'un niveau similaire d'am\u00e9lioration subjective. Les r\u00e9sultats globaux de ces \u00e9tudes n'ont jusqu'\u00e0 pr\u00e9sent rapport\u00e9 qu'un b\u00e9n\u00e9fice limit\u00e9 pour les patients trait\u00e9s, ce qui sugg\u00e8re un m\u00e9canisme d'action incoh\u00e9rent avec l'approche actuelle du traitement cellulaire de l'IF.<\/span><\/p>[\/et_pb_text][\/et_pb_column][et_pb_column type=&#8221;2_5&#8243; _builder_version=&#8221;4.6.3&#8243; use_background_color_gradient=&#8221;on&#8221; background_color_gradient_start=&#8221;#6bc8ff&#8221; background_color_gradient_end=&#8221;#99afff&#8221; background_color_gradient_direction=&#8221;35deg&#8221; background_image=&#8221;https:\/\/amelie-project.eu\/wp-content\/uploads\/2020\/12\/Asset-3.png&#8221; custom_padding=&#8221;5%|5%|5%|5%|true|false&#8221; custom_padding_tablet=&#8221;15%||15%||true|false&#8221; custom_padding_phone=&#8221;&#8221; custom_padding_last_edited=&#8221;on|phone&#8221; custom_padding__hover=&#8221;|||&#8221; custom_css_main_element_last_edited=&#8221;off|desktop&#8221;][\/et_pb_column][\/et_pb_row][\/et_pb_section][et_pb_section fb_built=&#8221;1&#8243; custom_padding_last_edited=&#8221;on|tablet&#8221; admin_label=&#8221;Collections&#8221; _builder_version=&#8221;4.6.3&#8243; custom_padding=&#8221;0px|0px|100px|0px|false|false&#8221; custom_padding_tablet=&#8221;||100px||false|false&#8221; custom_padding_phone=&#8221;&#8221;][et_pb_row column_structure=&#8221;2_5,3_5&#8243; make_equal=&#8221;on&#8221; module_id=&#8221;why-are-conventional-methods-not-working&#8221; _builder_version=&#8221;4.6.3&#8243; background_size=&#8221;initial&#8221; background_position=&#8221;top_left&#8221; background_repeat=&#8221;repeat&#8221; module_alignment=&#8221;center&#8221; custom_margin=&#8221;|||&#8221; custom_padding=&#8221;0px||0px|&#8221; box_shadow_style=&#8221;preset3&#8243; box_shadow_vertical=&#8221;40px&#8221; box_shadow_blur=&#8221;50px&#8221; box_shadow_color=&#8221;rgba(0,0,0,0.1)&#8221;][et_pb_column type=&#8221;2_5&#8243; _builder_version=&#8221;4.6.3&#8243; use_background_color_gradient=&#8221;on&#8221; background_color_gradient_start=&#8221;#6bc8ff&#8221; background_color_gradient_end=&#8221;#99afff&#8221; background_color_gradient_direction=&#8221;35deg&#8221; background_image=&#8221;https:\/\/amelie-project.eu\/wp-content\/uploads\/2020\/12\/Asset-2.png&#8221; custom_padding=&#8221;5%|5%|5%|5%|true|false&#8221; custom_padding_tablet=&#8221;15%||15%||true|false&#8221; custom_padding_phone=&#8221;&#8221; custom_padding_last_edited=&#8221;on|phone&#8221; custom_padding__hover=&#8221;|||&#8221;][\/et_pb_column][et_pb_column type=&#8221;3_5&#8243; admin_label=&#8221;Column&#8221; _builder_version=&#8221;4.6.3&#8243; custom_padding=&#8221;40px|40px|40px|40px&#8221; custom_padding__hover=&#8221;|||&#8221;][et_pb_text _builder_version=&#8221;4.6.3&#8243; text_font=&#8221;AMELIE||||||||&#8221; header_font=&#8221;Gotham kinda bold||||||||&#8221; header_3_font=&#8221;Gotham kinda bold||||||||&#8221; header_3_text_color=&#8221;#000000&#8243; header_3_font_size=&#8221;28px&#8221; header_3_line_height=&#8221;1.5em&#8221; custom_margin=&#8221;||10px|&#8221; background_size=&#8221;initial&#8221; background_position=&#8221;top_left&#8221; background_repeat=&#8221;repeat&#8221; header_text_color=&#8221;#000000&#8243;]<h3>Pourquoi les m\u00e9thodes conventionnelles ne fonctionnent-elles pas ?<\/h3>[\/et_pb_text][et_pb_text _builder_version=&#8221;4.6.3&#8243; text_font=&#8221;Gotham kinda bold||||||||&#8221; text_font_size=&#8221;16px&#8221; text_line_height=&#8221;1.9em&#8221; header_font=&#8221;||||||||&#8221; header_2_font=&#8221;||||||||&#8221; module_alignment=&#8221;center&#8221; custom_margin=&#8221;||||false|false&#8221; custom_padding=&#8221;||||false|false&#8221; text_text_color=&#8221;#000000&#8243;]<p><span style=\"font-weight: 400;\">Les cellules d\u00e9pendantes de l'ancrage doivent \u00eatre cultiv\u00e9es tout en \u00e9tant attach\u00e9es \u00e0 un substrat. La fabrication conventionnelle de cellules d\u00e9pendantes de l'ancrage pour les th\u00e9rapies cellulaires de la m\u00e9decine r\u00e9g\u00e9n\u00e9rative implique l'isolement de cellules \u00e0 partir d'un tissu h\u00f4te et leur croissance ult\u00e9rieure dans un environnement in vitro favorable. Toutes les \u00e9tudes cliniques de th\u00e9rapie cellulaire publi\u00e9es \u00e0 ce jour pour la FI ont utilis\u00e9 des techniques de biotraitement conventionnelles. Cependant, le processus de d\u00e9tachement des ASMDC de leur substrat de culture en vue d'une d\u00e9livrance clinique met en p\u00e9ril la viabilit\u00e9 et la puissance, en d\u00e9clenchant l'anoikis (mort cellulaire).<\/span><\/p>\n<p><span style=\"font-weight: 400;\">La r\u00e9duction de la viabilit\u00e9 cellulaire due \u00e0 l'anoikis est un d\u00e9fi majeur pour la m\u00e9decine r\u00e9g\u00e9n\u00e9rative. Aucune de ces approches n'est actuellement adapt\u00e9e au traitement par ASMDC de l'IF, qui n\u00e9cessite une greffe dans le muscle h\u00f4te. L'impact de l'anoikis sur les produits de m\u00e9decine r\u00e9g\u00e9n\u00e9rative compos\u00e9s de cellules d\u00e9pendantes de l'ancrage entrave l'efficacit\u00e9 clinique en raison de l'incoh\u00e9rence caus\u00e9e par le faible taux de survie des cellules transplant\u00e9es.<\/span><\/p>\n<p><span style=\"font-weight: 400;\">C'est le d\u00e9fi auquel AMELIE est confront\u00e9e. <a href=\"https:\/\/amelie-project.eu\/fr\/dernieres-nouvelles\/\">Pour en savoir plus sur les derniers d\u00e9veloppements, cliquez ici. <\/a><\/span><\/p>[\/et_pb_text][\/et_pb_column][\/et_pb_row][\/et_pb_section][et_pb_section fb_built=&#8221;1&#8243; _builder_version=&#8221;4.6.3&#8243; _module_preset=&#8221;default&#8221; custom_padding=&#8221;0px|||||&#8221;][\/et_pb_section]","protected":false},"excerpt":{"rendered":"<p><div class=\"et_pb_module dsm_block_reveal_text dsm_block_reveal_text_0\">\n\t\t\t\t\n\t\t\t\t\n\t\t\t\t\n\t\t\t\t\n\t\t\t\t\n\t\t\t\t\n\t\t\t\t<div class=\"et_pb_module_inner\">\n\t\t\t\t\t<div class=\"dsm_block_reveal_text_wrapper\" data-dsm-block-reveal-animation=\"lr\" data-dsm-block-reveal-color=\"#0e94f9\" data-dsm-block-reveal-delay=\"0\" data-dsm-block-reveal-viewport=\"80%\"><h1 class=\"dsm_block_reveal_text_header et_pb_module_header\">NOTRE RECHERCHE<\/h1><\/div>\n\t\t\t\t<\/div>\n\t\t\t<\/div>Faecal Incontinence: About The ConditionFI is a substantial public health problem. It has a major impact on quality of life causing stigmatization and social isolation. AMELIE is primarily concerned with the effect of injury to the anal sphincter by either childbirth, surgery or trauma. Women who have given birth form the majority of patients who present with FI. A significant proportion of women (reported incidence of 5.5%) suffer a direct injury during childbirth due to tearing of the perineum.\u00a0 The current management of patients with FI is unsatisfactory. Patients with anal sphincter injury are commonly treated by surgery, however many with severe symptoms are either unsuitable for, or do not wish to undergo, current available surgical options. For these patients, an option that does not have the risks of sphincter repair or the long-term maintenance of an active metal implant is attractive. This is the place of regenerative medicine.Faecal Incontinence and Regenerative MedicineRegenerative medicine aims to restore functional tissue that is impaired due to aging, disease or injury. It offers new opportunities to restore incontinence caused by anal sphincter injury. To date, cell [&hellip;]<\/p>","protected":false},"author":1,"featured_media":0,"parent":0,"menu_order":0,"comment_status":"closed","ping_status":"closed","template":"","meta":{"_et_pb_use_builder":"on","_et_pb_old_content":"","_et_gb_content_width":"","_coblocks_attr":"","_coblocks_dimensions":"","_coblocks_responsive_height":"","_coblocks_accordion_ie_support":"","footnotes":"","_links_to":"","_links_to_target":""},"class_list":["post-30450","page","type-page","status-publish","hentry"],"_links":{"self":[{"href":"https:\/\/amelie-project.eu\/fr\/wp-json\/wp\/v2\/pages\/30450","targetHints":{"allow":["GET"]}}],"collection":[{"href":"https:\/\/amelie-project.eu\/fr\/wp-json\/wp\/v2\/pages"}],"about":[{"href":"https:\/\/amelie-project.eu\/fr\/wp-json\/wp\/v2\/types\/page"}],"author":[{"embeddable":true,"href":"https:\/\/amelie-project.eu\/fr\/wp-json\/wp\/v2\/users\/1"}],"replies":[{"embeddable":true,"href":"https:\/\/amelie-project.eu\/fr\/wp-json\/wp\/v2\/comments?post=30450"}],"version-history":[{"count":16,"href":"https:\/\/amelie-project.eu\/fr\/wp-json\/wp\/v2\/pages\/30450\/revisions"}],"predecessor-version":[{"id":31453,"href":"https:\/\/amelie-project.eu\/fr\/wp-json\/wp\/v2\/pages\/30450\/revisions\/31453"}],"wp:attachment":[{"href":"https:\/\/amelie-project.eu\/fr\/wp-json\/wp\/v2\/media?parent=30450"}],"curies":[{"name":"wp","href":"https:\/\/api.w.org\/{rel}","templated":true}]}}