{"id":28693,"date":"2020-09-05T00:39:09","date_gmt":"2020-09-05T00:39:09","guid":{"rendered":"https:\/\/amelie-project.eu\/?page_id=28693"},"modified":"2021-01-25T12:38:32","modified_gmt":"2021-01-25T12:38:32","slug":"activites-dengagement","status":"publish","type":"page","link":"https:\/\/amelie-project.eu\/fr\/activites-dengagement\/","title":{"rendered":"Activit\u00e9s d'engagement"},"content":{"rendered":"[et_pb_section fb_built=&#8221;1&#8243; custom_padding_last_edited=&#8221;on|phone&#8221; disabled_on=&#8221;off|off|off&#8221; admin_label=&#8221;Hero section&#8221; _builder_version=&#8221;4.6.3&#8243; background_image=&#8221;https:\/\/amelie-project.eu\/wp-content\/uploads\/2020\/10\/AMELIEHEADERBACKGOUND-01-scaled.jpg&#8221; background_position=&#8221;center_left&#8221; custom_margin=&#8221;|||&#8221; custom_padding=&#8221;7%||7%||true|false&#8221; custom_padding_tablet=&#8221;15%||15%||true|false&#8221; custom_padding_phone=&#8221;&#8221;][et_pb_row use_custom_gutter=&#8221;on&#8221; gutter_width=&#8221;1&#8243; custom_padding_last_edited=&#8221;on|desktop&#8221; _builder_version=&#8221;4.6.3&#8243; _module_preset=&#8221;default&#8221; width=&#8221;100%&#8221; module_alignment=&#8221;left&#8221; custom_padding=&#8221;|||4%|false|false&#8221; custom_padding_tablet=&#8221;|||6%|false|false&#8221; custom_padding_phone=&#8221;|||7%|false|false&#8221;][et_pb_column type=&#8221;4_4&#8243; _builder_version=&#8221;4.6.3&#8243; _module_preset=&#8221;default&#8221;][dsm_block_reveal_text block_reveal_text=&#8221;ENGAGEMENT&#8221; heading_html_tag=&#8221;h1&#8243; block_reveal_color=&#8221;#0e94f9&#8243; block_reveal_delay=&#8221;0&#8243; _builder_version=&#8221;4.6.3&#8243; _module_preset=&#8221;default&#8221; header_font=&#8221;AMELIE||||||||&#8221; header_text_color=&#8221;#0e94f9&#8243; header_font_size=&#8221;4vw&#8221; custom_padding=&#8221;||||false|false&#8221; custom_padding_tablet=&#8221;||||false|false&#8221; custom_padding_phone=&#8221;||||false|false&#8221; custom_padding_last_edited=&#8221;on|phone&#8221; header_font_size_tablet=&#8221;8vw&#8221; header_font_size_phone=&#8221;8vw&#8221; header_font_size_last_edited=&#8221;on|phone&#8221;][\/dsm_block_reveal_text][dsm_block_reveal_text block_reveal_text=&#8221;ACTIVITIES&#8221; heading_html_tag=&#8221;h1&#8243; block_reveal_color=&#8221;#0e94f9&#8243; block_reveal_delay=&#8221;0&#8243; _builder_version=&#8221;4.6.3&#8243; _module_preset=&#8221;default&#8221; header_font=&#8221;AMELIE||||||||&#8221; header_text_color=&#8221;#0e94f9&#8243; header_font_size=&#8221;3vw&#8221; custom_padding=&#8221;||||false|false&#8221; custom_padding_tablet=&#8221;||||false|false&#8221; custom_padding_phone=&#8221;||||false|false&#8221; custom_padding_last_edited=&#8221;on|phone&#8221; header_font_size_tablet=&#8221;6vw&#8221; header_font_size_phone=&#8221;8vw&#8221; header_font_size_last_edited=&#8221;on|desktop&#8221;][\/dsm_block_reveal_text][\/et_pb_column][\/et_pb_row][\/et_pb_section][et_pb_section fb_built=&#8221;1&#8243; admin_label=&#8221;Courses&#8221; _builder_version=&#8221;4.6.3&#8243; custom_padding=&#8221;100px|0px|100px|0px|false|false&#8221;][et_pb_row _builder_version=&#8221;4.6.3&#8243; _module_preset=&#8221;default&#8221;][et_pb_column type=&#8221;4_4&#8243; _builder_version=&#8221;4.6.3&#8243; _module_preset=&#8221;default&#8221;][et_pb_tabs active_tab_background_color=&#8221;#ffffff&#8221; active_tab_text_color=&#8221;#000000&#8243; _builder_version=&#8221;4.6.3&#8243; _module_preset=&#8221;default&#8221; tab_font=&#8221;Gotham||||||||&#8221; tab_line_height=&#8221;1.9em&#8221; width_tablet=&#8221;100%&#8221; width_phone=&#8221;&#8221; width_last_edited=&#8221;on|phone&#8221; module_alignment=&#8221;center&#8221; hover_enabled=&#8221;0&#8243; border_radii=&#8221;on|10px|10px|10px|10px&#8221; border_width_all=&#8221;0px&#8221; border_width_top=&#8221;10px&#8221; border_color_top=&#8221;#0c71c3&#8243; box_shadow_style=&#8221;preset2&#8243; box_shadow_horizontal=&#8221;0px&#8221; box_shadow_vertical=&#8221;0px&#8221; box_shadow_blur=&#8221;60px&#8221; box_shadow_color=&#8221;rgba(0,0,2,0.12)&#8221; background__hover_enabled=&#8221;off|hover&#8221; body_text_color=&#8221;#000000&#8243; body_font=&#8221;Gotham kinda bold||||||||&#8221; sticky_enabled=&#8221;0&#8243;][et_pb_tab title=&#8221;1&#8243; _builder_version=&#8221;4.6.3&#8243; _module_preset=&#8221;default&#8221; body_font=&#8221;Gotham kinda bold||||||||&#8221; body_text_color=&#8221;#000000&#8243; body_font_size=&#8221;20px&#8221; body_line_height=&#8221;1.8em&#8221; hover_enabled=&#8221;0&#8243; sticky_enabled=&#8221;0&#8243;]<p><span style=\"font-weight: 400;\">Examiner le protocole de l'essai clinique avant sa soumission et consulter les patients pour s'assurer qu'il r\u00e9pond \u00e0 leurs besoins et que la conception est acceptable pour eux. Des repr\u00e9sentants de Bowel Research UK (et d'autres) si\u00e9geront aux comit\u00e9s d'AMELIE pour surveiller la conception et la progression des essais cliniques.<\/span><\/p>[\/et_pb_tab][et_pb_tab title=&#8221;2&#8243; _builder_version=&#8221;4.6.3&#8243; _module_preset=&#8221;default&#8221; body_font=&#8221;Gotham kinda bold||||||||&#8221; body_text_color=&#8221;#000000&#8243; body_font_size=&#8221;20px&#8221; body_line_height=&#8221;1.8em&#8221; hover_enabled=&#8221;0&#8243; sticky_enabled=&#8221;0&#8243;]<p><span style=\"font-weight: 400;\">Organiser des r\u00e9unions pour communiquer les r\u00e9sultats aux diff\u00e9rentes parties prenantes en utilisant les technologies num\u00e9riques ainsi que les m\u00e9thodes de communication traditionnelles.<\/span><\/p>[\/et_pb_tab][et_pb_tab title=&#8221;3&#8243; _builder_version=&#8221;4.6.3&#8243; _module_preset=&#8221;default&#8221; body_font=&#8221;Gotham kinda bold||||||||&#8221; body_text_color=&#8221;#000000&#8243; body_font_size=&#8221;20px&#8221; body_line_height=&#8221;1.8em&#8221; hover_enabled=&#8221;0&#8243;]<p><span style=\"font-weight: 400;\">en collaborant avec la Soci\u00e9t\u00e9 internationale de la continence (ICS) et la Soci\u00e9t\u00e9 europ\u00e9enne de coloproctologie (ESCP) lors des r\u00e9unions annuelles et via leurs sites web pour diffuser les mises \u00e0 jour et les r\u00e9sultats.<\/span><\/p>[\/et_pb_tab][et_pb_tab title=&#8221;4&#8243; _builder_version=&#8221;4.6.3&#8243; _module_preset=&#8221;default&#8221; body_font=&#8221;Gotham kinda bold||||||||&#8221; body_text_color=&#8221;#000000&#8243; body_font_size=&#8221;20px&#8221; body_line_height=&#8221;1.8em&#8221; hover_enabled=&#8221;0&#8243;]<p><span style=\"font-weight: 400;\">Les membres du consortium feront conna\u00eetre les activit\u00e9s d'AMELIE lorsque les b\u00e9n\u00e9ficiaires prendront la parole lors d'\u00e9v\u00e9nements, tels que des r\u00e9unions nationales de soutien aux patients et des r\u00e9unions internationales sur la m\u00e9decine r\u00e9g\u00e9n\u00e9rative.<\/span><\/p>[\/et_pb_tab][et_pb_tab title=&#8221;5&#8243; _builder_version=&#8221;4.6.3&#8243; _module_preset=&#8221;default&#8221; body_font=&#8221;Gotham kinda bold||||||||&#8221; body_text_color=&#8221;#000000&#8243; body_font_size=&#8221;20px&#8221; body_line_height=&#8221;1.8em&#8221; hover_enabled=&#8221;0&#8243;]<p><span style=\"font-weight: 400;\">Conception d'un site web sp\u00e9cifique au projet, avec des pages d\u00e9di\u00e9es aux patients et au public, pr\u00e9sentant les r\u00e9sultats de la recherche d'AMELIE.<\/span><\/p>[\/et_pb_tab][et_pb_tab title=&#8221;6&#8243; _builder_version=&#8221;4.6.3&#8243; _module_preset=&#8221;default&#8221; body_font=&#8221;Gotham kinda bold||||||||&#8221; body_text_color=&#8221;#000000&#8243; body_font_size=&#8221;20px&#8221; body_line_height=&#8221;1.8em&#8221; hover_enabled=&#8221;0&#8243;]<p><span style=\"font-weight: 400;\">Annoncer les r\u00e9sultats et les publications exceptionnelles via le service de presse de l'UCL, le site web d'AMELIE et les m\u00e9dias internationaux.<\/span><\/p>[\/et_pb_tab][et_pb_tab title=&#8221;7&#8243; _builder_version=&#8221;4.6.3&#8243; _module_preset=&#8221;default&#8221; body_font=&#8221;Gotham kinda bold||||||||&#8221; body_text_color=&#8221;#000000&#8243; body_font_size=&#8221;20px&#8221; body_line_height=&#8221;1.8em&#8221; hover_enabled=&#8221;0&#8243;]<p><span style=\"font-weight: 400;\">Les chercheurs d'AMELIE publieront les r\u00e9sultats de leurs recherches originales dans des revues de haut niveau, et produiront des articles de synth\u00e8se, des commentaires invit\u00e9s et des \u00e9ditoriaux.<\/span><\/p>[\/et_pb_tab][et_pb_tab title=&#8221;8&#8243; _builder_version=&#8221;4.6.3&#8243; _module_preset=&#8221;default&#8221; body_font=&#8221;Gotham kinda bold||||||||&#8221; body_text_color=&#8221;#000000&#8243; body_font_size=&#8221;20px&#8221; body_line_height=&#8221;1.8em&#8221; hover_enabled=&#8221;0&#8243;]<p><span style=\"font-weight: 400;\">Les membres du consortium annonceront les r\u00e9sultats du projet lors de r\u00e9unions scientifiques et cliniques nationales et internationales.<\/span><\/p>[\/et_pb_tab][et_pb_tab title=&#8221;9&#8243; _builder_version=&#8221;4.6.3&#8243; _module_preset=&#8221;default&#8221; body_font=&#8221;Gotham kinda bold||||||||&#8221; body_text_color=&#8221;#000000&#8243; body_font_size=&#8221;20px&#8221; body_line_height=&#8221;1.8em&#8221; hover_enabled=&#8221;0&#8243;]<p><span style=\"font-weight: 400;\">Les r\u00e9sultats des essais seront rapidement assimil\u00e9s dans les documents d'orientation produits par les soci\u00e9t\u00e9s savantes concern\u00e9es, notamment l'ICS et l'ESCP.<\/span><\/p>[\/et_pb_tab][et_pb_tab title=&#8221;10&#8243; _builder_version=&#8221;4.6.3&#8243; _module_preset=&#8221;default&#8221; body_font=&#8221;Gotham kinda bold||||||||&#8221; body_text_color=&#8221;#000000&#8243; body_font_size=&#8221;20px&#8221; body_line_height=&#8221;1.8em&#8221; hover_enabled=&#8221;0&#8243;]<p><span style=\"font-weight: 400;\">\u00c9tudier l'existence d'autres subventions financ\u00e9es par l'UE dans le m\u00eame domaine de recherche afin de former un \u2018groupe\u2019 de projets de recherche sur l'incontinence, pour le partage des donn\u00e9es et le d\u00e9veloppement futur de nouvelles innovations cr\u00e9\u00e9es en commun afin d'acc\u00e9l\u00e9rer l'adoption des traitements de l'incontinence.<\/span><\/p>[\/et_pb_tab][et_pb_tab title=&#8221;11&#8243; _builder_version=&#8221;4.6.3&#8243; _module_preset=&#8221;default&#8221; body_font=&#8221;Gotham kinda bold||||||||&#8221; body_text_color=&#8221;#000000&#8243; body_font_size=&#8221;20px&#8221; body_line_height=&#8221;1.8em&#8221; hover_enabled=&#8221;0&#8243;]<p><span style=\"font-weight: 400;\">Poursuivre le dialogue avec les autorit\u00e9s r\u00e9glementaires pour s'assurer que le d\u00e9veloppement de la technologie dans le cadre du projet AMELIE s'aligne sur les exigences r\u00e9glementaires. Les repr\u00e9sentants des autorit\u00e9s r\u00e9glementaires seront invit\u00e9s \u00e0 la r\u00e9union annuelle de l'assembl\u00e9e g\u00e9n\u00e9rale pour leur permettre de se tenir au courant des progr\u00e8s du projet et d'\u00e9valuer la possibilit\u00e9 \u00e0 long terme d'int\u00e9grer le nouveau traitement dans les sch\u00e9mas th\u00e9rapeutiques existants.<\/span><\/p>[\/et_pb_tab][\/et_pb_tabs][\/et_pb_column][\/et_pb_row][\/et_pb_section][et_pb_section fb_built=&#8221;1&#8243; _builder_version=&#8221;4.6.3&#8243; _module_preset=&#8221;default&#8221;][\/et_pb_section]","protected":false},"excerpt":{"rendered":"<p><div class=\"et_pb_module dsm_block_reveal_text dsm_block_reveal_text_0\">\n\t\t\t\t\n\t\t\t\t\n\t\t\t\t\n\t\t\t\t\n\t\t\t\t\n\t\t\t\t\n\t\t\t\t<div class=\"et_pb_module_inner\">\n\t\t\t\t\t<div class=\"dsm_block_reveal_text_wrapper\" data-dsm-block-reveal-animation=\"lr\" data-dsm-block-reveal-color=\"#0e94f9\" data-dsm-block-reveal-delay=\"0\" data-dsm-block-reveal-viewport=\"80%\"><h1 class=\"dsm_block_reveal_text_header et_pb_module_header\">ENGAGEMENT<\/h1><\/div>\n\t\t\t\t<\/div>\n\t\t\t<\/div><div class=\"et_pb_module dsm_block_reveal_text dsm_block_reveal_text_1\">\n\t\t\t\t\n\t\t\t\t\n\t\t\t\t\n\t\t\t\t\n\t\t\t\t\n\t\t\t\t\n\t\t\t\t<div class=\"et_pb_module_inner\">\n\t\t\t\t\t<div class=\"dsm_block_reveal_text_wrapper\" data-dsm-block-reveal-animation=\"lr\" data-dsm-block-reveal-color=\"#0e94f9\" data-dsm-block-reveal-delay=\"0\" data-dsm-block-reveal-viewport=\"80%\"><h1 class=\"dsm_block_reveal_text_header et_pb_module_header\">ACTIVIT\u00c9S<\/h1><\/div>\n\t\t\t\t<\/div>\n\t\t\t<\/div>Viewing the clinical trial protocol prior to submission and consulting with patients to ensure that it meets their needs and that the design is acceptable to them. Representatives from Bowel Research UK (and others) will sit on AMELIE committees to monitor clinical trial design and its progression.Organising meetings to communicate results to different stakeholders using digital technology as well as traditional communication methods.Engaging with the International Continence Society (ICS) and European Society of Coloproctology (ESCP) at annual meetings and via their websites to disseminate updates and results.Consortium members will publicise activities of AMELIE when beneficiaries speak at events, such as national patient support meetings and international meetings covering regenerative medicine.Devising a project specific website with dedicated patient and public pages reporting AMELIE\u2019s research outcomes.Announcing results and outstanding publications via the UCL press office, the AMELIE website and international news media.AMELIE researchers will publish their original research findings in high profile journals, along with generating review articles, invited commentaries and editorials.Consortium members will announce project results at national, international [&hellip;]<\/p>","protected":false},"author":1,"featured_media":0,"parent":0,"menu_order":0,"comment_status":"closed","ping_status":"closed","template":"","meta":{"_et_pb_use_builder":"on","_et_pb_old_content":"","_et_gb_content_width":"","_coblocks_attr":"","_coblocks_dimensions":"","_coblocks_responsive_height":"","_coblocks_accordion_ie_support":"","footnotes":"","_links_to":"","_links_to_target":""},"class_list":["post-28693","page","type-page","status-publish","hentry"],"_links":{"self":[{"href":"https:\/\/amelie-project.eu\/fr\/wp-json\/wp\/v2\/pages\/28693","targetHints":{"allow":["GET"]}}],"collection":[{"href":"https:\/\/amelie-project.eu\/fr\/wp-json\/wp\/v2\/pages"}],"about":[{"href":"https:\/\/amelie-project.eu\/fr\/wp-json\/wp\/v2\/types\/page"}],"author":[{"embeddable":true,"href":"https:\/\/amelie-project.eu\/fr\/wp-json\/wp\/v2\/users\/1"}],"replies":[{"embeddable":true,"href":"https:\/\/amelie-project.eu\/fr\/wp-json\/wp\/v2\/comments?post=28693"}],"version-history":[{"count":34,"href":"https:\/\/amelie-project.eu\/fr\/wp-json\/wp\/v2\/pages\/28693\/revisions"}],"predecessor-version":[{"id":31163,"href":"https:\/\/amelie-project.eu\/fr\/wp-json\/wp\/v2\/pages\/28693\/revisions\/31163"}],"wp:attachment":[{"href":"https:\/\/amelie-project.eu\/fr\/wp-json\/wp\/v2\/media?parent=28693"}],"curies":[{"name":"wp","href":"https:\/\/api.w.org\/{rel}","templated":true}]}}