{"id":28371,"date":"2020-09-03T09:02:33","date_gmt":"2020-09-03T09:02:33","guid":{"rendered":"https:\/\/amelie-project.eu\/?page_id=28371"},"modified":"2021-01-26T10:47:43","modified_gmt":"2021-01-26T10:47:43","slug":"avantages-damelie","status":"publish","type":"page","link":"https:\/\/amelie-project.eu\/fr\/avantages-damelie\/","title":{"rendered":"Avantages d'AMELIE"},"content":{"rendered":"[et_pb_section fb_built=&#8221;1&#8243; custom_padding_last_edited=&#8221;on|phone&#8221; disabled_on=&#8221;off|off|off&#8221; admin_label=&#8221;Hero section&#8221; _builder_version=&#8221;4.6.3&#8243; background_image=&#8221;https:\/\/amelie-project.eu\/wp-content\/uploads\/2020\/10\/AMELIEHEADERBACKGOUND-01-scaled.jpg&#8221; background_position=&#8221;center_left&#8221; custom_margin=&#8221;|||&#8221; custom_padding=&#8221;7%||7%||true|false&#8221; custom_padding_tablet=&#8221;15%||15%||true|false&#8221; custom_padding_phone=&#8221;&#8221;][et_pb_row use_custom_gutter=&#8221;on&#8221; gutter_width=&#8221;1&#8243; custom_padding_last_edited=&#8221;on|desktop&#8221; _builder_version=&#8221;4.6.3&#8243; _module_preset=&#8221;default&#8221; width=&#8221;100%&#8221; module_alignment=&#8221;left&#8221; custom_padding=&#8221;|||4%|false|false&#8221; custom_padding_tablet=&#8221;|||6%|false|false&#8221; custom_padding_phone=&#8221;|||7%|false|false&#8221;][et_pb_column type=&#8221;4_4&#8243; _builder_version=&#8221;4.6.3&#8243; _module_preset=&#8221;default&#8221;][dsm_block_reveal_text block_reveal_text=&#8221;BENEFITS&#8221; heading_html_tag=&#8221;h1&#8243; block_reveal_color=&#8221;#0e94f9&#8243; block_reveal_delay=&#8221;0&#8243; _builder_version=&#8221;4.6.3&#8243; _module_preset=&#8221;default&#8221; header_font=&#8221;AMELIE||||||||&#8221; header_text_color=&#8221;#0e94f9&#8243; header_font_size=&#8221;4vw&#8221; custom_padding=&#8221;||||false|false&#8221; custom_padding_tablet=&#8221;||||false|false&#8221; custom_padding_phone=&#8221;||||false|false&#8221; custom_padding_last_edited=&#8221;on|phone&#8221; header_font_size_tablet=&#8221;8vw&#8221; header_font_size_phone=&#8221;10vw&#8221; header_font_size_last_edited=&#8221;on|desktop&#8221;][\/dsm_block_reveal_text][dsm_block_reveal_text block_reveal_text=&#8221;OF AMELIE&#8221; block_reveal_color=&#8221;#0e94f9&#8243; _builder_version=&#8221;4.6.3&#8243; _module_preset=&#8221;default&#8221; header_font=&#8221;AMELIE||||||||&#8221; header_text_color=&#8221;#0e94f9&#8243; header_font_size=&#8221;3vw&#8221; custom_padding=&#8221;||||false|false&#8221; custom_padding_tablet=&#8221;||||false|false&#8221; custom_padding_phone=&#8221;||||false|false&#8221; custom_padding_last_edited=&#8221;on|phone&#8221; header_font_size_tablet=&#8221;6vw&#8221; header_font_size_phone=&#8221;7vw&#8221; header_font_size_last_edited=&#8221;on|desktop&#8221;][\/dsm_block_reveal_text][\/et_pb_column][\/et_pb_row][\/et_pb_section][et_pb_section fb_built=&#8221;1&#8243; custom_padding_last_edited=&#8221;on|phone&#8221; _builder_version=&#8221;4.6.3&#8243; transform_scale_tablet=&#8221;90%|90%&#8221; transform_scale_last_edited=&#8221;off|desktop&#8221; transform_translate_last_edited=&#8221;off|desktop&#8221; transform_rotate_last_edited=&#8221;off|desktop&#8221; transform_skew_last_edited=&#8221;off|desktop&#8221; transform_origin_last_edited=&#8221;off|desktop&#8221; transform_styles_last_edited=&#8221;off|desktop&#8221; custom_margin=&#8221;||||false|false&#8221; custom_padding=&#8221;100px|0px|100px|0px&#8221; custom_padding_tablet=&#8221;35px|0px|35px|0px|true|false&#8221; custom_padding_phone=&#8221;15px||15px||true|false&#8221;][et_pb_row column_structure=&#8221;1_3,1_3,1_3&#8243; _builder_version=&#8221;4.6.3&#8243; _module_preset=&#8221;default&#8221; animation_style=&#8221;slide&#8221; animation_direction=&#8221;bottom&#8221; animation_intensity_slide=&#8221;11%&#8221;][et_pb_column type=&#8221;1_3&#8243; _builder_version=&#8221;4.6.3&#8243; _module_preset=&#8221;default&#8221;][dsm_tilt_image src=&#8221;https:\/\/amelie-project.eu\/wp-content\/uploads\/2020\/09\/science1shadow-4.png&#8221; title_text=&#8221;science1shadow&#8221; dsm_tilt_mobile=&#8221;on&#8221; dsm_tilt_scale=&#8221;1.1&#8243; dsm_tilt_max=&#8221;15&#8243; dsm_use_glare=&#8221;on&#8221; dsm_tilt_glare=&#8221;0.5&#8243; _builder_version=&#8221;4.6.3&#8243; _module_preset=&#8221;default&#8221;][\/dsm_tilt_image][et_pb_text _builder_version=&#8221;4.6.3&#8243; text_font=&#8221;Gotham kinda bold||||||||&#8221; text_text_color=&#8221;#000000&#8243; text_font_size=&#8221;16px&#8221; text_line_height=&#8221;1.6em&#8221; header_font=&#8221;Gotham kinda bold|||on|||||&#8221; header_text_color=&#8221;#000000&#8243; header_font_size=&#8221;15px&#8221; header_letter_spacing=&#8221;1px&#8221; header_line_height=&#8221;1.4em&#8221; header_2_font=&#8221;Gotham kinda bold|||on|||||&#8221; header_2_text_color=&#8221;#000000&#8243; header_2_font_size=&#8221;15px&#8221; header_2_letter_spacing=&#8221;1px&#8221; header_2_line_height=&#8221;1.4em&#8221; header_3_font=&#8221;Gotham kinda bold|||on|||||&#8221; header_3_text_color=&#8221;#000000&#8243; header_3_font_size=&#8221;15px&#8221; header_3_letter_spacing=&#8221;1px&#8221; header_3_line_height=&#8221;1.4em&#8221; header_4_font=&#8221;Gotham kinda bold|||on|||||&#8221; header_4_text_color=&#8221;#000000&#8243; header_4_font_size=&#8221;17px&#8221; header_4_letter_spacing=&#8221;1px&#8221; header_4_line_height=&#8221;1.4em&#8221; header_5_font=&#8221;Gotham kinda bold|||on|||||&#8221; header_5_text_color=&#8221;#000000&#8243; header_5_font_size=&#8221;15px&#8221; header_5_letter_spacing=&#8221;1px&#8221; header_5_line_height=&#8221;1.4em&#8221; header_6_font=&#8221;Gotham kinda bold|||on|||||&#8221; header_6_text_color=&#8221;#000000&#8243; header_6_font_size=&#8221;15px&#8221; header_6_letter_spacing=&#8221;1px&#8221; header_6_line_height=&#8221;1.4em&#8221; text_orientation=&#8221;center&#8221; max_width=&#8221;800px&#8221; module_alignment=&#8221;center&#8221; locked=&#8221;off&#8221;]<p>Identification de nouvelles th\u00e9rapies r\u00e9g\u00e9n\u00e9ratives potentielles pour r\u00e9pondre aux besoins cliniques non satisfaits de grands groupes de patients.<\/p>[\/et_pb_text][\/et_pb_column][et_pb_column type=&#8221;1_3&#8243; _builder_version=&#8221;4.6.3&#8243; _module_preset=&#8221;default&#8221;][dsm_tilt_image src=&#8221;https:\/\/amelie-project.eu\/wp-content\/uploads\/2020\/09\/science2shadow.png&#8221; title_text=&#8221;science2shadow&#8221; dsm_tilt_mobile=&#8221;on&#8221; dsm_tilt_scale=&#8221;1.1&#8243; dsm_tilt_max=&#8221;15&#8243; dsm_use_glare=&#8221;on&#8221; dsm_tilt_glare=&#8221;0.5&#8243; _builder_version=&#8221;4.6.3&#8243; _module_preset=&#8221;default&#8221;][\/dsm_tilt_image][et_pb_text _builder_version=&#8221;4.6.3&#8243; text_font=&#8221;Gotham kinda bold||||||||&#8221; text_text_color=&#8221;#000000&#8243; text_font_size=&#8221;16px&#8221; text_line_height=&#8221;1.6em&#8221; header_font=&#8221;Gotham kinda bold|||on|||||&#8221; header_text_color=&#8221;#000000&#8243; header_font_size=&#8221;15px&#8221; header_letter_spacing=&#8221;1px&#8221; header_line_height=&#8221;1.4em&#8221; header_2_font=&#8221;Gotham kinda bold|||on|||||&#8221; header_2_text_color=&#8221;#000000&#8243; header_2_font_size=&#8221;15px&#8221; header_2_letter_spacing=&#8221;1px&#8221; header_2_line_height=&#8221;1.4em&#8221; header_3_font=&#8221;Gotham kinda bold|||on|||||&#8221; header_3_text_color=&#8221;#000000&#8243; header_3_font_size=&#8221;15px&#8221; header_3_letter_spacing=&#8221;1px&#8221; header_3_line_height=&#8221;1.4em&#8221; header_4_font=&#8221;Gotham kinda bold|||on|||||&#8221; header_4_text_color=&#8221;#000000&#8243; header_4_font_size=&#8221;17px&#8221; header_4_letter_spacing=&#8221;1px&#8221; header_4_line_height=&#8221;1.4em&#8221; header_5_font=&#8221;Gotham kinda bold|||on|||||&#8221; header_5_text_color=&#8221;#000000&#8243; header_5_font_size=&#8221;15px&#8221; header_5_letter_spacing=&#8221;1px&#8221; header_5_line_height=&#8221;1.4em&#8221; header_6_font=&#8221;Gotham kinda bold|||on|||||&#8221; header_6_text_color=&#8221;#000000&#8243; header_6_font_size=&#8221;15px&#8221; header_6_letter_spacing=&#8221;1px&#8221; header_6_line_height=&#8221;1.4em&#8221; text_orientation=&#8221;center&#8221; max_width=&#8221;800px&#8221; module_alignment=&#8221;center&#8221; locked=&#8221;off&#8221;]<p>La position de l'Europe dans le domaine de la m\u00e9decine r\u00e9g\u00e9n\u00e9rative translationnelle s'est renforc\u00e9e.<\/p>[\/et_pb_text][\/et_pb_column][et_pb_column type=&#8221;1_3&#8243; _builder_version=&#8221;4.6.3&#8243; _module_preset=&#8221;default&#8221;][dsm_tilt_image src=&#8221;https:\/\/amelie-project.eu\/wp-content\/uploads\/2020\/09\/science3shadow-2.png&#8221; title_text=&#8221;science3shadow&#8221; dsm_tilt_mobile=&#8221;on&#8221; dsm_tilt_scale=&#8221;1.1&#8243; dsm_tilt_max=&#8221;15&#8243; dsm_use_glare=&#8221;on&#8221; dsm_tilt_glare=&#8221;0.5&#8243; _builder_version=&#8221;4.6.3&#8243; _module_preset=&#8221;default&#8221;][\/dsm_tilt_image][et_pb_text _builder_version=&#8221;4.6.3&#8243; text_font=&#8221;Gotham kinda bold||||||||&#8221; text_text_color=&#8221;#000000&#8243; text_font_size=&#8221;16px&#8221; text_line_height=&#8221;1.6em&#8221; header_font=&#8221;Gotham kinda bold|||on|||||&#8221; header_text_color=&#8221;#000000&#8243; header_font_size=&#8221;15px&#8221; header_letter_spacing=&#8221;1px&#8221; header_line_height=&#8221;1.4em&#8221; header_2_font=&#8221;Gotham kinda bold|||on|||||&#8221; header_2_text_color=&#8221;#000000&#8243; header_2_font_size=&#8221;15px&#8221; header_2_letter_spacing=&#8221;1px&#8221; header_2_line_height=&#8221;1.4em&#8221; header_3_font=&#8221;Gotham kinda bold|||on|||||&#8221; header_3_text_color=&#8221;#000000&#8243; header_3_font_size=&#8221;15px&#8221; header_3_letter_spacing=&#8221;1px&#8221; header_3_line_height=&#8221;1.4em&#8221; header_4_font=&#8221;Gotham kinda bold|||on|||||&#8221; header_4_text_color=&#8221;#000000&#8243; header_4_font_size=&#8221;17px&#8221; header_4_letter_spacing=&#8221;1px&#8221; header_4_line_height=&#8221;1.4em&#8221; header_5_font=&#8221;Gotham kinda bold|||on|||||&#8221; header_5_text_color=&#8221;#000000&#8243; header_5_font_size=&#8221;15px&#8221; header_5_letter_spacing=&#8221;1px&#8221; header_5_line_height=&#8221;1.4em&#8221; header_6_font=&#8221;Gotham kinda bold|||on|||||&#8221; header_6_text_color=&#8221;#000000&#8243; header_6_font_size=&#8221;15px&#8221; header_6_letter_spacing=&#8221;1px&#8221; header_6_line_height=&#8221;1.4em&#8221; text_orientation=&#8221;center&#8221; max_width=&#8221;800px&#8221; module_alignment=&#8221;center&#8221; locked=&#8221;off&#8221;]<p>Nouvelles th\u00e9rapies pour les principales maladies et affections humaines, et nouvelles approches th\u00e9rapeutiques en cours de d\u00e9veloppement.<\/p>[\/et_pb_text][\/et_pb_column][\/et_pb_row][\/et_pb_section][et_pb_section fb_built=&#8221;1&#8243; _builder_version=&#8221;3.22&#8243; background_color=&#8221;rgba(0,0,0,0.03)&#8221; background_position=&#8221;top_center&#8221; custom_margin=&#8221;|||&#8221; custom_padding=&#8221;100px||100px|&#8221;][et_pb_row use_custom_gutter=&#8221;on&#8221; gutter_width=&#8221;4&#8243; _builder_version=&#8221;4.6.3&#8243; custom_margin=&#8221;||||false|false&#8221; custom_padding=&#8221;0px|||&#8221;][et_pb_column type=&#8221;4_4&#8243; _builder_version=&#8221;3.25&#8243; custom_padding=&#8221;|||&#8221; parallax__hover=&#8221;off&#8221; parallax_method__hover=&#8221;on&#8221; custom_padding__hover=&#8221;|||&#8221;][et_pb_blurb title=&#8221;Potential new regenerative therapies to address unmet clinical needs of large patient groups identified&#8221; url=&#8221;#&#8221; icon_placement=&#8221;left&#8221; image_max_width=&#8221;64px&#8221; content_max_width=&#8221;1400px&#8221; admin_label=&#8221;Chapter&#8221; _builder_version=&#8221;4.6.3&#8243; header_font=&#8221;Gotham kinda bold||||||||&#8221; header_text_color=&#8221;#000000&#8243; header_line_height=&#8221;1.5em&#8221; body_font=&#8221;Gotham kinda bold||||||||&#8221; body_text_color=&#8221;#000000&#8243; body_font_size=&#8221;16px&#8221; body_line_height=&#8221;1.9em&#8221; background_color=&#8221;#ffffff&#8221; custom_margin=&#8221;|||&#8221; custom_padding=&#8221;30px|40px|30px|40px&#8221; animation_style=&#8221;zoom&#8221; animation_direction=&#8221;bottom&#8221; animation_intensity_zoom=&#8221;20%&#8221; animation_starting_opacity=&#8221;100%&#8221; box_shadow_style=&#8221;preset2&#8243; box_shadow_horizontal=&#8221;0px&#8221; box_shadow_vertical=&#8221;0px&#8221; box_shadow_blur=&#8221;60px&#8221; box_shadow_color=&#8221;rgba(10,3,3,0.06)&#8221; locked=&#8221;off&#8221;]<p><span style=\"font-weight: 400;\">L'IF est une affection courante qui touche ~9% adultes europ\u00e9ens. Ce chiffre est sous-estim\u00e9 car ~70% des patients atteints d'IF ne consultent pas un prestataire de soins de sant\u00e9 au sujet de leur \u00e9tat. Seule une partie d'entre eux cherchera \u00e0 se faire soigner, mais ~50% ne conviendront pas aux options actuelles. L'approche d'AMELIE pr\u00e9sente de nombreux avantages par rapport aux autres interventions chirurgicales, qui pr\u00e9sentent des risques d'infection, de douleur et de d\u00e9fectuosit\u00e9\/dislocation de la sonde, ce qui peut entra\u00eener une stomie permanente. L'am\u00e9lioration de la continence \u00e0 la suite du traitement aura un impact au-del\u00e0 des personnes souffrant imm\u00e9diatement de la maladie, comme les soignants et les personnes inscrites sur les listes d'attente des maisons de retraite.<\/span><span style=\"font-weight: 400;\">\u00a0<\/span><\/p>\n<p><span style=\"font-weight: 400;\">S'il est efficace, le traitement par la technologie des microporteurs cellulaires implantables aura un impact significatif sur la qualit\u00e9 de vie des citoyens de l'UE.<\/span> <span style=\"font-weight: 400;\">La promotion de ce traitement en tant qu'approche r\u00e9aliste pour <\/span><i><span style=\"font-weight: 400;\">traiter<\/span><\/i><span style=\"font-weight: 400;\"> plut\u00f4t que de g\u00e9rer les sympt\u00f4mes, augmentera la probabilit\u00e9 que les patients atteints d'IF consultent un prestataire de soins de sant\u00e9 au sujet de leur \u00e9tat et augmentera donc le nombre de patients que le traitement peut atteindre.<\/span><\/p>[\/et_pb_blurb][et_pb_blurb title=&#8221;Europe\u2019s position in translational regenerative medicine strengthened &#8221; url=&#8221;#&#8221; icon_placement=&#8221;left&#8221; image_max_width=&#8221;64px&#8221; content_max_width=&#8221;1400px&#8221; admin_label=&#8221;Chapter&#8221; _builder_version=&#8221;4.6.3&#8243; header_font=&#8221;Gotham kinda bold||||||||&#8221; header_text_color=&#8221;#000000&#8243; header_line_height=&#8221;1.5em&#8221; body_font=&#8221;Gotham kinda bold||||||||&#8221; body_text_color=&#8221;#000000&#8243; body_font_size=&#8221;16px&#8221; body_line_height=&#8221;1.9em&#8221; background_color=&#8221;#ffffff&#8221; custom_margin=&#8221;|||&#8221; custom_padding=&#8221;30px|40px|30px|40px&#8221; animation_style=&#8221;zoom&#8221; animation_direction=&#8221;bottom&#8221; animation_intensity_zoom=&#8221;20%&#8221; animation_starting_opacity=&#8221;100%&#8221; hover_enabled=&#8221;0&#8243; box_shadow_style=&#8221;preset2&#8243; box_shadow_horizontal=&#8221;0px&#8221; box_shadow_vertical=&#8221;0px&#8221; box_shadow_blur=&#8221;60px&#8221; box_shadow_color=&#8221;rgba(10,3,3,0.06)&#8221; locked=&#8221;off&#8221; sticky_enabled=&#8221;0&#8243;]<p><span style=\"font-weight: 400;\">L'Europe est \u00e0 la pointe des th\u00e9rapies cellulaires pour les patients atteints d'IF.<\/span> <span style=\"font-weight: 400;\">En plus de renforcer le r\u00f4le dominant de l'Europe dans ce domaine, AMELIE repr\u00e9sente \u00e9galement un changement radical dans l'approche adopt\u00e9e pour fabriquer et fournir des m\u00e9dicaments \u00e0 base de cellules qui permettront aux citoyens europ\u00e9ens d'\u00eatre les premiers au monde \u00e0 b\u00e9n\u00e9ficier d'une nouvelle approche pionni\u00e8re de la m\u00e9decine r\u00e9g\u00e9n\u00e9ratrice.\u00a0<\/span><\/p>\n<p><span style=\"font-weight: 400;\">La th\u00e9rapie cellulaire est un domaine de recherche en pleine expansion. Les produits issus de l'ing\u00e9nierie tissulaire sont appel\u00e9s \u00e0 se d\u00e9velopper de mani\u00e8re significative et offrent d'importantes possibilit\u00e9s de renforcer la position de l'Europe dans le domaine de la m\u00e9decine r\u00e9g\u00e9n\u00e9rative translationnelle. L'Europe repr\u00e9sente environ 26% des entreprises mondiales de m\u00e9decine r\u00e9g\u00e9n\u00e9rative. Le d\u00e9veloppement de technologies innovantes telles que les microporteurs implantables TIPS attirera les investissements en Europe. AMELIE cherche ensuite \u00e0 am\u00e9liorer la position concurrentielle des entreprises europ\u00e9ennes en tant que fournisseurs de technologies innovantes pour la m\u00e9decine r\u00e9g\u00e9n\u00e9rative. Le potentiel d'exploitation d'AMELIE s'en trouvera renforc\u00e9.<\/span><\/p>\n[\/et_pb_blurb][et_pb_blurb title=&#8221;New therapies for major human diseases and conditions, and new approaches for therapy taken further in the development pipeline&#8221; url=&#8221;#&#8221; icon_placement=&#8221;left&#8221; image_max_width=&#8221;64px&#8221; content_max_width=&#8221;1400px&#8221; admin_label=&#8221;Chapter&#8221; _builder_version=&#8221;4.6.3&#8243; header_font=&#8221;Gotham kinda bold||||||||&#8221; header_text_color=&#8221;#000000&#8243; header_line_height=&#8221;1.5em&#8221; body_font=&#8221;Gotham kinda bold||||||||&#8221; body_text_color=&#8221;#000000&#8243; body_font_size=&#8221;16px&#8221; body_line_height=&#8221;1.9em&#8221; background_color=&#8221;#ffffff&#8221; custom_margin=&#8221;|||&#8221; custom_padding=&#8221;30px|40px|30px|40px&#8221; animation_style=&#8221;zoom&#8221; animation_direction=&#8221;bottom&#8221; animation_intensity_zoom=&#8221;20%&#8221; animation_starting_opacity=&#8221;100%&#8221; box_shadow_style=&#8221;preset2&#8243; box_shadow_horizontal=&#8221;0px&#8221; box_shadow_vertical=&#8221;0px&#8221; box_shadow_blur=&#8221;60px&#8221; box_shadow_color=&#8221;rgba(10,3,3,0.06)&#8221; locked=&#8221;off&#8221;]<p><span style=\"font-weight: 400;\">AMELIE ouvre la voie \u00e0 des traitements innovants identiques ou similaires utilisant des combinaisons de cellules ASMDC et de microporteurs pour une vari\u00e9t\u00e9 d'autres conditions cliniques associ\u00e9es \u00e0 la perte de la fonction musculaire squelettique, telles que l'incontinence urinaire, les dystrophies musculaires et la perte musculaire volum\u00e9trique associ\u00e9e \u00e0 un traumatisme.\u00a0<\/span><\/p>\n<p><span style=\"font-weight: 400;\">Le m\u00eame raisonnement scientifique et la m\u00eame nouvelle approche d\u00e9velopp\u00e9s dans AMELIE sont \u00e9galement applicables \u00e0 d'autres types de cellules d\u00e9pendantes de l'ancrage \u00e9tudi\u00e9es comme nouveaux traitements de m\u00e9decine r\u00e9g\u00e9n\u00e9rative. Les nouveaux produits compos\u00e9s de ces cellules d\u00e9pendantes de l'ancrage sont destin\u00e9s \u00e0 traiter certaines des maladies les plus d\u00e9bilitantes qui affectent les muscles, les os, le cartilage, les tissus oculaires, cardiaques\/cardiovasculaires, gastro-intestinaux\/du foie, r\u00e9naux, immunitaires et respiratoires. L'adoption de la technologie des microporteurs implantables TIPS pourrait avoir un impact significatif sur leurs r\u00e9sultats.<\/span><\/p>\n<p><span style=\"font-weight: 400;\">Entre-temps, le processus de fabrication \u00e0 grande \u00e9chelle des microparticules TIPS peut \u00eatre appliqu\u00e9 \u00e0 d'autres utilisations de la technologie des microparticules actuellement \u00e0 l'\u00e9tude dans le pipeline de d\u00e9veloppement. <\/span><\/p>[\/et_pb_blurb][\/et_pb_column][\/et_pb_row][\/et_pb_section][et_pb_section fb_built=&#8221;1&#8243; _builder_version=&#8221;4.6.3&#8243; _module_preset=&#8221;default&#8221;][\/et_pb_section]","protected":false},"excerpt":{"rendered":"<p><div class=\"et_pb_module dsm_block_reveal_text dsm_block_reveal_text_0\">\n\t\t\t\t\n\t\t\t\t\n\t\t\t\t\n\t\t\t\t\n\t\t\t\t\n\t\t\t\t\n\t\t\t\t<div class=\"et_pb_module_inner\">\n\t\t\t\t\t<div class=\"dsm_block_reveal_text_wrapper\" data-dsm-block-reveal-animation=\"lr\" data-dsm-block-reveal-color=\"#0e94f9\" data-dsm-block-reveal-delay=\"0\" data-dsm-block-reveal-viewport=\"80%\"><h1 class=\"dsm_block_reveal_text_header et_pb_module_header\">B\u00c9N\u00c9FICES<\/h1><\/div>\n\t\t\t\t<\/div>\n\t\t\t<\/div><div class=\"et_pb_module dsm_block_reveal_text dsm_block_reveal_text_1\">\n\t\t\t\t\n\t\t\t\t\n\t\t\t\t\n\t\t\t\t\n\t\t\t\t\n\t\t\t\t\n\t\t\t\t<div class=\"et_pb_module_inner\">\n\t\t\t\t\t<div class=\"dsm_block_reveal_text_wrapper\" data-dsm-block-reveal-animation=\"lr\" data-dsm-block-reveal-color=\"#0e94f9\" data-dsm-block-reveal-delay=\"0.1\" data-dsm-block-reveal-viewport=\"80%\"><h2 class=\"dsm_block_reveal_text_header et_pb_module_header\">D'AMELIE<\/h2><\/div>\n\t\t\t\t<\/div>\n\t\t\t<\/div><div class=\"et_pb_module dsm_tilt_image dsm_tilt_image_0\">\n\t\t\t\t\n\t\t\t\t\n\t\t\t\t\n\t\t\t\t\n\t\t\t\t\n\t\t\t\t\n\t\t\t\t<div class=\"et_pb_module_inner\">\n\t\t\t\t\t<div class=\"dsm-tilt-image-wrapper\" data-tilt data-tilt-max=\"15\" data-tilt-speed=\"300\" data-tilt-perspective=\"1000\" data-tilt-scale=\"1.1\" data-tilt-mobile-disable=\"on\" data-tilt-glare data-tilt-max-glare=\"0.5\" data-tilt-reverse=\"false\">\n\t\t\t\t\n\t\t\t\t\n\t\t\t\t<span class=\"et_pb_image_wrap\"><img decoding=\"async\" src=\"https:\/\/amelie-project.eu\/wp-content\/uploads\/2020\/09\/science1shadow-4.png\" alt=\"\" title=\"science1shadow\" \/><\/span>\n\t\t\t<\/div>\n\t\t\t\t<\/div>\n\t\t\t<\/div>Identification de nouvelles th\u00e9rapies r\u00e9g\u00e9n\u00e9ratives potentielles pour r\u00e9pondre aux besoins cliniques non satisfaits de grands groupes de patients.<div class=\"et_pb_module dsm_tilt_image dsm_tilt_image_1\">\n\t\t\t\t\n\t\t\t\t\n\t\t\t\t\n\t\t\t\t\n\t\t\t\t\n\t\t\t\t\n\t\t\t\t<div class=\"et_pb_module_inner\">\n\t\t\t\t\t<div class=\"dsm-tilt-image-wrapper\" data-tilt data-tilt-max=\"15\" data-tilt-speed=\"300\" data-tilt-perspective=\"1000\" data-tilt-scale=\"1.1\" data-tilt-mobile-disable=\"on\" data-tilt-glare data-tilt-max-glare=\"0.5\" data-tilt-reverse=\"false\">\n\t\t\t\t\n\t\t\t\t\n\t\t\t\t<span class=\"et_pb_image_wrap\"><img decoding=\"async\" src=\"https:\/\/amelie-project.eu\/wp-content\/uploads\/2020\/09\/science2shadow.png\" alt=\"\" title=\"science2shadow\" \/><\/span>\n\t\t\t<\/div>\n\t\t\t\t<\/div>\n\t\t\t<\/div>La position de l'Europe dans le domaine de la m\u00e9decine r\u00e9g\u00e9n\u00e9rative translationnelle s'est renforc\u00e9e.<div class=\"et_pb_module dsm_tilt_image dsm_tilt_image_2\">\n\t\t\t\t\n\t\t\t\t\n\t\t\t\t\n\t\t\t\t\n\t\t\t\t\n\t\t\t\t\n\t\t\t\t<div class=\"et_pb_module_inner\">\n\t\t\t\t\t<div class=\"dsm-tilt-image-wrapper\" data-tilt data-tilt-max=\"15\" data-tilt-speed=\"300\" data-tilt-perspective=\"1000\" data-tilt-scale=\"1.1\" data-tilt-mobile-disable=\"on\" data-tilt-glare data-tilt-max-glare=\"0.5\" data-tilt-reverse=\"false\">\n\t\t\t\t\n\t\t\t\t\n\t\t\t\t<span class=\"et_pb_image_wrap\"><img decoding=\"async\" src=\"https:\/\/amelie-project.eu\/wp-content\/uploads\/2020\/09\/science3shadow-2.png\" alt=\"\" title=\"science3shadow\" \/><\/span>\n\t\t\t<\/div>\n\t\t\t\t<\/div>\n\t\t\t<\/div>New therapies for major human diseases and conditions, and new approaches for therapy taken further in the development pipeline.FI is a common condition affecting ~9% European adults. This figure is underestimated as ~70% of patients with FI do not consult a healthcare provider about their condition. Only a proportion of those that do will seek further treatment, but ~50% will not be suited to current options. AMELIE\u2019s approach has numerous advantages over other surgical interventions, which risk infection, pain and lead defect\/dislocation, which can result in permanent stoma. The effect of improved continence following treatment will have impact beyond those immediately suffering the condition, such as carers and those on nursing home waiting lists.\u00a0 If effective, treatment with the implantable cell-microcarrier technology will [&hellip;]<\/p>","protected":false},"author":1,"featured_media":0,"parent":0,"menu_order":0,"comment_status":"closed","ping_status":"closed","template":"","meta":{"_et_pb_use_builder":"on","_et_pb_old_content":"","_et_gb_content_width":"","_coblocks_attr":"","_coblocks_dimensions":"","_coblocks_responsive_height":"","_coblocks_accordion_ie_support":"","footnotes":"","_links_to":"","_links_to_target":""},"class_list":["post-28371","page","type-page","status-publish","hentry"],"_links":{"self":[{"href":"https:\/\/amelie-project.eu\/fr\/wp-json\/wp\/v2\/pages\/28371","targetHints":{"allow":["GET"]}}],"collection":[{"href":"https:\/\/amelie-project.eu\/fr\/wp-json\/wp\/v2\/pages"}],"about":[{"href":"https:\/\/amelie-project.eu\/fr\/wp-json\/wp\/v2\/types\/page"}],"author":[{"embeddable":true,"href":"https:\/\/amelie-project.eu\/fr\/wp-json\/wp\/v2\/users\/1"}],"replies":[{"embeddable":true,"href":"https:\/\/amelie-project.eu\/fr\/wp-json\/wp\/v2\/comments?post=28371"}],"version-history":[{"count":53,"href":"https:\/\/amelie-project.eu\/fr\/wp-json\/wp\/v2\/pages\/28371\/revisions"}],"predecessor-version":[{"id":31152,"href":"https:\/\/amelie-project.eu\/fr\/wp-json\/wp\/v2\/pages\/28371\/revisions\/31152"}],"wp:attachment":[{"href":"https:\/\/amelie-project.eu\/fr\/wp-json\/wp\/v2\/media?parent=28371"}],"curies":[{"name":"wp","href":"https:\/\/api.w.org\/{rel}","templated":true}]}}