{"id":31444,"date":"2024-02-04T14:14:25","date_gmt":"2024-02-04T14:14:25","guid":{"rendered":"https:\/\/amelie-project.eu\/?page_id=31444"},"modified":"2026-02-05T12:42:55","modified_gmt":"2026-02-05T12:42:55","slug":"proyectos-relacionados","status":"publish","type":"page","link":"https:\/\/amelie-project.eu\/es\/proyectos-relacionados\/","title":{"rendered":"Proyectos relacionados"},"content":{"rendered":"<p>[et_pb_section fb_built=&#8221;1&#8243; custom_padding_last_edited=&#8221;on|phone&#8221; disabled_on=&#8221;off|off|off&#8221; admin_label=&#8221;Hero section&#8221; _builder_version=&#8221;4.16&#8243; background_image=&#8221;https:\/\/amelie-project.eu\/wp-content\/uploads\/2020\/10\/AMELIEHEADERBACKGOUND-01-scaled.jpg&#8221; background_position=&#8221;center_left&#8221; custom_margin=&#8221;|||&#8221; custom_padding=&#8221;7%||7%||true|false&#8221; custom_padding_tablet=&#8221;15%||15%||true|false&#8221; custom_padding_phone=&#8221;&#8221; global_colors_info=&#8221;{}&#8221;][et_pb_row use_custom_gutter=&#8221;on&#8221; gutter_width=&#8221;1&#8243; custom_padding_last_edited=&#8221;on|phone&#8221; _builder_version=&#8221;4.16&#8243; _module_preset=&#8221;default&#8221; width=&#8221;100%&#8221; module_alignment=&#8221;left&#8221; custom_padding=&#8221;|||4%|false|false&#8221; custom_padding_tablet=&#8221;|||5%|false|false&#8221; custom_padding_phone=&#8221;|||5.5%|false|false&#8221; global_colors_info=&#8221;{}&#8221;][et_pb_column type=&#8221;4_4&#8243; _builder_version=&#8221;4.16&#8243; _module_preset=&#8221;default&#8221; global_colors_info=&#8221;{}&#8221;][dsm_block_reveal_text block_reveal_text=&#8221;%91PAGE TITLE HERE%93 &#8211;  IN CAPITALS&#8221; heading_html_tag=&#8221;h1&#8243; block_reveal_color=&#8221;#0e94f9&#8243; block_reveal_delay=&#8221;0&#8243; _builder_version=&#8221;4.27.4&#8243; _module_preset=&#8221;default&#8221; header_font=&#8221;AMELIE||||||||&#8221; header_text_color=&#8221;#0e94f9&#8243; header_font_size=&#8221;3vw&#8221; custom_padding=&#8221;||||false|false&#8221; custom_padding_tablet=&#8221;||||false|false&#8221; custom_padding_phone=&#8221;||||false|false&#8221; custom_padding_last_edited=&#8221;on|phone&#8221; hover_enabled=&#8221;0&#8243; header_font_size_tablet=&#8221;5vw&#8221; header_font_size_phone=&#8221;6vw&#8221; header_font_size_last_edited=&#8221;on|phone&#8221; global_colors_info=&#8221;{}&#8221; admin_label=&#8221;Supreme Block Reveal Text&#8221; sticky_enabled=&#8221;0&#8243;][\/dsm_block_reveal_text][\/et_pb_column][\/et_pb_row][\/et_pb_section][et_pb_section fb_built=&#8221;1&#8243; custom_padding_last_edited=&#8221;on|phone&#8221; admin_label=&#8221;Collections&#8221; _builder_version=&#8221;4.16&#8243; custom_padding=&#8221;44px|0px|100px|0px|false|false&#8221; custom_padding_tablet=&#8221;50px||50px||true|false&#8221; custom_padding_phone=&#8221;&#8221; global_colors_info=&#8221;{}&#8221;][et_pb_row make_equal=&#8221;on&#8221; custom_padding_last_edited=&#8221;off|tablet&#8221; module_id=&#8221;faecal-incontinence-about-the-condition&#8221; _builder_version=&#8221;4.21.0&#8243; background_size=&#8221;initial&#8221; background_position=&#8221;top_left&#8221; background_repeat=&#8221;repeat&#8221; module_alignment=&#8221;center&#8221; custom_margin=&#8221;0px|auto|73px|auto|false|false&#8221; custom_margin_tablet=&#8221;||||false|false&#8221; custom_margin_phone=&#8221;&#8221; custom_margin_last_edited=&#8221;on|tablet&#8221; custom_padding=&#8221;0px||0px|||&#8221; box_shadow_style=&#8221;preset3&#8243; box_shadow_vertical=&#8221;40px&#8221; box_shadow_blur=&#8221;50px&#8221; box_shadow_color=&#8221;rgba(0,0,0,0.1)&#8221; global_colors_info=&#8221;{}&#8221;][et_pb_column type=&#8221;4_4&#8243; admin_label=&#8221;Column&#8221; _builder_version=&#8221;4.21.0&#8243; custom_padding=&#8221;20px|40px|20px|40px|false|false&#8221; hover_enabled=&#8221;0&#8243; global_colors_info=&#8221;{}&#8221; custom_padding__hover=&#8221;|||&#8221; sticky_enabled=&#8221;0&#8243;][et_pb_text _builder_version=&#8221;4.27.4&#8243; text_font=&#8221;Gotham kinda bold||||||||&#8221; text_text_color=&#8221;#000000&#8243; text_font_size=&#8221;16px&#8221; text_line_height=&#8221;1.9em&#8221; header_font=&#8221;||||||||&#8221; header_2_font=&#8221;||||||||&#8221; module_alignment=&#8221;center&#8221; custom_margin=&#8221;0px|0px|0px|0px|false|false&#8221; custom_padding=&#8221;0px|0px|0px|0px|false|false&#8221; hover_enabled=&#8221;0&#8243; global_colors_info=&#8221;{}&#8221; sticky_enabled=&#8221;0&#8243;]<\/p>\n<div class=\"x_WordSection1\">\n<p class=\"x_MsoNormal\">Texto de la p\u00e1gina<\/p>\n<\/div>\n<p>[\/et_pb_text][\/et_pb_column][\/et_pb_row][et_pb_row column_structure=&#8221;2_5,3_5&#8243; make_equal=&#8221;on&#8221; custom_padding_last_edited=&#8221;off|tablet&#8221; module_id=&#8221;faecal-incontinence-about-the-condition&#8221; _builder_version=&#8221;4.27.4&#8243; background_size=&#8221;initial&#8221; background_position=&#8221;top_left&#8221; background_repeat=&#8221;repeat&#8221; module_alignment=&#8221;center&#8221; custom_margin=&#8221;|||&#8221; custom_margin_tablet=&#8221;||||false|false&#8221; custom_margin_phone=&#8221;&#8221; custom_margin_last_edited=&#8221;on|tablet&#8221; custom_padding=&#8221;0px||0px|&#8221; hover_enabled=&#8221;0&#8243; box_shadow_style=&#8221;preset3&#8243; box_shadow_vertical=&#8221;40px&#8221; box_shadow_blur=&#8221;50px&#8221; box_shadow_color=&#8221;rgba(0,0,0,0.1)&#8221; global_colors_info=&#8221;{}&#8221; sticky_enabled=&#8221;0&#8243;][et_pb_column type=&#8221;2_5&#8243; _builder_version=&#8221;4.27.4&#8243; use_background_color_gradient=&#8221;on&#8221; background_color_gradient_direction=&#8221;35deg&#8221; background_color_gradient_stops=&#8221;#6bc8ff 0%|#99afff 100%&#8221; background_color_gradient_start=&#8221;#6bc8ff&#8221; background_color_gradient_end=&#8221;#99afff&#8221; background_image=&#8221;https:\/\/amelie-project.eu\/wp-content\/uploads\/2026\/02\/Venture-Cafe-Background-for-Blog-040226.png&#8221; custom_padding=&#8221;5%|5%|5%|5%|true|false&#8221; custom_padding_tablet=&#8221;15%||15%||true|false&#8221; custom_padding_phone=&#8221;&#8221; custom_padding_last_edited=&#8221;on|phone&#8221; hover_enabled=&#8221;0&#8243; global_colors_info=&#8221;{}&#8221; custom_padding__hover=&#8221;|||&#8221; sticky_enabled=&#8221;0&#8243; title_text=&#8221;Venture Cafe Background for Blog 040226&#8243;][\/et_pb_column][et_pb_column type=&#8221;3_5&#8243; admin_label=&#8221;Column&#8221; _builder_version=&#8221;4.27.4&#8243; custom_padding=&#8221;40px|40px|40px|40px&#8221; hover_enabled=&#8221;0&#8243; global_colors_info=&#8221;{}&#8221; custom_padding__hover=&#8221;|||&#8221; sticky_enabled=&#8221;0&#8243;][et_pb_text _builder_version=&#8221;4.21.0&#8243; text_font=&#8221;AMELIE||||||||&#8221; header_font=&#8221;Gotham kinda bold||||||||&#8221; header_text_color=&#8221;#000000&#8243; header_3_font=&#8221;Gotham kinda bold||||||||&#8221; header_3_text_color=&#8221;#000000&#8243; header_3_font_size=&#8221;28px&#8221; header_3_line_height=&#8221;1.5em&#8221; background_size=&#8221;initial&#8221; background_position=&#8221;top_left&#8221; background_repeat=&#8221;repeat&#8221; custom_margin=&#8221;||10px|&#8221; global_colors_info=&#8221;{}&#8221;]<\/p>\n<h3>PREMSTEM<\/h3>\n<p>[\/et_pb_text][et_pb_text _builder_version=&#8221;4.21.0&#8243; text_font=&#8221;Gotham kinda bold||||||||&#8221; text_text_color=&#8221;#000000&#8243; text_font_size=&#8221;16px&#8221; text_line_height=&#8221;1.9em&#8221; header_font=&#8221;||||||||&#8221; header_2_font=&#8221;||||||||&#8221; module_alignment=&#8221;center&#8221; custom_margin=&#8221;||||false|false&#8221; custom_padding=&#8221;||||false|false&#8221; global_colors_info=&#8221;{}&#8221;]<\/p>\n<p>Desarrollar una terapia con c\u00e9lulas madre para reparar lesiones cerebrales relacionadas con el parto prematuro.<\/p>\n<p>La lesi\u00f3n cerebral en el <strong>prem<\/strong>ature nacido beb\u00e9: <strong>tallo<\/strong> PREMSTEM, una red de investigaci\u00f3n sobre regeneraci\u00f3n celular, est\u00e1 formada por un colectivo de m\u00e9dicos, investigadores y grupos de defensa de las partes interesadas l\u00edderes en el mundo, as\u00ed como por un socio industrial con una s\u00f3lida experiencia en neonatolog\u00eda y desarrollo de f\u00e1rmacos. A escala mundial, cada a\u00f1o nacen unos 15 millones de beb\u00e9s prematuros (antes de la semana 37 de gestaci\u00f3n) y nuestra investigaci\u00f3n pretende crear una nueva terapia para tratar las lesiones cerebrales asociadas a nacer demasiado pronto. Actualmente no existen tratamientos para reparar esta lesi\u00f3n, conocida como encefalopat\u00eda del prematuro (EOP). Estamos investigando el potencial de las c\u00e9lulas madre extra\u00eddas de tejido de cord\u00f3n umbilical donado para tratar la encefalopat\u00eda del prematuro, y nuestra investigaci\u00f3n gira en torno a tres preguntas clave: \u00bfCu\u00e1ndo administrar las c\u00e9lulas madre? \u00bfCu\u00e1ntas debemos administrar? \u00bfC\u00f3mo administrarlas (por v\u00eda intranasal o intravenosa)? Adem\u00e1s, tambi\u00e9n estamos desarrollando herramientas de diagn\u00f3stico por imagen nuevas, baratas y f\u00e1ciles de usar para que los m\u00e9dicos puedan identificar f\u00e1cilmente las lesiones cerebrales en los reci\u00e9n nacidos prematuros.<\/p>\n<p><span style=\"color: #000080;\"><a href=\"https:\/\/www.premstem.eu\/\" style=\"color: #000080;\">P\u00e1gina web: https:\/\/www.premstem.eu\/<\/a><\/span><br \/><span style=\"color: #000080;\"><a href=\"https:\/\/www.linkedin.com\/company\/premstem\/\" style=\"color: #000080;\">LinkedIn: https:\/\/www.linkedin.com\/company\/premstem\/<\/a><\/span><br \/><span style=\"color: #000080;\"><a href=\"https:\/\/twitter.com\/premstem\" style=\"color: #000080;\">Twitter: https:\/\/twitter.com\/premstem<\/a><\/span><br \/><span style=\"color: #000080;\"><a href=\"https:\/\/www.youtube.com\/channel\/UCPS0R2GQAPgGWuxzDR3ALJg\" style=\"color: #000080;\">YouTube: https:\/\/www.youtube.com\/channel\/UCPS0R2GQAPgGWuxzDR3ALJg<\/a><\/span><\/p>\n<p>[\/et_pb_text][\/et_pb_column][\/et_pb_row][\/et_pb_section][et_pb_section fb_built=&#8221;1&#8243; _builder_version=&#8221;4.16&#8243; _module_preset=&#8221;default&#8221; custom_padding=&#8221;0px|||||&#8221; global_colors_info=&#8221;{}&#8221;][\/et_pb_section]<\/p>","protected":false},"excerpt":{"rendered":"<p><div class=\"et_pb_module dsm_block_reveal_text dsm_block_reveal_text_0\">\n\t\t\t\t\n\t\t\t\t\n\t\t\t\t\n\t\t\t\t\n\t\t\t\t\n\t\t\t\t\n\t\t\t\t<div class=\"et_pb_module_inner\">\n\t\t\t\t\t<div class=\"dsm_block_reveal_text_wrapper\" data-dsm-block-reveal-animation=\"lr\" data-dsm-block-reveal-color=\"#0e94f9\" data-dsm-block-reveal-delay=\"0\" data-dsm-block-reveal-viewport=\"80%\"><h1 class=\"dsm_block_reveal_text_header et_pb_module_header\">[PAGE TITLE HERE] - IN CAPITALS<\/h1><\/div>\n\t\t\t\t<\/div>\n\t\t\t<\/div> Page Text Here PREMSTEMDevelop a stem cell therapy to repair brain injury related to preterm birth. The brain injury in the premature born infant: stem cell regeneration research network, PREMSTEM, is a collective of world leading clinicians, researchers, stakeholder advocacy groups and an industrial partner with well-established experience in neonatology and drug development. On a global scale, around 15 million babies are born preterm every year (before the 37th week of gestation) and our research aims to create a new therapy to treat brain injury associated with being born too soon. There are currently no treatments available to repair this injury, which is known as encephalopathy of prematurity (EOP). We&#8217;re investigating the potential of stem cells taken from donated umbilical cord tissue to treat EOP with our research framed around three key questions: When should we give the stem cells? How many should we give? How should we deliver them (intranasal or intravenous)? In addition, we&#8217;re also developing new, inexpensive, and easy to use imaging tools to allow clinicians the ability [&hellip;]<\/p>","protected":false},"author":3,"featured_media":0,"parent":0,"menu_order":0,"comment_status":"closed","ping_status":"closed","template":"","meta":{"_et_pb_use_builder":"on","_et_pb_old_content":"","_et_gb_content_width":"","_coblocks_attr":"","_coblocks_dimensions":"","_coblocks_responsive_height":"","_coblocks_accordion_ie_support":"","footnotes":"","_links_to":"","_links_to_target":""},"class_list":["post-31444","page","type-page","status-publish","hentry"],"_links":{"self":[{"href":"https:\/\/amelie-project.eu\/es\/wp-json\/wp\/v2\/pages\/31444","targetHints":{"allow":["GET"]}}],"collection":[{"href":"https:\/\/amelie-project.eu\/es\/wp-json\/wp\/v2\/pages"}],"about":[{"href":"https:\/\/amelie-project.eu\/es\/wp-json\/wp\/v2\/types\/page"}],"author":[{"embeddable":true,"href":"https:\/\/amelie-project.eu\/es\/wp-json\/wp\/v2\/users\/3"}],"replies":[{"embeddable":true,"href":"https:\/\/amelie-project.eu\/es\/wp-json\/wp\/v2\/comments?post=31444"}],"version-history":[{"count":7,"href":"https:\/\/amelie-project.eu\/es\/wp-json\/wp\/v2\/pages\/31444\/revisions"}],"predecessor-version":[{"id":31659,"href":"https:\/\/amelie-project.eu\/es\/wp-json\/wp\/v2\/pages\/31444\/revisions\/31659"}],"wp:attachment":[{"href":"https:\/\/amelie-project.eu\/es\/wp-json\/wp\/v2\/media?parent=31444"}],"curies":[{"name":"wp","href":"https:\/\/api.w.org\/{rel}","templated":true}]}}