{"id":31276,"date":"2021-08-21T13:46:52","date_gmt":"2021-08-21T13:46:52","guid":{"rendered":"https:\/\/amelie-project.eu\/?page_id=31276"},"modified":"2021-08-25T14:54:05","modified_gmt":"2021-08-25T14:54:05","slug":"politica-de-privacidad","status":"publish","type":"page","link":"https:\/\/amelie-project.eu\/es\/politica-de-privacidad\/","title":{"rendered":"Pol\u00edtica de privacidad"},"content":{"rendered":"<p>[et_pb_section fb_built=&#8221;1&#8243; custom_padding_last_edited=&#8221;on|phone&#8221; disabled_on=&#8221;off|off|off&#8221; admin_label=&#8221;Hero section&#8221; _builder_version=&#8221;4.6.3&#8243; background_image=&#8221;https:\/\/amelie-project.eu\/wp-content\/uploads\/2020\/09\/shutterstock_1438674518-Converted-1-1.png&#8221; background_position=&#8221;center_left&#8221; custom_margin=&#8221;|||&#8221; custom_padding=&#8221;7%||7%||true|false&#8221; custom_padding_tablet=&#8221;15%||15%||true|false&#8221; custom_padding_phone=&#8221;&#8221;][et_pb_row use_custom_gutter=&#8221;on&#8221; gutter_width=&#8221;1&#8243; custom_padding_last_edited=&#8221;on|desktop&#8221; _builder_version=&#8221;4.6.3&#8243; _module_preset=&#8221;default&#8221; width=&#8221;100%&#8221; module_alignment=&#8221;left&#8221; custom_padding=&#8221;|||4%|false|false&#8221; custom_padding_tablet=&#8221;|||6%|false|false&#8221; custom_padding_phone=&#8221;|||7%|false|false&#8221;][et_pb_column type=&#8221;4_4&#8243; _builder_version=&#8221;4.6.3&#8243; _module_preset=&#8221;default&#8221;][dsm_block_reveal_text block_reveal_text=&#8221;PRIVACY&#8221; heading_html_tag=&#8221;h1&#8243; block_reveal_color=&#8221;#0e94f9&#8243; block_reveal_delay=&#8221;0&#8243; _builder_version=&#8221;4.6.3&#8243; _module_preset=&#8221;default&#8221; header_font=&#8221;AMELIE||||||||&#8221; header_text_color=&#8221;#0e94f9&#8243; header_font_size=&#8221;4vw&#8221; custom_padding=&#8221;||||false|false&#8221; custom_padding_tablet=&#8221;||||false|false&#8221; custom_padding_phone=&#8221;||||false|false&#8221; custom_padding_last_edited=&#8221;on|tablet&#8221; header_font_size_tablet=&#8221;8.5vw&#8221; header_font_size_phone=&#8221;9vw&#8221; header_font_size_last_edited=&#8221;on|desktop&#8221;][\/dsm_block_reveal_text][dsm_block_reveal_text block_reveal_text=&#8221;POLICY&#8221; heading_html_tag=&#8221;h1&#8243; block_reveal_color=&#8221;#0e94f9&#8243; _builder_version=&#8221;4.6.3&#8243; _module_preset=&#8221;default&#8221; header_font=&#8221;AMELIE||||||||&#8221; header_text_color=&#8221;#0e94f9&#8243; header_font_size=&#8221;3.1vw&#8221; custom_padding=&#8221;||||false|false&#8221; custom_padding_tablet=&#8221;||||false|false&#8221; custom_padding_phone=&#8221;||||false|false&#8221; custom_padding_last_edited=&#8221;on|phone&#8221; header_font_size_tablet=&#8221;5.3vw&#8221; header_font_size_phone=&#8221;5.5vw&#8221; header_font_size_last_edited=&#8221;on|desktop&#8221;][\/dsm_block_reveal_text][\/et_pb_column][\/et_pb_row][\/et_pb_section][et_pb_section fb_built=&#8221;1&#8243; _builder_version=&#8221;4.6.3&#8243; background_color=&#8221;#ffffff&#8221; background_position=&#8221;top_center&#8221; custom_margin=&#8221;|||&#8221; custom_padding=&#8221;100px||50px|||&#8221; hover_enabled=&#8221;0&#8243; sticky_enabled=&#8221;0&#8243;][et_pb_row _builder_version=&#8221;3.25&#8243; custom_margin=&#8221;|||&#8221; custom_padding=&#8221;||26px|||&#8221; locked=&#8221;off&#8221;][et_pb_column type=&#8221;4_4&#8243; _builder_version=&#8221;3.25&#8243; custom_padding=&#8221;|||&#8221; custom_padding__hover=&#8221;|||&#8221;][et_pb_text _builder_version=&#8221;4.6.3&#8243; text_font=&#8221;Gotham kinda bold||||||||&#8221; text_text_color=&#8221;#898f99&#8243; text_line_height=&#8221;2em&#8221; header_font=&#8221;||||||||&#8221; header_2_font=&#8221;Gotham||||on||||solid&#8221; header_2_text_color=&#8221;#6e7889&#8243; header_2_line_height=&#8221;1.4em&#8221; header_3_font=&#8221;Gotham||||||||&#8221; header_3_text_align=&#8221;center&#8221; header_3_text_color=&#8221;#6e7889&#8243; header_3_font_size=&#8221;20px&#8221; header_3_line_height=&#8221;1.4em&#8221; header_4_text_color=&#8221;#000000&#8243; text_orientation=&#8221;center&#8221; width=&#8221;100%&#8221; module_alignment=&#8221;center&#8221; locked=&#8221;off&#8221;]<\/p>\n<h3><strong>Introducci\u00f3n<\/strong><\/h3>\n<p>Bowel Research UK (\u201cnosotros\u201d \u201cnos\u201d o \u201cnuestro\u201d) respeta su privacidad y se compromete a proteger sus datos personales. Este documento de pol\u00edtica le informa sobre c\u00f3mo recopilamos, almacenamos, utilizamos y divulgamos sus datos personales cuando interact\u00faa con nosotros. Le rogamos que lea atentamente lo siguiente para comprender c\u00f3mo procesamos sus datos personales.<\/p>\n<p>&nbsp;<\/p>\n<h3><strong>Qui\u00e9nes somos<\/strong><\/h3>\n<p>Bowel Research UK es el responsable designado de la Difusi\u00f3n y Comunicaci\u00f3n de las actividades de investigaci\u00f3n del proyecto denominado <strong><u>A<\/u><\/strong><u>nchored <strong>M<\/strong>uscle c<strong>EL<\/strong>ls para <strong>I<\/strong>ncontinenc<strong>E<\/strong><\/u><strong> (AMELIE), <\/strong><u>financiado por el programa H2020 de la Uni\u00f3n Europea.<\/u><\/p>\n<p><u>\u00a0<\/u><\/p>\n<p>AMELIE es un proyecto de investigaci\u00f3n colaborativa de 5 a\u00f1os financiado por el Programa Marco de la Uni\u00f3n Europea (Horizonte 2020). Implica la colaboraci\u00f3n de 13 organizaciones de nueve pa\u00edses para desarrollar y llevar a cabo la investigaci\u00f3n. El proyecto est\u00e1 coordinado por la UCL y dirigido por Richard Day, catedr\u00e1tico de Tecnolog\u00eda de Medicina Regenerativa de la UCL.<\/p>\n<p>Bowel Research UK, la principal organizaci\u00f3n ben\u00e9fica del Reino Unido especializada en el c\u00e1ncer de intestino y en la investigaci\u00f3n de este tipo de c\u00e1ncer, es la entidad que determina c\u00f3mo y por qu\u00e9 se procesan sus datos personales. Esto significa que Bowel Research UK es el \u2018controlador\u2019 de sus datos personales a efectos de la ley de protecci\u00f3n de datos.<\/p>\n<p>&nbsp;<\/p>\n<h3><strong>\u00bfQu\u00e9 cubre esta pol\u00edtica de privacidad?<\/strong><\/h3>\n<p>La Pol\u00edtica de privacidad abarca el tratamiento que hacemos de los datos personales que recopilamos cuando usted accede o utiliza nuestros sitios web o servicios (por ejemplo, al inscribirse en nuestros eventos) o cuando se pone en contacto con nosotros. Almacenamos datos que pueden identificarle como individuo (\u201cDatos personales\u201d), como se explica con m\u00e1s detalle a continuaci\u00f3n.<\/p>\n<p><strong>\u00a0<\/strong><\/p>\n<h3><strong>Informaci\u00f3n que nos facilita<\/strong><strong>\u00a0<\/strong><\/h3>\n<p>Podemos almacenar los Datos Personales que usted decida enviarnos o facilitarnos, por ejemplo al utilizar el formulario \u201cContacto\u201d del sitio web de nuestro proyecto (<a href=\"https:\/\/amelie-project.eu\/es\/\">www.amelie-project.eu<\/a>), o cuando se inscriba para participar en nuestros eventos.<\/p>\n<p>Si se pone en contacto con nosotros a trav\u00e9s del formulario \u201cContacto\u201d de nuestro sitio web, podemos conservar un registro de nuestra correspondencia.<\/p>\n<p>&nbsp;<\/p>\n<h3><strong>Informaci\u00f3n que nos facilita cuando utiliza nuestros servicios<\/strong><strong>\u00a0<\/strong><\/h3>\n<p>S\u00f3lo recibimos y almacenamos los datos que usted nos proporciona directamente. Los tipos de datos que podemos recopilar directamente de usted incluyen: nombres, direcciones de correo electr\u00f3nico, n\u00fameros de tel\u00e9fono, puestos de trabajo, organizaci\u00f3n afiliada, pa\u00eds, as\u00ed como cualquier otro dato que nos haya facilitado.<\/p>\n<p>&nbsp;<\/p>\n<h3><strong>Informaci\u00f3n que recopilamos autom\u00e1ticamente<\/strong><\/h3>\n<p>Utilizamos cookies y otras tecnolog\u00edas para garantizar que todos los usuarios de nuestro sitio web tengan la mejor experiencia posible.<\/p>\n<p>Una cookie es un peque\u00f1o archivo de datos que se coloca en su ordenador u otro dispositivo para permitir que la plataforma le reconozca como usuario cuando vuelva a utilizar el mismo dispositivo y navegador web, ya sea durante la duraci\u00f3n de su visita (utilizando una \u2018cookie de sesi\u00f3n\u2019) o para visitas repetidas (una \u2018cookie persistente\u2019). Cuando visite <a href=\"https:\/\/amelie-project.eu\/es\/\">www.amelie-project.eu<\/a>, Recopilamos ciertos datos relacionados con su dispositivo, como la direcci\u00f3n IP de su dispositivo, el sitio web de referencia, las p\u00e1ginas que visit\u00f3 su dispositivo y la hora a la que su dispositivo visit\u00f3 nuestro sitio web.<\/p>\n<p>No utilizaremos cookies para recopilar informaci\u00f3n personal identificable sobre usted. No obstante, si desea restringir o bloquear las cookies que instala esta plataforma, puede hacerlo a trav\u00e9s de la configuraci\u00f3n de su navegador, o tambi\u00e9n puede optar por instalar el complemento de inhabilitaci\u00f3n para navegadores \u2018Google Analytics\u2019, pero recuerde que restringir las cookies puede significar que no podr\u00e1 aprovechar al m\u00e1ximo todas las funciones disponibles en nuestras p\u00e1ginas.<\/p>\n<p>&nbsp;<\/p>\n<h3><strong>\u00bfC\u00f3mo utilizamos los datos?<\/strong><\/h3>\n<p>Utilizamos los datos que recopilamos:<\/p>\n<ul>\n<li>Para administrar nuestro sitio web, nuestros eventos y para operaciones internas, incluida la resoluci\u00f3n de problemas, an\u00e1lisis de datos, pruebas, estad\u00edsticas y encuestas.<\/li>\n<li>Mejorar nuestro sitio web para garantizar que los contenidos se presentan de la forma m\u00e1s eficaz para usted y para su ordenador.<\/li>\n<li>Como parte de nuestros esfuerzos para mantener nuestro sitio web seguro y protegido<\/li>\n<\/ul>\n<p>Podemos utilizar los datos que nos env\u00ede a trav\u00e9s de nuestro sitio web y\/o nuestros servicios para comunicarnos con usted por correo electr\u00f3nico y, posiblemente, por otros medios, en relaci\u00f3n con eventos, publicaciones, blogs y boletines informativos que consideremos puedan ser de su inter\u00e9s. Sin embargo, siempre podr\u00e1 optar por no recibir dichas comunicaciones en cualquier momento (v\u00e9ase la secci\u00f3n \u201cSus derechos de privacidad\u201d m\u00e1s adelante).<\/p>\n<p>&nbsp;<\/p>\n<h3><strong>\u00bfCompartimos y revelamos datos a terceros?<\/strong><\/h3>\n<p>Podemos compartir sus Datos Personales con los beneficiarios de AMELIE para el buen desarrollo de las actividades del proyecto, por ejemplo para invitarle a los eventos del proyecto.<span style=\"font-size: 18px;\">\u00a0<\/span><\/p>\n<p>No vendemos sus Datos Personales a nadie ni los compartimos con ninguna otra organizaci\u00f3n que no sean los beneficiarios de AMELIE.<\/p>\n<p>Sin embargo, puede haber circunstancias en las que tengamos que compartir su informaci\u00f3n:<span style=\"font-size: 18px;\">\u00a0<\/span><\/p>\n<ul>\n<li>Protecci\u00f3n de los socios del proyecto y otros: nos reservamos el derecho de acceder, leer, conservar y divulgar cualquier dato seg\u00fan sea necesario para cumplir la ley o una orden judicial; hacer cumplir o aplicar nuestros acuerdos con usted y otros acuerdos, o proteger los derechos, la propiedad o la seguridad de los socios del proyecto, sus empleados, nuestros usuarios u otros.<\/li>\n<li>Divulgaci\u00f3n por motivos de seguridad nacional o cumplimiento de la ley: en determinadas circunstancias, podemos vernos obligados a divulgar sus Datos Personales en respuesta a solicitudes v\u00e1lidas de las autoridades p\u00fablicas, incluso para cumplir requisitos de seguridad nacional o cumplimiento de la ley.<\/li>\n<\/ul>\n<p>&nbsp;<\/p>\n<h3><strong>\u00bfEst\u00e1n seguros sus datos personales?<\/strong><\/h3>\n<p>Utilizamos medidas de seguridad t\u00e9cnicas, organizativas y administrativas adecuadas para\u00a0<span style=\"font-size: 18px;\">proteger toda la informaci\u00f3n que tenemos en nuestros registros contra p\u00e9rdidas, usos indebidos y no autorizados\u00a0<\/span><span style=\"font-size: 18px;\">acceso, divulgaci\u00f3n, alteraci\u00f3n y destrucci\u00f3n. Lamentablemente, ninguna empresa o servicio\u00a0<\/span><span style=\"font-size: 18px;\">puede garantizar la total seguridad, la entrada o el uso no autorizados, el hardware o el software\u00a0<\/span><span style=\"font-size: 18px;\">y otros factores, pueden comprometer la seguridad de los datos de los usuarios en cualquier momento.<\/span><\/p>\n<p>&nbsp;<\/p>\n<h3><strong>\u00bfQu\u00e9 ocurrir\u00e1 con sus datos personales cuando dejen de ser necesarios para AMELIE?<\/strong><\/h3>\n<p>Almacenaremos sus datos personales s\u00f3lo mientras sean necesarios para los fines del proyecto AMELIE. Los eliminaremos cuando los datos personales ya no sean necesarios en relaci\u00f3n con los fines para los que fueron recogidos o tratados de otro modo. En cualquier caso, todos los datos personales se eliminar\u00e1n a m\u00e1s tardar, es decir, dos a\u00f1os despu\u00e9s de que finalice el proyecto.<\/p>\n<p><strong>\u00a0<\/strong><\/p>\n<h2><strong>Sus derechos de privacidad<\/strong><\/h2>\n<p><strong><u>\u00a0<\/u><\/strong><\/p>\n<h3><strong>\u00bfQu\u00e9 opciones tiene?<\/strong><strong>\u00a0<\/strong><\/h3>\n<p>Siempre puede optar por no revelarnos informaci\u00f3n, pero tenga en cuenta que algunos datos pueden ser necesarios para registrarse con nosotros o para beneficiarse de algunos de nuestros servicios.<\/p>\n<p><span style=\"font-size: 18px;\">Puede presentar una reclamaci\u00f3n ante la Autoridad de Protecci\u00f3n de Datos (APD) si cree que\u00a0<\/span><span style=\"font-size: 18px;\">se han vulnerado sus derechos de protecci\u00f3n de datos. Puede identificar a su APD en <\/span><a href=\"http:\/\/www.edpb.europa.eu\/about-edpb\/board\/members_en\" style=\"font-size: 18px;\">www.edpb.europa.eu\/about-edpb\/board\/members_en<\/a><span style=\"font-size: 18px;\">.<\/span><\/p>\n<p>&nbsp;<\/p>\n<h3><strong>Comunicaciones por correo electr\u00f3nico<\/strong><strong>\u00a0<\/strong><\/h3>\n<p>Puede dejar de recibir nuestras comunicaciones en cualquier momento, utilizando el enlace para darse de baja que aparece en las comunicaciones por correo electr\u00f3nico que le enviamos, o poni\u00e9ndose en contacto con nosotros en la siguiente direcci\u00f3n <a href=\"mailto:hannah@bowelresearchuk.org\">hannah@bowelresearchuk.org<\/a><\/p>\n<p>&nbsp;<\/p>\n<h3><strong>\u00bfC\u00f3mo puede acceder a su informaci\u00f3n y actualizarla?<\/strong><\/h3>\n<p>Ofrecemos a las personas la oportunidad de acceder, revisar, actualizar y eliminar cualquier dato personal que tengamos sobre ellas. Puede enviar un correo electr\u00f3nico a <a href=\"mailto:hannah@bowelresearchuk.org\">hannah@bowelresearchuk.org<\/a> para este fin. Si nos pide que eliminemos sus datos, as\u00ed lo haremos. Tenga en cuenta que podemos vernos obligados a conservar y utilizar sus datos en caso necesario, para cumplir obligaciones legales o resolver litigios.<\/p>\n<p>&nbsp;<\/p>\n<h3><strong>Sitios web enlazados<\/strong><\/h3>\n<p>Para su comodidad, en el sitio web pueden aparecer hiperv\u00ednculos que remiten a otros sitios web.\u00a0<span style=\"font-size: 18px;\">(los \u201cSitios Enlazados\u201d). No somos responsables de las pr\u00e1cticas de privacidad de los Sitios Enlazados ni de las empresas que no poseemos o controlamos, y esta Pol\u00edtica de Privacidad no se aplica a las mismas. Los Sitios Enlazados pueden recoger datos adicionales a los que recogemos en el sitio web. No avalamos ninguno de estos Sitios Enlazados, los servicios o productos descritos u ofrecidos en dichos Sitios Enlazados, ni ninguno de los contenidos incluidos en los Sitios Enlazados. Le recomendamos que busque y lea la pol\u00edtica de privacidad de cada Sitio Enlazado que visite para comprender c\u00f3mo se utilizan y protegen los datos que se recogen sobre usted.<\/span><\/p>\n<p>&nbsp;<\/p>\n<h3><strong>Ni\u00f1os<\/strong><\/h3>\n<p>No recopilamos ni solicitamos intencionadamente Datos Personales de menores de 16 a\u00f1os. Si tiene menos de 16 a\u00f1os, no intente registrarse ni enviarnos Datos Personales. Si nos enteramos de que hemos recopilado Datos Personales de un menor de 16 a\u00f1os, los eliminaremos.<\/p>\n<p>&nbsp;<\/p>\n<h3><strong>\u00bfCambiar\u00e1 AMELIE esta pol\u00edtica de privacidad?<\/strong><strong>\u00a0<\/strong><\/h3>\n<p>Mejoramos constantemente nuestro sitio web y nuestros servicios, por lo que es posible que tengamos que cambiar\u00a0<span style=\"font-size: 18px;\">esta Pol\u00edtica de Privacidad de vez en cuando. Le avisaremos de los cambios importantes mediante\u00a0<\/span><span style=\"font-size: 18px;\">un aviso en nuestro sitio web y\/o envi\u00e1ndole un correo electr\u00f3nico (si ha registrado su\u00a0<\/span><span style=\"font-size: 18px;\">datos de correo electr\u00f3nico con nosotros) cuando as\u00ed nos lo exija la legislaci\u00f3n aplicable. Puede consultar\u00a0<\/span><span style=\"font-size: 18px;\">cu\u00e1ndo se actualiz\u00f3 por \u00faltima vez esta Pol\u00edtica de Privacidad comprobando la fecha que aparece al final de esta\u00a0<\/span><span style=\"font-size: 18px;\">p\u00e1gina.<\/span><\/p>\n<p>&nbsp;<\/p>\n<h3><strong>Si tiene preguntas sobre esta pol\u00edtica<\/strong><strong>\u00a0<\/strong><\/h3>\n<p>Si tiene alguna pregunta o duda sobre nuestras pol\u00edticas de privacidad, env\u00edenos un correo electr\u00f3nico a\u00a0<span style=\"font-size: 18px;\">un mensaje detallado a <\/span><a href=\"mailto:hannah@bowelresearchuk.org\" style=\"font-size: 18px;\">hannah@bowelresearchuk.org<\/a><span style=\"font-size: 18px;\">, y haremos todo lo posible por resolver sus dudas.<\/span><\/p>\n<p>&nbsp;<\/p>\n<h3><strong>Reutilizaci\u00f3n de la informaci\u00f3n<\/strong><\/h3>\n<p>No utilizaremos su direcci\u00f3n de correo electr\u00f3nico para otras listas de correo electr\u00f3nico.<span style=\"font-size: 18px;\">\u00a0<\/span><\/p>\n<p>Si fuera necesario, nos pondremos en contacto con usted para pedirle su consentimiento para a\u00f1adir su direcci\u00f3n de correo electr\u00f3nico a una nueva lista antes de hacerlo.<\/p>\n<p><strong>\u00a0<\/strong><\/p>\n<p><em>\u00daltima actualizaci\u00f3n: 19 de agosto de 2021<\/em><\/p>\n<p>[\/et_pb_text][\/et_pb_column][\/et_pb_row][\/et_pb_section][et_pb_section fb_built=&#8221;1&#8243; _builder_version=&#8221;4.6.3&#8243; _module_preset=&#8221;default&#8221;][\/et_pb_section]<\/p>","protected":false},"excerpt":{"rendered":"<p><div class=\"et_pb_module dsm_block_reveal_text dsm_block_reveal_text_0\">\n\t\t\t\t\n\t\t\t\t\n\t\t\t\t\n\t\t\t\t\n\t\t\t\t\n\t\t\t\t\n\t\t\t\t<div class=\"et_pb_module_inner\">\n\t\t\t\t\t<div class=\"dsm_block_reveal_text_wrapper\" data-dsm-block-reveal-animation=\"lr\" data-dsm-block-reveal-color=\"#0e94f9\" data-dsm-block-reveal-delay=\"0\" data-dsm-block-reveal-viewport=\"80%\"><h1 class=\"dsm_block_reveal_text_header et_pb_module_header\">PRIVACIDAD<\/h1><\/div>\n\t\t\t\t<\/div>\n\t\t\t<\/div><div class=\"et_pb_module dsm_block_reveal_text dsm_block_reveal_text_1\">\n\t\t\t\t\n\t\t\t\t\n\t\t\t\t\n\t\t\t\t\n\t\t\t\t\n\t\t\t\t\n\t\t\t\t<div class=\"et_pb_module_inner\">\n\t\t\t\t\t<div class=\"dsm_block_reveal_text_wrapper\" data-dsm-block-reveal-animation=\"lr\" data-dsm-block-reveal-color=\"#0e94f9\" data-dsm-block-reveal-delay=\"0.1\" data-dsm-block-reveal-viewport=\"80%\"><h1 class=\"dsm_block_reveal_text_header et_pb_module_header\">POL\u00cdTICA<\/h1><\/div>\n\t\t\t\t<\/div>\n\t\t\t<\/div>Introduction Bowel Research UK (\u201cwe\u201d \u201cus\u201d, or \u201cour\u201d) respects your privacy and is committed to protecting your personal data. This policy document tells you how we collect, store, use and disclose your personal data when you interact with us. Please read the following carefully to understand how we process your personal data. &nbsp; About Us Bowel Research UK is the designated lead of the Dissemination and Communication of research activities of the project called Anchored Muscle cELls for IncontinencE (AMELIE), funded by the European Union H2020 programme. \u00a0 AMELIE is a 5-year collaborative research project funded by the European Union Framework Programme (Horizon 2020). It involves the collaboration of 13 organisations across nine countries to develop and carry out research. The project is co-ordinated by UCL and led by Richard Day, Professor of Regenerative Medicine Technology at UCL. Bowel Research UK, the UK\u2019s leading specialist bowel cancer and bowel cancer research charity, is the entity that determines how and why your personal data is processed. This means that Bowel [&hellip;]<\/p>","protected":false},"author":1,"featured_media":0,"parent":0,"menu_order":0,"comment_status":"closed","ping_status":"closed","template":"","meta":{"_et_pb_use_builder":"on","_et_pb_old_content":"","_et_gb_content_width":"","_coblocks_attr":"","_coblocks_dimensions":"","_coblocks_responsive_height":"","_coblocks_accordion_ie_support":"","footnotes":"","_links_to":"","_links_to_target":""},"class_list":["post-31276","page","type-page","status-publish","hentry"],"_links":{"self":[{"href":"https:\/\/amelie-project.eu\/es\/wp-json\/wp\/v2\/pages\/31276","targetHints":{"allow":["GET"]}}],"collection":[{"href":"https:\/\/amelie-project.eu\/es\/wp-json\/wp\/v2\/pages"}],"about":[{"href":"https:\/\/amelie-project.eu\/es\/wp-json\/wp\/v2\/types\/page"}],"author":[{"embeddable":true,"href":"https:\/\/amelie-project.eu\/es\/wp-json\/wp\/v2\/users\/1"}],"replies":[{"embeddable":true,"href":"https:\/\/amelie-project.eu\/es\/wp-json\/wp\/v2\/comments?post=31276"}],"version-history":[{"count":3,"href":"https:\/\/amelie-project.eu\/es\/wp-json\/wp\/v2\/pages\/31276\/revisions"}],"predecessor-version":[{"id":31288,"href":"https:\/\/amelie-project.eu\/es\/wp-json\/wp\/v2\/pages\/31276\/revisions\/31288"}],"wp:attachment":[{"href":"https:\/\/amelie-project.eu\/es\/wp-json\/wp\/v2\/media?parent=31276"}],"curies":[{"name":"wp","href":"https:\/\/api.w.org\/{rel}","templated":true}]}}