{"id":30450,"date":"2020-12-16T16:08:01","date_gmt":"2020-12-16T16:08:01","guid":{"rendered":"https:\/\/amelie-project.eu\/?page_id=30450"},"modified":"2024-02-04T14:23:06","modified_gmt":"2024-02-04T14:23:06","slug":"nuestra-investigacion","status":"publish","type":"page","link":"https:\/\/amelie-project.eu\/es\/nuestra-investigacion\/","title":{"rendered":"Nuestra investigaci\u00f3n"},"content":{"rendered":"[et_pb_section fb_built=&#8221;1&#8243; custom_padding_last_edited=&#8221;on|phone&#8221; disabled_on=&#8221;off|off|off&#8221; admin_label=&#8221;Hero section&#8221; _builder_version=&#8221;4.6.3&#8243; background_image=&#8221;https:\/\/amelie-project.eu\/wp-content\/uploads\/2020\/10\/AMELIEHEADERBACKGOUND-01-scaled.jpg&#8221; background_position=&#8221;center_left&#8221; custom_margin=&#8221;|||&#8221; custom_padding=&#8221;7%||7%||true|false&#8221; custom_padding_tablet=&#8221;15%||15%||true|false&#8221; custom_padding_phone=&#8221;&#8221;][et_pb_row use_custom_gutter=&#8221;on&#8221; gutter_width=&#8221;1&#8243; custom_padding_last_edited=&#8221;on|phone&#8221; _builder_version=&#8221;4.6.3&#8243; _module_preset=&#8221;default&#8221; width=&#8221;100%&#8221; module_alignment=&#8221;left&#8221; custom_padding=&#8221;|||4%|false|false&#8221; custom_padding_tablet=&#8221;|||5%|false|false&#8221; custom_padding_phone=&#8221;|||5.5%|false|false&#8221;][et_pb_column type=&#8221;4_4&#8243; _builder_version=&#8221;4.6.3&#8243; _module_preset=&#8221;default&#8221;][dsm_block_reveal_text block_reveal_text=&#8221;OUR RESEARCH&#8221; heading_html_tag=&#8221;h1&#8243; block_reveal_color=&#8221;#0e94f9&#8243; block_reveal_delay=&#8221;0&#8243; _builder_version=&#8221;4.6.3&#8243; _module_preset=&#8221;default&#8221; header_font=&#8221;AMELIE||||||||&#8221; header_text_color=&#8221;#0e94f9&#8243; header_font_size=&#8221;3vw&#8221; custom_padding=&#8221;||||false|false&#8221; custom_padding_tablet=&#8221;||||false|false&#8221; custom_padding_phone=&#8221;||||false|false&#8221; custom_padding_last_edited=&#8221;on|phone&#8221; header_font_size_tablet=&#8221;5vw&#8221; header_font_size_phone=&#8221;6vw&#8221; header_font_size_last_edited=&#8221;on|phone&#8221;][\/dsm_block_reveal_text][\/et_pb_column][\/et_pb_row][\/et_pb_section][et_pb_section fb_built=&#8221;1&#8243; custom_padding_last_edited=&#8221;on|phone&#8221; admin_label=&#8221;Collections&#8221; _builder_version=&#8221;4.6.3&#8243; custom_padding=&#8221;100px|0px|100px|0px|false|false&#8221; custom_padding_tablet=&#8221;50px||50px||true|false&#8221; custom_padding_phone=&#8221;&#8221;][et_pb_row column_structure=&#8221;2_5,3_5&#8243; make_equal=&#8221;on&#8221; custom_padding_last_edited=&#8221;off|tablet&#8221; module_id=&#8221;faecal-incontinence-about-the-condition&#8221; _builder_version=&#8221;4.6.3&#8243; background_size=&#8221;initial&#8221; background_position=&#8221;top_left&#8221; background_repeat=&#8221;repeat&#8221; module_alignment=&#8221;center&#8221; custom_margin=&#8221;|||&#8221; custom_margin_tablet=&#8221;||||false|false&#8221; custom_margin_phone=&#8221;&#8221; custom_margin_last_edited=&#8221;on|tablet&#8221; custom_padding=&#8221;0px||0px|&#8221; box_shadow_style=&#8221;preset3&#8243; box_shadow_vertical=&#8221;40px&#8221; box_shadow_blur=&#8221;50px&#8221; box_shadow_color=&#8221;rgba(0,0,0,0.1)&#8221;][et_pb_column type=&#8221;2_5&#8243; _builder_version=&#8221;4.6.3&#8243; use_background_color_gradient=&#8221;on&#8221; background_color_gradient_start=&#8221;#6bc8ff&#8221; background_color_gradient_end=&#8221;#99afff&#8221; background_color_gradient_direction=&#8221;35deg&#8221; background_image=&#8221;https:\/\/amelie-project.eu\/wp-content\/uploads\/2020\/12\/Asset-1.png&#8221; custom_padding=&#8221;5%|5%|5%|5%|true|false&#8221; custom_padding_tablet=&#8221;15%||15%||true|false&#8221; custom_padding_phone=&#8221;&#8221; custom_padding_last_edited=&#8221;on|phone&#8221; custom_padding__hover=&#8221;|||&#8221;][\/et_pb_column][et_pb_column type=&#8221;3_5&#8243; admin_label=&#8221;Column&#8221; _builder_version=&#8221;4.6.3&#8243; custom_padding=&#8221;40px|40px|40px|40px&#8221; custom_padding__hover=&#8221;|||&#8221;][et_pb_text _builder_version=&#8221;4.6.3&#8243; text_font=&#8221;AMELIE||||||||&#8221; header_font=&#8221;Gotham kinda bold||||||||&#8221; header_3_font=&#8221;Gotham kinda bold||||||||&#8221; header_3_text_color=&#8221;#000000&#8243; header_3_font_size=&#8221;28px&#8221; header_3_line_height=&#8221;1.5em&#8221; background_size=&#8221;initial&#8221; background_position=&#8221;top_left&#8221; background_repeat=&#8221;repeat&#8221; custom_margin=&#8221;||10px|&#8221; hover_enabled=&#8221;0&#8243; header_text_color=&#8221;#000000&#8243; sticky_enabled=&#8221;0&#8243;]<h3>Incontinencia fecal: Acerca de la enfermedad<\/h3>[\/et_pb_text][et_pb_text _builder_version=&#8221;4.6.3&#8243; text_font=&#8221;Gotham kinda bold||||||||&#8221; text_font_size=&#8221;16px&#8221; text_line_height=&#8221;1.9em&#8221; header_font=&#8221;||||||||&#8221; header_2_font=&#8221;||||||||&#8221; module_alignment=&#8221;center&#8221; custom_margin=&#8221;||||false|false&#8221; custom_padding=&#8221;||||false|false&#8221; hover_enabled=&#8221;0&#8243; text_text_color=&#8221;#000000&#8243; sticky_enabled=&#8221;0&#8243;]<p><span style=\"font-weight: 400;\">La IF es un importante problema de salud p\u00fablica. Tiene un gran impacto en la calidad de vida y provoca estigmatizaci\u00f3n y aislamiento social. AMELIE se ocupa principalmente del efecto de las lesiones del esf\u00ednter anal provocadas por el parto, la cirug\u00eda o un traumatismo. Las mujeres que han dado a luz constituyen la mayor\u00eda de las pacientes que presentan FI. Una proporci\u00f3n significativa de mujeres (incidencia notificada de 5,5%) sufre una lesi\u00f3n directa durante el parto debido a un desgarro del perineo.\u00a0<\/span><\/p>\n<p><span style=\"font-weight: 400;\">El tratamiento actual de los pacientes con IF es insatisfactorio. Los pacientes con lesi\u00f3n del esf\u00ednter anal suelen tratarse mediante cirug\u00eda, pero muchos de los que presentan s\u00edntomas graves no son aptos para las opciones quir\u00fargicas disponibles o no desean someterse a ellas. Para estos pacientes, resulta atractiva una opci\u00f3n que no presente los riesgos de la reparaci\u00f3n del esf\u00ednter ni el mantenimiento a largo plazo de un implante met\u00e1lico activo. \u00c9ste es el lugar de la medicina regenerativa.<\/span><\/p>[\/et_pb_text][\/et_pb_column][\/et_pb_row][\/et_pb_section][et_pb_section fb_built=&#8221;1&#8243; custom_padding_last_edited=&#8221;on|tablet&#8221; admin_label=&#8221;Collections&#8221; _builder_version=&#8221;4.6.3&#8243; custom_padding=&#8221;0px|0px|100px|0px|false|false&#8221; custom_padding_tablet=&#8221;||50px||false|false&#8221; custom_padding_phone=&#8221;&#8221;][et_pb_row column_structure=&#8221;3_5,2_5&#8243; make_equal=&#8221;on&#8221; module_id=&#8221;faecal-incontinence-and-regenerative-medicine&#8221; _builder_version=&#8221;4.6.3&#8243; background_size=&#8221;initial&#8221; background_position=&#8221;top_left&#8221; background_repeat=&#8221;repeat&#8221; module_alignment=&#8221;center&#8221; custom_margin=&#8221;|||&#8221; custom_padding=&#8221;0px||0px|&#8221; box_shadow_style=&#8221;preset3&#8243; box_shadow_vertical=&#8221;40px&#8221; box_shadow_blur=&#8221;50px&#8221; box_shadow_color=&#8221;rgba(0,0,0,0.1)&#8221;][et_pb_column type=&#8221;3_5&#8243; admin_label=&#8221;Column&#8221; _builder_version=&#8221;4.6.3&#8243; custom_padding=&#8221;40px|40px|40px|40px&#8221; custom_padding__hover=&#8221;|||&#8221; custom_css_main_element_last_edited=&#8221;off|phone&#8221;][et_pb_text _builder_version=&#8221;4.6.3&#8243; text_font=&#8221;AMELIE||||||||&#8221; header_font=&#8221;Gotham kinda bold||||||||&#8221; header_3_font=&#8221;Gotham kinda bold||||||||&#8221; header_3_text_color=&#8221;#000000&#8243; header_3_font_size=&#8221;28px&#8221; header_3_line_height=&#8221;1.5em&#8221; custom_margin=&#8221;||10px|&#8221; background_size=&#8221;initial&#8221; background_position=&#8221;top_left&#8221; background_repeat=&#8221;repeat&#8221; header_text_color=&#8221;#000000&#8243;]<h3>Incontinencia fecal y medicina regenerativa<\/h3>[\/et_pb_text][et_pb_text _builder_version=&#8221;4.6.3&#8243; text_font=&#8221;Gotham kinda bold||||||||&#8221; text_font_size=&#8221;16px&#8221; text_line_height=&#8221;1.9em&#8221; header_font=&#8221;||||||||&#8221; header_2_font=&#8221;||||||||&#8221; module_alignment=&#8221;center&#8221; custom_margin=&#8221;||||false|false&#8221; custom_padding=&#8221;||||false|false&#8221; text_text_color=&#8221;#000000&#8243;]<p><span style=\"font-weight: 400;\">El objetivo de la medicina regenerativa es restaurar el tejido funcional da\u00f1ado por el envejecimiento, una enfermedad o una lesi\u00f3n. Ofrece nuevas oportunidades para restaurar la incontinencia causada por lesiones del esf\u00ednter anal. Hasta la fecha, la terapia celular con ASMDC para regenerar el m\u00fasculo da\u00f1ado del esf\u00ednter anal externo ha sido el enfoque m\u00e1s ampliamente investigado.<\/span><\/p>\n<p><span style=\"font-weight: 400;\">Europa ha establecido una posici\u00f3n predominante en la traslaci\u00f3n cl\u00ednica de la terapia celular en pacientes con IF. De los cinco estudios cl\u00ednicos de terapia celular publicados hasta la fecha, tres han utilizado ASMDC y proceden de unidades europeas. Estos estudios han consistido en la administraci\u00f3n de c\u00e9lulas en suspensi\u00f3n. S\u00f3lo 58% de los pacientes tratados con ASMDC mostraron una respuesta a los 12 meses en el estudio aleatorizado controlado con placebo de fase II. Los estudios piloto abiertos han informado de un nivel similar de mejora subjetiva. Hasta ahora, los resultados globales de estos estudios s\u00f3lo han reportado un beneficio limitado a los pacientes tratados, lo que sugiere un mecanismo de acci\u00f3n incoherente con el enfoque actual del tratamiento celular de la IF.<\/span><\/p>[\/et_pb_text][\/et_pb_column][et_pb_column type=&#8221;2_5&#8243; _builder_version=&#8221;4.6.3&#8243; use_background_color_gradient=&#8221;on&#8221; background_color_gradient_start=&#8221;#6bc8ff&#8221; background_color_gradient_end=&#8221;#99afff&#8221; background_color_gradient_direction=&#8221;35deg&#8221; background_image=&#8221;https:\/\/amelie-project.eu\/wp-content\/uploads\/2020\/12\/Asset-3.png&#8221; custom_padding=&#8221;5%|5%|5%|5%|true|false&#8221; custom_padding_tablet=&#8221;15%||15%||true|false&#8221; custom_padding_phone=&#8221;&#8221; custom_padding_last_edited=&#8221;on|phone&#8221; custom_padding__hover=&#8221;|||&#8221; custom_css_main_element_last_edited=&#8221;off|desktop&#8221;][\/et_pb_column][\/et_pb_row][\/et_pb_section][et_pb_section fb_built=&#8221;1&#8243; custom_padding_last_edited=&#8221;on|tablet&#8221; admin_label=&#8221;Collections&#8221; _builder_version=&#8221;4.6.3&#8243; custom_padding=&#8221;0px|0px|100px|0px|false|false&#8221; custom_padding_tablet=&#8221;||100px||false|false&#8221; custom_padding_phone=&#8221;&#8221;][et_pb_row column_structure=&#8221;2_5,3_5&#8243; make_equal=&#8221;on&#8221; module_id=&#8221;why-are-conventional-methods-not-working&#8221; _builder_version=&#8221;4.6.3&#8243; background_size=&#8221;initial&#8221; background_position=&#8221;top_left&#8221; background_repeat=&#8221;repeat&#8221; module_alignment=&#8221;center&#8221; custom_margin=&#8221;|||&#8221; custom_padding=&#8221;0px||0px|&#8221; box_shadow_style=&#8221;preset3&#8243; box_shadow_vertical=&#8221;40px&#8221; box_shadow_blur=&#8221;50px&#8221; box_shadow_color=&#8221;rgba(0,0,0,0.1)&#8221;][et_pb_column type=&#8221;2_5&#8243; _builder_version=&#8221;4.6.3&#8243; use_background_color_gradient=&#8221;on&#8221; background_color_gradient_start=&#8221;#6bc8ff&#8221; background_color_gradient_end=&#8221;#99afff&#8221; background_color_gradient_direction=&#8221;35deg&#8221; background_image=&#8221;https:\/\/amelie-project.eu\/wp-content\/uploads\/2020\/12\/Asset-2.png&#8221; custom_padding=&#8221;5%|5%|5%|5%|true|false&#8221; custom_padding_tablet=&#8221;15%||15%||true|false&#8221; custom_padding_phone=&#8221;&#8221; custom_padding_last_edited=&#8221;on|phone&#8221; custom_padding__hover=&#8221;|||&#8221;][\/et_pb_column][et_pb_column type=&#8221;3_5&#8243; admin_label=&#8221;Column&#8221; _builder_version=&#8221;4.6.3&#8243; custom_padding=&#8221;40px|40px|40px|40px&#8221; custom_padding__hover=&#8221;|||&#8221;][et_pb_text _builder_version=&#8221;4.6.3&#8243; text_font=&#8221;AMELIE||||||||&#8221; header_font=&#8221;Gotham kinda bold||||||||&#8221; header_3_font=&#8221;Gotham kinda bold||||||||&#8221; header_3_text_color=&#8221;#000000&#8243; header_3_font_size=&#8221;28px&#8221; header_3_line_height=&#8221;1.5em&#8221; custom_margin=&#8221;||10px|&#8221; background_size=&#8221;initial&#8221; background_position=&#8221;top_left&#8221; background_repeat=&#8221;repeat&#8221; header_text_color=&#8221;#000000&#8243;]<h3>\u00bfPor qu\u00e9 no funcionan los m\u00e9todos convencionales?<\/h3>[\/et_pb_text][et_pb_text _builder_version=&#8221;4.6.3&#8243; text_font=&#8221;Gotham kinda bold||||||||&#8221; text_font_size=&#8221;16px&#8221; text_line_height=&#8221;1.9em&#8221; header_font=&#8221;||||||||&#8221; header_2_font=&#8221;||||||||&#8221; module_alignment=&#8221;center&#8221; custom_margin=&#8221;||||false|false&#8221; custom_padding=&#8221;||||false|false&#8221; text_text_color=&#8221;#000000&#8243;]<p><span style=\"font-weight: 400;\">Las c\u00e9lulas dependientes de anclaje deben cultivarse adheridas a un sustrato. La fabricaci\u00f3n convencional de c\u00e9lulas dependientes de anclaje para terapias basadas en c\u00e9lulas de medicina regenerativa implica el aislamiento de c\u00e9lulas de un tejido hu\u00e9sped y su posterior crecimiento en un entorno in vitro favorable. Todas las investigaciones cl\u00ednicas de terapia celular para IF publicadas hasta la fecha han utilizado t\u00e9cnicas convencionales de bioprocesamiento. Sin embargo, el proceso de separar las ASMDC de su sustrato de cultivo para prepararlas para la administraci\u00f3n cl\u00ednica pone en riesgo la viabilidad y la potencia, iniciando la anoikis (muerte celular).<\/span><\/p>\n<p><span style=\"font-weight: 400;\">La viabilidad celular reducida debida a la anoikis es un reto importante para la medicina regenerativa. En la actualidad, ninguno de los enfoques es adecuado para el tratamiento con ASMDC de la IF, en el que se requiere el injerto en el m\u00fasculo hu\u00e9sped. El impacto de la anoikis en los productos de medicina regenerativa compuestos por c\u00e9lulas dependientes de anclaje dificulta la eficacia cl\u00ednica debido a la inconsistencia causada por la baja tasa de supervivencia de las c\u00e9lulas trasplantadas.<\/span><\/p>\n<p><span style=\"font-weight: 400;\">Este es el reto al que se enfrenta AMELIE. <a href=\"https:\/\/amelie-project.eu\/es\/ultimas-noticias\/\">Inf\u00f3rmese aqu\u00ed de las \u00faltimas novedades. <\/a><\/span><\/p>[\/et_pb_text][\/et_pb_column][\/et_pb_row][\/et_pb_section][et_pb_section fb_built=&#8221;1&#8243; _builder_version=&#8221;4.6.3&#8243; _module_preset=&#8221;default&#8221; custom_padding=&#8221;0px|||||&#8221;][\/et_pb_section]","protected":false},"excerpt":{"rendered":"<p><div class=\"et_pb_module dsm_block_reveal_text dsm_block_reveal_text_0\">\n\t\t\t\t\n\t\t\t\t\n\t\t\t\t\n\t\t\t\t\n\t\t\t\t\n\t\t\t\t\n\t\t\t\t<div class=\"et_pb_module_inner\">\n\t\t\t\t\t<div class=\"dsm_block_reveal_text_wrapper\" data-dsm-block-reveal-animation=\"lr\" data-dsm-block-reveal-color=\"#0e94f9\" data-dsm-block-reveal-delay=\"0\" data-dsm-block-reveal-viewport=\"80%\"><h1 class=\"dsm_block_reveal_text_header et_pb_module_header\">NUESTRA INVESTIGACI\u00d3N<\/h1><\/div>\n\t\t\t\t<\/div>\n\t\t\t<\/div>Faecal Incontinence: About The ConditionFI is a substantial public health problem. It has a major impact on quality of life causing stigmatization and social isolation. AMELIE is primarily concerned with the effect of injury to the anal sphincter by either childbirth, surgery or trauma. Women who have given birth form the majority of patients who present with FI. A significant proportion of women (reported incidence of 5.5%) suffer a direct injury during childbirth due to tearing of the perineum.\u00a0 The current management of patients with FI is unsatisfactory. Patients with anal sphincter injury are commonly treated by surgery, however many with severe symptoms are either unsuitable for, or do not wish to undergo, current available surgical options. For these patients, an option that does not have the risks of sphincter repair or the long-term maintenance of an active metal implant is attractive. This is the place of regenerative medicine.Faecal Incontinence and Regenerative MedicineRegenerative medicine aims to restore functional tissue that is impaired due to aging, disease or injury. It offers new opportunities to restore incontinence caused by anal sphincter injury. To date, cell [&hellip;]<\/p>","protected":false},"author":1,"featured_media":0,"parent":0,"menu_order":0,"comment_status":"closed","ping_status":"closed","template":"","meta":{"_et_pb_use_builder":"on","_et_pb_old_content":"","_et_gb_content_width":"","_coblocks_attr":"","_coblocks_dimensions":"","_coblocks_responsive_height":"","_coblocks_accordion_ie_support":"","footnotes":"","_links_to":"","_links_to_target":""},"class_list":["post-30450","page","type-page","status-publish","hentry"],"_links":{"self":[{"href":"https:\/\/amelie-project.eu\/es\/wp-json\/wp\/v2\/pages\/30450","targetHints":{"allow":["GET"]}}],"collection":[{"href":"https:\/\/amelie-project.eu\/es\/wp-json\/wp\/v2\/pages"}],"about":[{"href":"https:\/\/amelie-project.eu\/es\/wp-json\/wp\/v2\/types\/page"}],"author":[{"embeddable":true,"href":"https:\/\/amelie-project.eu\/es\/wp-json\/wp\/v2\/users\/1"}],"replies":[{"embeddable":true,"href":"https:\/\/amelie-project.eu\/es\/wp-json\/wp\/v2\/comments?post=30450"}],"version-history":[{"count":16,"href":"https:\/\/amelie-project.eu\/es\/wp-json\/wp\/v2\/pages\/30450\/revisions"}],"predecessor-version":[{"id":31453,"href":"https:\/\/amelie-project.eu\/es\/wp-json\/wp\/v2\/pages\/30450\/revisions\/31453"}],"wp:attachment":[{"href":"https:\/\/amelie-project.eu\/es\/wp-json\/wp\/v2\/media?parent=30450"}],"curies":[{"name":"wp","href":"https:\/\/api.w.org\/{rel}","templated":true}]}}