{"id":28718,"date":"2020-09-05T00:39:08","date_gmt":"2020-09-05T00:39:08","guid":{"rendered":"https:\/\/amelie-project.eu\/?page_id=28718"},"modified":"2021-03-21T17:55:06","modified_gmt":"2021-03-21T17:55:06","slug":"enfoque","status":"publish","type":"page","link":"https:\/\/amelie-project.eu\/es\/enfoque\/","title":{"rendered":"Ac\u00e9rquese a"},"content":{"rendered":"<p>[et_pb_section fb_built=&#8221;1&#8243; custom_padding_last_edited=&#8221;on|phone&#8221; disabled_on=&#8221;off|off|off&#8221; admin_label=&#8221;Hero section&#8221; _builder_version=&#8221;4.6.3&#8243; background_image=&#8221;https:\/\/amelie-project.eu\/wp-content\/uploads\/2020\/10\/AMELIEHEADERBACKGOUND-01-scaled.jpg&#8221; background_position=&#8221;center_left&#8221; custom_margin=&#8221;|||&#8221; custom_padding=&#8221;7%||7%||true|false&#8221; custom_padding_tablet=&#8221;15%||15%||true|false&#8221; custom_padding_phone=&#8221;&#8221;][et_pb_row use_custom_gutter=&#8221;on&#8221; gutter_width=&#8221;1&#8243; custom_padding_last_edited=&#8221;on|phone&#8221; _builder_version=&#8221;4.6.3&#8243; _module_preset=&#8221;default&#8221; width=&#8221;100%&#8221; module_alignment=&#8221;left&#8221; custom_padding=&#8221;|||4%|false|false&#8221; custom_padding_tablet=&#8221;|||5%|false|false&#8221; custom_padding_phone=&#8221;|||5.5%|false|false&#8221;][et_pb_column type=&#8221;4_4&#8243; _builder_version=&#8221;4.6.3&#8243; _module_preset=&#8221;default&#8221;][dsm_block_reveal_text block_reveal_text=&#8221;APPROACH&#8221; heading_html_tag=&#8221;h1&#8243; block_reveal_color=&#8221;#0e94f9&#8243; block_reveal_delay=&#8221;0&#8243; _builder_version=&#8221;4.6.3&#8243; _module_preset=&#8221;default&#8221; header_font=&#8221;AMELIE||||||||&#8221; header_text_color=&#8221;#0e94f9&#8243; header_font_size=&#8221;3vw&#8221; custom_padding=&#8221;||||false|false&#8221; custom_padding_tablet=&#8221;||||false|false&#8221; custom_padding_phone=&#8221;||||false|false&#8221; custom_padding_last_edited=&#8221;on|phone&#8221; header_font_size_tablet=&#8221;5vw&#8221; header_font_size_phone=&#8221;6vw&#8221; header_font_size_last_edited=&#8221;on|phone&#8221;][\/dsm_block_reveal_text][\/et_pb_column][\/et_pb_row][\/et_pb_section][et_pb_section fb_built=&#8221;1&#8243; specialty=&#8221;on&#8221; padding_top_2=&#8221;0px&#8221; admin_label=&#8221;Course Chapters&#8221; _builder_version=&#8221;4.6.3&#8243; custom_margin=&#8221;|||&#8221; custom_padding=&#8221;100px||0px||false|false&#8221;][et_pb_column type=&#8221;2_3&#8243; specialty_columns=&#8221;2&#8243; _builder_version=&#8221;3.25&#8243; custom_padding=&#8221;|||&#8221; parallax__hover=&#8221;off&#8221; parallax_method__hover=&#8221;on&#8221; custom_padding__hover=&#8221;|||&#8221;][et_pb_row_inner use_custom_gutter=&#8221;on&#8221; gutter_width=&#8221;4&#8243; _builder_version=&#8221;4.6.3&#8243; custom_margin=&#8221;||||false|false&#8221; custom_padding=&#8221;0px|||&#8221;][et_pb_column_inner saved_specialty_column_type=&#8221;2_3&#8243; _builder_version=&#8221;3.25&#8243; custom_padding=&#8221;|||&#8221; parallax__hover=&#8221;off&#8221; parallax_method__hover=&#8221;on&#8221; custom_padding__hover=&#8221;|||&#8221;][et_pb_blurb title=&#8221;Project Management and Coordination&#8221; url=&#8221;#&#8221; icon_placement=&#8221;left&#8221; image_max_width=&#8221;64px&#8221; content_max_width=&#8221;1100px&#8221; admin_label=&#8221;Chapter&#8221; _builder_version=&#8221;4.6.3&#8243; header_font=&#8221;Gotham kinda bold||||||||&#8221; header_text_color=&#8221;#000000&#8243; header_line_height=&#8221;1.5em&#8221; body_font=&#8221;Gotham kinda bold||||||||&#8221; body_text_color=&#8221;#000000&#8243; body_font_size=&#8221;16px&#8221; body_line_height=&#8221;1.9em&#8221; background_color=&#8221;#ffffff&#8221; custom_margin=&#8221;||30px||false|false&#8221; custom_padding=&#8221;30px|40px|30px|40px&#8221; animation_style=&#8221;zoom&#8221; animation_direction=&#8221;bottom&#8221; animation_intensity_zoom=&#8221;20%&#8221; animation_starting_opacity=&#8221;100%&#8221; box_shadow_style=&#8221;preset2&#8243; box_shadow_horizontal=&#8221;0px&#8221; box_shadow_vertical=&#8221;0px&#8221; box_shadow_blur=&#8221;60px&#8221; box_shadow_color=&#8221;rgba(10,3,3,0.06)&#8221; locked=&#8221;off&#8221;]<\/p>\n<p>La UCL se encargar\u00e1 de la gesti\u00f3n cient\u00edfica, contractual y financiera del proyecto. Esta fase del proyecto garantizar\u00e1 la calidad y puntualidad de los avances y resultados del proyecto, abordar\u00e1 la planificaci\u00f3n y gesti\u00f3n de riesgos y tendr\u00e1 en cuenta criterios \u00e9ticos y cuestiones de g\u00e9nero.<\/p>\n<p>[\/et_pb_blurb][et_pb_blurb title=&#8221;Cell-microcarrier manufacturing process&#8221; url=&#8221;#&#8221; icon_placement=&#8221;left&#8221; image_max_width=&#8221;64px&#8221; content_max_width=&#8221;1100px&#8221; admin_label=&#8221;Chapter&#8221; _builder_version=&#8221;4.6.3&#8243; header_font=&#8221;Gotham kinda bold||||||||&#8221; header_text_color=&#8221;#000000&#8243; header_line_height=&#8221;1.5em&#8221; body_font=&#8221;Gotham kinda bold||||||||&#8221; body_text_color=&#8221;#000000&#8243; body_font_size=&#8221;16px&#8221; body_line_height=&#8221;1.9em&#8221; background_color=&#8221;#ffffff&#8221; custom_margin=&#8221;||30px||false|false&#8221; custom_padding=&#8221;30px|40px|30px|40px&#8221; animation_style=&#8221;zoom&#8221; animation_direction=&#8221;bottom&#8221; animation_intensity_zoom=&#8221;20%&#8221; animation_starting_opacity=&#8221;100%&#8221; box_shadow_style=&#8221;preset2&#8243; box_shadow_horizontal=&#8221;0px&#8221; box_shadow_vertical=&#8221;0px&#8221; box_shadow_blur=&#8221;60px&#8221; box_shadow_color=&#8221;rgba(10,3,3,0.06)&#8221; locked=&#8221;off&#8221;]<\/p>\n<p>Bajo la direcci\u00f3n del IST, se establecer\u00e1 un procedimiento s\u00f3lido, coherente y escalable que cumpla las GMP para la fijaci\u00f3n de SMDC humanas a microportadores TIPS. Este procedimiento estandarizado ser\u00e1 verificado por el UCL antes de ser transferido al NHSBT, donde el proceso ser\u00e1 validado en preparaci\u00f3n para la fabricaci\u00f3n de la combinaci\u00f3n c\u00e9lula-microportador.<\/p>\n<p>[\/et_pb_blurb][et_pb_blurb title=&#8221;Manufacture of clinically ready TIPS microcarriers&#8221; url=&#8221;#&#8221; icon_placement=&#8221;left&#8221; image_max_width=&#8221;64px&#8221; content_max_width=&#8221;1100px&#8221; admin_label=&#8221;Chapter&#8221; _builder_version=&#8221;4.6.3&#8243; header_font=&#8221;Gotham kinda bold||||||||&#8221; header_text_color=&#8221;#000000&#8243; header_line_height=&#8221;1.5em&#8221; body_font=&#8221;Gotham kinda bold||||||||&#8221; body_text_color=&#8221;#000000&#8243; body_font_size=&#8221;16px&#8221; body_line_height=&#8221;1.9em&#8221; background_color=&#8221;#ffffff&#8221; custom_margin=&#8221;||30px||false|false&#8221; custom_padding=&#8221;30px|40px|30px|40px&#8221; animation_style=&#8221;zoom&#8221; animation_direction=&#8221;bottom&#8221; animation_intensity_zoom=&#8221;20%&#8221; animation_starting_opacity=&#8221;100%&#8221; hover_enabled=&#8221;0&#8243; box_shadow_style=&#8221;preset2&#8243; box_shadow_horizontal=&#8221;0px&#8221; box_shadow_vertical=&#8221;0px&#8221; box_shadow_blur=&#8221;60px&#8221; box_shadow_color=&#8221;rgba(10,3,3,0.06)&#8221; locked=&#8221;off&#8221; sticky_enabled=&#8221;0&#8243;]<\/p>\n<p>Los microportadores se fabricar\u00e1n a escala piloto. El UCL supervisar\u00e1 la confirmaci\u00f3n de que los microportadores cumplen las especificaciones. Los estudios de estabilidad proporcionar\u00e1n datos sobre la estabilidad a largo plazo de la combinaci\u00f3n implantable c\u00e9lula-microportador. La evaluaci\u00f3n cr\u00edtica del proceso de fabricaci\u00f3n en esta fase determinar\u00e1 la viabilidad de ampliar el proceso para cantidades comerciales.<\/p>\n<p>[\/et_pb_blurb][et_pb_blurb title=&#8221;Clinical trial plan and regulatory approval&#8221; url=&#8221;#&#8221; icon_placement=&#8221;left&#8221; image_max_width=&#8221;64px&#8221; content_max_width=&#8221;1100px&#8221; admin_label=&#8221;Chapter&#8221; _builder_version=&#8221;4.6.3&#8243; header_font=&#8221;Gotham kinda bold||||||||&#8221; header_text_color=&#8221;#000000&#8243; header_line_height=&#8221;1.5em&#8221; body_font=&#8221;Gotham kinda bold||||||||&#8221; body_text_color=&#8221;#000000&#8243; body_font_size=&#8221;16px&#8221; body_line_height=&#8221;1.9em&#8221; background_color=&#8221;#ffffff&#8221; custom_margin=&#8221;||30px||false|false&#8221; custom_padding=&#8221;30px|40px|30px|40px&#8221; animation_style=&#8221;zoom&#8221; animation_direction=&#8221;bottom&#8221; animation_intensity_zoom=&#8221;20%&#8221; animation_starting_opacity=&#8221;100%&#8221; box_shadow_style=&#8221;preset2&#8243; box_shadow_horizontal=&#8221;0px&#8221; box_shadow_vertical=&#8221;0px&#8221; box_shadow_blur=&#8221;60px&#8221; box_shadow_color=&#8221;rgba(10,3,3,0.06)&#8221; locked=&#8221;off&#8221;]<\/p>\n<p>En la fase inicial del ensayo se solicitar\u00e1n las autorizaciones reguladoras y \u00e9ticas. Cada pa\u00eds contar\u00e1 con todas las autorizaciones pertinentes antes del reclutamiento y ser\u00e1 supervisado por el UCL. El ensayo cl\u00ednico probar\u00e1 si la implantaci\u00f3n de microportadores ASMDC conduce a una reducci\u00f3n m\u00ednima cl\u00ednicamente relevante en la frecuencia de episodios totales de FI. Los pacientes, los cuidadores y el p\u00fablico participar\u00e1n en la realizaci\u00f3n del estudio y en la difusi\u00f3n de los resultados.<\/p>\n<p>[\/et_pb_blurb][et_pb_blurb title=&#8221;Non-clinical safety studies required for regulatory approval&#8221; url=&#8221;#&#8221; icon_placement=&#8221;left&#8221; image_max_width=&#8221;64px&#8221; content_max_width=&#8221;1100px&#8221; admin_label=&#8221;Chapter&#8221; _builder_version=&#8221;4.6.3&#8243; header_font=&#8221;Gotham kinda bold||||||||&#8221; header_text_color=&#8221;#000000&#8243; header_line_height=&#8221;1.5em&#8221; body_font=&#8221;Gotham kinda bold||||||||&#8221; body_text_color=&#8221;#000000&#8243; body_font_size=&#8221;16px&#8221; body_line_height=&#8221;1.9em&#8221; background_color=&#8221;#ffffff&#8221; custom_margin=&#8221;||30px||false|false&#8221; custom_padding=&#8221;30px|40px|30px|40px&#8221; animation_style=&#8221;zoom&#8221; animation_direction=&#8221;bottom&#8221; animation_intensity_zoom=&#8221;20%&#8221; animation_starting_opacity=&#8221;100%&#8221; box_shadow_style=&#8221;preset2&#8243; box_shadow_horizontal=&#8221;0px&#8221; box_shadow_vertical=&#8221;0px&#8221; box_shadow_blur=&#8221;60px&#8221; box_shadow_color=&#8221;rgba(10,3,3,0.06)&#8221; locked=&#8221;off&#8221;]<\/p>\n<p>Se demostrar\u00e1 el comportamiento biol\u00f3gico esperado del componente celular en el producto acabado, junto con la tolerancia local, la persistencia y las propiedades toxicol\u00f3gicas de la combinaci\u00f3n c\u00e9lula-microportador, a fin de verificar su seguridad.<\/p>\n<p>[\/et_pb_blurb][et_pb_blurb title=&#8221;Verification of product stability&#8221; url=&#8221;#&#8221; icon_placement=&#8221;left&#8221; image_max_width=&#8221;64px&#8221; content_max_width=&#8221;1100px&#8221; _builder_version=&#8221;4.6.3&#8243; header_font=&#8221;Gotham kinda bold||||||||&#8221; header_text_color=&#8221;#000000&#8243; header_line_height=&#8221;1.5em&#8221; body_font=&#8221;Gotham kinda bold||||||||&#8221; body_text_color=&#8221;#000000&#8243; body_font_size=&#8221;16px&#8221; body_line_height=&#8221;1.9em&#8221; background_color=&#8221;#ffffff&#8221; custom_margin=&#8221;||30px||false|false&#8221; custom_padding=&#8221;30px|40px|30px|40px&#8221; animation_style=&#8221;zoom&#8221; animation_direction=&#8221;bottom&#8221; animation_intensity_zoom=&#8221;20%&#8221; animation_starting_opacity=&#8221;100%&#8221; box_shadow_style=&#8221;preset2&#8243; box_shadow_horizontal=&#8221;0px&#8221; box_shadow_vertical=&#8221;0px&#8221; box_shadow_blur=&#8221;60px&#8221; box_shadow_color=&#8221;rgba(10,3,3,0.06)&#8221; locked=&#8221;off&#8221;]<\/p>\n<p>Se dise\u00f1ar\u00e1 y validar\u00e1 un proceso s\u00f3lido y coherente para preparar el producto acabado en un estado adecuado para su almacenamiento y transporte.<\/p>\n<p>[\/et_pb_blurb][et_pb_blurb title=&#8221;Dissemination and Stakeholder Engagement&#8221; url=&#8221;#&#8221; icon_placement=&#8221;left&#8221; image_max_width=&#8221;64px&#8221; content_max_width=&#8221;1100px&#8221; _builder_version=&#8221;4.6.3&#8243; header_font=&#8221;Gotham kinda bold||||||||&#8221; header_text_color=&#8221;#000000&#8243; header_line_height=&#8221;1.5em&#8221; body_font=&#8221;Gotham kinda bold||||||||&#8221; body_text_color=&#8221;#000000&#8243; body_font_size=&#8221;16px&#8221; body_line_height=&#8221;1.9em&#8221; background_color=&#8221;#ffffff&#8221; custom_margin=&#8221;||30px||false|false&#8221; custom_padding=&#8221;30px|40px|30px|40px&#8221; animation_style=&#8221;zoom&#8221; animation_direction=&#8221;bottom&#8221; animation_intensity_zoom=&#8221;20%&#8221; animation_starting_opacity=&#8221;100%&#8221; box_shadow_style=&#8221;preset2&#8243; box_shadow_horizontal=&#8221;0px&#8221; box_shadow_vertical=&#8221;0px&#8221; box_shadow_blur=&#8221;60px&#8221; box_shadow_color=&#8221;rgba(10,3,3,0.06)&#8221; locked=&#8221;off&#8221;]<\/p>\n<p>Bowel Research UK y TT colaborar\u00e1n con todos los beneficiarios de AMELIE para implicar a empresas y beneficiarios industriales, profesionales sanitarios, pacientes y p\u00fablico en general, organizaciones ben\u00e9ficas y del tercer sector, y acad\u00e9micos.<\/p>\n<p>[\/et_pb_blurb][et_pb_blurb title=&#8221;Knowledge Management and Exploitation&#8221; url=&#8221;#&#8221; icon_placement=&#8221;left&#8221; image_max_width=&#8221;64px&#8221; content_max_width=&#8221;1100px&#8221; admin_label=&#8221;Blurb&#8221; _builder_version=&#8221;4.6.3&#8243; header_font=&#8221;Gotham kinda bold||||||||&#8221; header_text_color=&#8221;#000000&#8243; header_line_height=&#8221;1.5em&#8221; body_font=&#8221;Gotham kinda bold||||||||&#8221; body_text_color=&#8221;#000000&#8243; body_font_size=&#8221;16px&#8221; body_line_height=&#8221;1.9em&#8221; background_color=&#8221;#ffffff&#8221; custom_margin=&#8221;||30px||false|false&#8221; custom_padding=&#8221;30px|40px|30px|40px&#8221; animation_style=&#8221;zoom&#8221; animation_direction=&#8221;bottom&#8221; animation_intensity_zoom=&#8221;20%&#8221; animation_starting_opacity=&#8221;100%&#8221; box_shadow_style=&#8221;preset2&#8243; box_shadow_horizontal=&#8221;0px&#8221; box_shadow_vertical=&#8221;0px&#8221; box_shadow_blur=&#8221;60px&#8221; box_shadow_color=&#8221;rgba(10,3,3,0.06)&#8221; locked=&#8221;off&#8221;]<\/p>\n<p>Este paquete tratar\u00e1 de comprender el m\u00e9rito y la base de un caso de negocio para la aplicaci\u00f3n de la tecnolog\u00eda de microportadores celulares implantables en el tratamiento de la IF y explorar otros mercados potenciales en los que la tecnolog\u00eda tambi\u00e9n podr\u00eda utilizarse eficazmente.<\/p>\n<p>[\/et_pb_blurb][\/et_pb_column_inner][\/et_pb_row_inner][\/et_pb_column][et_pb_column type=&#8221;1_3&#8243; admin_label=&#8221;Column&#8221; _builder_version=&#8221;3.25&#8243; custom_padding=&#8221;|||&#8221; padding_top__hover=&#8221;0px&#8221; parallax__hover=&#8221;off&#8221; parallax_method__hover=&#8221;on&#8221; custom_padding__hover=&#8221;|||&#8221;][et_pb_blurb title=&#8221;Lesley Booth&#8221; url=&#8221;#&#8221; image=&#8221;https:\/\/amelie-project.eu\/wp-content\/uploads\/2020\/10\/Asset-2.png&#8221; image_max_width=&#8221;100px&#8221; admin_label=&#8221;Instructor&#8221; _builder_version=&#8221;4.6.3&#8243; header_font=&#8221;Gotham kinda bold||||||||&#8221; header_text_color=&#8221;#000000&#8243; header_line_height=&#8221;1.5em&#8221; body_font=&#8221;Gotham kinda bold||||||||&#8221; body_text_color=&#8221;#000000&#8243; body_font_size=&#8221;16px&#8221; body_line_height=&#8221;1.9em&#8221; background_color=&#8221;#ffffff&#8221; text_orientation=&#8221;center&#8221; custom_margin=&#8221;||||false|false&#8221; custom_padding=&#8221;50px|40px|50px|40px|true|false&#8221; animation_style=&#8221;zoom&#8221; animation_direction=&#8221;bottom&#8221; animation_intensity_zoom=&#8221;20%&#8221; animation_starting_opacity=&#8221;100%&#8221; box_shadow_style=&#8221;preset1&#8243; box_shadow_vertical=&#8221;0px&#8221; box_shadow_blur=&#8221;60px&#8221; box_shadow_color=&#8221;rgba(71,74,182,0.12)&#8221;]<\/p>\n<p><span style=\"color: #5e5e5e;\">MBE, Director de Investigaci\u00f3n y PPIE en Bowel Research UK<\/span><\/p>\n<p>\u201cLa realidad de vivir con incontinencia fecal puede ser devastadora. No cabe duda de que limita la vida. Y el hecho de que sea una afecci\u00f3n de la que la gente no habla libremente no hace sino aumentar las dificultades para llevar una vida normal. Encontrar una terapia que funcione no s\u00f3lo ser\u00eda un gran avance m\u00e9dico, sino que cambiar\u00eda la vida de millones de personas\u201d.\u201d<\/p>\n<p>[\/et_pb_blurb][et_pb_blurb title=&#8221;Richard Day&#8221; url=&#8221;#&#8221; image=&#8221;https:\/\/amelie-project.eu\/wp-content\/uploads\/2020\/10\/Asset-3.png&#8221; image_max_width=&#8221;100px&#8221; admin_label=&#8221;Instructor&#8221; _builder_version=&#8221;4.6.3&#8243; header_font=&#8221;Gotham kinda bold||||||||&#8221; header_text_color=&#8221;#000000&#8243; header_line_height=&#8221;1.5em&#8221; body_font=&#8221;Gotham kinda bold||||||||&#8221; body_text_color=&#8221;#000000&#8243; body_font_size=&#8221;16px&#8221; body_line_height=&#8221;1.9em&#8221; background_color=&#8221;#ffffff&#8221; text_orientation=&#8221;center&#8221; custom_margin=&#8221;||||false|false&#8221; custom_padding=&#8221;50px|40px|50px|40px|true|false&#8221; animation_style=&#8221;zoom&#8221; animation_direction=&#8221;bottom&#8221; animation_intensity_zoom=&#8221;20%&#8221; animation_starting_opacity=&#8221;100%&#8221; box_shadow_style=&#8221;preset1&#8243; box_shadow_vertical=&#8221;0px&#8221; box_shadow_blur=&#8221;60px&#8221; box_shadow_color=&#8221;rgba(71,74,182,0.12)&#8221;]<\/p>\n<p><span style=\"color: #5e5e5e;\">Catedr\u00e1tico de Tecnolog\u00eda de Medicina Regenerativa del University College de Londres<b><br \/> <\/b><\/span><\/p>\n<p>\u201cEstamos tremendamente entusiasmados con la perspectiva del proyecto AMELIE y los beneficios potenciales que pueden derivarse del nuevo enfoque terap\u00e9utico que se est\u00e1 investigando.<br \/> Estamos impacientes por trabajar con el excepcional consorcio de acad\u00e9micos, m\u00e9dicos, industriales y organizaciones ben\u00e9ficas de toda Europa para desarrollar nuestro enfoque pionero de medicina regenerativa para el tratamiento de esta enfermedad debilitante. Ser\u00e1 un enfoque radical e innovador que nunca antes se ha intentado a tal escala\u201d.\u201d<\/p>\n<p>[\/et_pb_blurb][\/et_pb_column][\/et_pb_section][et_pb_section fb_built=&#8221;1&#8243; _builder_version=&#8221;4.6.3&#8243; _module_preset=&#8221;default&#8221;][\/et_pb_section]<\/p>","protected":false},"excerpt":{"rendered":"<p><div class=\"et_pb_module dsm_block_reveal_text dsm_block_reveal_text_0\">\n\t\t\t\t\n\t\t\t\t\n\t\t\t\t\n\t\t\t\t\n\t\t\t\t\n\t\t\t\t\n\t\t\t\t<div class=\"et_pb_module_inner\">\n\t\t\t\t\t<div class=\"dsm_block_reveal_text_wrapper\" data-dsm-block-reveal-animation=\"lr\" data-dsm-block-reveal-color=\"#0e94f9\" data-dsm-block-reveal-delay=\"0\" data-dsm-block-reveal-viewport=\"80%\"><h1 class=\"dsm_block_reveal_text_header et_pb_module_header\">ACCESO<\/h1><\/div>\n\t\t\t\t<\/div>\n\t\t\t<\/div>UCL will be in charge of the scientific, contractual and financial management of the project. This stage of the project will ensure proper quality and timeliness of project progress and results, address risk planning and management as well as considering ethical criteria and gender issues.Led by IST, this will establish a robust, consistent and scalable GMP compliant procedure for attachment of human SMDC to TIPS microcarriers. This standardised procedure will be verified by UCL before being transferred to NHSBT, where the process will be validated in readiness for manufacture of the cell-microcarrier combination.The microcarriers will be manufactured at pilot scale. UCL will oversee confirmation that the microcarriers meet specifications. Stability studies will provide data on the long-term stability of the implantable cell-microcarrier combination. Critical evaluation of the manufacturing process at this stage will determine the feasibility of scaling-up the process for commercial quantities. Regulatory and Ethical approvals will be sought in the set-up phase of the trial. Each country will have all relevant approvals in place prior to recruitment and will be overseen by UCL. The clinical trial will test whether ASMDC-microcarrier implantation leads [&hellip;]<\/p>","protected":false},"author":1,"featured_media":0,"parent":0,"menu_order":0,"comment_status":"closed","ping_status":"closed","template":"","meta":{"_et_pb_use_builder":"on","_et_pb_old_content":"","_et_gb_content_width":"","_coblocks_attr":"","_coblocks_dimensions":"","_coblocks_responsive_height":"","_coblocks_accordion_ie_support":"","footnotes":"","_links_to":"","_links_to_target":""},"class_list":["post-28718","page","type-page","status-publish","hentry"],"_links":{"self":[{"href":"https:\/\/amelie-project.eu\/es\/wp-json\/wp\/v2\/pages\/28718","targetHints":{"allow":["GET"]}}],"collection":[{"href":"https:\/\/amelie-project.eu\/es\/wp-json\/wp\/v2\/pages"}],"about":[{"href":"https:\/\/amelie-project.eu\/es\/wp-json\/wp\/v2\/types\/page"}],"author":[{"embeddable":true,"href":"https:\/\/amelie-project.eu\/es\/wp-json\/wp\/v2\/users\/1"}],"replies":[{"embeddable":true,"href":"https:\/\/amelie-project.eu\/es\/wp-json\/wp\/v2\/comments?post=28718"}],"version-history":[{"count":23,"href":"https:\/\/amelie-project.eu\/es\/wp-json\/wp\/v2\/pages\/28718\/revisions"}],"predecessor-version":[{"id":31220,"href":"https:\/\/amelie-project.eu\/es\/wp-json\/wp\/v2\/pages\/28718\/revisions\/31220"}],"wp:attachment":[{"href":"https:\/\/amelie-project.eu\/es\/wp-json\/wp\/v2\/media?parent=28718"}],"curies":[{"name":"wp","href":"https:\/\/api.w.org\/{rel}","templated":true}]}}