{"id":28371,"date":"2020-09-03T09:02:33","date_gmt":"2020-09-03T09:02:33","guid":{"rendered":"https:\/\/amelie-project.eu\/?page_id=28371"},"modified":"2021-01-26T10:47:43","modified_gmt":"2021-01-26T10:47:43","slug":"beneficios-de-amelie","status":"publish","type":"page","link":"https:\/\/amelie-project.eu\/es\/beneficios-de-amelie\/","title":{"rendered":"Ventajas de AMELIE"},"content":{"rendered":"[et_pb_section fb_built=&#8221;1&#8243; custom_padding_last_edited=&#8221;on|phone&#8221; disabled_on=&#8221;off|off|off&#8221; admin_label=&#8221;Hero section&#8221; _builder_version=&#8221;4.6.3&#8243; background_image=&#8221;https:\/\/amelie-project.eu\/wp-content\/uploads\/2020\/10\/AMELIEHEADERBACKGOUND-01-scaled.jpg&#8221; background_position=&#8221;center_left&#8221; custom_margin=&#8221;|||&#8221; custom_padding=&#8221;7%||7%||true|false&#8221; custom_padding_tablet=&#8221;15%||15%||true|false&#8221; custom_padding_phone=&#8221;&#8221;][et_pb_row use_custom_gutter=&#8221;on&#8221; gutter_width=&#8221;1&#8243; custom_padding_last_edited=&#8221;on|desktop&#8221; _builder_version=&#8221;4.6.3&#8243; _module_preset=&#8221;default&#8221; width=&#8221;100%&#8221; module_alignment=&#8221;left&#8221; custom_padding=&#8221;|||4%|false|false&#8221; custom_padding_tablet=&#8221;|||6%|false|false&#8221; custom_padding_phone=&#8221;|||7%|false|false&#8221;][et_pb_column type=&#8221;4_4&#8243; _builder_version=&#8221;4.6.3&#8243; _module_preset=&#8221;default&#8221;][dsm_block_reveal_text block_reveal_text=&#8221;BENEFITS&#8221; heading_html_tag=&#8221;h1&#8243; block_reveal_color=&#8221;#0e94f9&#8243; block_reveal_delay=&#8221;0&#8243; _builder_version=&#8221;4.6.3&#8243; _module_preset=&#8221;default&#8221; header_font=&#8221;AMELIE||||||||&#8221; header_text_color=&#8221;#0e94f9&#8243; header_font_size=&#8221;4vw&#8221; custom_padding=&#8221;||||false|false&#8221; custom_padding_tablet=&#8221;||||false|false&#8221; custom_padding_phone=&#8221;||||false|false&#8221; custom_padding_last_edited=&#8221;on|phone&#8221; header_font_size_tablet=&#8221;8vw&#8221; header_font_size_phone=&#8221;10vw&#8221; header_font_size_last_edited=&#8221;on|desktop&#8221;][\/dsm_block_reveal_text][dsm_block_reveal_text block_reveal_text=&#8221;OF AMELIE&#8221; block_reveal_color=&#8221;#0e94f9&#8243; _builder_version=&#8221;4.6.3&#8243; _module_preset=&#8221;default&#8221; header_font=&#8221;AMELIE||||||||&#8221; header_text_color=&#8221;#0e94f9&#8243; header_font_size=&#8221;3vw&#8221; custom_padding=&#8221;||||false|false&#8221; custom_padding_tablet=&#8221;||||false|false&#8221; custom_padding_phone=&#8221;||||false|false&#8221; custom_padding_last_edited=&#8221;on|phone&#8221; header_font_size_tablet=&#8221;6vw&#8221; header_font_size_phone=&#8221;7vw&#8221; header_font_size_last_edited=&#8221;on|desktop&#8221;][\/dsm_block_reveal_text][\/et_pb_column][\/et_pb_row][\/et_pb_section][et_pb_section fb_built=&#8221;1&#8243; custom_padding_last_edited=&#8221;on|phone&#8221; _builder_version=&#8221;4.6.3&#8243; transform_scale_tablet=&#8221;90%|90%&#8221; transform_scale_last_edited=&#8221;off|desktop&#8221; transform_translate_last_edited=&#8221;off|desktop&#8221; transform_rotate_last_edited=&#8221;off|desktop&#8221; transform_skew_last_edited=&#8221;off|desktop&#8221; transform_origin_last_edited=&#8221;off|desktop&#8221; transform_styles_last_edited=&#8221;off|desktop&#8221; custom_margin=&#8221;||||false|false&#8221; custom_padding=&#8221;100px|0px|100px|0px&#8221; custom_padding_tablet=&#8221;35px|0px|35px|0px|true|false&#8221; custom_padding_phone=&#8221;15px||15px||true|false&#8221;][et_pb_row column_structure=&#8221;1_3,1_3,1_3&#8243; _builder_version=&#8221;4.6.3&#8243; _module_preset=&#8221;default&#8221; animation_style=&#8221;slide&#8221; animation_direction=&#8221;bottom&#8221; animation_intensity_slide=&#8221;11%&#8221;][et_pb_column type=&#8221;1_3&#8243; _builder_version=&#8221;4.6.3&#8243; _module_preset=&#8221;default&#8221;][dsm_tilt_image src=&#8221;https:\/\/amelie-project.eu\/wp-content\/uploads\/2020\/09\/science1shadow-4.png&#8221; title_text=&#8221;science1shadow&#8221; dsm_tilt_mobile=&#8221;on&#8221; dsm_tilt_scale=&#8221;1.1&#8243; dsm_tilt_max=&#8221;15&#8243; dsm_use_glare=&#8221;on&#8221; dsm_tilt_glare=&#8221;0.5&#8243; _builder_version=&#8221;4.6.3&#8243; _module_preset=&#8221;default&#8221;][\/dsm_tilt_image][et_pb_text _builder_version=&#8221;4.6.3&#8243; text_font=&#8221;Gotham kinda bold||||||||&#8221; text_text_color=&#8221;#000000&#8243; text_font_size=&#8221;16px&#8221; text_line_height=&#8221;1.6em&#8221; header_font=&#8221;Gotham kinda bold|||on|||||&#8221; header_text_color=&#8221;#000000&#8243; header_font_size=&#8221;15px&#8221; header_letter_spacing=&#8221;1px&#8221; header_line_height=&#8221;1.4em&#8221; header_2_font=&#8221;Gotham kinda bold|||on|||||&#8221; header_2_text_color=&#8221;#000000&#8243; header_2_font_size=&#8221;15px&#8221; header_2_letter_spacing=&#8221;1px&#8221; header_2_line_height=&#8221;1.4em&#8221; header_3_font=&#8221;Gotham kinda bold|||on|||||&#8221; header_3_text_color=&#8221;#000000&#8243; header_3_font_size=&#8221;15px&#8221; header_3_letter_spacing=&#8221;1px&#8221; header_3_line_height=&#8221;1.4em&#8221; header_4_font=&#8221;Gotham kinda bold|||on|||||&#8221; header_4_text_color=&#8221;#000000&#8243; header_4_font_size=&#8221;17px&#8221; header_4_letter_spacing=&#8221;1px&#8221; header_4_line_height=&#8221;1.4em&#8221; header_5_font=&#8221;Gotham kinda bold|||on|||||&#8221; header_5_text_color=&#8221;#000000&#8243; header_5_font_size=&#8221;15px&#8221; header_5_letter_spacing=&#8221;1px&#8221; header_5_line_height=&#8221;1.4em&#8221; header_6_font=&#8221;Gotham kinda bold|||on|||||&#8221; header_6_text_color=&#8221;#000000&#8243; header_6_font_size=&#8221;15px&#8221; header_6_letter_spacing=&#8221;1px&#8221; header_6_line_height=&#8221;1.4em&#8221; text_orientation=&#8221;center&#8221; max_width=&#8221;800px&#8221; module_alignment=&#8221;center&#8221; locked=&#8221;off&#8221;]<p>Identificaci\u00f3n de nuevas terapias regenerativas potenciales para abordar las necesidades cl\u00ednicas no cubiertas de grandes grupos de pacientes.<\/p>[\/et_pb_text][\/et_pb_column][et_pb_column type=&#8221;1_3&#8243; _builder_version=&#8221;4.6.3&#8243; _module_preset=&#8221;default&#8221;][dsm_tilt_image src=&#8221;https:\/\/amelie-project.eu\/wp-content\/uploads\/2020\/09\/science2shadow.png&#8221; title_text=&#8221;science2shadow&#8221; dsm_tilt_mobile=&#8221;on&#8221; dsm_tilt_scale=&#8221;1.1&#8243; dsm_tilt_max=&#8221;15&#8243; dsm_use_glare=&#8221;on&#8221; dsm_tilt_glare=&#8221;0.5&#8243; _builder_version=&#8221;4.6.3&#8243; _module_preset=&#8221;default&#8221;][\/dsm_tilt_image][et_pb_text _builder_version=&#8221;4.6.3&#8243; text_font=&#8221;Gotham kinda bold||||||||&#8221; text_text_color=&#8221;#000000&#8243; text_font_size=&#8221;16px&#8221; text_line_height=&#8221;1.6em&#8221; header_font=&#8221;Gotham kinda bold|||on|||||&#8221; header_text_color=&#8221;#000000&#8243; header_font_size=&#8221;15px&#8221; header_letter_spacing=&#8221;1px&#8221; header_line_height=&#8221;1.4em&#8221; header_2_font=&#8221;Gotham kinda bold|||on|||||&#8221; header_2_text_color=&#8221;#000000&#8243; header_2_font_size=&#8221;15px&#8221; header_2_letter_spacing=&#8221;1px&#8221; header_2_line_height=&#8221;1.4em&#8221; header_3_font=&#8221;Gotham kinda bold|||on|||||&#8221; header_3_text_color=&#8221;#000000&#8243; header_3_font_size=&#8221;15px&#8221; header_3_letter_spacing=&#8221;1px&#8221; header_3_line_height=&#8221;1.4em&#8221; header_4_font=&#8221;Gotham kinda bold|||on|||||&#8221; header_4_text_color=&#8221;#000000&#8243; header_4_font_size=&#8221;17px&#8221; header_4_letter_spacing=&#8221;1px&#8221; header_4_line_height=&#8221;1.4em&#8221; header_5_font=&#8221;Gotham kinda bold|||on|||||&#8221; header_5_text_color=&#8221;#000000&#8243; header_5_font_size=&#8221;15px&#8221; header_5_letter_spacing=&#8221;1px&#8221; header_5_line_height=&#8221;1.4em&#8221; header_6_font=&#8221;Gotham kinda bold|||on|||||&#8221; header_6_text_color=&#8221;#000000&#8243; header_6_font_size=&#8221;15px&#8221; header_6_letter_spacing=&#8221;1px&#8221; header_6_line_height=&#8221;1.4em&#8221; text_orientation=&#8221;center&#8221; max_width=&#8221;800px&#8221; module_alignment=&#8221;center&#8221; locked=&#8221;off&#8221;]<p>Fortalecimiento de la posici\u00f3n europea en medicina regenerativa traslacional.<\/p>[\/et_pb_text][\/et_pb_column][et_pb_column type=&#8221;1_3&#8243; _builder_version=&#8221;4.6.3&#8243; _module_preset=&#8221;default&#8221;][dsm_tilt_image src=&#8221;https:\/\/amelie-project.eu\/wp-content\/uploads\/2020\/09\/science3shadow-2.png&#8221; title_text=&#8221;science3shadow&#8221; dsm_tilt_mobile=&#8221;on&#8221; dsm_tilt_scale=&#8221;1.1&#8243; dsm_tilt_max=&#8221;15&#8243; dsm_use_glare=&#8221;on&#8221; dsm_tilt_glare=&#8221;0.5&#8243; _builder_version=&#8221;4.6.3&#8243; _module_preset=&#8221;default&#8221;][\/dsm_tilt_image][et_pb_text _builder_version=&#8221;4.6.3&#8243; text_font=&#8221;Gotham kinda bold||||||||&#8221; text_text_color=&#8221;#000000&#8243; text_font_size=&#8221;16px&#8221; text_line_height=&#8221;1.6em&#8221; header_font=&#8221;Gotham kinda bold|||on|||||&#8221; header_text_color=&#8221;#000000&#8243; header_font_size=&#8221;15px&#8221; header_letter_spacing=&#8221;1px&#8221; header_line_height=&#8221;1.4em&#8221; header_2_font=&#8221;Gotham kinda bold|||on|||||&#8221; header_2_text_color=&#8221;#000000&#8243; header_2_font_size=&#8221;15px&#8221; header_2_letter_spacing=&#8221;1px&#8221; header_2_line_height=&#8221;1.4em&#8221; header_3_font=&#8221;Gotham kinda bold|||on|||||&#8221; header_3_text_color=&#8221;#000000&#8243; header_3_font_size=&#8221;15px&#8221; header_3_letter_spacing=&#8221;1px&#8221; header_3_line_height=&#8221;1.4em&#8221; header_4_font=&#8221;Gotham kinda bold|||on|||||&#8221; header_4_text_color=&#8221;#000000&#8243; header_4_font_size=&#8221;17px&#8221; header_4_letter_spacing=&#8221;1px&#8221; header_4_line_height=&#8221;1.4em&#8221; header_5_font=&#8221;Gotham kinda bold|||on|||||&#8221; header_5_text_color=&#8221;#000000&#8243; header_5_font_size=&#8221;15px&#8221; header_5_letter_spacing=&#8221;1px&#8221; header_5_line_height=&#8221;1.4em&#8221; header_6_font=&#8221;Gotham kinda bold|||on|||||&#8221; header_6_text_color=&#8221;#000000&#8243; header_6_font_size=&#8221;15px&#8221; header_6_letter_spacing=&#8221;1px&#8221; header_6_line_height=&#8221;1.4em&#8221; text_orientation=&#8221;center&#8221; max_width=&#8221;800px&#8221; module_alignment=&#8221;center&#8221; locked=&#8221;off&#8221;]<p>Nuevas terapias para las principales enfermedades humanas y nuevos enfoques terap\u00e9uticos en fase de desarrollo.<\/p>[\/et_pb_text][\/et_pb_column][\/et_pb_row][\/et_pb_section][et_pb_section fb_built=&#8221;1&#8243; _builder_version=&#8221;3.22&#8243; background_color=&#8221;rgba(0,0,0,0.03)&#8221; background_position=&#8221;top_center&#8221; custom_margin=&#8221;|||&#8221; custom_padding=&#8221;100px||100px|&#8221;][et_pb_row use_custom_gutter=&#8221;on&#8221; gutter_width=&#8221;4&#8243; _builder_version=&#8221;4.6.3&#8243; custom_margin=&#8221;||||false|false&#8221; custom_padding=&#8221;0px|||&#8221;][et_pb_column type=&#8221;4_4&#8243; _builder_version=&#8221;3.25&#8243; custom_padding=&#8221;|||&#8221; parallax__hover=&#8221;off&#8221; parallax_method__hover=&#8221;on&#8221; custom_padding__hover=&#8221;|||&#8221;][et_pb_blurb title=&#8221;Potential new regenerative therapies to address unmet clinical needs of large patient groups identified&#8221; url=&#8221;#&#8221; icon_placement=&#8221;left&#8221; image_max_width=&#8221;64px&#8221; content_max_width=&#8221;1400px&#8221; admin_label=&#8221;Chapter&#8221; _builder_version=&#8221;4.6.3&#8243; header_font=&#8221;Gotham kinda bold||||||||&#8221; header_text_color=&#8221;#000000&#8243; header_line_height=&#8221;1.5em&#8221; body_font=&#8221;Gotham kinda bold||||||||&#8221; body_text_color=&#8221;#000000&#8243; body_font_size=&#8221;16px&#8221; body_line_height=&#8221;1.9em&#8221; background_color=&#8221;#ffffff&#8221; custom_margin=&#8221;|||&#8221; custom_padding=&#8221;30px|40px|30px|40px&#8221; animation_style=&#8221;zoom&#8221; animation_direction=&#8221;bottom&#8221; animation_intensity_zoom=&#8221;20%&#8221; animation_starting_opacity=&#8221;100%&#8221; box_shadow_style=&#8221;preset2&#8243; box_shadow_horizontal=&#8221;0px&#8221; box_shadow_vertical=&#8221;0px&#8221; box_shadow_blur=&#8221;60px&#8221; box_shadow_color=&#8221;rgba(10,3,3,0.06)&#8221; locked=&#8221;off&#8221;]<p><span style=\"font-weight: 400;\">La IF es una enfermedad frecuente que afecta a ~9% adultos europeos. Esta cifra est\u00e1 infravalorada, ya que ~70% de los pacientes con IF no consultan a un profesional sanitario sobre su enfermedad. S\u00f3lo una parte de los que s\u00ed lo hacen buscar\u00e1n tratamiento, pero ~50% no se adaptar\u00e1n a las opciones actuales. El enfoque de AMELIE presenta numerosas ventajas frente a otras intervenciones quir\u00fargicas, que entra\u00f1an riesgos de infecci\u00f3n, dolor y defecto\/dislocaci\u00f3n del plomo, lo que puede dar lugar a un estoma permanente. El efecto de la mejora de la continencia tras el tratamiento tendr\u00e1 repercusiones m\u00e1s all\u00e1 de quienes padecen la enfermedad de forma inmediata, como los cuidadores y las personas en lista de espera en residencias de ancianos.<\/span><span style=\"font-weight: 400;\">\u00a0<\/span><\/p>\n<p><span style=\"font-weight: 400;\">Si resulta eficaz, el tratamiento con la tecnolog\u00eda de microportadores celulares implantables repercutir\u00e1 notablemente en la calidad de vida de los ciudadanos de la UE.<\/span> <span style=\"font-weight: 400;\">Promoci\u00f3n de este tratamiento como enfoque realista para <\/span><i><span style=\"font-weight: 400;\">tratamiento de<\/span><\/i><span style=\"font-weight: 400;\"> incontinencia en lugar de controlar los s\u00edntomas, aumentar\u00e1 la probabilidad de que los pacientes con IF consulten a un profesional sanitario sobre su enfermedad y, por tanto, aumentar\u00e1 el n\u00famero de pacientes a los que puede llegar el tratamiento.<\/span><\/p>[\/et_pb_blurb][et_pb_blurb title=&#8221;Europe\u2019s position in translational regenerative medicine strengthened &#8221; url=&#8221;#&#8221; icon_placement=&#8221;left&#8221; image_max_width=&#8221;64px&#8221; content_max_width=&#8221;1400px&#8221; admin_label=&#8221;Chapter&#8221; _builder_version=&#8221;4.6.3&#8243; header_font=&#8221;Gotham kinda bold||||||||&#8221; header_text_color=&#8221;#000000&#8243; header_line_height=&#8221;1.5em&#8221; body_font=&#8221;Gotham kinda bold||||||||&#8221; body_text_color=&#8221;#000000&#8243; body_font_size=&#8221;16px&#8221; body_line_height=&#8221;1.9em&#8221; background_color=&#8221;#ffffff&#8221; custom_margin=&#8221;|||&#8221; custom_padding=&#8221;30px|40px|30px|40px&#8221; animation_style=&#8221;zoom&#8221; animation_direction=&#8221;bottom&#8221; animation_intensity_zoom=&#8221;20%&#8221; animation_starting_opacity=&#8221;100%&#8221; hover_enabled=&#8221;0&#8243; box_shadow_style=&#8221;preset2&#8243; box_shadow_horizontal=&#8221;0px&#8221; box_shadow_vertical=&#8221;0px&#8221; box_shadow_blur=&#8221;60px&#8221; box_shadow_color=&#8221;rgba(10,3,3,0.06)&#8221; locked=&#8221;off&#8221; sticky_enabled=&#8221;0&#8243;]<p><span style=\"font-weight: 400;\">Europa es l\u00edder mundial en terapias celulares para pacientes con IF.<\/span> <span style=\"font-weight: 400;\">Adem\u00e1s de reforzar el papel dominante de Europa en este campo, AMELIE tambi\u00e9n representa un cambio radical en el planteamiento adoptado para fabricar y suministrar medicamentos celulares que permitir\u00e1n a los ciudadanos europeos ser los primeros del mundo en beneficiarse de un nuevo enfoque pionero de la medicina regenerativa.\u00a0<\/span><\/p>\n<p><span style=\"font-weight: 400;\">La terapia celular es un campo de investigaci\u00f3n en r\u00e1pido crecimiento. Los productos de ingenier\u00eda tisular est\u00e1n llamados a crecer de forma significativa y ofrecen oportunidades sustanciales para reforzar la posici\u00f3n de Europa en medicina regenerativa traslacional. Europa es responsable de aproximadamente 26% de las empresas mundiales de medicina regenerativa. El desarrollo de tecnolog\u00edas innovadoras como los microportadores TIPS implantables atraer\u00e1 inversiones a Europa. A continuaci\u00f3n, AMELIE pretende impulsar las posiciones competitivas de las empresas europeas como proveedoras de tecnolog\u00edas facilitadoras innovadoras para la medicina regenerativa. Esto aumentar\u00e1 el potencial de explotaci\u00f3n de AMELIE.<\/span><\/p>\n[\/et_pb_blurb][et_pb_blurb title=&#8221;New therapies for major human diseases and conditions, and new approaches for therapy taken further in the development pipeline&#8221; url=&#8221;#&#8221; icon_placement=&#8221;left&#8221; image_max_width=&#8221;64px&#8221; content_max_width=&#8221;1400px&#8221; admin_label=&#8221;Chapter&#8221; _builder_version=&#8221;4.6.3&#8243; header_font=&#8221;Gotham kinda bold||||||||&#8221; header_text_color=&#8221;#000000&#8243; header_line_height=&#8221;1.5em&#8221; body_font=&#8221;Gotham kinda bold||||||||&#8221; body_text_color=&#8221;#000000&#8243; body_font_size=&#8221;16px&#8221; body_line_height=&#8221;1.9em&#8221; background_color=&#8221;#ffffff&#8221; custom_margin=&#8221;|||&#8221; custom_padding=&#8221;30px|40px|30px|40px&#8221; animation_style=&#8221;zoom&#8221; animation_direction=&#8221;bottom&#8221; animation_intensity_zoom=&#8221;20%&#8221; animation_starting_opacity=&#8221;100%&#8221; box_shadow_style=&#8221;preset2&#8243; box_shadow_horizontal=&#8221;0px&#8221; box_shadow_vertical=&#8221;0px&#8221; box_shadow_blur=&#8221;60px&#8221; box_shadow_color=&#8221;rgba(10,3,3,0.06)&#8221; locked=&#8221;off&#8221;]<p><span style=\"font-weight: 400;\">AMELIE allana el camino para tratamientos innovadores id\u00e9nticos o similares que utilicen combinaciones de c\u00e9lulas ASMDC y microportadores para una variedad de otras afecciones cl\u00ednicas asociadas a la p\u00e9rdida de funci\u00f3n del m\u00fasculo esquel\u00e9tico, como la incontinencia urinaria, las distrofias musculares y la p\u00e9rdida volum\u00e9trica de m\u00fasculo asociada a lesiones traum\u00e1ticas.\u00a0<\/span><\/p>\n<p><span style=\"font-weight: 400;\">Los mismos fundamentos cient\u00edficos y el nuevo enfoque desarrollado en AMELIE son igualmente aplicables a otros tipos de c\u00e9lulas dependientes de anclaje investigados como nuevos tratamientos de medicina regenerativa. Los nuevos productos compuestos por estas c\u00e9lulas dependientes de anclaje est\u00e1n destinados a tratar algunas de las enfermedades m\u00e1s debilitantes que afectan a los tejidos musculares, \u00f3seos, cartilaginosos, oculares, cardiacos\/cardiovasculares, gastrointestinales\/hep\u00e1ticos, renales, inmunitarios y respiratorios. La adopci\u00f3n de la tecnolog\u00eda de microportadores TIPS implantables podr\u00eda tener un impacto significativo en sus resultados.<\/span><\/p>\n<p><span style=\"font-weight: 400;\">Mientras tanto, el proceso de fabricaci\u00f3n a escala de las micropart\u00edculas TIPS desarrollado puede aplicarse a otros usos de la tecnolog\u00eda de micropart\u00edculas que se est\u00e1n investigando actualmente en el proceso de desarrollo. <\/span><\/p>[\/et_pb_blurb][\/et_pb_column][\/et_pb_row][\/et_pb_section][et_pb_section fb_built=&#8221;1&#8243; _builder_version=&#8221;4.6.3&#8243; _module_preset=&#8221;default&#8221;][\/et_pb_section]","protected":false},"excerpt":{"rendered":"<p><div class=\"et_pb_module dsm_block_reveal_text dsm_block_reveal_text_0\">\n\t\t\t\t\n\t\t\t\t\n\t\t\t\t\n\t\t\t\t\n\t\t\t\t\n\t\t\t\t\n\t\t\t\t<div class=\"et_pb_module_inner\">\n\t\t\t\t\t<div class=\"dsm_block_reveal_text_wrapper\" data-dsm-block-reveal-animation=\"lr\" data-dsm-block-reveal-color=\"#0e94f9\" data-dsm-block-reveal-delay=\"0\" data-dsm-block-reveal-viewport=\"80%\"><h1 class=\"dsm_block_reveal_text_header et_pb_module_header\">PRESTACIONES<\/h1><\/div>\n\t\t\t\t<\/div>\n\t\t\t<\/div><div class=\"et_pb_module dsm_block_reveal_text dsm_block_reveal_text_1\">\n\t\t\t\t\n\t\t\t\t\n\t\t\t\t\n\t\t\t\t\n\t\t\t\t\n\t\t\t\t\n\t\t\t\t<div class=\"et_pb_module_inner\">\n\t\t\t\t\t<div class=\"dsm_block_reveal_text_wrapper\" data-dsm-block-reveal-animation=\"lr\" data-dsm-block-reveal-color=\"#0e94f9\" data-dsm-block-reveal-delay=\"0.1\" data-dsm-block-reveal-viewport=\"80%\"><h2 class=\"dsm_block_reveal_text_header et_pb_module_header\">DE AMELIE<\/h2><\/div>\n\t\t\t\t<\/div>\n\t\t\t<\/div><div class=\"et_pb_module dsm_tilt_image dsm_tilt_image_0\">\n\t\t\t\t\n\t\t\t\t\n\t\t\t\t\n\t\t\t\t\n\t\t\t\t\n\t\t\t\t\n\t\t\t\t<div class=\"et_pb_module_inner\">\n\t\t\t\t\t<div class=\"dsm-tilt-image-wrapper\" data-tilt data-tilt-max=\"15\" data-tilt-speed=\"300\" data-tilt-perspective=\"1000\" data-tilt-scale=\"1.1\" data-tilt-mobile-disable=\"on\" data-tilt-glare data-tilt-max-glare=\"0.5\" data-tilt-reverse=\"false\">\n\t\t\t\t\n\t\t\t\t\n\t\t\t\t<span class=\"et_pb_image_wrap\"><img decoding=\"async\" src=\"https:\/\/amelie-project.eu\/wp-content\/uploads\/2020\/09\/science1shadow-4.png\" alt=\"\" title=\"ciencia1sombra\" \/><\/span>\n\t\t\t<\/div>\n\t\t\t\t<\/div>\n\t\t\t<\/div>Identificaci\u00f3n de nuevas terapias regenerativas potenciales para abordar las necesidades cl\u00ednicas no cubiertas de grandes grupos de pacientes.<div class=\"et_pb_module dsm_tilt_image dsm_tilt_image_1\">\n\t\t\t\t\n\t\t\t\t\n\t\t\t\t\n\t\t\t\t\n\t\t\t\t\n\t\t\t\t\n\t\t\t\t<div class=\"et_pb_module_inner\">\n\t\t\t\t\t<div class=\"dsm-tilt-image-wrapper\" data-tilt data-tilt-max=\"15\" data-tilt-speed=\"300\" data-tilt-perspective=\"1000\" data-tilt-scale=\"1.1\" data-tilt-mobile-disable=\"on\" data-tilt-glare data-tilt-max-glare=\"0.5\" data-tilt-reverse=\"false\">\n\t\t\t\t\n\t\t\t\t\n\t\t\t\t<span class=\"et_pb_image_wrap\"><img decoding=\"async\" src=\"https:\/\/amelie-project.eu\/wp-content\/uploads\/2020\/09\/science2shadow.png\" alt=\"\" title=\"science2shadow\" \/><\/span>\n\t\t\t<\/div>\n\t\t\t\t<\/div>\n\t\t\t<\/div>Fortalecimiento de la posici\u00f3n europea en medicina regenerativa traslacional.<div class=\"et_pb_module dsm_tilt_image dsm_tilt_image_2\">\n\t\t\t\t\n\t\t\t\t\n\t\t\t\t\n\t\t\t\t\n\t\t\t\t\n\t\t\t\t\n\t\t\t\t<div class=\"et_pb_module_inner\">\n\t\t\t\t\t<div class=\"dsm-tilt-image-wrapper\" data-tilt data-tilt-max=\"15\" data-tilt-speed=\"300\" data-tilt-perspective=\"1000\" data-tilt-scale=\"1.1\" data-tilt-mobile-disable=\"on\" data-tilt-glare data-tilt-max-glare=\"0.5\" data-tilt-reverse=\"false\">\n\t\t\t\t\n\t\t\t\t\n\t\t\t\t<span class=\"et_pb_image_wrap\"><img decoding=\"async\" src=\"https:\/\/amelie-project.eu\/wp-content\/uploads\/2020\/09\/science3shadow-2.png\" alt=\"\" title=\"ciencia3sombra\" \/><\/span>\n\t\t\t<\/div>\n\t\t\t\t<\/div>\n\t\t\t<\/div>New therapies for major human diseases and conditions, and new approaches for therapy taken further in the development pipeline.FI is a common condition affecting ~9% European adults. This figure is underestimated as ~70% of patients with FI do not consult a healthcare provider about their condition. Only a proportion of those that do will seek further treatment, but ~50% will not be suited to current options. AMELIE\u2019s approach has numerous advantages over other surgical interventions, which risk infection, pain and lead defect\/dislocation, which can result in permanent stoma. The effect of improved continence following treatment will have impact beyond those immediately suffering the condition, such as carers and those on nursing home waiting lists.\u00a0 If effective, treatment with the implantable cell-microcarrier technology will [&hellip;]<\/p>","protected":false},"author":1,"featured_media":0,"parent":0,"menu_order":0,"comment_status":"closed","ping_status":"closed","template":"","meta":{"_et_pb_use_builder":"on","_et_pb_old_content":"","_et_gb_content_width":"","_coblocks_attr":"","_coblocks_dimensions":"","_coblocks_responsive_height":"","_coblocks_accordion_ie_support":"","footnotes":"","_links_to":"","_links_to_target":""},"class_list":["post-28371","page","type-page","status-publish","hentry"],"_links":{"self":[{"href":"https:\/\/amelie-project.eu\/es\/wp-json\/wp\/v2\/pages\/28371","targetHints":{"allow":["GET"]}}],"collection":[{"href":"https:\/\/amelie-project.eu\/es\/wp-json\/wp\/v2\/pages"}],"about":[{"href":"https:\/\/amelie-project.eu\/es\/wp-json\/wp\/v2\/types\/page"}],"author":[{"embeddable":true,"href":"https:\/\/amelie-project.eu\/es\/wp-json\/wp\/v2\/users\/1"}],"replies":[{"embeddable":true,"href":"https:\/\/amelie-project.eu\/es\/wp-json\/wp\/v2\/comments?post=28371"}],"version-history":[{"count":53,"href":"https:\/\/amelie-project.eu\/es\/wp-json\/wp\/v2\/pages\/28371\/revisions"}],"predecessor-version":[{"id":31152,"href":"https:\/\/amelie-project.eu\/es\/wp-json\/wp\/v2\/pages\/28371\/revisions\/31152"}],"wp:attachment":[{"href":"https:\/\/amelie-project.eu\/es\/wp-json\/wp\/v2\/media?parent=28371"}],"curies":[{"name":"wp","href":"https:\/\/api.w.org\/{rel}","templated":true}]}}