{"id":31276,"date":"2021-08-21T13:46:52","date_gmt":"2021-08-21T13:46:52","guid":{"rendered":"https:\/\/amelie-project.eu\/?page_id=31276"},"modified":"2021-08-25T14:54:05","modified_gmt":"2021-08-25T14:54:05","slug":"datenschutzbestimmungen","status":"publish","type":"page","link":"https:\/\/amelie-project.eu\/de\/datenschutzbestimmungen\/","title":{"rendered":"Datenschutzbestimmungen"},"content":{"rendered":"<p>[et_pb_section fb_built=&#8221;1&#8243; custom_padding_last_edited=&#8221;on|phone&#8221; disabled_on=&#8221;off|off|off&#8221; admin_label=&#8221;Hero section&#8221; _builder_version=&#8221;4.6.3&#8243; background_image=&#8221;https:\/\/amelie-project.eu\/wp-content\/uploads\/2020\/09\/shutterstock_1438674518-Converted-1-1.png&#8221; background_position=&#8221;center_left&#8221; custom_margin=&#8221;|||&#8221; custom_padding=&#8221;7%||7%||true|false&#8221; custom_padding_tablet=&#8221;15%||15%||true|false&#8221; custom_padding_phone=&#8221;&#8221;][et_pb_row use_custom_gutter=&#8221;on&#8221; gutter_width=&#8221;1&#8243; custom_padding_last_edited=&#8221;on|desktop&#8221; _builder_version=&#8221;4.6.3&#8243; _module_preset=&#8221;default&#8221; width=&#8221;100%&#8221; module_alignment=&#8221;left&#8221; custom_padding=&#8221;|||4%|false|false&#8221; custom_padding_tablet=&#8221;|||6%|false|false&#8221; custom_padding_phone=&#8221;|||7%|false|false&#8221;][et_pb_column type=&#8221;4_4&#8243; _builder_version=&#8221;4.6.3&#8243; _module_preset=&#8221;default&#8221;][dsm_block_reveal_text block_reveal_text=&#8221;PRIVACY&#8221; heading_html_tag=&#8221;h1&#8243; block_reveal_color=&#8221;#0e94f9&#8243; block_reveal_delay=&#8221;0&#8243; _builder_version=&#8221;4.6.3&#8243; _module_preset=&#8221;default&#8221; header_font=&#8221;AMELIE||||||||&#8221; header_text_color=&#8221;#0e94f9&#8243; header_font_size=&#8221;4vw&#8221; custom_padding=&#8221;||||false|false&#8221; custom_padding_tablet=&#8221;||||false|false&#8221; custom_padding_phone=&#8221;||||false|false&#8221; custom_padding_last_edited=&#8221;on|tablet&#8221; header_font_size_tablet=&#8221;8.5vw&#8221; header_font_size_phone=&#8221;9vw&#8221; header_font_size_last_edited=&#8221;on|desktop&#8221;][\/dsm_block_reveal_text][dsm_block_reveal_text block_reveal_text=&#8221;POLICY&#8221; heading_html_tag=&#8221;h1&#8243; block_reveal_color=&#8221;#0e94f9&#8243; _builder_version=&#8221;4.6.3&#8243; _module_preset=&#8221;default&#8221; header_font=&#8221;AMELIE||||||||&#8221; header_text_color=&#8221;#0e94f9&#8243; header_font_size=&#8221;3.1vw&#8221; custom_padding=&#8221;||||false|false&#8221; custom_padding_tablet=&#8221;||||false|false&#8221; custom_padding_phone=&#8221;||||false|false&#8221; custom_padding_last_edited=&#8221;on|phone&#8221; header_font_size_tablet=&#8221;5.3vw&#8221; header_font_size_phone=&#8221;5.5vw&#8221; header_font_size_last_edited=&#8221;on|desktop&#8221;][\/dsm_block_reveal_text][\/et_pb_column][\/et_pb_row][\/et_pb_section][et_pb_section fb_built=&#8221;1&#8243; _builder_version=&#8221;4.6.3&#8243; background_color=&#8221;#ffffff&#8221; background_position=&#8221;top_center&#8221; custom_margin=&#8221;|||&#8221; custom_padding=&#8221;100px||50px|||&#8221; hover_enabled=&#8221;0&#8243; sticky_enabled=&#8221;0&#8243;][et_pb_row _builder_version=&#8221;3.25&#8243; custom_margin=&#8221;|||&#8221; custom_padding=&#8221;||26px|||&#8221; locked=&#8221;off&#8221;][et_pb_column type=&#8221;4_4&#8243; _builder_version=&#8221;3.25&#8243; custom_padding=&#8221;|||&#8221; custom_padding__hover=&#8221;|||&#8221;][et_pb_text _builder_version=&#8221;4.6.3&#8243; text_font=&#8221;Gotham kinda bold||||||||&#8221; text_text_color=&#8221;#898f99&#8243; text_line_height=&#8221;2em&#8221; header_font=&#8221;||||||||&#8221; header_2_font=&#8221;Gotham||||on||||solid&#8221; header_2_text_color=&#8221;#6e7889&#8243; header_2_line_height=&#8221;1.4em&#8221; header_3_font=&#8221;Gotham||||||||&#8221; header_3_text_align=&#8221;center&#8221; header_3_text_color=&#8221;#6e7889&#8243; header_3_font_size=&#8221;20px&#8221; header_3_line_height=&#8221;1.4em&#8221; header_4_text_color=&#8221;#000000&#8243; text_orientation=&#8221;center&#8221; width=&#8221;100%&#8221; module_alignment=&#8221;center&#8221; locked=&#8221;off&#8221;]<\/p>\n<h3><strong>Einf\u00fchrung<\/strong><\/h3>\n<p>Bowel Research UK (\u201cwir\u201d \u201cuns\u201d oder \u201cunser\u201d) respektiert Ihre Privatsph\u00e4re und verpflichtet sich zum Schutz Ihrer pers\u00f6nlichen Daten. Dieses Dokument informiert Sie dar\u00fcber, wie wir Ihre personenbezogenen Daten erheben, speichern, nutzen und weitergeben, wenn Sie mit uns in Kontakt treten. Bitte lesen Sie das Folgende sorgf\u00e4ltig durch, um zu verstehen, wie wir Ihre personenbezogenen Daten verarbeiten.<\/p>\n<p>&nbsp;<\/p>\n<h3><strong>\u00dcber uns<\/strong><\/h3>\n<p>Bowel Research UK ist federf\u00fchrend f\u00fcr die Verbreitung und Kommunikation der Forschungsaktivit\u00e4ten des Projekts mit der Bezeichnung <strong><u>A<\/u><\/strong><u>nchored <strong>M<\/strong>uscle c<strong>EL<\/strong>ls f\u00fcr <strong>I<\/strong>ncontinenc<strong>E<\/strong><\/u><strong> (AMELIE), <\/strong><u>finanziert durch das H2020-Programm der Europ\u00e4ischen Union.<\/u><\/p>\n<p><u>\u00a0<\/u><\/p>\n<p>AMELIE ist ein f\u00fcnfj\u00e4hriges Verbundforschungsprojekt, das durch das Rahmenprogramm der Europ\u00e4ischen Union (Horizont 2020) finanziert wird. Es umfasst die Zusammenarbeit von 13 Organisationen aus neun L\u00e4ndern zur Entwicklung und Durchf\u00fchrung von Forschungsarbeiten. Das Projekt wird vom UCL koordiniert und von Richard Day, Professor f\u00fcr Regenerative Medizintechnologie am UCL, geleitet.<\/p>\n<p>Bowel Research UK, die f\u00fchrende auf Darmkrebs und Darmkrebsforschung spezialisierte Wohlt\u00e4tigkeitsorganisation im Vereinigten K\u00f6nigreich, bestimmt, wie und warum Ihre personenbezogenen Daten verarbeitet werden. Das bedeutet, dass Bowel Research UK im Sinne des Datenschutzrechts der \u2018Verantwortliche\u2019 f\u00fcr Ihre personenbezogenen Daten ist.<\/p>\n<p>&nbsp;<\/p>\n<h3><strong>Was deckt diese Datenschutzrichtlinie ab?<\/strong><\/h3>\n<p>Die Datenschutzrichtlinie bezieht sich auf die Verarbeitung Ihrer personenbezogenen Daten, die wir erfassen, wenn Sie auf unsere Websites oder Dienste zugreifen oder diese nutzen (z. B. wenn Sie sich f\u00fcr unsere Veranstaltungen anmelden) oder wenn Sie mit uns Kontakt aufnehmen. Wir speichern Daten, die Sie als Person identifizieren k\u00f6nnen (\u201cpersonenbezogene Daten\u201d), wie im Folgenden n\u00e4her erl\u00e4utert.<\/p>\n<p><strong>\u00a0<\/strong><\/p>\n<h3><strong>Informationen, die Sie uns zur Verf\u00fcgung stellen<\/strong><strong>\u00a0<\/strong><\/h3>\n<p>Wir k\u00f6nnen personenbezogene Daten speichern, die Sie an uns senden oder uns zur Verf\u00fcgung stellen, z. B. wenn Sie das Formular \u201cKontakt\u201d auf der Website unseres Projekts (<a href=\"https:\/\/amelie-project.eu\/de\/\">www.amelie-project.eu<\/a>), oder wenn Sie sich f\u00fcr die Teilnahme an unseren Veranstaltungen anmelden.<\/p>\n<p>Wenn Sie sich \u00fcber das Kontaktformular auf unserer Website an uns wenden, k\u00f6nnen wir unsere Korrespondenz aufzeichnen.<\/p>\n<p>&nbsp;<\/p>\n<h3><strong>Informationen, die Sie uns zur Verf\u00fcgung stellen, wenn Sie unsere Dienste nutzen<\/strong><strong>\u00a0<\/strong><\/h3>\n<p>Wir erhalten und speichern nur die Daten, die Sie uns direkt zur Verf\u00fcgung stellen. Zu den Daten, die wir direkt von Ihnen erheben k\u00f6nnen, geh\u00f6ren: Namen, E-Mail-Adressen, Telefonnummern, Berufsbezeichnungen, Mitgliedsorganisationen, L\u00e4nder sowie alle anderen Daten, die Sie uns mitgeteilt haben.<\/p>\n<p>&nbsp;<\/p>\n<h3><strong>Automatisch gesammelte Informationen<\/strong><\/h3>\n<p>Wir verwenden Cookies und andere Technologien, um sicherzustellen, dass jeder, der unsere Website nutzt, die bestm\u00f6gliche Erfahrung macht.<\/p>\n<p>Ein Cookie ist eine kleine Datendatei, die auf Ihrem Computer oder einem anderen Ger\u00e4t gespeichert wird, damit die Plattform Sie als Nutzer erkennen kann, wenn Sie dasselbe Ger\u00e4t und denselben Webbrowser erneut verwenden, entweder f\u00fcr die Dauer Ihres Besuchs (mit einem \u2018Sitzungs-Cookie\u2019) oder f\u00fcr wiederholte Besuche (mit einem \u2018dauerhaften Cookie\u2019). Wenn Sie besuchen <a href=\"https:\/\/amelie-project.eu\/de\/\">www.amelie-project.eu<\/a>, Wenn Sie die Website besuchen, erfassen wir bestimmte Daten \u00fcber Ihr Ger\u00e4t, wie die IP-Adresse Ihres Ger\u00e4ts, die verweisende Website, die von Ihrem Ger\u00e4t besuchten Seiten und die Zeit, in der Ihr Ger\u00e4t unsere Website besucht hat.<\/p>\n<p>Wir werden keine Cookies verwenden, um pers\u00f6nlich identifizierbare Informationen \u00fcber Sie zu sammeln. Wenn Sie jedoch die Cookies, die von dieser Plattform gesetzt werden, einschr\u00e4nken oder blockieren m\u00f6chten, k\u00f6nnen Sie dies \u00fcber Ihre Browser-Einstellungen tun. Sie k\u00f6nnen auch das Browser-Add-on \u2018Google Analytics\u2019 zur Deaktivierung von Cookies installieren, aber bedenken Sie, dass die Einschr\u00e4nkung von Cookies bedeuten kann, dass Sie nicht alle auf unseren Seiten verf\u00fcgbaren Funktionen voll nutzen k\u00f6nnen.<\/p>\n<p>&nbsp;<\/p>\n<h3><strong>Wie verwenden wir die Daten?<\/strong><\/h3>\n<p>Wir verwenden die von uns gesammelten Daten:<\/p>\n<ul>\n<li>Zur Verwaltung unserer Website, unserer Veranstaltungen und f\u00fcr interne Abl\u00e4ufe, einschlie\u00dflich Fehlersuche, Datenanalyse, Tests, Statistiken und Umfragen<\/li>\n<li>Zur Verbesserung unserer Website, um sicherzustellen, dass die Inhalte f\u00fcr Sie und Ihren Computer so effektiv wie m\u00f6glich dargestellt werden<\/li>\n<li>Im Rahmen unserer Bem\u00fchungen, unsere Website sicher zu halten<\/li>\n<\/ul>\n<p>Wir k\u00f6nnen die Daten, die Sie uns \u00fcber unsere Website und\/oder Dienste \u00fcbermitteln, verwenden, um mit Ihnen per E-Mail und m\u00f6glicherweise auch auf anderem Wege \u00fcber Veranstaltungen, Ver\u00f6ffentlichungen, Blogs und Newsletter zu kommunizieren, die unserer Meinung nach f\u00fcr Sie von Interesse sein k\u00f6nnten. Sie haben jedoch jederzeit die M\u00f6glichkeit, sich von solchen Mitteilungen abzumelden (siehe den Abschnitt \u201cIhre Datenschutzrechte\u201d weiter unten).<\/p>\n<p>&nbsp;<\/p>\n<h3><strong>Geben wir Daten an Dritte weiter und legen sie offen?<\/strong><\/h3>\n<p>Wir k\u00f6nnen Ihre pers\u00f6nlichen Daten an die Beg\u00fcnstigten von AMELIE weitergeben, um die Projektaktivit\u00e4ten ordnungsgem\u00e4\u00df durchf\u00fchren zu k\u00f6nnen, z. B. um Sie zu Projektveranstaltungen einzuladen.<span style=\"font-size: 18px;\">\u00a0<\/span><\/p>\n<p>Wir verkaufen Ihre pers\u00f6nlichen Daten an niemanden und geben sie auch nicht an andere Organisationen als die Beg\u00fcnstigten von AMELIE weiter.<\/p>\n<p>Es kann jedoch Umst\u00e4nde geben, unter denen wir Ihre Daten weitergeben m\u00fcssen:<span style=\"font-size: 18px;\">\u00a0<\/span><\/p>\n<ul>\n<li>Schutz von Projektpartnern und anderen: Wir behalten uns das Recht vor, auf Daten zuzugreifen, sie zu lesen, aufzubewahren und weiterzugeben, wenn dies zur Einhaltung von Gesetzen oder gerichtlichen Anordnungen, zur Durchsetzung oder Anwendung unserer Vereinbarungen mit Ihnen und anderer Vereinbarungen oder zum Schutz der Rechte, des Eigentums oder der Sicherheit von Projektpartnern, ihren Mitarbeitern, unseren Benutzern oder anderen erforderlich ist.<\/li>\n<li>Offenlegung aus Gr\u00fcnden der nationalen Sicherheit oder der Strafverfolgung: Unter bestimmten Umst\u00e4nden kann es erforderlich sein, dass wir Ihre personenbezogenen Daten auf begr\u00fcndete Anfragen von Beh\u00f6rden hin offenlegen m\u00fcssen, auch um Anforderungen der nationalen Sicherheit oder der Strafverfolgung zu erf\u00fcllen.<\/li>\n<\/ul>\n<p>&nbsp;<\/p>\n<h3><strong>Sind die pers\u00f6nlichen Daten \u00fcber Sie sicher?<\/strong><\/h3>\n<p>Wir setzen geeignete technische, organisatorische und administrative Sicherheitsma\u00dfnahmen ein, um\u00a0<span style=\"font-size: 18px;\">alle in unseren Unterlagen enthaltenen Informationen vor Verlust, Missbrauch und unbefugtem Zugriff zu sch\u00fctzen\u00a0<\/span><span style=\"font-size: 18px;\">Zugang, Offenlegung, Ver\u00e4nderung und Zerst\u00f6rung. Leider kann kein Unternehmen oder Dienst\u00a0<\/span><span style=\"font-size: 18px;\">kann keine vollst\u00e4ndige Sicherheit, kein unbefugtes Eindringen und keine unbefugte Nutzung von Hardware oder Software garantieren.\u00a0<\/span><span style=\"font-size: 18px;\">Fehler und andere Faktoren k\u00f6nnen die Sicherheit der Nutzerdaten jederzeit gef\u00e4hrden.<\/span><\/p>\n<p>&nbsp;<\/p>\n<h3><strong>Was geschieht mit Ihren pers\u00f6nlichen Daten, wenn sie nicht mehr f\u00fcr AMELIE ben\u00f6tigt werden?<\/strong><\/h3>\n<p>Wir werden Ihre personenbezogenen Daten nur so lange speichern, wie sie f\u00fcr die Zwecke des AMELIE-Projekts ben\u00f6tigt werden. Wir l\u00f6schen sie, wenn die personenbezogenen Daten in Bezug auf die Zwecke, f\u00fcr die sie erhoben oder anderweitig verarbeitet wurden, nicht mehr erforderlich sind. In jedem Fall werden alle personenbezogenen Daten sp\u00e4testens zwei Jahre nach Abschluss des Projekts gel\u00f6scht.<\/p>\n<p><strong>\u00a0<\/strong><\/p>\n<h2><strong>Ihre Datenschutzrechte<\/strong><\/h2>\n<p><strong><u>\u00a0<\/u><\/strong><\/p>\n<h3><strong>Welche Wahlm\u00f6glichkeiten haben Sie?<\/strong><strong>\u00a0<\/strong><\/h3>\n<p>Sie k\u00f6nnen sich jederzeit daf\u00fcr entscheiden, keine Informationen an uns weiterzugeben, aber bedenken Sie, dass einige Daten erforderlich sein k\u00f6nnen, um sich bei uns zu registrieren oder einige unserer Dienstleistungen in Anspruch zu nehmen.<\/p>\n<p><span style=\"font-size: 18px;\">Sie k\u00f6nnen eine Beschwerde bei Ihrer Datenschutzbeh\u00f6rde (DPA) einreichen, wenn Sie der Meinung sind, dass\u00a0<\/span><span style=\"font-size: 18px;\">Ihre Datenschutzrechte wurden verletzt. Sie k\u00f6nnen Ihren Datenschutzbeauftragten ermitteln unter <\/span><a href=\"http:\/\/www.edpb.europa.eu\/about-edpb\/board\/members_en\" style=\"font-size: 18px;\">www.edpb.europa.eu\/about-edpb\/board\/members_en<\/a><span style=\"font-size: 18px;\">.<\/span><\/p>\n<p>&nbsp;<\/p>\n<h3><strong>E-Mail-Kommunikation<\/strong><strong>\u00a0<\/strong><\/h3>\n<p>Sie k\u00f6nnen den Erhalt von Nachrichten von uns jederzeit abbestellen, indem Sie den Abmeldelink in den von uns gesendeten E-Mails verwenden oder uns unter folgender Adresse kontaktieren <a href=\"mailto:hannah@bowelresearchuk.org\">hannah@bowelresearchuk.org<\/a><\/p>\n<p>&nbsp;<\/p>\n<h3><strong>Wie k\u00f6nnen Sie Ihre Informationen abrufen und aktualisieren?<\/strong><\/h3>\n<p>Wir bieten Einzelpersonen die M\u00f6glichkeit, auf die von uns gespeicherten personenbezogenen Daten zuzugreifen, sie zu \u00fcberpr\u00fcfen, zu aktualisieren und zu l\u00f6schen. Sie k\u00f6nnen eine E-Mail senden an <a href=\"mailto:hannah@bowelresearchuk.org\">hannah@bowelresearchuk.org<\/a> zu diesem Zweck. Wenn Sie uns bitten, Ihre Daten zu l\u00f6schen, werden wir dies tun. Bitte beachten Sie, dass wir verpflichtet sein k\u00f6nnen, Ihre Daten aufzubewahren und zu verwenden, wenn dies erforderlich ist, um gesetzlichen Verpflichtungen nachzukommen oder Streitigkeiten beizulegen.<\/p>\n<p>&nbsp;<\/p>\n<h3><strong>Verlinkte Websites<\/strong><\/h3>\n<p>Zu Ihrer Erleichterung k\u00f6nnen auf der Website Hyperlinks eingerichtet werden, die auf andere Websites verweisen.\u00a0<span style=\"font-size: 18px;\">Websites (die \u201cVerlinkten Seiten\u201d). Wir sind nicht verantwortlich f\u00fcr die Datenschutzpraktiken verlinkter Websites oder von Unternehmen, die wir nicht besitzen oder kontrollieren, und diese Datenschutzrichtlinie gilt nicht f\u00fcr diese. Verlinkte Websites k\u00f6nnen zus\u00e4tzlich zu den Daten, die wir auf der Website erfassen, weitere Daten sammeln. Wir bef\u00fcrworten keine dieser verlinkten Seiten, die auf diesen verlinkten Seiten beschriebenen oder angebotenen Dienstleistungen oder Produkte oder die auf den verlinkten Seiten enthaltenen Inhalte. Wir empfehlen Ihnen, die Datenschutzrichtlinien jeder verlinkten Website, die Sie besuchen, aufzusuchen und zu lesen, um zu verstehen, wie die \u00fcber Sie erfassten Daten verwendet und gesch\u00fctzt werden.<\/span><\/p>\n<p>&nbsp;<\/p>\n<h3><strong>Kinder<\/strong><\/h3>\n<p>Wir sammeln nicht wissentlich personenbezogene Daten von Personen unter 16 Jahren und bitten auch nicht darum. Wenn Sie unter 16 Jahre alt sind, versuchen Sie bitte nicht, sich bei uns zu registrieren oder uns pers\u00f6nliche Daten \u00fcber sich zu \u00fcbermitteln. Wenn wir erfahren, dass wir pers\u00f6nliche Daten von einem Kind unter 16 Jahren gesammelt haben, werden wir diese Daten l\u00f6schen.<\/p>\n<p>&nbsp;<\/p>\n<h3><strong>Wird AMELIE diese Datenschutzrichtlinie \u00e4ndern?<\/strong><strong>\u00a0<\/strong><\/h3>\n<p>Wir verbessern unsere Website und unsere Dienstleistungen st\u00e4ndig, daher kann es sein, dass wir \u00c4nderungen vornehmen m\u00fcssen\u00a0<span style=\"font-size: 18px;\">diese Datenschutzrichtlinie von Zeit zu Zeit \u00e4ndern. Wir werden Sie \u00fcber wesentliche \u00c4nderungen informieren, indem wir\u00a0<\/span><span style=\"font-size: 18px;\">einen Hinweis auf unserer Website und\/oder durch Zusendung einer E-Mail (wenn Sie Ihre Daten registriert haben)\u00a0<\/span><span style=\"font-size: 18px;\">E-Mail-Daten mit uns), wenn wir nach geltendem Recht dazu verpflichtet sind. Sie k\u00f6nnen sehen\u00a0<\/span><span style=\"font-size: 18px;\">wann diese Datenschutzrichtlinie zuletzt aktualisiert wurde, indem Sie das Datum am Ende dieser Seite\u00a0<\/span><span style=\"font-size: 18px;\">Seite.<\/span><\/p>\n<p>&nbsp;<\/p>\n<h3><strong>Wenn Sie Fragen zu dieser Richtlinie haben<\/strong><strong>\u00a0<\/strong><\/h3>\n<p>Wenn Sie Fragen oder Bedenken bez\u00fcglich unserer Datenschutzrichtlinien haben, senden Sie uns bitte\u00a0<span style=\"font-size: 18px;\">eine ausf\u00fchrliche Nachricht an <\/span><a href=\"mailto:hannah@bowelresearchuk.org\" style=\"font-size: 18px;\">hannah@bowelresearchuk.org<\/a><span style=\"font-size: 18px;\">, und wir werden unser Bestes tun, um auf Ihre Bedenken einzugehen.<\/span><\/p>\n<p>&nbsp;<\/p>\n<h3><strong>Wiederverwendung von Informationen<\/strong><\/h3>\n<p>Wir werden Ihre E-Mail-Adresse nicht f\u00fcr andere E-Mail-Listen verwenden.<span style=\"font-size: 18px;\">\u00a0<\/span><\/p>\n<p>Sollte dies erforderlich sein, werden wir Sie kontaktieren, um Sie um Ihr Einverst\u00e4ndnis zu bitten, Ihre E-Mail-Adresse in eine neue Liste aufzunehmen, bevor wir dies tun.<\/p>\n<p><strong>\u00a0<\/strong><\/p>\n<p><em>Letzte Aktualisierung: 19. August 2021<\/em><\/p>\n<p>[\/et_pb_text][\/et_pb_column][\/et_pb_row][\/et_pb_section][et_pb_section fb_built=&#8221;1&#8243; _builder_version=&#8221;4.6.3&#8243; _module_preset=&#8221;default&#8221;][\/et_pb_section]<\/p>","protected":false},"excerpt":{"rendered":"<p><div class=\"et_pb_module dsm_block_reveal_text dsm_block_reveal_text_0\">\n\t\t\t\t\n\t\t\t\t\n\t\t\t\t\n\t\t\t\t\n\t\t\t\t\n\t\t\t\t\n\t\t\t\t<div class=\"et_pb_module_inner\">\n\t\t\t\t\t<div class=\"dsm_block_reveal_text_wrapper\" data-dsm-block-reveal-animation=\"lr\" data-dsm-block-reveal-color=\"#0e94f9\" data-dsm-block-reveal-delay=\"0\" data-dsm-block-reveal-viewport=\"80%\"><h1 class=\"dsm_block_reveal_text_header et_pb_module_header\">PRIVACY<\/h1><\/div>\n\t\t\t\t<\/div>\n\t\t\t<\/div><div class=\"et_pb_module dsm_block_reveal_text dsm_block_reveal_text_1\">\n\t\t\t\t\n\t\t\t\t\n\t\t\t\t\n\t\t\t\t\n\t\t\t\t\n\t\t\t\t\n\t\t\t\t<div class=\"et_pb_module_inner\">\n\t\t\t\t\t<div class=\"dsm_block_reveal_text_wrapper\" data-dsm-block-reveal-animation=\"lr\" data-dsm-block-reveal-color=\"#0e94f9\" data-dsm-block-reveal-delay=\"0.1\" data-dsm-block-reveal-viewport=\"80%\"><h1 class=\"dsm_block_reveal_text_header et_pb_module_header\">POLITIK<\/h1><\/div>\n\t\t\t\t<\/div>\n\t\t\t<\/div>Introduction Bowel Research UK (\u201cwe\u201d \u201cus\u201d, or \u201cour\u201d) respects your privacy and is committed to protecting your personal data. This policy document tells you how we collect, store, use and disclose your personal data when you interact with us. Please read the following carefully to understand how we process your personal data. &nbsp; About Us Bowel Research UK is the designated lead of the Dissemination and Communication of research activities of the project called Anchored Muscle cELls for IncontinencE (AMELIE), funded by the European Union H2020 programme. \u00a0 AMELIE is a 5-year collaborative research project funded by the European Union Framework Programme (Horizon 2020). It involves the collaboration of 13 organisations across nine countries to develop and carry out research. The project is co-ordinated by UCL and led by Richard Day, Professor of Regenerative Medicine Technology at UCL. Bowel Research UK, the UK\u2019s leading specialist bowel cancer and bowel cancer research charity, is the entity that determines how and why your personal data is processed. This means that Bowel [&hellip;]<\/p>","protected":false},"author":1,"featured_media":0,"parent":0,"menu_order":0,"comment_status":"closed","ping_status":"closed","template":"","meta":{"_et_pb_use_builder":"on","_et_pb_old_content":"","_et_gb_content_width":"","_coblocks_attr":"","_coblocks_dimensions":"","_coblocks_responsive_height":"","_coblocks_accordion_ie_support":"","footnotes":"","_links_to":"","_links_to_target":""},"class_list":["post-31276","page","type-page","status-publish","hentry"],"_links":{"self":[{"href":"https:\/\/amelie-project.eu\/de\/wp-json\/wp\/v2\/pages\/31276","targetHints":{"allow":["GET"]}}],"collection":[{"href":"https:\/\/amelie-project.eu\/de\/wp-json\/wp\/v2\/pages"}],"about":[{"href":"https:\/\/amelie-project.eu\/de\/wp-json\/wp\/v2\/types\/page"}],"author":[{"embeddable":true,"href":"https:\/\/amelie-project.eu\/de\/wp-json\/wp\/v2\/users\/1"}],"replies":[{"embeddable":true,"href":"https:\/\/amelie-project.eu\/de\/wp-json\/wp\/v2\/comments?post=31276"}],"version-history":[{"count":3,"href":"https:\/\/amelie-project.eu\/de\/wp-json\/wp\/v2\/pages\/31276\/revisions"}],"predecessor-version":[{"id":31288,"href":"https:\/\/amelie-project.eu\/de\/wp-json\/wp\/v2\/pages\/31276\/revisions\/31288"}],"wp:attachment":[{"href":"https:\/\/amelie-project.eu\/de\/wp-json\/wp\/v2\/media?parent=31276"}],"curies":[{"name":"wp","href":"https:\/\/api.w.org\/{rel}","templated":true}]}}