{"id":30450,"date":"2020-12-16T16:08:01","date_gmt":"2020-12-16T16:08:01","guid":{"rendered":"https:\/\/amelie-project.eu\/?page_id=30450"},"modified":"2024-02-04T14:23:06","modified_gmt":"2024-02-04T14:23:06","slug":"unsere-forschung","status":"publish","type":"page","link":"https:\/\/amelie-project.eu\/de\/unsere-forschung\/","title":{"rendered":"Unsere Forschung"},"content":{"rendered":"[et_pb_section fb_built=&#8221;1&#8243; custom_padding_last_edited=&#8221;on|phone&#8221; disabled_on=&#8221;off|off|off&#8221; admin_label=&#8221;Hero section&#8221; _builder_version=&#8221;4.6.3&#8243; background_image=&#8221;https:\/\/amelie-project.eu\/wp-content\/uploads\/2020\/10\/AMELIEHEADERBACKGOUND-01-scaled.jpg&#8221; background_position=&#8221;center_left&#8221; custom_margin=&#8221;|||&#8221; custom_padding=&#8221;7%||7%||true|false&#8221; custom_padding_tablet=&#8221;15%||15%||true|false&#8221; custom_padding_phone=&#8221;&#8221;][et_pb_row use_custom_gutter=&#8221;on&#8221; gutter_width=&#8221;1&#8243; custom_padding_last_edited=&#8221;on|phone&#8221; _builder_version=&#8221;4.6.3&#8243; _module_preset=&#8221;default&#8221; width=&#8221;100%&#8221; module_alignment=&#8221;left&#8221; custom_padding=&#8221;|||4%|false|false&#8221; custom_padding_tablet=&#8221;|||5%|false|false&#8221; custom_padding_phone=&#8221;|||5.5%|false|false&#8221;][et_pb_column type=&#8221;4_4&#8243; _builder_version=&#8221;4.6.3&#8243; _module_preset=&#8221;default&#8221;][dsm_block_reveal_text block_reveal_text=&#8221;OUR RESEARCH&#8221; heading_html_tag=&#8221;h1&#8243; block_reveal_color=&#8221;#0e94f9&#8243; block_reveal_delay=&#8221;0&#8243; _builder_version=&#8221;4.6.3&#8243; _module_preset=&#8221;default&#8221; header_font=&#8221;AMELIE||||||||&#8221; header_text_color=&#8221;#0e94f9&#8243; header_font_size=&#8221;3vw&#8221; custom_padding=&#8221;||||false|false&#8221; custom_padding_tablet=&#8221;||||false|false&#8221; custom_padding_phone=&#8221;||||false|false&#8221; custom_padding_last_edited=&#8221;on|phone&#8221; header_font_size_tablet=&#8221;5vw&#8221; header_font_size_phone=&#8221;6vw&#8221; header_font_size_last_edited=&#8221;on|phone&#8221;][\/dsm_block_reveal_text][\/et_pb_column][\/et_pb_row][\/et_pb_section][et_pb_section fb_built=&#8221;1&#8243; custom_padding_last_edited=&#8221;on|phone&#8221; admin_label=&#8221;Collections&#8221; _builder_version=&#8221;4.6.3&#8243; custom_padding=&#8221;100px|0px|100px|0px|false|false&#8221; custom_padding_tablet=&#8221;50px||50px||true|false&#8221; custom_padding_phone=&#8221;&#8221;][et_pb_row column_structure=&#8221;2_5,3_5&#8243; make_equal=&#8221;on&#8221; custom_padding_last_edited=&#8221;off|tablet&#8221; module_id=&#8221;faecal-incontinence-about-the-condition&#8221; _builder_version=&#8221;4.6.3&#8243; background_size=&#8221;initial&#8221; background_position=&#8221;top_left&#8221; background_repeat=&#8221;repeat&#8221; module_alignment=&#8221;center&#8221; custom_margin=&#8221;|||&#8221; custom_margin_tablet=&#8221;||||false|false&#8221; custom_margin_phone=&#8221;&#8221; custom_margin_last_edited=&#8221;on|tablet&#8221; custom_padding=&#8221;0px||0px|&#8221; box_shadow_style=&#8221;preset3&#8243; box_shadow_vertical=&#8221;40px&#8221; box_shadow_blur=&#8221;50px&#8221; box_shadow_color=&#8221;rgba(0,0,0,0.1)&#8221;][et_pb_column type=&#8221;2_5&#8243; _builder_version=&#8221;4.6.3&#8243; use_background_color_gradient=&#8221;on&#8221; background_color_gradient_start=&#8221;#6bc8ff&#8221; background_color_gradient_end=&#8221;#99afff&#8221; background_color_gradient_direction=&#8221;35deg&#8221; background_image=&#8221;https:\/\/amelie-project.eu\/wp-content\/uploads\/2020\/12\/Asset-1.png&#8221; custom_padding=&#8221;5%|5%|5%|5%|true|false&#8221; custom_padding_tablet=&#8221;15%||15%||true|false&#8221; custom_padding_phone=&#8221;&#8221; custom_padding_last_edited=&#8221;on|phone&#8221; custom_padding__hover=&#8221;|||&#8221;][\/et_pb_column][et_pb_column type=&#8221;3_5&#8243; admin_label=&#8221;Column&#8221; _builder_version=&#8221;4.6.3&#8243; custom_padding=&#8221;40px|40px|40px|40px&#8221; custom_padding__hover=&#8221;|||&#8221;][et_pb_text _builder_version=&#8221;4.6.3&#8243; text_font=&#8221;AMELIE||||||||&#8221; header_font=&#8221;Gotham kinda bold||||||||&#8221; header_3_font=&#8221;Gotham kinda bold||||||||&#8221; header_3_text_color=&#8221;#000000&#8243; header_3_font_size=&#8221;28px&#8221; header_3_line_height=&#8221;1.5em&#8221; background_size=&#8221;initial&#8221; background_position=&#8221;top_left&#8221; background_repeat=&#8221;repeat&#8221; custom_margin=&#8221;||10px|&#8221; hover_enabled=&#8221;0&#8243; header_text_color=&#8221;#000000&#8243; sticky_enabled=&#8221;0&#8243;]<h3>F\u00e4kale Inkontinenz: \u00dcber den Zustand<\/h3>[\/et_pb_text][et_pb_text _builder_version=&#8221;4.6.3&#8243; text_font=&#8221;Gotham kinda bold||||||||&#8221; text_font_size=&#8221;16px&#8221; text_line_height=&#8221;1.9em&#8221; header_font=&#8221;||||||||&#8221; header_2_font=&#8221;||||||||&#8221; module_alignment=&#8221;center&#8221; custom_margin=&#8221;||||false|false&#8221; custom_padding=&#8221;||||false|false&#8221; hover_enabled=&#8221;0&#8243; text_text_color=&#8221;#000000&#8243; sticky_enabled=&#8221;0&#8243;]<p><span style=\"font-weight: 400;\">FI ist ein erhebliches Problem der \u00f6ffentlichen Gesundheit. Sie hat erhebliche Auswirkungen auf die Lebensqualit\u00e4t und f\u00fchrt zu Stigmatisierung und sozialer Isolation. AMELIE befasst sich in erster Linie mit den Auswirkungen von Verletzungen des analen Schlie\u00dfmuskels, sei es durch Geburt, Operation oder Trauma. Frauen, die entbunden haben, bilden die Mehrheit der Patienten, die sich mit FI vorstellen. Ein erheblicher Teil der Frauen (gemeldete Inzidenz von 5,5%) erleidet eine direkte Verletzung w\u00e4hrend der Geburt durch einen Dammriss.\u00a0<\/span><\/p>\n<p><span style=\"font-weight: 400;\">Die derzeitige Behandlung von Patienten mit FI ist unbefriedigend. Patienten mit analen Schlie\u00dfmuskelverletzungen werden in der Regel chirurgisch behandelt, doch viele mit schweren Symptomen sind f\u00fcr die derzeit verf\u00fcgbaren chirurgischen Optionen entweder ungeeignet oder wollen sich diesen nicht unterziehen. F\u00fcr diese Patienten ist eine Option attraktiv, die nicht mit den Risiken einer Schlie\u00dfmuskelreparatur oder der langfristigen Pflege eines aktiven Metallimplantats verbunden ist. Dies ist die Aufgabe der regenerativen Medizin.<\/span><\/p>[\/et_pb_text][\/et_pb_column][\/et_pb_row][\/et_pb_section][et_pb_section fb_built=&#8221;1&#8243; custom_padding_last_edited=&#8221;on|tablet&#8221; admin_label=&#8221;Collections&#8221; _builder_version=&#8221;4.6.3&#8243; custom_padding=&#8221;0px|0px|100px|0px|false|false&#8221; custom_padding_tablet=&#8221;||50px||false|false&#8221; custom_padding_phone=&#8221;&#8221;][et_pb_row column_structure=&#8221;3_5,2_5&#8243; make_equal=&#8221;on&#8221; module_id=&#8221;faecal-incontinence-and-regenerative-medicine&#8221; _builder_version=&#8221;4.6.3&#8243; background_size=&#8221;initial&#8221; background_position=&#8221;top_left&#8221; background_repeat=&#8221;repeat&#8221; module_alignment=&#8221;center&#8221; custom_margin=&#8221;|||&#8221; custom_padding=&#8221;0px||0px|&#8221; box_shadow_style=&#8221;preset3&#8243; box_shadow_vertical=&#8221;40px&#8221; box_shadow_blur=&#8221;50px&#8221; box_shadow_color=&#8221;rgba(0,0,0,0.1)&#8221;][et_pb_column type=&#8221;3_5&#8243; admin_label=&#8221;Column&#8221; _builder_version=&#8221;4.6.3&#8243; custom_padding=&#8221;40px|40px|40px|40px&#8221; custom_padding__hover=&#8221;|||&#8221; custom_css_main_element_last_edited=&#8221;off|phone&#8221;][et_pb_text _builder_version=&#8221;4.6.3&#8243; text_font=&#8221;AMELIE||||||||&#8221; header_font=&#8221;Gotham kinda bold||||||||&#8221; header_3_font=&#8221;Gotham kinda bold||||||||&#8221; header_3_text_color=&#8221;#000000&#8243; header_3_font_size=&#8221;28px&#8221; header_3_line_height=&#8221;1.5em&#8221; custom_margin=&#8221;||10px|&#8221; background_size=&#8221;initial&#8221; background_position=&#8221;top_left&#8221; background_repeat=&#8221;repeat&#8221; header_text_color=&#8221;#000000&#8243;]<h3>F\u00e4kale Inkontinenz und regenerative Medizin<\/h3>[\/et_pb_text][et_pb_text _builder_version=&#8221;4.6.3&#8243; text_font=&#8221;Gotham kinda bold||||||||&#8221; text_font_size=&#8221;16px&#8221; text_line_height=&#8221;1.9em&#8221; header_font=&#8221;||||||||&#8221; header_2_font=&#8221;||||||||&#8221; module_alignment=&#8221;center&#8221; custom_margin=&#8221;||||false|false&#8221; custom_padding=&#8221;||||false|false&#8221; text_text_color=&#8221;#000000&#8243;]<p><span style=\"font-weight: 400;\">Die regenerative Medizin zielt darauf ab, funktionsf\u00e4higes Gewebe wiederherzustellen, das aufgrund von Alterung, Krankheit oder Verletzung beeintr\u00e4chtigt ist. Sie bietet neue M\u00f6glichkeiten zur Wiederherstellung von Inkontinenz, die durch eine Verletzung des analen Schlie\u00dfmuskels verursacht wurde. Bislang ist die Zelltherapie mit ASMDC zur Regeneration des gesch\u00e4digten \u00e4u\u00dferen Analsphinktermuskels der am besten untersuchte Ansatz.<\/span><\/p>\n<p><span style=\"font-weight: 400;\">Europa hat bei der klinischen Umsetzung der Zelltherapie bei FI-Patienten eine vorherrschende Stellung eingenommen. Von den f\u00fcnf bisher ver\u00f6ffentlichten klinischen Studien zur Zelltherapie wurden drei mit ASMDC durchgef\u00fchrt und stammten von europ\u00e4ischen Einrichtungen. In diesen Studien wurden die Zellen in einer Suspension verabreicht. Nur 58% der mit ASMDC behandelten Patienten zeigten in der randomisierten, placebokontrollierten Phase-II-Studie nach 12 Monaten ein Ansprechen. Offene Pilotstudien berichteten \u00fcber ein \u00e4hnliches Ma\u00df an subjektiver Verbesserung. Die Gesamtergebnisse dieser Studien haben bisher nur einen begrenzten Nutzen f\u00fcr die behandelten Patienten ergeben, was auf einen uneinheitlichen Wirkmechanismus des derzeitigen Ansatzes zur zellbasierten Behandlung von FI hindeutet.<\/span><\/p>[\/et_pb_text][\/et_pb_column][et_pb_column type=&#8221;2_5&#8243; _builder_version=&#8221;4.6.3&#8243; use_background_color_gradient=&#8221;on&#8221; background_color_gradient_start=&#8221;#6bc8ff&#8221; background_color_gradient_end=&#8221;#99afff&#8221; background_color_gradient_direction=&#8221;35deg&#8221; background_image=&#8221;https:\/\/amelie-project.eu\/wp-content\/uploads\/2020\/12\/Asset-3.png&#8221; custom_padding=&#8221;5%|5%|5%|5%|true|false&#8221; custom_padding_tablet=&#8221;15%||15%||true|false&#8221; custom_padding_phone=&#8221;&#8221; custom_padding_last_edited=&#8221;on|phone&#8221; custom_padding__hover=&#8221;|||&#8221; custom_css_main_element_last_edited=&#8221;off|desktop&#8221;][\/et_pb_column][\/et_pb_row][\/et_pb_section][et_pb_section fb_built=&#8221;1&#8243; custom_padding_last_edited=&#8221;on|tablet&#8221; admin_label=&#8221;Collections&#8221; _builder_version=&#8221;4.6.3&#8243; custom_padding=&#8221;0px|0px|100px|0px|false|false&#8221; custom_padding_tablet=&#8221;||100px||false|false&#8221; custom_padding_phone=&#8221;&#8221;][et_pb_row column_structure=&#8221;2_5,3_5&#8243; make_equal=&#8221;on&#8221; module_id=&#8221;why-are-conventional-methods-not-working&#8221; _builder_version=&#8221;4.6.3&#8243; background_size=&#8221;initial&#8221; background_position=&#8221;top_left&#8221; background_repeat=&#8221;repeat&#8221; module_alignment=&#8221;center&#8221; custom_margin=&#8221;|||&#8221; custom_padding=&#8221;0px||0px|&#8221; box_shadow_style=&#8221;preset3&#8243; box_shadow_vertical=&#8221;40px&#8221; box_shadow_blur=&#8221;50px&#8221; box_shadow_color=&#8221;rgba(0,0,0,0.1)&#8221;][et_pb_column type=&#8221;2_5&#8243; _builder_version=&#8221;4.6.3&#8243; use_background_color_gradient=&#8221;on&#8221; background_color_gradient_start=&#8221;#6bc8ff&#8221; background_color_gradient_end=&#8221;#99afff&#8221; background_color_gradient_direction=&#8221;35deg&#8221; background_image=&#8221;https:\/\/amelie-project.eu\/wp-content\/uploads\/2020\/12\/Asset-2.png&#8221; custom_padding=&#8221;5%|5%|5%|5%|true|false&#8221; custom_padding_tablet=&#8221;15%||15%||true|false&#8221; custom_padding_phone=&#8221;&#8221; custom_padding_last_edited=&#8221;on|phone&#8221; custom_padding__hover=&#8221;|||&#8221;][\/et_pb_column][et_pb_column type=&#8221;3_5&#8243; admin_label=&#8221;Column&#8221; _builder_version=&#8221;4.6.3&#8243; custom_padding=&#8221;40px|40px|40px|40px&#8221; custom_padding__hover=&#8221;|||&#8221;][et_pb_text _builder_version=&#8221;4.6.3&#8243; text_font=&#8221;AMELIE||||||||&#8221; header_font=&#8221;Gotham kinda bold||||||||&#8221; header_3_font=&#8221;Gotham kinda bold||||||||&#8221; header_3_text_color=&#8221;#000000&#8243; header_3_font_size=&#8221;28px&#8221; header_3_line_height=&#8221;1.5em&#8221; custom_margin=&#8221;||10px|&#8221; background_size=&#8221;initial&#8221; background_position=&#8221;top_left&#8221; background_repeat=&#8221;repeat&#8221; header_text_color=&#8221;#000000&#8243;]<h3>Warum funktionieren die konventionellen Methoden nicht?<\/h3>[\/et_pb_text][et_pb_text _builder_version=&#8221;4.6.3&#8243; text_font=&#8221;Gotham kinda bold||||||||&#8221; text_font_size=&#8221;16px&#8221; text_line_height=&#8221;1.9em&#8221; header_font=&#8221;||||||||&#8221; header_2_font=&#8221;||||||||&#8221; module_alignment=&#8221;center&#8221; custom_margin=&#8221;||||false|false&#8221; custom_padding=&#8221;||||false|false&#8221; text_text_color=&#8221;#000000&#8243;]<p><span style=\"font-weight: 400;\">Verankerungsabh\u00e4ngige Zellen m\u00fcssen kultiviert werden, w\u00e4hrend sie an ein Substrat gebunden sind. Die herk\u00f6mmliche Herstellung von verankerungsabh\u00e4ngigen Zellen f\u00fcr zellbasierte Therapien in der regenerativen Medizin beinhaltet die Isolierung von Zellen aus einem Wirtsgewebe und ihr anschlie\u00dfendes Wachstum in einer g\u00fcnstigen In-vitro-Umgebung. Alle bisher ver\u00f6ffentlichten klinischen Zelltherapieuntersuchungen f\u00fcr FI haben konventionelle Bioprozesstechniken verwendet. Der Prozess der Abtrennung der ASMDC von ihrem Kultursubstrat vor der klinischen Verabreichung birgt jedoch Risiken f\u00fcr die Lebensf\u00e4higkeit und Potenz, da Anoikis (Zelltod) ausgel\u00f6st wird.<\/span><\/p>\n<p><span style=\"font-weight: 400;\">Eine reduzierte Lebensf\u00e4higkeit der Zellen aufgrund von Anoikis ist eine gro\u00dfe Herausforderung f\u00fcr die regenerative Medizin. Keiner der Ans\u00e4tze ist derzeit f\u00fcr die ASMDC-Behandlung von ZI geeignet, bei der eine Verankerung im Wirtsmuskel erforderlich ist. Die Auswirkungen der Anoikis auf Produkte der regenerativen Medizin, die aus verankerungsabh\u00e4ngigen Zellen bestehen, behindern die klinische Wirksamkeit aufgrund der Inkonsistenz, die durch die geringe \u00dcberlebensrate der transplantierten Zellen verursacht wird.<\/span><\/p>\n<p><span style=\"font-weight: 400;\">Das ist die Herausforderung, vor der AMELIE steht. <a href=\"https:\/\/amelie-project.eu\/de\/neueste-nachrichten\/\">Informieren Sie sich hier \u00fcber die neuesten Entwicklungen. <\/a><\/span><\/p>[\/et_pb_text][\/et_pb_column][\/et_pb_row][\/et_pb_section][et_pb_section fb_built=&#8221;1&#8243; _builder_version=&#8221;4.6.3&#8243; _module_preset=&#8221;default&#8221; custom_padding=&#8221;0px|||||&#8221;][\/et_pb_section]","protected":false},"excerpt":{"rendered":"<p><div class=\"et_pb_module dsm_block_reveal_text dsm_block_reveal_text_0\">\n\t\t\t\t\n\t\t\t\t\n\t\t\t\t\n\t\t\t\t\n\t\t\t\t\n\t\t\t\t\n\t\t\t\t<div class=\"et_pb_module_inner\">\n\t\t\t\t\t<div class=\"dsm_block_reveal_text_wrapper\" data-dsm-block-reveal-animation=\"lr\" data-dsm-block-reveal-color=\"#0e94f9\" data-dsm-block-reveal-delay=\"0\" data-dsm-block-reveal-viewport=\"80%\"><h1 class=\"dsm_block_reveal_text_header et_pb_module_header\">UNSERE FORSCHUNG<\/h1><\/div>\n\t\t\t\t<\/div>\n\t\t\t<\/div>Faecal Incontinence: About The ConditionFI is a substantial public health problem. It has a major impact on quality of life causing stigmatization and social isolation. AMELIE is primarily concerned with the effect of injury to the anal sphincter by either childbirth, surgery or trauma. Women who have given birth form the majority of patients who present with FI. A significant proportion of women (reported incidence of 5.5%) suffer a direct injury during childbirth due to tearing of the perineum.\u00a0 The current management of patients with FI is unsatisfactory. Patients with anal sphincter injury are commonly treated by surgery, however many with severe symptoms are either unsuitable for, or do not wish to undergo, current available surgical options. For these patients, an option that does not have the risks of sphincter repair or the long-term maintenance of an active metal implant is attractive. This is the place of regenerative medicine.Faecal Incontinence and Regenerative MedicineRegenerative medicine aims to restore functional tissue that is impaired due to aging, disease or injury. It offers new opportunities to restore incontinence caused by anal sphincter injury. To date, cell [&hellip;]<\/p>","protected":false},"author":1,"featured_media":0,"parent":0,"menu_order":0,"comment_status":"closed","ping_status":"closed","template":"","meta":{"_et_pb_use_builder":"on","_et_pb_old_content":"","_et_gb_content_width":"","_coblocks_attr":"","_coblocks_dimensions":"","_coblocks_responsive_height":"","_coblocks_accordion_ie_support":"","footnotes":"","_links_to":"","_links_to_target":""},"class_list":["post-30450","page","type-page","status-publish","hentry"],"_links":{"self":[{"href":"https:\/\/amelie-project.eu\/de\/wp-json\/wp\/v2\/pages\/30450","targetHints":{"allow":["GET"]}}],"collection":[{"href":"https:\/\/amelie-project.eu\/de\/wp-json\/wp\/v2\/pages"}],"about":[{"href":"https:\/\/amelie-project.eu\/de\/wp-json\/wp\/v2\/types\/page"}],"author":[{"embeddable":true,"href":"https:\/\/amelie-project.eu\/de\/wp-json\/wp\/v2\/users\/1"}],"replies":[{"embeddable":true,"href":"https:\/\/amelie-project.eu\/de\/wp-json\/wp\/v2\/comments?post=30450"}],"version-history":[{"count":16,"href":"https:\/\/amelie-project.eu\/de\/wp-json\/wp\/v2\/pages\/30450\/revisions"}],"predecessor-version":[{"id":31453,"href":"https:\/\/amelie-project.eu\/de\/wp-json\/wp\/v2\/pages\/30450\/revisions\/31453"}],"wp:attachment":[{"href":"https:\/\/amelie-project.eu\/de\/wp-json\/wp\/v2\/media?parent=30450"}],"curies":[{"name":"wp","href":"https:\/\/api.w.org\/{rel}","templated":true}]}}