{"id":28718,"date":"2020-09-05T00:39:08","date_gmt":"2020-09-05T00:39:08","guid":{"rendered":"https:\/\/amelie-project.eu\/?page_id=28718"},"modified":"2021-03-21T17:55:06","modified_gmt":"2021-03-21T17:55:06","slug":"anfahrt","status":"publish","type":"page","link":"https:\/\/amelie-project.eu\/de\/anfahrt\/","title":{"rendered":"N\u00e4herung"},"content":{"rendered":"<p>[et_pb_section fb_built=&#8221;1&#8243; custom_padding_last_edited=&#8221;on|phone&#8221; disabled_on=&#8221;off|off|off&#8221; admin_label=&#8221;Hero section&#8221; _builder_version=&#8221;4.6.3&#8243; background_image=&#8221;https:\/\/amelie-project.eu\/wp-content\/uploads\/2020\/10\/AMELIEHEADERBACKGOUND-01-scaled.jpg&#8221; background_position=&#8221;center_left&#8221; custom_margin=&#8221;|||&#8221; custom_padding=&#8221;7%||7%||true|false&#8221; custom_padding_tablet=&#8221;15%||15%||true|false&#8221; custom_padding_phone=&#8221;&#8221;][et_pb_row use_custom_gutter=&#8221;on&#8221; gutter_width=&#8221;1&#8243; custom_padding_last_edited=&#8221;on|phone&#8221; _builder_version=&#8221;4.6.3&#8243; _module_preset=&#8221;default&#8221; width=&#8221;100%&#8221; module_alignment=&#8221;left&#8221; custom_padding=&#8221;|||4%|false|false&#8221; custom_padding_tablet=&#8221;|||5%|false|false&#8221; custom_padding_phone=&#8221;|||5.5%|false|false&#8221;][et_pb_column type=&#8221;4_4&#8243; _builder_version=&#8221;4.6.3&#8243; _module_preset=&#8221;default&#8221;][dsm_block_reveal_text block_reveal_text=&#8221;APPROACH&#8221; heading_html_tag=&#8221;h1&#8243; block_reveal_color=&#8221;#0e94f9&#8243; block_reveal_delay=&#8221;0&#8243; _builder_version=&#8221;4.6.3&#8243; _module_preset=&#8221;default&#8221; header_font=&#8221;AMELIE||||||||&#8221; header_text_color=&#8221;#0e94f9&#8243; header_font_size=&#8221;3vw&#8221; custom_padding=&#8221;||||false|false&#8221; custom_padding_tablet=&#8221;||||false|false&#8221; custom_padding_phone=&#8221;||||false|false&#8221; custom_padding_last_edited=&#8221;on|phone&#8221; header_font_size_tablet=&#8221;5vw&#8221; header_font_size_phone=&#8221;6vw&#8221; header_font_size_last_edited=&#8221;on|phone&#8221;][\/dsm_block_reveal_text][\/et_pb_column][\/et_pb_row][\/et_pb_section][et_pb_section fb_built=&#8221;1&#8243; specialty=&#8221;on&#8221; padding_top_2=&#8221;0px&#8221; admin_label=&#8221;Course Chapters&#8221; _builder_version=&#8221;4.6.3&#8243; custom_margin=&#8221;|||&#8221; custom_padding=&#8221;100px||0px||false|false&#8221;][et_pb_column type=&#8221;2_3&#8243; specialty_columns=&#8221;2&#8243; _builder_version=&#8221;3.25&#8243; custom_padding=&#8221;|||&#8221; parallax__hover=&#8221;off&#8221; parallax_method__hover=&#8221;on&#8221; custom_padding__hover=&#8221;|||&#8221;][et_pb_row_inner use_custom_gutter=&#8221;on&#8221; gutter_width=&#8221;4&#8243; _builder_version=&#8221;4.6.3&#8243; custom_margin=&#8221;||||false|false&#8221; custom_padding=&#8221;0px|||&#8221;][et_pb_column_inner saved_specialty_column_type=&#8221;2_3&#8243; _builder_version=&#8221;3.25&#8243; custom_padding=&#8221;|||&#8221; parallax__hover=&#8221;off&#8221; parallax_method__hover=&#8221;on&#8221; custom_padding__hover=&#8221;|||&#8221;][et_pb_blurb title=&#8221;Project Management and Coordination&#8221; url=&#8221;#&#8221; icon_placement=&#8221;left&#8221; image_max_width=&#8221;64px&#8221; content_max_width=&#8221;1100px&#8221; admin_label=&#8221;Chapter&#8221; _builder_version=&#8221;4.6.3&#8243; header_font=&#8221;Gotham kinda bold||||||||&#8221; header_text_color=&#8221;#000000&#8243; header_line_height=&#8221;1.5em&#8221; body_font=&#8221;Gotham kinda bold||||||||&#8221; body_text_color=&#8221;#000000&#8243; body_font_size=&#8221;16px&#8221; body_line_height=&#8221;1.9em&#8221; background_color=&#8221;#ffffff&#8221; custom_margin=&#8221;||30px||false|false&#8221; custom_padding=&#8221;30px|40px|30px|40px&#8221; animation_style=&#8221;zoom&#8221; animation_direction=&#8221;bottom&#8221; animation_intensity_zoom=&#8221;20%&#8221; animation_starting_opacity=&#8221;100%&#8221; box_shadow_style=&#8221;preset2&#8243; box_shadow_horizontal=&#8221;0px&#8221; box_shadow_vertical=&#8221;0px&#8221; box_shadow_blur=&#8221;60px&#8221; box_shadow_color=&#8221;rgba(10,3,3,0.06)&#8221; locked=&#8221;off&#8221;]<\/p>\n<p>Die UCL ist f\u00fcr die wissenschaftliche, vertragliche und finanzielle Abwicklung des Projekts zust\u00e4ndig. In dieser Phase des Projekts werden die Qualit\u00e4t und die Rechtzeitigkeit des Projektfortschritts und der Ergebnisse sichergestellt, die Risikoplanung und das Risikomanagement behandelt sowie ethische Kriterien und geschlechtsspezifische Fragen ber\u00fccksichtigt.<\/p>\n<p>[\/et_pb_blurb][et_pb_blurb title=&#8221;Cell-microcarrier manufacturing process&#8221; url=&#8221;#&#8221; icon_placement=&#8221;left&#8221; image_max_width=&#8221;64px&#8221; content_max_width=&#8221;1100px&#8221; admin_label=&#8221;Chapter&#8221; _builder_version=&#8221;4.6.3&#8243; header_font=&#8221;Gotham kinda bold||||||||&#8221; header_text_color=&#8221;#000000&#8243; header_line_height=&#8221;1.5em&#8221; body_font=&#8221;Gotham kinda bold||||||||&#8221; body_text_color=&#8221;#000000&#8243; body_font_size=&#8221;16px&#8221; body_line_height=&#8221;1.9em&#8221; background_color=&#8221;#ffffff&#8221; custom_margin=&#8221;||30px||false|false&#8221; custom_padding=&#8221;30px|40px|30px|40px&#8221; animation_style=&#8221;zoom&#8221; animation_direction=&#8221;bottom&#8221; animation_intensity_zoom=&#8221;20%&#8221; animation_starting_opacity=&#8221;100%&#8221; box_shadow_style=&#8221;preset2&#8243; box_shadow_horizontal=&#8221;0px&#8221; box_shadow_vertical=&#8221;0px&#8221; box_shadow_blur=&#8221;60px&#8221; box_shadow_color=&#8221;rgba(10,3,3,0.06)&#8221; locked=&#8221;off&#8221;]<\/p>\n<p>Unter der Leitung des IST wird ein robustes, konsistentes und skalierbares GMP-konformes Verfahren f\u00fcr die Anlagerung von menschlichem SMDC an TIPS-Mikrotr\u00e4ger entwickelt. Dieses standardisierte Verfahren wird vom UCL verifiziert, bevor es an das NHSBT weitergeleitet wird, wo das Verfahren in Vorbereitung auf die Herstellung der Zell-Mikrotr\u00e4ger-Kombination validiert werden soll.<\/p>\n<p>[\/et_pb_blurb][et_pb_blurb title=&#8221;Manufacture of clinically ready TIPS microcarriers&#8221; url=&#8221;#&#8221; icon_placement=&#8221;left&#8221; image_max_width=&#8221;64px&#8221; content_max_width=&#8221;1100px&#8221; admin_label=&#8221;Chapter&#8221; _builder_version=&#8221;4.6.3&#8243; header_font=&#8221;Gotham kinda bold||||||||&#8221; header_text_color=&#8221;#000000&#8243; header_line_height=&#8221;1.5em&#8221; body_font=&#8221;Gotham kinda bold||||||||&#8221; body_text_color=&#8221;#000000&#8243; body_font_size=&#8221;16px&#8221; body_line_height=&#8221;1.9em&#8221; background_color=&#8221;#ffffff&#8221; custom_margin=&#8221;||30px||false|false&#8221; custom_padding=&#8221;30px|40px|30px|40px&#8221; animation_style=&#8221;zoom&#8221; animation_direction=&#8221;bottom&#8221; animation_intensity_zoom=&#8221;20%&#8221; animation_starting_opacity=&#8221;100%&#8221; hover_enabled=&#8221;0&#8243; box_shadow_style=&#8221;preset2&#8243; box_shadow_horizontal=&#8221;0px&#8221; box_shadow_vertical=&#8221;0px&#8221; box_shadow_blur=&#8221;60px&#8221; box_shadow_color=&#8221;rgba(10,3,3,0.06)&#8221; locked=&#8221;off&#8221; sticky_enabled=&#8221;0&#8243;]<\/p>\n<p>Die Mikrocarrier werden im Pilotma\u00dfstab hergestellt. Das UCL wird die Best\u00e4tigung \u00fcberwachen, dass die Mikrotr\u00e4ger den Spezifikationen entsprechen. Stabilit\u00e4tsstudien werden Daten \u00fcber die langfristige Stabilit\u00e4t der implantierbaren Zell-Mikrotr\u00e4ger-Kombination liefern. Eine kritische Bewertung des Herstellungsprozesses in dieser Phase wird die Durchf\u00fchrbarkeit der Aufstockung des Prozesses f\u00fcr kommerzielle Mengen bestimmen.<\/p>\n<p>[\/et_pb_blurb][et_pb_blurb title=&#8221;Clinical trial plan and regulatory approval&#8221; url=&#8221;#&#8221; icon_placement=&#8221;left&#8221; image_max_width=&#8221;64px&#8221; content_max_width=&#8221;1100px&#8221; admin_label=&#8221;Chapter&#8221; _builder_version=&#8221;4.6.3&#8243; header_font=&#8221;Gotham kinda bold||||||||&#8221; header_text_color=&#8221;#000000&#8243; header_line_height=&#8221;1.5em&#8221; body_font=&#8221;Gotham kinda bold||||||||&#8221; body_text_color=&#8221;#000000&#8243; body_font_size=&#8221;16px&#8221; body_line_height=&#8221;1.9em&#8221; background_color=&#8221;#ffffff&#8221; custom_margin=&#8221;||30px||false|false&#8221; custom_padding=&#8221;30px|40px|30px|40px&#8221; animation_style=&#8221;zoom&#8221; animation_direction=&#8221;bottom&#8221; animation_intensity_zoom=&#8221;20%&#8221; animation_starting_opacity=&#8221;100%&#8221; box_shadow_style=&#8221;preset2&#8243; box_shadow_horizontal=&#8221;0px&#8221; box_shadow_vertical=&#8221;0px&#8221; box_shadow_blur=&#8221;60px&#8221; box_shadow_color=&#8221;rgba(10,3,3,0.06)&#8221; locked=&#8221;off&#8221;]<\/p>\n<p>Die beh\u00f6rdlichen und ethischen Genehmigungen werden in der Aufbauphase der Studie eingeholt. In jedem Land werden vor der Rekrutierung alle relevanten Genehmigungen vorliegen und vom UCL \u00fcberwacht werden. Im Rahmen der klinischen Studie wird gepr\u00fcft, ob die Implantation von ASMDC-Mikrotr\u00e4gern zu einer klinisch relevanten Verringerung der H\u00e4ufigkeit der gesamten FI-Episoden f\u00fchrt. Patienten, Betreuer und die \u00d6ffentlichkeit werden in die Durchf\u00fchrung der Studie und die Verbreitung der Ergebnisse einbezogen.<\/p>\n<p>[\/et_pb_blurb][et_pb_blurb title=&#8221;Non-clinical safety studies required for regulatory approval&#8221; url=&#8221;#&#8221; icon_placement=&#8221;left&#8221; image_max_width=&#8221;64px&#8221; content_max_width=&#8221;1100px&#8221; admin_label=&#8221;Chapter&#8221; _builder_version=&#8221;4.6.3&#8243; header_font=&#8221;Gotham kinda bold||||||||&#8221; header_text_color=&#8221;#000000&#8243; header_line_height=&#8221;1.5em&#8221; body_font=&#8221;Gotham kinda bold||||||||&#8221; body_text_color=&#8221;#000000&#8243; body_font_size=&#8221;16px&#8221; body_line_height=&#8221;1.9em&#8221; background_color=&#8221;#ffffff&#8221; custom_margin=&#8221;||30px||false|false&#8221; custom_padding=&#8221;30px|40px|30px|40px&#8221; animation_style=&#8221;zoom&#8221; animation_direction=&#8221;bottom&#8221; animation_intensity_zoom=&#8221;20%&#8221; animation_starting_opacity=&#8221;100%&#8221; box_shadow_style=&#8221;preset2&#8243; box_shadow_horizontal=&#8221;0px&#8221; box_shadow_vertical=&#8221;0px&#8221; box_shadow_blur=&#8221;60px&#8221; box_shadow_color=&#8221;rgba(10,3,3,0.06)&#8221; locked=&#8221;off&#8221;]<\/p>\n<p>Das erwartete biologische Verhalten der zellul\u00e4ren Komponente im Endprodukt wird zusammen mit der lokalen Toleranz, der Persistenz und den toxikologischen Eigenschaften der Zell-Mikrotr\u00e4ger-Kombination nachgewiesen, um ihre Sicherheit zu \u00fcberpr\u00fcfen.<\/p>\n<p>[\/et_pb_blurb][et_pb_blurb title=&#8221;Verification of product stability&#8221; url=&#8221;#&#8221; icon_placement=&#8221;left&#8221; image_max_width=&#8221;64px&#8221; content_max_width=&#8221;1100px&#8221; _builder_version=&#8221;4.6.3&#8243; header_font=&#8221;Gotham kinda bold||||||||&#8221; header_text_color=&#8221;#000000&#8243; header_line_height=&#8221;1.5em&#8221; body_font=&#8221;Gotham kinda bold||||||||&#8221; body_text_color=&#8221;#000000&#8243; body_font_size=&#8221;16px&#8221; body_line_height=&#8221;1.9em&#8221; background_color=&#8221;#ffffff&#8221; custom_margin=&#8221;||30px||false|false&#8221; custom_padding=&#8221;30px|40px|30px|40px&#8221; animation_style=&#8221;zoom&#8221; animation_direction=&#8221;bottom&#8221; animation_intensity_zoom=&#8221;20%&#8221; animation_starting_opacity=&#8221;100%&#8221; box_shadow_style=&#8221;preset2&#8243; box_shadow_horizontal=&#8221;0px&#8221; box_shadow_vertical=&#8221;0px&#8221; box_shadow_blur=&#8221;60px&#8221; box_shadow_color=&#8221;rgba(10,3,3,0.06)&#8221; locked=&#8221;off&#8221;]<\/p>\n<p>Es wird ein robustes und konsistentes Verfahren zur Vorbereitung des Endprodukts in einem f\u00fcr Lagerung und Transport geeigneten Zustand entwickelt und validiert.<\/p>\n<p>[\/et_pb_blurb][et_pb_blurb title=&#8221;Dissemination and Stakeholder Engagement&#8221; url=&#8221;#&#8221; icon_placement=&#8221;left&#8221; image_max_width=&#8221;64px&#8221; content_max_width=&#8221;1100px&#8221; _builder_version=&#8221;4.6.3&#8243; header_font=&#8221;Gotham kinda bold||||||||&#8221; header_text_color=&#8221;#000000&#8243; header_line_height=&#8221;1.5em&#8221; body_font=&#8221;Gotham kinda bold||||||||&#8221; body_text_color=&#8221;#000000&#8243; body_font_size=&#8221;16px&#8221; body_line_height=&#8221;1.9em&#8221; background_color=&#8221;#ffffff&#8221; custom_margin=&#8221;||30px||false|false&#8221; custom_padding=&#8221;30px|40px|30px|40px&#8221; animation_style=&#8221;zoom&#8221; animation_direction=&#8221;bottom&#8221; animation_intensity_zoom=&#8221;20%&#8221; animation_starting_opacity=&#8221;100%&#8221; box_shadow_style=&#8221;preset2&#8243; box_shadow_horizontal=&#8221;0px&#8221; box_shadow_vertical=&#8221;0px&#8221; box_shadow_blur=&#8221;60px&#8221; box_shadow_color=&#8221;rgba(10,3,3,0.06)&#8221; locked=&#8221;off&#8221;]<\/p>\n<p>Bowel Research UK und TT werden mit allen AMELIE-Nutznie\u00dfern zusammenarbeiten, um mit Unternehmen und Industrie, Fachleuten des Gesundheitswesens, Patienten und der \u00d6ffentlichkeit, Wohlt\u00e4tigkeitsorganisationen und dem dritten Sektor sowie Wissenschaftlern in Kontakt zu treten.<\/p>\n<p>[\/et_pb_blurb][et_pb_blurb title=&#8221;Knowledge Management and Exploitation&#8221; url=&#8221;#&#8221; icon_placement=&#8221;left&#8221; image_max_width=&#8221;64px&#8221; content_max_width=&#8221;1100px&#8221; admin_label=&#8221;Blurb&#8221; _builder_version=&#8221;4.6.3&#8243; header_font=&#8221;Gotham kinda bold||||||||&#8221; header_text_color=&#8221;#000000&#8243; header_line_height=&#8221;1.5em&#8221; body_font=&#8221;Gotham kinda bold||||||||&#8221; body_text_color=&#8221;#000000&#8243; body_font_size=&#8221;16px&#8221; body_line_height=&#8221;1.9em&#8221; background_color=&#8221;#ffffff&#8221; custom_margin=&#8221;||30px||false|false&#8221; custom_padding=&#8221;30px|40px|30px|40px&#8221; animation_style=&#8221;zoom&#8221; animation_direction=&#8221;bottom&#8221; animation_intensity_zoom=&#8221;20%&#8221; animation_starting_opacity=&#8221;100%&#8221; box_shadow_style=&#8221;preset2&#8243; box_shadow_horizontal=&#8221;0px&#8221; box_shadow_vertical=&#8221;0px&#8221; box_shadow_blur=&#8221;60px&#8221; box_shadow_color=&#8221;rgba(10,3,3,0.06)&#8221; locked=&#8221;off&#8221;]<\/p>\n<p>Im Rahmen dieses Pakets sollen die Vorz\u00fcge und die Grundlage eines Gesch\u00e4ftsmodells f\u00fcr die Anwendung der implantierbaren Zell-Mikrotr\u00e4gertechnologie bei der Behandlung von FI untersucht werden und potenzielle andere M\u00e4rkte erkundet werden, auf denen die Technologie ebenfalls wirksam eingesetzt werden k\u00f6nnte.<\/p>\n<p>[\/et_pb_blurb][\/et_pb_column_inner][\/et_pb_row_inner][\/et_pb_column][et_pb_column type=&#8221;1_3&#8243; admin_label=&#8221;Column&#8221; _builder_version=&#8221;3.25&#8243; custom_padding=&#8221;|||&#8221; padding_top__hover=&#8221;0px&#8221; parallax__hover=&#8221;off&#8221; parallax_method__hover=&#8221;on&#8221; custom_padding__hover=&#8221;|||&#8221;][et_pb_blurb title=&#8221;Lesley Booth&#8221; url=&#8221;#&#8221; image=&#8221;https:\/\/amelie-project.eu\/wp-content\/uploads\/2020\/10\/Asset-2.png&#8221; image_max_width=&#8221;100px&#8221; admin_label=&#8221;Instructor&#8221; _builder_version=&#8221;4.6.3&#8243; header_font=&#8221;Gotham kinda bold||||||||&#8221; header_text_color=&#8221;#000000&#8243; header_line_height=&#8221;1.5em&#8221; body_font=&#8221;Gotham kinda bold||||||||&#8221; body_text_color=&#8221;#000000&#8243; body_font_size=&#8221;16px&#8221; body_line_height=&#8221;1.9em&#8221; background_color=&#8221;#ffffff&#8221; text_orientation=&#8221;center&#8221; custom_margin=&#8221;||||false|false&#8221; custom_padding=&#8221;50px|40px|50px|40px|true|false&#8221; animation_style=&#8221;zoom&#8221; animation_direction=&#8221;bottom&#8221; animation_intensity_zoom=&#8221;20%&#8221; animation_starting_opacity=&#8221;100%&#8221; box_shadow_style=&#8221;preset1&#8243; box_shadow_vertical=&#8221;0px&#8221; box_shadow_blur=&#8221;60px&#8221; box_shadow_color=&#8221;rgba(71,74,182,0.12)&#8221;]<\/p>\n<p><span style=\"color: #5e5e5e;\">MBE, Direktor f\u00fcr Forschung und PPIE bei Bowel Research UK<\/span><\/p>\n<p>\u201cDie Realit\u00e4t eines Lebens mit Stuhlinkontinenz kann verheerend sein. Sie ist definitiv lebensbegrenzend. Und die Tatsache, dass es sich um eine Krankheit handelt, \u00fcber die nicht offen gesprochen wird, erschwert die F\u00fchrung eines normalen Lebens zus\u00e4tzlich. Eine Therapie zu finden, die funktioniert, w\u00e4re nicht nur ein gro\u00dfer medizinischer Durchbruch, sondern w\u00fcrde das Leben von Millionen Menschen ver\u00e4ndern.\u201d<\/p>\n<p>[\/et_pb_blurb][et_pb_blurb title=&#8221;Richard Day&#8221; url=&#8221;#&#8221; image=&#8221;https:\/\/amelie-project.eu\/wp-content\/uploads\/2020\/10\/Asset-3.png&#8221; image_max_width=&#8221;100px&#8221; admin_label=&#8221;Instructor&#8221; _builder_version=&#8221;4.6.3&#8243; header_font=&#8221;Gotham kinda bold||||||||&#8221; header_text_color=&#8221;#000000&#8243; header_line_height=&#8221;1.5em&#8221; body_font=&#8221;Gotham kinda bold||||||||&#8221; body_text_color=&#8221;#000000&#8243; body_font_size=&#8221;16px&#8221; body_line_height=&#8221;1.9em&#8221; background_color=&#8221;#ffffff&#8221; text_orientation=&#8221;center&#8221; custom_margin=&#8221;||||false|false&#8221; custom_padding=&#8221;50px|40px|50px|40px|true|false&#8221; animation_style=&#8221;zoom&#8221; animation_direction=&#8221;bottom&#8221; animation_intensity_zoom=&#8221;20%&#8221; animation_starting_opacity=&#8221;100%&#8221; box_shadow_style=&#8221;preset1&#8243; box_shadow_vertical=&#8221;0px&#8221; box_shadow_blur=&#8221;60px&#8221; box_shadow_color=&#8221;rgba(71,74,182,0.12)&#8221;]<\/p>\n<p><span style=\"color: #5e5e5e;\">Professor f\u00fcr Regenerative Medizintechnologie am University College London<b><br \/> <\/b><\/span><\/p>\n<p>\u201cWir sind von der Aussicht auf das AMELIE-Projekt und den potenziellen Vorteilen, die sich aus dem untersuchten neuen therapeutischen Ansatz ergeben k\u00f6nnten, sehr begeistert.<br \/> Wir freuen uns auf die Zusammenarbeit mit dem au\u00dfergew\u00f6hnlichen Konsortium von Wissenschaftlern, Klinikern, Industrie- und Wohlfahrtspartnern aus ganz Europa, um unseren bahnbrechenden Ansatz der regenerativen Medizin zur Behandlung dieser schw\u00e4chenden Erkrankung zu entwickeln. Dies wird ein radikaler und innovativer Ansatz sein, der in dieser Gr\u00f6\u00dfenordnung noch nie versucht wurde.\u201d<\/p>\n<p>[\/et_pb_blurb][\/et_pb_column][\/et_pb_section][et_pb_section fb_built=&#8221;1&#8243; _builder_version=&#8221;4.6.3&#8243; _module_preset=&#8221;default&#8221;][\/et_pb_section]<\/p>","protected":false},"excerpt":{"rendered":"<p><div class=\"et_pb_module dsm_block_reveal_text dsm_block_reveal_text_0\">\n\t\t\t\t\n\t\t\t\t\n\t\t\t\t\n\t\t\t\t\n\t\t\t\t\n\t\t\t\t\n\t\t\t\t<div class=\"et_pb_module_inner\">\n\t\t\t\t\t<div class=\"dsm_block_reveal_text_wrapper\" data-dsm-block-reveal-animation=\"lr\" data-dsm-block-reveal-color=\"#0e94f9\" data-dsm-block-reveal-delay=\"0\" data-dsm-block-reveal-viewport=\"80%\"><h1 class=\"dsm_block_reveal_text_header et_pb_module_header\">APPROACH<\/h1><\/div>\n\t\t\t\t<\/div>\n\t\t\t<\/div>UCL will be in charge of the scientific, contractual and financial management of the project. This stage of the project will ensure proper quality and timeliness of project progress and results, address risk planning and management as well as considering ethical criteria and gender issues.Led by IST, this will establish a robust, consistent and scalable GMP compliant procedure for attachment of human SMDC to TIPS microcarriers. This standardised procedure will be verified by UCL before being transferred to NHSBT, where the process will be validated in readiness for manufacture of the cell-microcarrier combination.The microcarriers will be manufactured at pilot scale. UCL will oversee confirmation that the microcarriers meet specifications. Stability studies will provide data on the long-term stability of the implantable cell-microcarrier combination. Critical evaluation of the manufacturing process at this stage will determine the feasibility of scaling-up the process for commercial quantities. Regulatory and Ethical approvals will be sought in the set-up phase of the trial. Each country will have all relevant approvals in place prior to recruitment and will be overseen by UCL. The clinical trial will test whether ASMDC-microcarrier implantation leads [&hellip;]<\/p>","protected":false},"author":1,"featured_media":0,"parent":0,"menu_order":0,"comment_status":"closed","ping_status":"closed","template":"","meta":{"_et_pb_use_builder":"on","_et_pb_old_content":"","_et_gb_content_width":"","_coblocks_attr":"","_coblocks_dimensions":"","_coblocks_responsive_height":"","_coblocks_accordion_ie_support":"","footnotes":"","_links_to":"","_links_to_target":""},"class_list":["post-28718","page","type-page","status-publish","hentry"],"_links":{"self":[{"href":"https:\/\/amelie-project.eu\/de\/wp-json\/wp\/v2\/pages\/28718","targetHints":{"allow":["GET"]}}],"collection":[{"href":"https:\/\/amelie-project.eu\/de\/wp-json\/wp\/v2\/pages"}],"about":[{"href":"https:\/\/amelie-project.eu\/de\/wp-json\/wp\/v2\/types\/page"}],"author":[{"embeddable":true,"href":"https:\/\/amelie-project.eu\/de\/wp-json\/wp\/v2\/users\/1"}],"replies":[{"embeddable":true,"href":"https:\/\/amelie-project.eu\/de\/wp-json\/wp\/v2\/comments?post=28718"}],"version-history":[{"count":23,"href":"https:\/\/amelie-project.eu\/de\/wp-json\/wp\/v2\/pages\/28718\/revisions"}],"predecessor-version":[{"id":31220,"href":"https:\/\/amelie-project.eu\/de\/wp-json\/wp\/v2\/pages\/28718\/revisions\/31220"}],"wp:attachment":[{"href":"https:\/\/amelie-project.eu\/de\/wp-json\/wp\/v2\/media?parent=28718"}],"curies":[{"name":"wp","href":"https:\/\/api.w.org\/{rel}","templated":true}]}}