{"id":28693,"date":"2020-09-05T00:39:09","date_gmt":"2020-09-05T00:39:09","guid":{"rendered":"https:\/\/amelie-project.eu\/?page_id=28693"},"modified":"2021-01-25T12:38:32","modified_gmt":"2021-01-25T12:38:32","slug":"engagementaktivitaten","status":"publish","type":"page","link":"https:\/\/amelie-project.eu\/de\/engagementaktivitaten\/","title":{"rendered":"Engagement-Aktivit\u00e4ten"},"content":{"rendered":"[et_pb_section fb_built=&#8221;1&#8243; custom_padding_last_edited=&#8221;on|phone&#8221; disabled_on=&#8221;off|off|off&#8221; admin_label=&#8221;Hero section&#8221; _builder_version=&#8221;4.6.3&#8243; background_image=&#8221;https:\/\/amelie-project.eu\/wp-content\/uploads\/2020\/10\/AMELIEHEADERBACKGOUND-01-scaled.jpg&#8221; background_position=&#8221;center_left&#8221; custom_margin=&#8221;|||&#8221; custom_padding=&#8221;7%||7%||true|false&#8221; custom_padding_tablet=&#8221;15%||15%||true|false&#8221; custom_padding_phone=&#8221;&#8221;][et_pb_row use_custom_gutter=&#8221;on&#8221; gutter_width=&#8221;1&#8243; custom_padding_last_edited=&#8221;on|desktop&#8221; _builder_version=&#8221;4.6.3&#8243; _module_preset=&#8221;default&#8221; width=&#8221;100%&#8221; module_alignment=&#8221;left&#8221; custom_padding=&#8221;|||4%|false|false&#8221; custom_padding_tablet=&#8221;|||6%|false|false&#8221; custom_padding_phone=&#8221;|||7%|false|false&#8221;][et_pb_column type=&#8221;4_4&#8243; _builder_version=&#8221;4.6.3&#8243; _module_preset=&#8221;default&#8221;][dsm_block_reveal_text block_reveal_text=&#8221;ENGAGEMENT&#8221; heading_html_tag=&#8221;h1&#8243; block_reveal_color=&#8221;#0e94f9&#8243; block_reveal_delay=&#8221;0&#8243; _builder_version=&#8221;4.6.3&#8243; _module_preset=&#8221;default&#8221; header_font=&#8221;AMELIE||||||||&#8221; header_text_color=&#8221;#0e94f9&#8243; header_font_size=&#8221;4vw&#8221; custom_padding=&#8221;||||false|false&#8221; custom_padding_tablet=&#8221;||||false|false&#8221; custom_padding_phone=&#8221;||||false|false&#8221; custom_padding_last_edited=&#8221;on|phone&#8221; header_font_size_tablet=&#8221;8vw&#8221; header_font_size_phone=&#8221;8vw&#8221; header_font_size_last_edited=&#8221;on|phone&#8221;][\/dsm_block_reveal_text][dsm_block_reveal_text block_reveal_text=&#8221;ACTIVITIES&#8221; heading_html_tag=&#8221;h1&#8243; block_reveal_color=&#8221;#0e94f9&#8243; block_reveal_delay=&#8221;0&#8243; _builder_version=&#8221;4.6.3&#8243; _module_preset=&#8221;default&#8221; header_font=&#8221;AMELIE||||||||&#8221; header_text_color=&#8221;#0e94f9&#8243; header_font_size=&#8221;3vw&#8221; custom_padding=&#8221;||||false|false&#8221; custom_padding_tablet=&#8221;||||false|false&#8221; custom_padding_phone=&#8221;||||false|false&#8221; custom_padding_last_edited=&#8221;on|phone&#8221; header_font_size_tablet=&#8221;6vw&#8221; header_font_size_phone=&#8221;8vw&#8221; header_font_size_last_edited=&#8221;on|desktop&#8221;][\/dsm_block_reveal_text][\/et_pb_column][\/et_pb_row][\/et_pb_section][et_pb_section fb_built=&#8221;1&#8243; admin_label=&#8221;Courses&#8221; _builder_version=&#8221;4.6.3&#8243; custom_padding=&#8221;100px|0px|100px|0px|false|false&#8221;][et_pb_row _builder_version=&#8221;4.6.3&#8243; _module_preset=&#8221;default&#8221;][et_pb_column type=&#8221;4_4&#8243; _builder_version=&#8221;4.6.3&#8243; _module_preset=&#8221;default&#8221;][et_pb_tabs active_tab_background_color=&#8221;#ffffff&#8221; active_tab_text_color=&#8221;#000000&#8243; _builder_version=&#8221;4.6.3&#8243; _module_preset=&#8221;default&#8221; tab_font=&#8221;Gotham||||||||&#8221; tab_line_height=&#8221;1.9em&#8221; width_tablet=&#8221;100%&#8221; width_phone=&#8221;&#8221; width_last_edited=&#8221;on|phone&#8221; module_alignment=&#8221;center&#8221; hover_enabled=&#8221;0&#8243; border_radii=&#8221;on|10px|10px|10px|10px&#8221; border_width_all=&#8221;0px&#8221; border_width_top=&#8221;10px&#8221; border_color_top=&#8221;#0c71c3&#8243; box_shadow_style=&#8221;preset2&#8243; box_shadow_horizontal=&#8221;0px&#8221; box_shadow_vertical=&#8221;0px&#8221; box_shadow_blur=&#8221;60px&#8221; box_shadow_color=&#8221;rgba(0,0,2,0.12)&#8221; background__hover_enabled=&#8221;off|hover&#8221; body_text_color=&#8221;#000000&#8243; body_font=&#8221;Gotham kinda bold||||||||&#8221; sticky_enabled=&#8221;0&#8243;][et_pb_tab title=&#8221;1&#8243; _builder_version=&#8221;4.6.3&#8243; _module_preset=&#8221;default&#8221; body_font=&#8221;Gotham kinda bold||||||||&#8221; body_text_color=&#8221;#000000&#8243; body_font_size=&#8221;20px&#8221; body_line_height=&#8221;1.8em&#8221; hover_enabled=&#8221;0&#8243; sticky_enabled=&#8221;0&#8243;]<p><span style=\"font-weight: 400;\">Einsichtnahme in das Protokoll der klinischen Studie vor der Einreichung und R\u00fccksprache mit den Patienten, um sicherzustellen, dass es ihren Bed\u00fcrfnissen entspricht und dass das Design f\u00fcr sie akzeptabel ist. Vertreter von Bowel Research UK (und anderen) werden in den AMELIE-Aussch\u00fcssen sitzen, um das Design der klinischen Studie und ihren Verlauf zu \u00fcberwachen.<\/span><\/p>[\/et_pb_tab][et_pb_tab title=&#8221;2&#8243; _builder_version=&#8221;4.6.3&#8243; _module_preset=&#8221;default&#8221; body_font=&#8221;Gotham kinda bold||||||||&#8221; body_text_color=&#8221;#000000&#8243; body_font_size=&#8221;20px&#8221; body_line_height=&#8221;1.8em&#8221; hover_enabled=&#8221;0&#8243; sticky_enabled=&#8221;0&#8243;]<p><span style=\"font-weight: 400;\">Organisation von Sitzungen zur \u00dcbermittlung von Ergebnissen an verschiedene Interessengruppen unter Verwendung digitaler Technologien und traditioneller Kommunikationsmethoden.<\/span><\/p>[\/et_pb_tab][et_pb_tab title=&#8221;3&#8243; _builder_version=&#8221;4.6.3&#8243; _module_preset=&#8221;default&#8221; body_font=&#8221;Gotham kinda bold||||||||&#8221; body_text_color=&#8221;#000000&#8243; body_font_size=&#8221;20px&#8221; body_line_height=&#8221;1.8em&#8221; hover_enabled=&#8221;0&#8243;]<p><span style=\"font-weight: 400;\">Zusammenarbeit mit der International Continence Society (ICS) und der European Society of Coloproctology (ESCP) auf den Jahrestagungen und \u00fcber deren Websites, um aktuelle Informationen und Ergebnisse zu verbreiten.<\/span><\/p>[\/et_pb_tab][et_pb_tab title=&#8221;4&#8243; _builder_version=&#8221;4.6.3&#8243; _module_preset=&#8221;default&#8221; body_font=&#8221;Gotham kinda bold||||||||&#8221; body_text_color=&#8221;#000000&#8243; body_font_size=&#8221;20px&#8221; body_line_height=&#8221;1.8em&#8221; hover_enabled=&#8221;0&#8243;]<p><span style=\"font-weight: 400;\">Die Mitglieder des Konsortiums werden die Aktivit\u00e4ten von AMELIE bekannt machen, wenn die Beg\u00fcnstigten auf Veranstaltungen sprechen, z. B. auf nationalen Treffen zur Unterst\u00fctzung von Patienten und auf internationalen Tagungen zur regenerativen Medizin.<\/span><\/p>[\/et_pb_tab][et_pb_tab title=&#8221;5&#8243; _builder_version=&#8221;4.6.3&#8243; _module_preset=&#8221;default&#8221; body_font=&#8221;Gotham kinda bold||||||||&#8221; body_text_color=&#8221;#000000&#8243; body_font_size=&#8221;20px&#8221; body_line_height=&#8221;1.8em&#8221; hover_enabled=&#8221;0&#8243;]<p><span style=\"font-weight: 400;\">Entwicklung einer projektspezifischen Website mit speziellen Seiten f\u00fcr Patienten und die \u00d6ffentlichkeit, auf denen \u00fcber die Forschungsergebnisse von AMELIE berichtet wird.<\/span><\/p>[\/et_pb_tab][et_pb_tab title=&#8221;6&#8243; _builder_version=&#8221;4.6.3&#8243; _module_preset=&#8221;default&#8221; body_font=&#8221;Gotham kinda bold||||||||&#8221; body_text_color=&#8221;#000000&#8243; body_font_size=&#8221;20px&#8221; body_line_height=&#8221;1.8em&#8221; hover_enabled=&#8221;0&#8243;]<p><span style=\"font-weight: 400;\">Bekanntgabe von Ergebnissen und herausragenden Ver\u00f6ffentlichungen \u00fcber die UCL-Pressestelle, die AMELIE-Website und internationale Nachrichtenmedien.<\/span><\/p>[\/et_pb_tab][et_pb_tab title=&#8221;7&#8243; _builder_version=&#8221;4.6.3&#8243; _module_preset=&#8221;default&#8221; body_font=&#8221;Gotham kinda bold||||||||&#8221; body_text_color=&#8221;#000000&#8243; body_font_size=&#8221;20px&#8221; body_line_height=&#8221;1.8em&#8221; hover_enabled=&#8221;0&#8243;]<p><span style=\"font-weight: 400;\">AMELIE-Forscher ver\u00f6ffentlichen ihre Forschungsergebnisse in renommierten Fachzeitschriften und verfassen \u00dcbersichtsartikel, eingeladene Kommentare und Leitartikel.<\/span><\/p>[\/et_pb_tab][et_pb_tab title=&#8221;8&#8243; _builder_version=&#8221;4.6.3&#8243; _module_preset=&#8221;default&#8221; body_font=&#8221;Gotham kinda bold||||||||&#8221; body_text_color=&#8221;#000000&#8243; body_font_size=&#8221;20px&#8221; body_line_height=&#8221;1.8em&#8221; hover_enabled=&#8221;0&#8243;]<p><span style=\"font-weight: 400;\">Die Mitglieder des Konsortiums werden die Projektergebnisse auf nationalen und internationalen wissenschaftlichen und klinischen Tagungen bekannt geben.<\/span><\/p>[\/et_pb_tab][et_pb_tab title=&#8221;9&#8243; _builder_version=&#8221;4.6.3&#8243; _module_preset=&#8221;default&#8221; body_font=&#8221;Gotham kinda bold||||||||&#8221; body_text_color=&#8221;#000000&#8243; body_font_size=&#8221;20px&#8221; body_line_height=&#8221;1.8em&#8221; hover_enabled=&#8221;0&#8243;]<p><span style=\"font-weight: 400;\">Die Studienergebnisse werden rasch in die von den beteiligten Fachgesellschaften, insbesondere der ICS und der ESCP, erstellten Leitf\u00e4den einflie\u00dfen.<\/span><\/p>[\/et_pb_tab][et_pb_tab title=&#8221;10&#8243; _builder_version=&#8221;4.6.3&#8243; _module_preset=&#8221;default&#8221; body_font=&#8221;Gotham kinda bold||||||||&#8221; body_text_color=&#8221;#000000&#8243; body_font_size=&#8221;20px&#8221; body_line_height=&#8221;1.8em&#8221; hover_enabled=&#8221;0&#8243;]<p><span style=\"font-weight: 400;\">Untersuchung des Vorhandenseins anderer EU-finanzierter Zusch\u00fcsse auf demselben Forschungsgebiet mit dem Ziel, ein \u2018Cluster\u2019 von Inkontinenz-Forschungsprojekten zu bilden, um Daten gemeinsam zu nutzen und in Zukunft gemeinsam neue Innovationen zu entwickeln, um die Einf\u00fchrung von Inkontinenzbehandlungen zu beschleunigen.<\/span><\/p>[\/et_pb_tab][et_pb_tab title=&#8221;11&#8243; _builder_version=&#8221;4.6.3&#8243; _module_preset=&#8221;default&#8221; body_font=&#8221;Gotham kinda bold||||||||&#8221; body_text_color=&#8221;#000000&#8243; body_font_size=&#8221;20px&#8221; body_line_height=&#8221;1.8em&#8221; hover_enabled=&#8221;0&#8243;]<p><span style=\"font-weight: 400;\">Fortsetzung des Dialogs mit den Regulierungsbeh\u00f6rden, um sicherzustellen, dass die Technologieentwicklung im Rahmen des AMELIE-Projekts mit den regulatorischen Anforderungen in Einklang steht. Vertreter der Aufsichtsbeh\u00f6rden werden zur j\u00e4hrlichen Generalversammlung eingeladen, um sich \u00fcber die Fortschritte des Projekts auf dem Laufenden zu halten und die langfristige M\u00f6glichkeit der Aufnahme der neuen Behandlung in bestehende Behandlungssysteme zu bewerten.<\/span><\/p>[\/et_pb_tab][\/et_pb_tabs][\/et_pb_column][\/et_pb_row][\/et_pb_section][et_pb_section fb_built=&#8221;1&#8243; _builder_version=&#8221;4.6.3&#8243; _module_preset=&#8221;default&#8221;][\/et_pb_section]","protected":false},"excerpt":{"rendered":"<p><div class=\"et_pb_module dsm_block_reveal_text dsm_block_reveal_text_0\">\n\t\t\t\t\n\t\t\t\t\n\t\t\t\t\n\t\t\t\t\n\t\t\t\t\n\t\t\t\t\n\t\t\t\t<div class=\"et_pb_module_inner\">\n\t\t\t\t\t<div class=\"dsm_block_reveal_text_wrapper\" data-dsm-block-reveal-animation=\"lr\" data-dsm-block-reveal-color=\"#0e94f9\" data-dsm-block-reveal-delay=\"0\" data-dsm-block-reveal-viewport=\"80%\"><h1 class=\"dsm_block_reveal_text_header et_pb_module_header\">ENGAGEMENT<\/h1><\/div>\n\t\t\t\t<\/div>\n\t\t\t<\/div><div class=\"et_pb_module dsm_block_reveal_text dsm_block_reveal_text_1\">\n\t\t\t\t\n\t\t\t\t\n\t\t\t\t\n\t\t\t\t\n\t\t\t\t\n\t\t\t\t\n\t\t\t\t<div class=\"et_pb_module_inner\">\n\t\t\t\t\t<div class=\"dsm_block_reveal_text_wrapper\" data-dsm-block-reveal-animation=\"lr\" data-dsm-block-reveal-color=\"#0e94f9\" data-dsm-block-reveal-delay=\"0\" data-dsm-block-reveal-viewport=\"80%\"><h1 class=\"dsm_block_reveal_text_header et_pb_module_header\">AKTIVIT\u00c4TEN<\/h1><\/div>\n\t\t\t\t<\/div>\n\t\t\t<\/div>Viewing the clinical trial protocol prior to submission and consulting with patients to ensure that it meets their needs and that the design is acceptable to them. Representatives from Bowel Research UK (and others) will sit on AMELIE committees to monitor clinical trial design and its progression.Organising meetings to communicate results to different stakeholders using digital technology as well as traditional communication methods.Engaging with the International Continence Society (ICS) and European Society of Coloproctology (ESCP) at annual meetings and via their websites to disseminate updates and results.Consortium members will publicise activities of AMELIE when beneficiaries speak at events, such as national patient support meetings and international meetings covering regenerative medicine.Devising a project specific website with dedicated patient and public pages reporting AMELIE\u2019s research outcomes.Announcing results and outstanding publications via the UCL press office, the AMELIE website and international news media.AMELIE researchers will publish their original research findings in high profile journals, along with generating review articles, invited commentaries and editorials.Consortium members will announce project results at national, international [&hellip;]<\/p>","protected":false},"author":1,"featured_media":0,"parent":0,"menu_order":0,"comment_status":"closed","ping_status":"closed","template":"","meta":{"_et_pb_use_builder":"on","_et_pb_old_content":"","_et_gb_content_width":"","_coblocks_attr":"","_coblocks_dimensions":"","_coblocks_responsive_height":"","_coblocks_accordion_ie_support":"","footnotes":"","_links_to":"","_links_to_target":""},"class_list":["post-28693","page","type-page","status-publish","hentry"],"_links":{"self":[{"href":"https:\/\/amelie-project.eu\/de\/wp-json\/wp\/v2\/pages\/28693","targetHints":{"allow":["GET"]}}],"collection":[{"href":"https:\/\/amelie-project.eu\/de\/wp-json\/wp\/v2\/pages"}],"about":[{"href":"https:\/\/amelie-project.eu\/de\/wp-json\/wp\/v2\/types\/page"}],"author":[{"embeddable":true,"href":"https:\/\/amelie-project.eu\/de\/wp-json\/wp\/v2\/users\/1"}],"replies":[{"embeddable":true,"href":"https:\/\/amelie-project.eu\/de\/wp-json\/wp\/v2\/comments?post=28693"}],"version-history":[{"count":34,"href":"https:\/\/amelie-project.eu\/de\/wp-json\/wp\/v2\/pages\/28693\/revisions"}],"predecessor-version":[{"id":31163,"href":"https:\/\/amelie-project.eu\/de\/wp-json\/wp\/v2\/pages\/28693\/revisions\/31163"}],"wp:attachment":[{"href":"https:\/\/amelie-project.eu\/de\/wp-json\/wp\/v2\/media?parent=28693"}],"curies":[{"name":"wp","href":"https:\/\/api.w.org\/{rel}","templated":true}]}}