{"id":31276,"date":"2021-08-21T13:46:52","date_gmt":"2021-08-21T13:46:52","guid":{"rendered":"https:\/\/amelie-project.eu\/?page_id=31276"},"modified":"2021-08-25T14:54:05","modified_gmt":"2021-08-25T14:54:05","slug":"privatlivspolitik","status":"publish","type":"page","link":"https:\/\/amelie-project.eu\/da\/privatlivspolitik\/","title":{"rendered":"Politik for beskyttelse af personlige oplysninger"},"content":{"rendered":"<p>[et_pb_section fb_built=&#8221;1&#8243; custom_padding_last_edited=&#8221;on|phone&#8221; disabled_on=&#8221;off|off|off&#8221; admin_label=&#8221;Hero section&#8221; _builder_version=&#8221;4.6.3&#8243; background_image=&#8221;https:\/\/amelie-project.eu\/wp-content\/uploads\/2020\/09\/shutterstock_1438674518-Converted-1-1.png&#8221; background_position=&#8221;center_left&#8221; custom_margin=&#8221;|||&#8221; custom_padding=&#8221;7%||7%||true|false&#8221; custom_padding_tablet=&#8221;15%||15%||true|false&#8221; custom_padding_phone=&#8221;&#8221;][et_pb_row use_custom_gutter=&#8221;on&#8221; gutter_width=&#8221;1&#8243; custom_padding_last_edited=&#8221;on|desktop&#8221; _builder_version=&#8221;4.6.3&#8243; _module_preset=&#8221;default&#8221; width=&#8221;100%&#8221; module_alignment=&#8221;left&#8221; custom_padding=&#8221;|||4%|false|false&#8221; custom_padding_tablet=&#8221;|||6%|false|false&#8221; custom_padding_phone=&#8221;|||7%|false|false&#8221;][et_pb_column type=&#8221;4_4&#8243; _builder_version=&#8221;4.6.3&#8243; _module_preset=&#8221;default&#8221;][dsm_block_reveal_text block_reveal_text=&#8221;PRIVACY&#8221; heading_html_tag=&#8221;h1&#8243; block_reveal_color=&#8221;#0e94f9&#8243; block_reveal_delay=&#8221;0&#8243; _builder_version=&#8221;4.6.3&#8243; _module_preset=&#8221;default&#8221; header_font=&#8221;AMELIE||||||||&#8221; header_text_color=&#8221;#0e94f9&#8243; header_font_size=&#8221;4vw&#8221; custom_padding=&#8221;||||false|false&#8221; custom_padding_tablet=&#8221;||||false|false&#8221; custom_padding_phone=&#8221;||||false|false&#8221; custom_padding_last_edited=&#8221;on|tablet&#8221; header_font_size_tablet=&#8221;8.5vw&#8221; header_font_size_phone=&#8221;9vw&#8221; header_font_size_last_edited=&#8221;on|desktop&#8221;][\/dsm_block_reveal_text][dsm_block_reveal_text block_reveal_text=&#8221;POLICY&#8221; heading_html_tag=&#8221;h1&#8243; block_reveal_color=&#8221;#0e94f9&#8243; _builder_version=&#8221;4.6.3&#8243; _module_preset=&#8221;default&#8221; header_font=&#8221;AMELIE||||||||&#8221; header_text_color=&#8221;#0e94f9&#8243; header_font_size=&#8221;3.1vw&#8221; custom_padding=&#8221;||||false|false&#8221; custom_padding_tablet=&#8221;||||false|false&#8221; custom_padding_phone=&#8221;||||false|false&#8221; custom_padding_last_edited=&#8221;on|phone&#8221; header_font_size_tablet=&#8221;5.3vw&#8221; header_font_size_phone=&#8221;5.5vw&#8221; header_font_size_last_edited=&#8221;on|desktop&#8221;][\/dsm_block_reveal_text][\/et_pb_column][\/et_pb_row][\/et_pb_section][et_pb_section fb_built=&#8221;1&#8243; _builder_version=&#8221;4.6.3&#8243; background_color=&#8221;#ffffff&#8221; background_position=&#8221;top_center&#8221; custom_margin=&#8221;|||&#8221; custom_padding=&#8221;100px||50px|||&#8221; hover_enabled=&#8221;0&#8243; sticky_enabled=&#8221;0&#8243;][et_pb_row _builder_version=&#8221;3.25&#8243; custom_margin=&#8221;|||&#8221; custom_padding=&#8221;||26px|||&#8221; locked=&#8221;off&#8221;][et_pb_column type=&#8221;4_4&#8243; _builder_version=&#8221;3.25&#8243; custom_padding=&#8221;|||&#8221; custom_padding__hover=&#8221;|||&#8221;][et_pb_text _builder_version=&#8221;4.6.3&#8243; text_font=&#8221;Gotham kinda bold||||||||&#8221; text_text_color=&#8221;#898f99&#8243; text_line_height=&#8221;2em&#8221; header_font=&#8221;||||||||&#8221; header_2_font=&#8221;Gotham||||on||||solid&#8221; header_2_text_color=&#8221;#6e7889&#8243; header_2_line_height=&#8221;1.4em&#8221; header_3_font=&#8221;Gotham||||||||&#8221; header_3_text_align=&#8221;center&#8221; header_3_text_color=&#8221;#6e7889&#8243; header_3_font_size=&#8221;20px&#8221; header_3_line_height=&#8221;1.4em&#8221; header_4_text_color=&#8221;#000000&#8243; text_orientation=&#8221;center&#8221; width=&#8221;100%&#8221; module_alignment=&#8221;center&#8221; locked=&#8221;off&#8221;]<\/p>\n<h3><strong>Introduktion<\/strong><\/h3>\n<p>Bowel Research UK (\u201cvi\u201d, \u201cos\u201d eller \u201cvores\u201d) respekterer dit privatliv og er forpligtet til at beskytte dine personlige data. Dette politikdokument fort\u00e6ller dig, hvordan vi indsamler, opbevarer, bruger og videregiver dine persondata, n\u00e5r du interagerer med os. L\u00e6s venligst f\u00f8lgende omhyggeligt for at forst\u00e5, hvordan vi behandler dine personoplysninger.<\/p>\n<p>&nbsp;<\/p>\n<h3><strong>Om os<\/strong><\/h3>\n<p>Bowel Research UK er udpeget til at lede formidlingen og kommunikationen af forskningsaktiviteterne i projektet, der hedder <strong><u>A<\/u><\/strong><u>nchored <strong>M<\/strong>uscle c<strong>EL<\/strong>ls for <strong>I<\/strong>ncontinenc<strong>E<\/strong><\/u><strong> (AMELIE), <\/strong><u>finansieret af Den Europ\u00e6iske Unions H2020-program.<\/u><\/p>\n<p><u>\u00a0<\/u><\/p>\n<p>AMELIE er et 5-\u00e5rigt forskningssamarbejde finansieret af EU's rammeprogram (Horizon 2020). Det involverer et samarbejde mellem 13 organisationer i ni lande om at udvikle og udf\u00f8re forskning. Projektet koordineres af UCL og ledes af Richard Day, professor i regenerativ medicinsk teknologi ved UCL.<\/p>\n<p>Bowel Research UK, Storbritanniens f\u00f8rende specialiserede velg\u00f8renhedsorganisation for tarmkr\u00e6ft og tarmkr\u00e6ftforskning, er den enhed, der bestemmer, hvordan og hvorfor dine personoplysninger behandles. Det betyder, at Bowel Research UK er den \u2018dataansvarlige\u2019 for dine personoplysninger i henhold til databeskyttelsesloven.<\/p>\n<p>&nbsp;<\/p>\n<h3><strong>Hvad d\u00e6kker denne privatlivspolitik?<\/strong><\/h3>\n<p>Privatlivspolitikken d\u00e6kker vores behandling af dine personlige data, som vi indsamler, n\u00e5r du g\u00e5r ind p\u00e5 eller bruger vores hjemmesider eller tjenester (f.eks. n\u00e5r du tilmelder dig vores arrangementer), eller n\u00e5r du kontakter os. Vi gemmer data, der kan identificere dig som person (\u201cpersondata\u201d), som forklaret mere detaljeret nedenfor.<\/p>\n<p><strong>\u00a0<\/strong><\/p>\n<h3><strong>Oplysninger, du giver os<\/strong><strong>\u00a0<\/strong><\/h3>\n<p>Vi kan gemme personoplysninger, som du v\u00e6lger at sende til os eller give os, f.eks. n\u00e5r du bruger formularen \u201cKontakt\u201d p\u00e5 vores projektwebsted (<a href=\"https:\/\/amelie-project.eu\/da\/\">www.amelie-project.eu<\/a>), eller n\u00e5r du registrerer dig for at deltage i vores arrangementer.<\/p>\n<p>Hvis du kontakter os via \u201cKontakt\u201d-formularen p\u00e5 vores hjemmeside, kan vi gemme en oversigt over vores korrespondance.<\/p>\n<p>&nbsp;<\/p>\n<h3><strong>Oplysninger, du giver os, n\u00e5r du bruger vores tjenester<\/strong><strong>\u00a0<\/strong><\/h3>\n<p>Vi modtager og opbevarer kun de data, du giver os direkte. De typer data, vi kan indsamle direkte fra dig, omfatter: navne, e-mailadresser, telefonnumre, jobtitler, tilknyttet organisation, land samt alle andre data, du m\u00e5tte have oplyst.<\/p>\n<p>&nbsp;<\/p>\n<h3><strong>Oplysninger, vi automatisk indsamler<\/strong><\/h3>\n<p>Vi bruger cookies og andre teknologier for at sikre, at alle, der bruger vores hjemmeside, f\u00e5r den bedst mulige oplevelse.<\/p>\n<p>En cookie er en lille datafil, der placeres p\u00e5 din computer eller anden enhed for at g\u00f8re det muligt for platformen at genkende dig som bruger, n\u00e5r du vender tilbage med den samme enhed og webbrowser, enten i l\u00f8bet af dit bes\u00f8g (ved hj\u00e6lp af en \u2018sessionscookie\u2019) eller ved gentagne bes\u00f8g (en \u2018vedvarende cookie\u2019). N\u00e5r du bes\u00f8ger <a href=\"https:\/\/amelie-project.eu\/da\/\">www.amelie-project.eu<\/a>, indsamler vi visse data om din enhed, f.eks. din enheds IP-adresse, henvisende websted, hvilke sider din enhed har bes\u00f8gt, og hvorn\u00e5r din enhed har bes\u00f8gt vores websted.<\/p>\n<p>Vi bruger ikke cookies til at indsamle personligt identificerbare oplysninger om dig. Hvis du imidlertid \u00f8nsker at begr\u00e6nse eller blokere de cookies, der s\u00e6ttes af denne platform, kan du g\u00f8re det via dine browserindstillinger, eller du kan ogs\u00e5 v\u00e6lge at installere \u2018Google Analytics\u2019 opt-out browser add-on, men husk, at begr\u00e6nsning af cookies kan betyde, at du ikke vil v\u00e6re i stand til at drage fuld fordel af alle de funktioner, der er tilg\u00e6ngelige p\u00e5 vores sider.<\/p>\n<p>&nbsp;<\/p>\n<h3><strong>Hvordan bruger vi dataene?<\/strong><\/h3>\n<p>Vi bruger de data, vi indsamler:<\/p>\n<ul>\n<li>Til at administrere vores hjemmeside, vores arrangementer og til intern drift, herunder fejlfinding, dataanalyse, testning, statistiske form\u00e5l og unders\u00f8gelser.<\/li>\n<li>At forbedre vores hjemmeside for at sikre, at indholdet pr\u00e6senteres p\u00e5 den mest effektive m\u00e5de for dig og din computer<\/li>\n<li>Som en del af vores bestr\u00e6belser p\u00e5 at holde vores hjemmeside tryg og sikker<\/li>\n<\/ul>\n<p>Vi kan bruge de data, du sender til os via vores websted og\/eller tjenester, til at kommunikere med dig via e-mail og muligvis p\u00e5 andre m\u00e5der vedr\u00f8rende begivenheder, publikationer, blogs og nyhedsbreve, som vi mener kan v\u00e6re af interesse for dig. Du vil dog altid v\u00e6re i stand til at frav\u00e6lge s\u00e5dan kommunikation (se afsnittet \u201cDine rettigheder til beskyttelse af personlige oplysninger\u201d nedenfor).<\/p>\n<p>&nbsp;<\/p>\n<h3><strong>Deler og videregiver vi data til tredjeparter?<\/strong><\/h3>\n<p>Vi kan dele dine personoplysninger med AMELIEs st\u00f8ttemodtagere for at sikre en god gennemf\u00f8relse af projektaktiviteterne, f.eks. for at invitere dig til projektets arrangementer.<span style=\"font-size: 18px;\">\u00a0<\/span><\/p>\n<p>Vi s\u00e6lger ikke dine personoplysninger til nogen, og vi deler dem ikke med andre organisationer end AMELIEs modtagere.<\/p>\n<p>Der kan dog v\u00e6re omst\u00e6ndigheder, hvor vi kan v\u00e6re n\u00f8dt til at dele dine oplysninger:<span style=\"font-size: 18px;\">\u00a0<\/span><\/p>\n<ul>\n<li>Beskyttelse af projektpartnere og andre: Vi forbeholder os ret til at f\u00e5 adgang til, l\u00e6se, bevare og videregive data, hvis det er n\u00f8dvendigt for at overholde loven eller en retskendelse; h\u00e5ndh\u00e6ve eller anvende vores aftaler med dig og andre aftaler eller beskytte projektpartneres, deres medarbejderes, vores brugeres eller andres rettigheder, ejendom eller sikkerhed.<\/li>\n<li>Videregivelse til national sikkerhed eller retsh\u00e5ndh\u00e6velse: Under visse omst\u00e6ndigheder kan vi v\u00e6re forpligtet til at videregive dine persondata som svar p\u00e5 gyldige anmodninger fra offentlige myndigheder, herunder for at opfylde nationale sikkerheds- eller retsh\u00e5ndh\u00e6velseskrav.<\/li>\n<\/ul>\n<p>&nbsp;<\/p>\n<h3><strong>Er personlige data om dig sikre?<\/strong><\/h3>\n<p>Vi bruger passende tekniske, organisatoriske og administrative sikkerhedsforanstaltninger til at\u00a0<span style=\"font-size: 18px;\">beskytte alle oplysninger, vi har i vores registre, mod tab, misbrug og uautoriseret brug\u00a0<\/span><span style=\"font-size: 18px;\">adgang, videregivelse, \u00e6ndring og \u00f8del\u00e6ggelse. Desv\u00e6rre er der ingen virksomheder eller tjenester\u00a0<\/span><span style=\"font-size: 18px;\">kan garantere fuldst\u00e6ndig sikkerhed, uautoriseret adgang eller brug, hardware eller software\u00a0<\/span><span style=\"font-size: 18px;\">fejl og andre faktorer kan til enhver tid kompromittere sikkerheden for brugerdata.<\/span><\/p>\n<p>&nbsp;<\/p>\n<h3><strong>Hvad sker der med dine personlige data, n\u00e5r de ikke l\u00e6ngere er n\u00f8dvendige for AMELIE?<\/strong><\/h3>\n<p>Vi opbevarer kun dine personoplysninger, s\u00e5 l\u00e6nge de er n\u00f8dvendige for AMELIE-projektets form\u00e5l. Vi sletter dem, n\u00e5r personoplysningerne ikke l\u00e6ngere er n\u00f8dvendige i forhold til de form\u00e5l, hvortil de blev indsamlet eller p\u00e5 anden m\u00e5de behandlet. Under alle omst\u00e6ndigheder vil alle personoplysninger blive slettet senest to \u00e5r efter projektets afslutning.<\/p>\n<p><strong>\u00a0<\/strong><\/p>\n<h2><strong>Dine rettigheder til privatlivets fred<\/strong><\/h2>\n<p><strong><u>\u00a0<\/u><\/strong><\/p>\n<h3><strong>Hvilke valgmuligheder har du?<\/strong><strong>\u00a0<\/strong><\/h3>\n<p>Du kan altid v\u00e6lge ikke at videregive oplysninger til os, men husk, at nogle data kan v\u00e6re n\u00f8dvendige for at registrere dig hos os eller for at drage fordel af nogle af vores tjenester.<\/p>\n<p><span style=\"font-size: 18px;\">Du kan indgive en klage til din databeskyttelsesmyndighed (DPA), hvis du mener, at\u00a0<\/span><span style=\"font-size: 18px;\">dine databeskyttelsesrettigheder er blevet overtr\u00e5dt. Du kan identificere din DPA p\u00e5 <\/span><a href=\"http:\/\/www.edpb.europa.eu\/about-edpb\/board\/members_en\" style=\"font-size: 18px;\">www.edpb.europa.eu\/about-edpb\/board\/members_en<\/a><span style=\"font-size: 18px;\">.<\/span><\/p>\n<p>&nbsp;<\/p>\n<h3><strong>E-mail-kommunikation<\/strong><strong>\u00a0<\/strong><\/h3>\n<p>Du kan til enhver tid frav\u00e6lge at modtage kommunikation fra os ved at bruge afmeldingslinket i de e-mails, vi sender, eller ved at kontakte os p\u00e5 <a href=\"mailto:hannah@bowelresearchuk.org\">hannah@bowelresearchuk.org<\/a><\/p>\n<p>&nbsp;<\/p>\n<h3><strong>Hvordan kan du f\u00e5 adgang til og opdatere dine oplysninger?<\/strong><\/h3>\n<p>Vi giver enkeltpersoner mulighed for at f\u00e5 adgang til, gennemg\u00e5, opdatere og slette alle personlige data, vi har om dem. Du kan sende en e-mail til <a href=\"mailto:hannah@bowelresearchuk.org\">hannah@bowelresearchuk.org<\/a> til dette form\u00e5l. Hvis du beder os om at slette dine data, vil vi g\u00f8re det. Bem\u00e6rk, at vi kan v\u00e6re forpligtet til at opbevare og bruge dine oplysninger, hvis det er n\u00f8dvendigt, for at overholde juridiske forpligtelser eller for at l\u00f8se tvister.<\/p>\n<p>&nbsp;<\/p>\n<h3><strong>Linkede hjemmesider<\/strong><\/h3>\n<p>For din bekvemmelighed kan der v\u00e6re hyperlinks p\u00e5 webstedet, der linker til andre\u00a0<span style=\"font-size: 18px;\">hjemmesider (de \u201clinkede sider\u201d). Vi er ikke ansvarlige for, og denne fortrolighedspolitik g\u00e6lder ikke for fortrolighedspraksis p\u00e5 nogen linkede websteder eller for nogen virksomheder, som vi ikke ejer eller kontrollerer. Linkede websteder kan indsamle data ud over dem, vi indsamler p\u00e5 webstedet. Vi st\u00f8tter ikke nogen af disse linkede websteder, de tjenester eller produkter, der beskrives eller tilbydes p\u00e5 s\u00e5danne linkede websteder, eller noget af indholdet p\u00e5 de linkede websteder. Vi opfordrer dig til at ops\u00f8ge og l\u00e6se privatlivspolitikken for hvert af de linkede websteder, du bes\u00f8ger, for at forst\u00e5, hvordan de data, der indsamles om dig, bruges og beskyttes.<\/span><\/p>\n<p>&nbsp;<\/p>\n<h3><strong>B\u00f8rn<\/strong><\/h3>\n<p>Vi indsamler eller anmoder ikke bevidst om personoplysninger fra personer under 16 \u00e5r. Hvis du er under 16 \u00e5r, skal du ikke fors\u00f8ge at registrere eller sende personoplysninger om dig selv til os. Hvis vi finder ud af, at vi har indsamlet persondata fra et barn under 16 \u00e5r, sletter vi disse data.<\/p>\n<p>&nbsp;<\/p>\n<h3><strong>Vil AMELIE \u00e6ndre denne privatlivspolitik?<\/strong><strong>\u00a0<\/strong><\/h3>\n<p>Vi forbedrer hele tiden vores hjemmeside og tjenester, s\u00e5 vi kan blive n\u00f8dt til at \u00e6ndre\u00a0<span style=\"font-size: 18px;\">denne privatlivspolitik fra tid til anden. Vi vil advare dig om v\u00e6sentlige \u00e6ndringer ved at placere\u00a0<\/span><span style=\"font-size: 18px;\">en meddelelse p\u00e5 vores hjemmeside og\/eller ved at sende dig en e-mail (hvis du har registreret din\u00a0<\/span><span style=\"font-size: 18px;\">e-mailoplysninger hos os), n\u00e5r vi er forpligtet til at g\u00f8re det i henhold til g\u00e6ldende lovgivning. Du kan se\u00a0<\/span><span style=\"font-size: 18px;\">n\u00e5r denne fortrolighedspolitik sidst blev opdateret ved at kontrollere datoen nederst p\u00e5 denne\u00a0<\/span><span style=\"font-size: 18px;\">side.<\/span><\/p>\n<p>&nbsp;<\/p>\n<h3><strong>Hvis du har sp\u00f8rgsm\u00e5l til denne politik<\/strong><strong>\u00a0<\/strong><\/h3>\n<p>Hvis du har sp\u00f8rgsm\u00e5l eller bekymringer vedr\u00f8rende vores privatlivspolitik, bedes du sende os\u00a0<span style=\"font-size: 18px;\">en detaljeret besked til <\/span><a href=\"mailto:hannah@bowelresearchuk.org\" style=\"font-size: 18px;\">hannah@bowelresearchuk.org<\/a><span style=\"font-size: 18px;\">, og vi vil g\u00f8re vores bedste for at im\u00f8dekomme dine bekymringer.<\/span><\/p>\n<p>&nbsp;<\/p>\n<h3><strong>Genbrug af information<\/strong><\/h3>\n<p>Vi bruger ikke din e-mailadresse til andre e-mail-lister.<span style=\"font-size: 18px;\">\u00a0<\/span><\/p>\n<p>Hvis det bliver n\u00f8dvendigt, vil vi kontakte dig for at bede om dit samtykke til at tilf\u00f8je din e-mailadresse til en ny liste, f\u00f8r vi g\u00f8r det.<\/p>\n<p><strong>\u00a0<\/strong><\/p>\n<p><em>Sidste opdatering: 19. august 2021<\/em><\/p>\n<p>[\/et_pb_text][\/et_pb_column][\/et_pb_row][\/et_pb_section][et_pb_section fb_built=&#8221;1&#8243; _builder_version=&#8221;4.6.3&#8243; _module_preset=&#8221;default&#8221;][\/et_pb_section]<\/p>","protected":false},"excerpt":{"rendered":"<p><div class=\"et_pb_module dsm_block_reveal_text dsm_block_reveal_text_0\">\n\t\t\t\t\n\t\t\t\t\n\t\t\t\t\n\t\t\t\t\n\t\t\t\t\n\t\t\t\t\n\t\t\t\t<div class=\"et_pb_module_inner\">\n\t\t\t\t\t<div class=\"dsm_block_reveal_text_wrapper\" data-dsm-block-reveal-animation=\"lr\" data-dsm-block-reveal-color=\"#0e94f9\" data-dsm-block-reveal-delay=\"0\" data-dsm-block-reveal-viewport=\"80%\"><h1 class=\"dsm_block_reveal_text_header et_pb_module_header\">FORTROLIGHED<\/h1><\/div>\n\t\t\t\t<\/div>\n\t\t\t<\/div><div class=\"et_pb_module dsm_block_reveal_text dsm_block_reveal_text_1\">\n\t\t\t\t\n\t\t\t\t\n\t\t\t\t\n\t\t\t\t\n\t\t\t\t\n\t\t\t\t\n\t\t\t\t<div class=\"et_pb_module_inner\">\n\t\t\t\t\t<div class=\"dsm_block_reveal_text_wrapper\" data-dsm-block-reveal-animation=\"lr\" data-dsm-block-reveal-color=\"#0e94f9\" data-dsm-block-reveal-delay=\"0.1\" data-dsm-block-reveal-viewport=\"80%\"><h1 class=\"dsm_block_reveal_text_header et_pb_module_header\">POLITIK<\/h1><\/div>\n\t\t\t\t<\/div>\n\t\t\t<\/div>Introduction Bowel Research UK (\u201cwe\u201d \u201cus\u201d, or \u201cour\u201d) respects your privacy and is committed to protecting your personal data. This policy document tells you how we collect, store, use and disclose your personal data when you interact with us. Please read the following carefully to understand how we process your personal data. &nbsp; About Us Bowel Research UK is the designated lead of the Dissemination and Communication of research activities of the project called Anchored Muscle cELls for IncontinencE (AMELIE), funded by the European Union H2020 programme. \u00a0 AMELIE is a 5-year collaborative research project funded by the European Union Framework Programme (Horizon 2020). It involves the collaboration of 13 organisations across nine countries to develop and carry out research. The project is co-ordinated by UCL and led by Richard Day, Professor of Regenerative Medicine Technology at UCL. Bowel Research UK, the UK\u2019s leading specialist bowel cancer and bowel cancer research charity, is the entity that determines how and why your personal data is processed. This means that Bowel [&hellip;]<\/p>","protected":false},"author":1,"featured_media":0,"parent":0,"menu_order":0,"comment_status":"closed","ping_status":"closed","template":"","meta":{"_et_pb_use_builder":"on","_et_pb_old_content":"","_et_gb_content_width":"","_coblocks_attr":"","_coblocks_dimensions":"","_coblocks_responsive_height":"","_coblocks_accordion_ie_support":"","footnotes":"","_links_to":"","_links_to_target":""},"class_list":["post-31276","page","type-page","status-publish","hentry"],"_links":{"self":[{"href":"https:\/\/amelie-project.eu\/da\/wp-json\/wp\/v2\/pages\/31276","targetHints":{"allow":["GET"]}}],"collection":[{"href":"https:\/\/amelie-project.eu\/da\/wp-json\/wp\/v2\/pages"}],"about":[{"href":"https:\/\/amelie-project.eu\/da\/wp-json\/wp\/v2\/types\/page"}],"author":[{"embeddable":true,"href":"https:\/\/amelie-project.eu\/da\/wp-json\/wp\/v2\/users\/1"}],"replies":[{"embeddable":true,"href":"https:\/\/amelie-project.eu\/da\/wp-json\/wp\/v2\/comments?post=31276"}],"version-history":[{"count":3,"href":"https:\/\/amelie-project.eu\/da\/wp-json\/wp\/v2\/pages\/31276\/revisions"}],"predecessor-version":[{"id":31288,"href":"https:\/\/amelie-project.eu\/da\/wp-json\/wp\/v2\/pages\/31276\/revisions\/31288"}],"wp:attachment":[{"href":"https:\/\/amelie-project.eu\/da\/wp-json\/wp\/v2\/media?parent=31276"}],"curies":[{"name":"wp","href":"https:\/\/api.w.org\/{rel}","templated":true}]}}