{"id":28691,"date":"2020-09-05T00:19:04","date_gmt":"2020-09-05T00:19:04","guid":{"rendered":"https:\/\/amelie-project.eu\/?page_id=28691"},"modified":"2021-01-25T12:42:37","modified_gmt":"2021-01-25T12:42:37","slug":"vision-og-malsaetninger","status":"publish","type":"page","link":"https:\/\/amelie-project.eu\/da\/vision-og-malsaetninger\/","title":{"rendered":"Vision og m\u00e5ls\u00e6tninger"},"content":{"rendered":"[et_pb_section fb_built=&#8221;1&#8243; admin_label=&#8221;Hero section&#8221; _builder_version=&#8221;4.6.3&#8243; _module_preset=&#8221;ac17d3a6-8373-45ed-95ce-70484e82a9b6&#8243; use_background_color_gradient=&#8221;off&#8221; saved_tabs=&#8221;all&#8221;][et_pb_row use_custom_gutter=&#8221;on&#8221; gutter_width=&#8221;1&#8243; custom_padding_last_edited=&#8221;on|desktop&#8221; _builder_version=&#8221;4.6.3&#8243; _module_preset=&#8221;default&#8221; width=&#8221;100%&#8221; module_alignment=&#8221;left&#8221; custom_padding=&#8221;|||4%|false|false&#8221; custom_padding_tablet=&#8221;|||6%|false|false&#8221; custom_padding_phone=&#8221;|||7%|false|false&#8221;][et_pb_column type=&#8221;4_4&#8243; _builder_version=&#8221;4.6.3&#8243; _module_preset=&#8221;default&#8221;][dsm_block_reveal_text block_reveal_text=&#8221;VISION&#8221; heading_html_tag=&#8221;h1&#8243; block_reveal_color=&#8221;#0e94f9&#8243; block_reveal_delay=&#8221;0&#8243; _builder_version=&#8221;4.6.3&#8243; _module_preset=&#8221;default&#8221; header_font=&#8221;AMELIE||||||||&#8221; header_text_color=&#8221;#0e94f9&#8243; header_font_size=&#8221;4vw&#8221; custom_padding=&#8221;||||false|false&#8221; custom_padding_tablet=&#8221;||||false|false&#8221; custom_padding_phone=&#8221;||||false|false&#8221; custom_padding_last_edited=&#8221;on|phone&#8221; header_font_size_tablet=&#8221;8vw&#8221; header_font_size_phone=&#8221;10vw&#8221; header_font_size_last_edited=&#8221;on|desktop&#8221;][\/dsm_block_reveal_text][dsm_block_reveal_text block_reveal_text=&#8221;AND OBJECTIVES&#8221; block_reveal_color=&#8221;#0e94f9&#8243; _builder_version=&#8221;4.6.3&#8243; _module_preset=&#8221;default&#8221; header_font=&#8221;AMELIE||||||||&#8221; header_text_color=&#8221;#0e94f9&#8243; header_font_size=&#8221;3vw&#8221; custom_padding=&#8221;||||false|false&#8221; custom_padding_tablet=&#8221;||||false|false&#8221; custom_padding_phone=&#8221;||||false|false&#8221; custom_padding_last_edited=&#8221;on|phone&#8221; header_font_size_tablet=&#8221;5vw&#8221; header_font_size_phone=&#8221;6vw&#8221; header_font_size_last_edited=&#8221;on|phone&#8221;][\/dsm_block_reveal_text][\/et_pb_column][\/et_pb_row][\/et_pb_section][et_pb_section fb_built=&#8221;1&#8243; admin_label=&#8221;Features&#8221; _builder_version=&#8221;4.6.3&#8243; background_enable_color=&#8221;off&#8221; custom_padding=&#8221;100px|0px|100px|0px||&#8221;][et_pb_row column_structure=&#8221;1_3,1_3,1_3&#8243; admin_label=&#8221;Sending Payments&#8221; _builder_version=&#8221;3.25&#8243; max_width=&#8221;1440px&#8221; custom_margin=&#8221;|||&#8221; use_custom_width=&#8221;on&#8221; custom_width_px=&#8221;1440px&#8221;][et_pb_column type=&#8221;1_3&#8243; _builder_version=&#8221;3.25&#8243; custom_padding=&#8221;|||&#8221; custom_padding__hover=&#8221;|||&#8221;][et_pb_image src=&#8221;https:\/\/amelie-project.eu\/wp-content\/uploads\/2020\/10\/shutterstock_1069097789-Converted-1.png&#8221; title_text=&#8221;shutterstock_1069097789 %91Converted%93&#8243; align=&#8221;center&#8221; align_tablet=&#8221;center&#8221; align_phone=&#8221;&#8221; align_last_edited=&#8221;on|desktop&#8221; _builder_version=&#8221;4.6.3&#8243; animation_style=&#8221;slide&#8221; animation_direction=&#8221;bottom&#8221; animation_intensity_slide=&#8221;10%&#8221;][\/et_pb_image][et_pb_text _builder_version=&#8221;4.6.3&#8243; text_font=&#8221;Gotham kinda bold||||||||&#8221; text_font_size=&#8221;16px&#8221; text_line_height=&#8221;1.8em&#8221; header_font=&#8221;||||||||&#8221; header_2_font=&#8221;Gotham kinda bold||||||||&#8221; header_2_text_color=&#8221;#000000&#8243; header_2_font_size=&#8221;32px&#8221; header_2_line_height=&#8221;1.3em&#8221; header_3_font=&#8221;||||||||&#8221; header_4_font=&#8221;||||||||&#8221; text_orientation=&#8221;center&#8221; hover_enabled=&#8221;0&#8243; sticky_enabled=&#8221;0&#8243; text_text_color=&#8221;#000000&#8243;]<h2>Vores mission<\/h2>\n<p>Konsortiet foresl\u00e5r en radikal, innovativ translationel tilgang til fremstilling og levering af forankringsafh\u00e6ngige celler i kroppen, som en form for ny celleterapi, for at etablere mere effektive regenerative medicinbehandlinger til FI og andre kliniske indikationer.<\/p>[\/et_pb_text][et_pb_button button_url=&#8221;\/approach\/&#8221; button_text=&#8221;LEARN MORE&#8221; button_alignment=&#8221;center&#8221; _builder_version=&#8221;4.6.3&#8243; _module_preset=&#8221;default&#8221; custom_button=&#8221;on&#8221; button_text_size=&#8221;12px&#8221; button_text_color=&#8221;#000000&#8243; button_bg_color=&#8221;#ffffff&#8221; button_border_width=&#8221;1px&#8221; button_border_color=&#8221;#000000&#8243; button_border_radius=&#8221;5px&#8221; button_letter_spacing=&#8221;2px&#8221; button_font=&#8221;Gotham kinda bold|600||on|||||&#8221; button_icon=&#8221;%%20%%&#8221; button_icon_color=&#8221;#000000&#8243; button_on_hover=&#8221;off&#8221; custom_margin=&#8221;-17px||||false|false&#8221; custom_padding=&#8221;12px|30px|12px|20px|false|false&#8221; animation_style=&#8221;fold&#8221; animation_duration=&#8221;850ms&#8221; animation_intensity_fold=&#8221;16%&#8221; hover_enabled=&#8221;0&#8243; button_letter_spacing_tablet=&#8221;&#8221; button_letter_spacing_phone=&#8221;1px&#8221; button_letter_spacing_last_edited=&#8221;on|phone&#8221; button_bg_color__hover=&#8221;#0c71c3&#8243; button_bg_color__hover_enabled=&#8221;on|desktop&#8221; button_border_color__hover=&#8221;rgba(0,0,0,0)&#8221; button_border_color__hover_enabled=&#8221;on|desktop&#8221; button_letter_spacing__hover=&#8221;2px&#8221; button_letter_spacing__hover_enabled=&#8221;off|desktop&#8221; box_shadow_vertical_button__hover=&#8221;8px&#8221; box_shadow_vertical_button__hover_enabled=&#8221;on|hover&#8221; box_shadow_color__hover_enabled=&#8221;on|hover&#8221; box_shadow_color__hover=&#8221;rgba(7,82,140,0.54)&#8221; box_shadow_vertical__hover_enabled=&#8221;on|desktop&#8221; box_shadow_vertical__hover=&#8221;10px&#8221; button_bg_enable_color__hover=&#8221;on&#8221; button_text_color__hover_enabled=&#8221;on|desktop&#8221; button_text_color__hover=&#8221;#ffffff&#8221; button_border_width__hover_enabled=&#8221;on|hover&#8221; button_border_width__hover=&#8221;1px&#8221; button_icon_color__hover_enabled=&#8221;on|desktop&#8221; button_icon_color__hover=&#8221;#ffffff&#8221; sticky_enabled=&#8221;0&#8243;][\/et_pb_button][\/et_pb_column][et_pb_column type=&#8221;1_3&#8243; _builder_version=&#8221;3.25&#8243; custom_padding=&#8221;|||&#8221; custom_padding__hover=&#8221;|||&#8221;][et_pb_image src=&#8221;https:\/\/amelie-project.eu\/wp-content\/uploads\/2020\/10\/shutterstock_1289992183-Converted-1.png&#8221; title_text=&#8221;shutterstock_1289992183 %91Converted%93&#8243; align=&#8221;center&#8221; align_tablet=&#8221;center&#8221; align_phone=&#8221;&#8221; align_last_edited=&#8221;on|desktop&#8221; _builder_version=&#8221;4.6.3&#8243; width=&#8221;210px&#8221; custom_margin=&#8221;60px|||&#8221; animation_style=&#8221;slide&#8221; animation_direction=&#8221;bottom&#8221; animation_delay=&#8221;200ms&#8221; animation_intensity_slide=&#8221;10%&#8221; locked=&#8221;off&#8221;][\/et_pb_image][et_pb_text _builder_version=&#8221;4.6.3&#8243; text_font=&#8221;Gotham kinda bold||||||||&#8221; text_font_size=&#8221;16px&#8221; text_line_height=&#8221;1.8em&#8221; header_font=&#8221;||||||||&#8221; header_2_font=&#8221;Gotham kinda bold||||||||&#8221; header_2_text_color=&#8221;#000000&#8243; header_2_font_size=&#8221;32px&#8221; header_2_line_height=&#8221;1.3em&#8221; header_3_font=&#8221;||||||||&#8221; header_4_font=&#8221;||||||||&#8221; text_orientation=&#8221;center&#8221; locked=&#8221;off&#8221; text_text_color=&#8221;#000000&#8243; hover_enabled=&#8221;0&#8243; sticky_enabled=&#8221;0&#8243;]<h2>Tilstanden<\/h2>\n<p>Aff\u00f8ringsinkontinens er en almindelig tilstand. Selv om den ikke er livstruende, er den klassificeret som en sygdom af Verdenssundhedsorganisationen (WHO), der i alvorlig grad forringer dagligdagen og produktiviteten for de ber\u00f8rte personer og deres familier, og som medf\u00f8rer en betydelig byrde for det europ\u00e6iske sundhedsv\u00e6sen. Der er et s\u00e6rligt ud\u00e6kket behandlingsbehov for patienter med alvorlige symptomer p\u00e5 f\u00e6kal inkontinens (FI), som enten ikke er egnede til eller ikke \u00f8nsker at gennemg\u00e5 de nuv\u00e6rende kirurgiske muligheder, men som kan have gavn af en regenerativ medicinsk tilgang.<\/p>[\/et_pb_text][et_pb_button button_url=&#8221;\/our-research\/&#8221; button_text=&#8221;LEARN MORE&#8221; button_alignment=&#8221;center&#8221; _builder_version=&#8221;4.6.3&#8243; _module_preset=&#8221;default&#8221; custom_button=&#8221;on&#8221; button_text_size=&#8221;12px&#8221; button_text_color=&#8221;#000000&#8243; button_bg_color=&#8221;#ffffff&#8221; button_border_width=&#8221;1px&#8221; button_border_color=&#8221;#000000&#8243; button_border_radius=&#8221;5px&#8221; button_letter_spacing=&#8221;2px&#8221; button_font=&#8221;Gotham kinda bold|600||on|||||&#8221; button_icon=&#8221;%%20%%&#8221; button_icon_color=&#8221;#000000&#8243; button_on_hover=&#8221;off&#8221; custom_margin=&#8221;-17px||||false|false&#8221; custom_padding=&#8221;12px|30px|12px|20px|false|false&#8221; animation_style=&#8221;fold&#8221; animation_duration=&#8221;850ms&#8221; animation_intensity_fold=&#8221;16%&#8221; button_letter_spacing_tablet=&#8221;&#8221; button_letter_spacing_phone=&#8221;1px&#8221; button_letter_spacing_last_edited=&#8221;on|phone&#8221; button_bg_color__hover=&#8221;#0c71c3&#8243; button_bg_color__hover_enabled=&#8221;on|desktop&#8221; button_border_color__hover=&#8221;rgba(0,0,0,0)&#8221; button_border_color__hover_enabled=&#8221;on|desktop&#8221; button_letter_spacing__hover=&#8221;2px&#8221; button_letter_spacing__hover_enabled=&#8221;on|desktop&#8221; box_shadow_vertical_button__hover=&#8221;8px&#8221; box_shadow_vertical_button__hover_enabled=&#8221;on|hover&#8221; box_shadow_color__hover_enabled=&#8221;on|hover&#8221; box_shadow_color__hover=&#8221;rgba(7,82,140,0.54)&#8221; box_shadow_vertical__hover_enabled=&#8221;on|desktop&#8221; box_shadow_vertical__hover=&#8221;10px&#8221; button_text_color__hover=&#8221;#ffffff&#8221; button_text_color__hover_enabled=&#8221;on|desktop&#8221; button_border_width__hover=&#8221;1px&#8221; button_border_width__hover_enabled=&#8221;on|hover&#8221; button_icon_color__hover=&#8221;#ffffff&#8221; button_icon_color__hover_enabled=&#8221;on|desktop&#8221;][\/et_pb_button][\/et_pb_column][et_pb_column type=&#8221;1_3&#8243; _builder_version=&#8221;3.25&#8243; custom_padding=&#8221;|||&#8221; custom_padding__hover=&#8221;|||&#8221;][et_pb_image src=&#8221;https:\/\/amelie-project.eu\/wp-content\/uploads\/2020\/12\/shutterstock_1069097789-Converted.png&#8221; title_text=&#8221;shutterstock_1069097789 %91Converted%93&#8243; align=&#8221;center&#8221; align_tablet=&#8221;center&#8221; align_phone=&#8221;&#8221; align_last_edited=&#8221;on|desktop&#8221; _builder_version=&#8221;4.6.3&#8243; custom_padding=&#8221;||||false|false&#8221; custom_padding_tablet=&#8221;50px||||false|false&#8221; custom_padding_phone=&#8221;&#8221; custom_padding_last_edited=&#8221;on|desktop&#8221; animation_style=&#8221;slide&#8221; animation_direction=&#8221;bottom&#8221; animation_duration=&#8221;100ms&#8221; animation_intensity_slide=&#8221;10%&#8221;][\/et_pb_image][et_pb_text _builder_version=&#8221;4.6.3&#8243; text_font=&#8221;Gotham kinda bold||||||||&#8221; text_font_size=&#8221;16px&#8221; text_line_height=&#8221;1.8em&#8221; header_font=&#8221;||||||||&#8221; header_2_font=&#8221;Gotham kinda bold||||||||&#8221; header_2_text_color=&#8221;#000000&#8243; header_2_font_size=&#8221;32px&#8221; header_2_line_height=&#8221;1.3em&#8221; header_3_font=&#8221;||||||||&#8221; header_4_font=&#8221;||||||||&#8221; text_orientation=&#8221;center&#8221; locked=&#8221;off&#8221; text_text_color=&#8221;#000000&#8243;]<h2>Vores vision<\/h2>\n<p>AMELIE vil udvikle et nyt v\u00e6vsteknisk produkt (kombineret l\u00e6gemiddel til avanceret terapi), der omfatter fastg\u00f8relse af de forankringsafh\u00e6ngige celler til en implanterbar bionedbrydelig, klinisk kvalificeret mikrob\u00e6rer for direkte at forbedre de kliniske symptomer p\u00e5 FI.<\/p>[\/et_pb_text][et_pb_button button_url=&#8221;\/engagement-activities\/&#8221; button_text=&#8221;LEARN MORE&#8221; button_alignment=&#8221;center&#8221; _builder_version=&#8221;4.6.3&#8243; _module_preset=&#8221;default&#8221; custom_button=&#8221;on&#8221; button_text_size=&#8221;12px&#8221; button_text_color=&#8221;#000000&#8243; button_bg_color=&#8221;#ffffff&#8221; button_border_width=&#8221;1px&#8221; button_border_color=&#8221;#000000&#8243; button_border_radius=&#8221;5px&#8221; button_letter_spacing=&#8221;2px&#8221; button_font=&#8221;Gotham kinda bold|600||on|||||&#8221; button_icon=&#8221;%%20%%&#8221; button_icon_color=&#8221;#000000&#8243; button_on_hover=&#8221;off&#8221; custom_margin=&#8221;-17px||||false|false&#8221; custom_padding=&#8221;12px|30px|12px|20px|false|false&#8221; animation_style=&#8221;fold&#8221; animation_duration=&#8221;850ms&#8221; animation_intensity_fold=&#8221;16%&#8221; button_letter_spacing_tablet=&#8221;&#8221; button_letter_spacing_phone=&#8221;1px&#8221; button_letter_spacing_last_edited=&#8221;on|phone&#8221; button_bg_color__hover=&#8221;#0c71c3&#8243; button_bg_color__hover_enabled=&#8221;on|desktop&#8221; button_border_color__hover=&#8221;rgba(0,0,0,0)&#8221; button_border_color__hover_enabled=&#8221;on|desktop&#8221; button_letter_spacing__hover=&#8221;2px&#8221; button_letter_spacing__hover_enabled=&#8221;on|desktop&#8221; box_shadow_vertical_button__hover=&#8221;8px&#8221; box_shadow_vertical_button__hover_enabled=&#8221;on|hover&#8221; box_shadow_color__hover_enabled=&#8221;on|hover&#8221; box_shadow_color__hover=&#8221;rgba(7,82,140,0.54)&#8221; box_shadow_vertical__hover_enabled=&#8221;on|desktop&#8221; box_shadow_vertical__hover=&#8221;10px&#8221; button_text_color__hover=&#8221;#ffffff&#8221; button_text_color__hover_enabled=&#8221;on|desktop&#8221; button_border_width__hover=&#8221;1px&#8221; button_border_width__hover_enabled=&#8221;on|hover&#8221; button_icon_color__hover=&#8221;#ffffff&#8221; button_icon_color__hover_enabled=&#8221;on|desktop&#8221;][\/et_pb_button][\/et_pb_column][\/et_pb_row][\/et_pb_section][et_pb_section fb_built=&#8221;1&#8243; admin_label=&#8221;Stats and Features&#8221; _builder_version=&#8221;3.22&#8243; background_color=&#8221;#f7f8fc&#8221; custom_padding=&#8221;80px|0px|54px|0px|false|false&#8221;][et_pb_row use_custom_gutter=&#8221;on&#8221; gutter_width=&#8221;4&#8243; _builder_version=&#8221;4.6.3&#8243; custom_margin=&#8221;||||false|false&#8221; custom_padding=&#8221;0px|||&#8221;][et_pb_column type=&#8221;4_4&#8243; _builder_version=&#8221;3.25&#8243; custom_padding=&#8221;|||&#8221; parallax__hover=&#8221;off&#8221; parallax_method__hover=&#8221;on&#8221; custom_padding__hover=&#8221;|||&#8221;][et_pb_text _builder_version=&#8221;4.6.3&#8243; _module_preset=&#8221;default&#8221; header_font=&#8221;Gotham||||||||&#8221; header_2_font=&#8221;Gotham kinda bold||||||||&#8221; header_2_text_align=&#8221;center&#8221; header_2_text_color=&#8221;#000000&#8243; header_2_font_size=&#8221;5vh&#8221; header_2_line_height=&#8221;1.2em&#8221; hover_enabled=&#8221;0&#8243; sticky_enabled=&#8221;0&#8243;]<h2>AMELIE M\u00e5l<\/h2>[\/et_pb_text][et_pb_blurb title=&#8221;Objective 1:&#8221; url=&#8221;#&#8221; icon_placement=&#8221;left&#8221; image_max_width=&#8221;64px&#8221; content_max_width=&#8221;1093px&#8221; admin_label=&#8221;Chapter&#8221; _builder_version=&#8221;4.6.3&#8243; header_font=&#8221;Gotham kinda bold||||||||&#8221; header_text_align=&#8221;center&#8221; header_text_color=&#8221;#000000&#8243; header_line_height=&#8221;1.5em&#8221; body_font=&#8221;Gotham kinda bold||||||||&#8221; body_text_color=&#8221;#000000&#8243; body_font_size=&#8221;16px&#8221; body_line_height=&#8221;1.9em&#8221; background_color=&#8221;#ffffff&#8221; max_width=&#8221;1500px&#8221; module_alignment=&#8221;center&#8221; custom_margin=&#8221;||30px||false|false&#8221; custom_padding=&#8221;30px|40px|30px|40px&#8221; animation_style=&#8221;zoom&#8221; animation_direction=&#8221;bottom&#8221; animation_intensity_zoom=&#8221;20%&#8221; animation_starting_opacity=&#8221;100%&#8221; hover_enabled=&#8221;0&#8243; box_shadow_style=&#8221;preset2&#8243; box_shadow_horizontal=&#8221;0px&#8221; box_shadow_vertical=&#8221;0px&#8221; box_shadow_blur=&#8221;60px&#8221; box_shadow_color=&#8221;rgba(20,8,7,0.08)&#8221; locked=&#8221;off&#8221; sticky_enabled=&#8221;0&#8243;]<p style=\"text-align: center;\"><span style=\"font-weight: 400;\">Etablering af nye robuste processer til fremstilling, karakterisering, transport og levering af bionedbrydelige, implanterbare mikrob\u00e6rere.<\/span><\/p>[\/et_pb_blurb][et_pb_blurb title=&#8221;Objective 2:&#8221; url=&#8221;#&#8221; icon_placement=&#8221;left&#8221; image_max_width=&#8221;64px&#8221; content_max_width=&#8221;1400px&#8221; admin_label=&#8221;Chapter&#8221; _builder_version=&#8221;4.6.3&#8243; header_font=&#8221;Gotham kinda bold||||||||&#8221; header_text_align=&#8221;center&#8221; header_text_color=&#8221;#000000&#8243; header_line_height=&#8221;1.5em&#8221; body_font=&#8221;Gotham kinda bold||||||||&#8221; body_text_color=&#8221;#000000&#8243; body_font_size=&#8221;16px&#8221; body_line_height=&#8221;1.9em&#8221; background_color=&#8221;#ffffff&#8221; max_width=&#8221;1500px&#8221; module_alignment=&#8221;center&#8221; custom_margin=&#8221;||30px||false|false&#8221; custom_padding=&#8221;30px|40px|30px|40px&#8221; animation_style=&#8221;zoom&#8221; animation_direction=&#8221;bottom&#8221; animation_intensity_zoom=&#8221;20%&#8221; animation_starting_opacity=&#8221;100%&#8221; hover_enabled=&#8221;0&#8243; box_shadow_style=&#8221;preset2&#8243; box_shadow_horizontal=&#8221;0px&#8221; box_shadow_vertical=&#8221;0px&#8221; box_shadow_blur=&#8221;60px&#8221; box_shadow_color=&#8221;rgba(20,8,7,0.08)&#8221; locked=&#8221;off&#8221; sticky_enabled=&#8221;0&#8243;]<p style=\"text-align: center;\"><span style=\"font-weight: 400;\">Demonstrere sikkerheden ved ASMDC-mikrob\u00e6rerne ved hj\u00e6lp af ikke-kliniske tests for at overholde nationale lovkrav og skabe et produktresum\u00e9, der g\u00f8r det muligt at evaluere teknologien i hele Europa.<\/span><\/p>[\/et_pb_blurb][et_pb_blurb title=&#8221;Objective 3:&#8221; url=&#8221;#&#8221; icon_placement=&#8221;left&#8221; image_max_width=&#8221;64px&#8221; content_max_width=&#8221;1127px&#8221; admin_label=&#8221;Chapter&#8221; _builder_version=&#8221;4.6.3&#8243; header_font=&#8221;Gotham kinda bold||||||||&#8221; header_text_align=&#8221;center&#8221; header_text_color=&#8221;#000000&#8243; header_line_height=&#8221;1.5em&#8221; body_font=&#8221;Gotham kinda bold||||||||&#8221; body_text_color=&#8221;#000000&#8243; body_font_size=&#8221;16px&#8221; body_line_height=&#8221;1.9em&#8221; background_color=&#8221;#ffffff&#8221; max_width=&#8221;1500px&#8221; module_alignment=&#8221;center&#8221; custom_margin=&#8221;||30px||false|false&#8221; custom_padding=&#8221;30px|40px|30px|40px&#8221; animation_style=&#8221;zoom&#8221; animation_direction=&#8221;bottom&#8221; animation_intensity_zoom=&#8221;20%&#8221; animation_starting_opacity=&#8221;100%&#8221; hover_enabled=&#8221;0&#8243; box_shadow_style=&#8221;preset2&#8243; box_shadow_horizontal=&#8221;0px&#8221; box_shadow_vertical=&#8221;0px&#8221; box_shadow_blur=&#8221;60px&#8221; box_shadow_color=&#8221;rgba(20,8,7,0.08)&#8221; locked=&#8221;off&#8221; sticky_enabled=&#8221;0&#8243;]<p style=\"text-align: center;\"><span style=\"font-weight: 400;\">Gennemf\u00f8r et paneurop\u00e6isk randomiseret, dobbeltblindt fors\u00f8g for at afg\u00f8re, om mikrob\u00e6rerne f\u00f8rer til en reduktion i hyppigheden af FI-episoder.<\/span><\/p>[\/et_pb_blurb][et_pb_blurb title=&#8221;Objective 4:&#8221; url=&#8221;#&#8221; icon_placement=&#8221;left&#8221; image_max_width=&#8221;64px&#8221; content_max_width=&#8221;1400px&#8221; admin_label=&#8221;Chapter&#8221; _builder_version=&#8221;4.6.3&#8243; header_font=&#8221;Gotham kinda bold||||||||&#8221; header_text_align=&#8221;center&#8221; header_text_color=&#8221;#000000&#8243; header_line_height=&#8221;1.5em&#8221; body_font=&#8221;Gotham kinda bold||||||||&#8221; body_text_color=&#8221;#000000&#8243; body_font_size=&#8221;16px&#8221; body_line_height=&#8221;1.9em&#8221; background_color=&#8221;#ffffff&#8221; max_width=&#8221;1500px&#8221; module_alignment=&#8221;center&#8221; custom_margin=&#8221;||30px||false|false&#8221; custom_padding=&#8221;30px|40px|30px|40px&#8221; animation_style=&#8221;zoom&#8221; animation_direction=&#8221;bottom&#8221; animation_intensity_zoom=&#8221;20%&#8221; animation_starting_opacity=&#8221;100%&#8221; hover_enabled=&#8221;0&#8243; box_shadow_style=&#8221;preset2&#8243; box_shadow_horizontal=&#8221;0px&#8221; box_shadow_vertical=&#8221;0px&#8221; box_shadow_blur=&#8221;60px&#8221; box_shadow_color=&#8221;rgba(20,8,7,0.08)&#8221; locked=&#8221;off&#8221; sticky_enabled=&#8221;0&#8243;]<p style=\"text-align: center;\">Inddrag nationale og regionale selskaber med st\u00f8tte fra europ\u00e6iske velg\u00f8renhedsorganisationer, patientst\u00f8ttenetv\u00e6rk og offentligheden for at etablere kanaler for PPI-aktivitet og formidling af projektudvikling til patienter, offentligheden og det videnskabelige samfund.<\/p>[\/et_pb_blurb][et_pb_blurb title=&#8221;Objective 5:&#8221; url=&#8221;#&#8221; icon_placement=&#8221;left&#8221; image_max_width=&#8221;64px&#8221; content_max_width=&#8221;1051px&#8221; admin_label=&#8221;Chapter&#8221; _builder_version=&#8221;4.6.3&#8243; header_font=&#8221;Gotham kinda bold||||||||&#8221; header_text_align=&#8221;center&#8221; header_text_color=&#8221;#000000&#8243; header_line_height=&#8221;1.5em&#8221; body_font=&#8221;Gotham kinda bold||||||||&#8221; body_text_color=&#8221;#000000&#8243; body_font_size=&#8221;16px&#8221; body_line_height=&#8221;1.9em&#8221; background_color=&#8221;#ffffff&#8221; max_width=&#8221;1500px&#8221; module_alignment=&#8221;center&#8221; custom_margin=&#8221;||30px||false|false&#8221; custom_padding=&#8221;30px|40px|25px|40px|false|false&#8221; animation_style=&#8221;zoom&#8221; animation_direction=&#8221;bottom&#8221; animation_intensity_zoom=&#8221;20%&#8221; animation_starting_opacity=&#8221;100%&#8221; hover_enabled=&#8221;0&#8243; box_shadow_style=&#8221;preset2&#8243; box_shadow_horizontal=&#8221;0px&#8221; box_shadow_vertical=&#8221;0px&#8221; box_shadow_blur=&#8221;60px&#8221; box_shadow_color=&#8221;rgba(20,8,7,0.08)&#8221; locked=&#8221;off&#8221; sticky_enabled=&#8221;0&#8243;]<p style=\"text-align: center;\"><span style=\"font-weight: 400;\">Udvikle en forretningsplan og en fremtidig kommercialiseringsstrategi for at give patienterne adgang til mikrob\u00e6reren i hele Europa og resten af verden.<\/span><\/p>[\/et_pb_blurb][\/et_pb_column][\/et_pb_row][\/et_pb_section][et_pb_section fb_built=&#8221;1&#8243; _builder_version=&#8221;4.6.3&#8243; _module_preset=&#8221;default&#8221;][\/et_pb_section]","protected":false},"excerpt":{"rendered":"<p><div class=\"et_pb_module dsm_block_reveal_text dsm_block_reveal_text_0\">\n\t\t\t\t\n\t\t\t\t\n\t\t\t\t\n\t\t\t\t\n\t\t\t\t\n\t\t\t\t\n\t\t\t\t<div class=\"et_pb_module_inner\">\n\t\t\t\t\t<div class=\"dsm_block_reveal_text_wrapper\" data-dsm-block-reveal-animation=\"lr\" data-dsm-block-reveal-color=\"#0e94f9\" data-dsm-block-reveal-delay=\"0\" data-dsm-block-reveal-viewport=\"80%\"><h1 class=\"dsm_block_reveal_text_header et_pb_module_header\">VISION<\/h1><\/div>\n\t\t\t\t<\/div>\n\t\t\t<\/div><div class=\"et_pb_module dsm_block_reveal_text dsm_block_reveal_text_1\">\n\t\t\t\t\n\t\t\t\t\n\t\t\t\t\n\t\t\t\t\n\t\t\t\t\n\t\t\t\t\n\t\t\t\t<div class=\"et_pb_module_inner\">\n\t\t\t\t\t<div class=\"dsm_block_reveal_text_wrapper\" data-dsm-block-reveal-animation=\"lr\" data-dsm-block-reveal-color=\"#0e94f9\" data-dsm-block-reveal-delay=\"0.1\" data-dsm-block-reveal-viewport=\"80%\"><h2 class=\"dsm_block_reveal_text_header et_pb_module_header\">OG M\u00c5LS\u00c6TNINGER<\/h2><\/div>\n\t\t\t\t<\/div>\n\t\t\t<\/div>Our Mission The consortium proposes a radical, innovative translational approach to manufacture and deliver anchorage-dependent cells into the body, as a form of new cell therapy, to establish more effective regenerative medicine therapies for FI and other clinical indications.The Condition Faecal incontinence is a common condition. Whilst not life threatening, it is classified as a disease by the World Health Organization (WHO), seriously impairing daily living and productivity of affected individuals and their families, and resulting in a substantial burden on European health services. There is a particular therapeutic unmet need for patients with severe symptoms of faecal incontinence (FI), who are either unsuitable for, or do not wish to undergo, currently available surgical options, but who may benefit from a regenerative medical approach.Our Vision AMELIE will develop a novel tissue engineered product (combined advanced therapy medicinal product) that comprises attaching the anchorage dependent cells to an implantable biodegradable, clinically qualified microcarrier so as to directly improve the clinical symptoms of FI.AMELIE ObjectivesEstablish new robust processes for the manufacturing, [&hellip;]<\/p>","protected":false},"author":1,"featured_media":0,"parent":0,"menu_order":0,"comment_status":"closed","ping_status":"closed","template":"","meta":{"_et_pb_use_builder":"on","_et_pb_old_content":"","_et_gb_content_width":"","_coblocks_attr":"","_coblocks_dimensions":"","_coblocks_responsive_height":"","_coblocks_accordion_ie_support":"","footnotes":"","_links_to":"","_links_to_target":""},"class_list":["post-28691","page","type-page","status-publish","hentry"],"_links":{"self":[{"href":"https:\/\/amelie-project.eu\/da\/wp-json\/wp\/v2\/pages\/28691","targetHints":{"allow":["GET"]}}],"collection":[{"href":"https:\/\/amelie-project.eu\/da\/wp-json\/wp\/v2\/pages"}],"about":[{"href":"https:\/\/amelie-project.eu\/da\/wp-json\/wp\/v2\/types\/page"}],"author":[{"embeddable":true,"href":"https:\/\/amelie-project.eu\/da\/wp-json\/wp\/v2\/users\/1"}],"replies":[{"embeddable":true,"href":"https:\/\/amelie-project.eu\/da\/wp-json\/wp\/v2\/comments?post=28691"}],"version-history":[{"count":38,"href":"https:\/\/amelie-project.eu\/da\/wp-json\/wp\/v2\/pages\/28691\/revisions"}],"predecessor-version":[{"id":31170,"href":"https:\/\/amelie-project.eu\/da\/wp-json\/wp\/v2\/pages\/28691\/revisions\/31170"}],"wp:attachment":[{"href":"https:\/\/amelie-project.eu\/da\/wp-json\/wp\/v2\/media?parent=28691"}],"curies":[{"name":"wp","href":"https:\/\/api.w.org\/{rel}","templated":true}]}}