{"id":28371,"date":"2020-09-03T09:02:33","date_gmt":"2020-09-03T09:02:33","guid":{"rendered":"https:\/\/amelie-project.eu\/?page_id=28371"},"modified":"2021-01-26T10:47:43","modified_gmt":"2021-01-26T10:47:43","slug":"fordele-ved-amelie","status":"publish","type":"page","link":"https:\/\/amelie-project.eu\/da\/fordele-ved-amelie\/","title":{"rendered":"Fordele ved AMELIE"},"content":{"rendered":"[et_pb_section fb_built=&#8221;1&#8243; custom_padding_last_edited=&#8221;on|phone&#8221; disabled_on=&#8221;off|off|off&#8221; admin_label=&#8221;Hero section&#8221; _builder_version=&#8221;4.6.3&#8243; background_image=&#8221;https:\/\/amelie-project.eu\/wp-content\/uploads\/2020\/10\/AMELIEHEADERBACKGOUND-01-scaled.jpg&#8221; background_position=&#8221;center_left&#8221; custom_margin=&#8221;|||&#8221; custom_padding=&#8221;7%||7%||true|false&#8221; custom_padding_tablet=&#8221;15%||15%||true|false&#8221; custom_padding_phone=&#8221;&#8221;][et_pb_row use_custom_gutter=&#8221;on&#8221; gutter_width=&#8221;1&#8243; custom_padding_last_edited=&#8221;on|desktop&#8221; _builder_version=&#8221;4.6.3&#8243; _module_preset=&#8221;default&#8221; width=&#8221;100%&#8221; module_alignment=&#8221;left&#8221; custom_padding=&#8221;|||4%|false|false&#8221; custom_padding_tablet=&#8221;|||6%|false|false&#8221; custom_padding_phone=&#8221;|||7%|false|false&#8221;][et_pb_column type=&#8221;4_4&#8243; _builder_version=&#8221;4.6.3&#8243; _module_preset=&#8221;default&#8221;][dsm_block_reveal_text block_reveal_text=&#8221;BENEFITS&#8221; heading_html_tag=&#8221;h1&#8243; block_reveal_color=&#8221;#0e94f9&#8243; block_reveal_delay=&#8221;0&#8243; _builder_version=&#8221;4.6.3&#8243; _module_preset=&#8221;default&#8221; header_font=&#8221;AMELIE||||||||&#8221; header_text_color=&#8221;#0e94f9&#8243; header_font_size=&#8221;4vw&#8221; custom_padding=&#8221;||||false|false&#8221; custom_padding_tablet=&#8221;||||false|false&#8221; custom_padding_phone=&#8221;||||false|false&#8221; custom_padding_last_edited=&#8221;on|phone&#8221; header_font_size_tablet=&#8221;8vw&#8221; header_font_size_phone=&#8221;10vw&#8221; header_font_size_last_edited=&#8221;on|desktop&#8221;][\/dsm_block_reveal_text][dsm_block_reveal_text block_reveal_text=&#8221;OF AMELIE&#8221; block_reveal_color=&#8221;#0e94f9&#8243; _builder_version=&#8221;4.6.3&#8243; _module_preset=&#8221;default&#8221; header_font=&#8221;AMELIE||||||||&#8221; header_text_color=&#8221;#0e94f9&#8243; header_font_size=&#8221;3vw&#8221; custom_padding=&#8221;||||false|false&#8221; custom_padding_tablet=&#8221;||||false|false&#8221; custom_padding_phone=&#8221;||||false|false&#8221; custom_padding_last_edited=&#8221;on|phone&#8221; header_font_size_tablet=&#8221;6vw&#8221; header_font_size_phone=&#8221;7vw&#8221; header_font_size_last_edited=&#8221;on|desktop&#8221;][\/dsm_block_reveal_text][\/et_pb_column][\/et_pb_row][\/et_pb_section][et_pb_section fb_built=&#8221;1&#8243; custom_padding_last_edited=&#8221;on|phone&#8221; _builder_version=&#8221;4.6.3&#8243; transform_scale_tablet=&#8221;90%|90%&#8221; transform_scale_last_edited=&#8221;off|desktop&#8221; transform_translate_last_edited=&#8221;off|desktop&#8221; transform_rotate_last_edited=&#8221;off|desktop&#8221; transform_skew_last_edited=&#8221;off|desktop&#8221; transform_origin_last_edited=&#8221;off|desktop&#8221; transform_styles_last_edited=&#8221;off|desktop&#8221; custom_margin=&#8221;||||false|false&#8221; custom_padding=&#8221;100px|0px|100px|0px&#8221; custom_padding_tablet=&#8221;35px|0px|35px|0px|true|false&#8221; custom_padding_phone=&#8221;15px||15px||true|false&#8221;][et_pb_row column_structure=&#8221;1_3,1_3,1_3&#8243; _builder_version=&#8221;4.6.3&#8243; _module_preset=&#8221;default&#8221; animation_style=&#8221;slide&#8221; animation_direction=&#8221;bottom&#8221; animation_intensity_slide=&#8221;11%&#8221;][et_pb_column type=&#8221;1_3&#8243; _builder_version=&#8221;4.6.3&#8243; _module_preset=&#8221;default&#8221;][dsm_tilt_image src=&#8221;https:\/\/amelie-project.eu\/wp-content\/uploads\/2020\/09\/science1shadow-4.png&#8221; title_text=&#8221;science1shadow&#8221; dsm_tilt_mobile=&#8221;on&#8221; dsm_tilt_scale=&#8221;1.1&#8243; dsm_tilt_max=&#8221;15&#8243; dsm_use_glare=&#8221;on&#8221; dsm_tilt_glare=&#8221;0.5&#8243; _builder_version=&#8221;4.6.3&#8243; _module_preset=&#8221;default&#8221;][\/dsm_tilt_image][et_pb_text _builder_version=&#8221;4.6.3&#8243; text_font=&#8221;Gotham kinda bold||||||||&#8221; text_text_color=&#8221;#000000&#8243; text_font_size=&#8221;16px&#8221; text_line_height=&#8221;1.6em&#8221; header_font=&#8221;Gotham kinda bold|||on|||||&#8221; header_text_color=&#8221;#000000&#8243; header_font_size=&#8221;15px&#8221; header_letter_spacing=&#8221;1px&#8221; header_line_height=&#8221;1.4em&#8221; header_2_font=&#8221;Gotham kinda bold|||on|||||&#8221; header_2_text_color=&#8221;#000000&#8243; header_2_font_size=&#8221;15px&#8221; header_2_letter_spacing=&#8221;1px&#8221; header_2_line_height=&#8221;1.4em&#8221; header_3_font=&#8221;Gotham kinda bold|||on|||||&#8221; header_3_text_color=&#8221;#000000&#8243; header_3_font_size=&#8221;15px&#8221; header_3_letter_spacing=&#8221;1px&#8221; header_3_line_height=&#8221;1.4em&#8221; header_4_font=&#8221;Gotham kinda bold|||on|||||&#8221; header_4_text_color=&#8221;#000000&#8243; header_4_font_size=&#8221;17px&#8221; header_4_letter_spacing=&#8221;1px&#8221; header_4_line_height=&#8221;1.4em&#8221; header_5_font=&#8221;Gotham kinda bold|||on|||||&#8221; header_5_text_color=&#8221;#000000&#8243; header_5_font_size=&#8221;15px&#8221; header_5_letter_spacing=&#8221;1px&#8221; header_5_line_height=&#8221;1.4em&#8221; header_6_font=&#8221;Gotham kinda bold|||on|||||&#8221; header_6_text_color=&#8221;#000000&#8243; header_6_font_size=&#8221;15px&#8221; header_6_letter_spacing=&#8221;1px&#8221; header_6_line_height=&#8221;1.4em&#8221; text_orientation=&#8221;center&#8221; max_width=&#8221;800px&#8221; module_alignment=&#8221;center&#8221; locked=&#8221;off&#8221;]<p>Potentielle nye regenerative terapier til at im\u00f8dekomme uopfyldte kliniske behov hos store patientgrupper identificeret.<\/p>[\/et_pb_text][\/et_pb_column][et_pb_column type=&#8221;1_3&#8243; _builder_version=&#8221;4.6.3&#8243; _module_preset=&#8221;default&#8221;][dsm_tilt_image src=&#8221;https:\/\/amelie-project.eu\/wp-content\/uploads\/2020\/09\/science2shadow.png&#8221; title_text=&#8221;science2shadow&#8221; dsm_tilt_mobile=&#8221;on&#8221; dsm_tilt_scale=&#8221;1.1&#8243; dsm_tilt_max=&#8221;15&#8243; dsm_use_glare=&#8221;on&#8221; dsm_tilt_glare=&#8221;0.5&#8243; _builder_version=&#8221;4.6.3&#8243; _module_preset=&#8221;default&#8221;][\/dsm_tilt_image][et_pb_text _builder_version=&#8221;4.6.3&#8243; text_font=&#8221;Gotham kinda bold||||||||&#8221; text_text_color=&#8221;#000000&#8243; text_font_size=&#8221;16px&#8221; text_line_height=&#8221;1.6em&#8221; header_font=&#8221;Gotham kinda bold|||on|||||&#8221; header_text_color=&#8221;#000000&#8243; header_font_size=&#8221;15px&#8221; header_letter_spacing=&#8221;1px&#8221; header_line_height=&#8221;1.4em&#8221; header_2_font=&#8221;Gotham kinda bold|||on|||||&#8221; header_2_text_color=&#8221;#000000&#8243; header_2_font_size=&#8221;15px&#8221; header_2_letter_spacing=&#8221;1px&#8221; header_2_line_height=&#8221;1.4em&#8221; header_3_font=&#8221;Gotham kinda bold|||on|||||&#8221; header_3_text_color=&#8221;#000000&#8243; header_3_font_size=&#8221;15px&#8221; header_3_letter_spacing=&#8221;1px&#8221; header_3_line_height=&#8221;1.4em&#8221; header_4_font=&#8221;Gotham kinda bold|||on|||||&#8221; header_4_text_color=&#8221;#000000&#8243; header_4_font_size=&#8221;17px&#8221; header_4_letter_spacing=&#8221;1px&#8221; header_4_line_height=&#8221;1.4em&#8221; header_5_font=&#8221;Gotham kinda bold|||on|||||&#8221; header_5_text_color=&#8221;#000000&#8243; header_5_font_size=&#8221;15px&#8221; header_5_letter_spacing=&#8221;1px&#8221; header_5_line_height=&#8221;1.4em&#8221; header_6_font=&#8221;Gotham kinda bold|||on|||||&#8221; header_6_text_color=&#8221;#000000&#8243; header_6_font_size=&#8221;15px&#8221; header_6_letter_spacing=&#8221;1px&#8221; header_6_line_height=&#8221;1.4em&#8221; text_orientation=&#8221;center&#8221; max_width=&#8221;800px&#8221; module_alignment=&#8221;center&#8221; locked=&#8221;off&#8221;]<p>Europas position inden for translationel regenerativ medicin er blevet styrket.<\/p>[\/et_pb_text][\/et_pb_column][et_pb_column type=&#8221;1_3&#8243; _builder_version=&#8221;4.6.3&#8243; _module_preset=&#8221;default&#8221;][dsm_tilt_image src=&#8221;https:\/\/amelie-project.eu\/wp-content\/uploads\/2020\/09\/science3shadow-2.png&#8221; title_text=&#8221;science3shadow&#8221; dsm_tilt_mobile=&#8221;on&#8221; dsm_tilt_scale=&#8221;1.1&#8243; dsm_tilt_max=&#8221;15&#8243; dsm_use_glare=&#8221;on&#8221; dsm_tilt_glare=&#8221;0.5&#8243; _builder_version=&#8221;4.6.3&#8243; _module_preset=&#8221;default&#8221;][\/dsm_tilt_image][et_pb_text _builder_version=&#8221;4.6.3&#8243; text_font=&#8221;Gotham kinda bold||||||||&#8221; text_text_color=&#8221;#000000&#8243; text_font_size=&#8221;16px&#8221; text_line_height=&#8221;1.6em&#8221; header_font=&#8221;Gotham kinda bold|||on|||||&#8221; header_text_color=&#8221;#000000&#8243; header_font_size=&#8221;15px&#8221; header_letter_spacing=&#8221;1px&#8221; header_line_height=&#8221;1.4em&#8221; header_2_font=&#8221;Gotham kinda bold|||on|||||&#8221; header_2_text_color=&#8221;#000000&#8243; header_2_font_size=&#8221;15px&#8221; header_2_letter_spacing=&#8221;1px&#8221; header_2_line_height=&#8221;1.4em&#8221; header_3_font=&#8221;Gotham kinda bold|||on|||||&#8221; header_3_text_color=&#8221;#000000&#8243; header_3_font_size=&#8221;15px&#8221; header_3_letter_spacing=&#8221;1px&#8221; header_3_line_height=&#8221;1.4em&#8221; header_4_font=&#8221;Gotham kinda bold|||on|||||&#8221; header_4_text_color=&#8221;#000000&#8243; header_4_font_size=&#8221;17px&#8221; header_4_letter_spacing=&#8221;1px&#8221; header_4_line_height=&#8221;1.4em&#8221; header_5_font=&#8221;Gotham kinda bold|||on|||||&#8221; header_5_text_color=&#8221;#000000&#8243; header_5_font_size=&#8221;15px&#8221; header_5_letter_spacing=&#8221;1px&#8221; header_5_line_height=&#8221;1.4em&#8221; header_6_font=&#8221;Gotham kinda bold|||on|||||&#8221; header_6_text_color=&#8221;#000000&#8243; header_6_font_size=&#8221;15px&#8221; header_6_letter_spacing=&#8221;1px&#8221; header_6_line_height=&#8221;1.4em&#8221; text_orientation=&#8221;center&#8221; max_width=&#8221;800px&#8221; module_alignment=&#8221;center&#8221; locked=&#8221;off&#8221;]<p>Nye behandlingsformer til st\u00f8rre menneskelige sygdomme og tilstande og nye behandlingsmetoder, der er kommet l\u00e6ngere i udviklingspipelinen.<\/p>[\/et_pb_text][\/et_pb_column][\/et_pb_row][\/et_pb_section][et_pb_section fb_built=&#8221;1&#8243; _builder_version=&#8221;3.22&#8243; background_color=&#8221;rgba(0,0,0,0.03)&#8221; background_position=&#8221;top_center&#8221; custom_margin=&#8221;|||&#8221; custom_padding=&#8221;100px||100px|&#8221;][et_pb_row use_custom_gutter=&#8221;on&#8221; gutter_width=&#8221;4&#8243; _builder_version=&#8221;4.6.3&#8243; custom_margin=&#8221;||||false|false&#8221; custom_padding=&#8221;0px|||&#8221;][et_pb_column type=&#8221;4_4&#8243; _builder_version=&#8221;3.25&#8243; custom_padding=&#8221;|||&#8221; parallax__hover=&#8221;off&#8221; parallax_method__hover=&#8221;on&#8221; custom_padding__hover=&#8221;|||&#8221;][et_pb_blurb title=&#8221;Potential new regenerative therapies to address unmet clinical needs of large patient groups identified&#8221; url=&#8221;#&#8221; icon_placement=&#8221;left&#8221; image_max_width=&#8221;64px&#8221; content_max_width=&#8221;1400px&#8221; admin_label=&#8221;Chapter&#8221; _builder_version=&#8221;4.6.3&#8243; header_font=&#8221;Gotham kinda bold||||||||&#8221; header_text_color=&#8221;#000000&#8243; header_line_height=&#8221;1.5em&#8221; body_font=&#8221;Gotham kinda bold||||||||&#8221; body_text_color=&#8221;#000000&#8243; body_font_size=&#8221;16px&#8221; body_line_height=&#8221;1.9em&#8221; background_color=&#8221;#ffffff&#8221; custom_margin=&#8221;|||&#8221; custom_padding=&#8221;30px|40px|30px|40px&#8221; animation_style=&#8221;zoom&#8221; animation_direction=&#8221;bottom&#8221; animation_intensity_zoom=&#8221;20%&#8221; animation_starting_opacity=&#8221;100%&#8221; box_shadow_style=&#8221;preset2&#8243; box_shadow_horizontal=&#8221;0px&#8221; box_shadow_vertical=&#8221;0px&#8221; box_shadow_blur=&#8221;60px&#8221; box_shadow_color=&#8221;rgba(10,3,3,0.06)&#8221; locked=&#8221;off&#8221;]<p><span style=\"font-weight: 400;\">FI er en almindelig tilstand, der p\u00e5virker ~9% europ\u00e6iske voksne. Dette tal er undervurderet, da ca. 70% af patienterne med FI ikke konsulterer en sundhedsudbyder om deres tilstand. Kun en del af dem, der g\u00f8r, vil s\u00f8ge yderligere behandling, men ~50% vil ikke v\u00e6re egnet til de nuv\u00e6rende muligheder. AMELIEs tilgang har mange fordele i forhold til andre kirurgiske indgreb, som indeb\u00e6rer risiko for infektion, smerte og blydefekt\/forvridning, hvilket kan resultere i permanent stomi. Effekten af forbedret kontinens efter behandling vil have betydning for andre end dem, der umiddelbart lider af tilstanden, s\u00e5som plejepersonale og dem, der st\u00e5r p\u00e5 venteliste til plejehjem.<\/span><span style=\"font-weight: 400;\">\u00a0<\/span><\/p>\n<p><span style=\"font-weight: 400;\">Hvis behandlingen med den implanterbare celle-mikrob\u00e6rerteknologi er effektiv, vil den have en betydelig indvirkning p\u00e5 EU-borgernes livskvalitet.<\/span> <span style=\"font-weight: 400;\">Fremme af denne behandling som en realistisk tilgang til <\/span><i><span style=\"font-weight: 400;\">behandling<\/span><\/i><span style=\"font-weight: 400;\"> inkontinens i stedet for at h\u00e5ndtere symptomer, vil \u00f8ge sandsynligheden for, at patienter med FI konsulterer en sundhedsudbyder om deres tilstand og dermed \u00f8ge antallet af patienter, som behandlingen kan n\u00e5 ud til.<\/span><\/p>[\/et_pb_blurb][et_pb_blurb title=&#8221;Europe\u2019s position in translational regenerative medicine strengthened &#8221; url=&#8221;#&#8221; icon_placement=&#8221;left&#8221; image_max_width=&#8221;64px&#8221; content_max_width=&#8221;1400px&#8221; admin_label=&#8221;Chapter&#8221; _builder_version=&#8221;4.6.3&#8243; header_font=&#8221;Gotham kinda bold||||||||&#8221; header_text_color=&#8221;#000000&#8243; header_line_height=&#8221;1.5em&#8221; body_font=&#8221;Gotham kinda bold||||||||&#8221; body_text_color=&#8221;#000000&#8243; body_font_size=&#8221;16px&#8221; body_line_height=&#8221;1.9em&#8221; background_color=&#8221;#ffffff&#8221; custom_margin=&#8221;|||&#8221; custom_padding=&#8221;30px|40px|30px|40px&#8221; animation_style=&#8221;zoom&#8221; animation_direction=&#8221;bottom&#8221; animation_intensity_zoom=&#8221;20%&#8221; animation_starting_opacity=&#8221;100%&#8221; hover_enabled=&#8221;0&#8243; box_shadow_style=&#8221;preset2&#8243; box_shadow_horizontal=&#8221;0px&#8221; box_shadow_vertical=&#8221;0px&#8221; box_shadow_blur=&#8221;60px&#8221; box_shadow_color=&#8221;rgba(10,3,3,0.06)&#8221; locked=&#8221;off&#8221; sticky_enabled=&#8221;0&#8243;]<p><span style=\"font-weight: 400;\">Europa er verdensf\u00f8rende inden for cellebaserede terapier til patienter med FI.<\/span> <span style=\"font-weight: 400;\">Ud over at styrke Europas dominerende rolle p\u00e5 omr\u00e5det repr\u00e6senterer AMELIE ogs\u00e5 en trinvis \u00e6ndring i tilgangen til fremstilling og levering af cellebaseret medicin, som vil g\u00f8re det muligt for europ\u00e6iske borgere at v\u00e6re de f\u00f8rste i verden til at drage fordel af en banebrydende ny tilgang til regenerativ medicin.\u00a0<\/span><\/p>\n<p><span style=\"font-weight: 400;\">Celleterapi er et hurtigt voksende forskningsomr\u00e5de. V\u00e6vsteknologiske produkter vil vokse betydeligt og give store muligheder for at styrke Europas position inden for translationel regenerativ medicin. Europa er ansvarlig for ca. 26% af de globale virksomheder inden for regenerativ medicin. Udviklingen af innovativ teknologi som f.eks. implanterbare TIPS-mikrob\u00e6rere vil tr\u00e6kke investeringer til Europa. AMELIE s\u00f8ger derefter at fremme europ\u00e6iske virksomheders konkurrencepositioner som udbydere af innovative teknologier til regenerativ medicin. Dette vil forbedre AMELIE's udnyttelsespotentiale.<\/span><\/p>\n[\/et_pb_blurb][et_pb_blurb title=&#8221;New therapies for major human diseases and conditions, and new approaches for therapy taken further in the development pipeline&#8221; url=&#8221;#&#8221; icon_placement=&#8221;left&#8221; image_max_width=&#8221;64px&#8221; content_max_width=&#8221;1400px&#8221; admin_label=&#8221;Chapter&#8221; _builder_version=&#8221;4.6.3&#8243; header_font=&#8221;Gotham kinda bold||||||||&#8221; header_text_color=&#8221;#000000&#8243; header_line_height=&#8221;1.5em&#8221; body_font=&#8221;Gotham kinda bold||||||||&#8221; body_text_color=&#8221;#000000&#8243; body_font_size=&#8221;16px&#8221; body_line_height=&#8221;1.9em&#8221; background_color=&#8221;#ffffff&#8221; custom_margin=&#8221;|||&#8221; custom_padding=&#8221;30px|40px|30px|40px&#8221; animation_style=&#8221;zoom&#8221; animation_direction=&#8221;bottom&#8221; animation_intensity_zoom=&#8221;20%&#8221; animation_starting_opacity=&#8221;100%&#8221; box_shadow_style=&#8221;preset2&#8243; box_shadow_horizontal=&#8221;0px&#8221; box_shadow_vertical=&#8221;0px&#8221; box_shadow_blur=&#8221;60px&#8221; box_shadow_color=&#8221;rgba(10,3,3,0.06)&#8221; locked=&#8221;off&#8221;]<p><span style=\"font-weight: 400;\">AMELIE baner vejen for identiske eller lignende innovative behandlinger ved hj\u00e6lp af ASMDC-celle-mikrob\u00e6rer-kombinationer til en r\u00e6kke andre kliniske tilstande, der er forbundet med tab af skeletmuskelfunktion, s\u00e5som urininkontinens, muskeldystrofier og volumetrisk muskeltab i forbindelse med traumatisk skade.\u00a0<\/span><\/p>\n<p><span style=\"font-weight: 400;\">Det samme videnskabelige rationale og den nye tilgang, der er udviklet i AMELIE, kan ogs\u00e5 anvendes p\u00e5 andre forankringsafh\u00e6ngige celletyper, der unders\u00f8ges som nye behandlinger inden for regenerativ medicin. Nye produkter best\u00e5ende af disse forankringsafh\u00e6ngige celler er beregnet til at behandle nogle af de mest invaliderende sygdomme, der p\u00e5virker muskler, knogler, brusk, \u00f8jne, hjerte\/kar, mave\/tarm\/lever, nyrer, immunforsvar og \u00e5ndedr\u00e6tsv\u00e6v. Indf\u00f8relse af den implanterbare TIPS-mikrob\u00e6rerteknologi kan have en betydelig indvirkning p\u00e5 resultatet.<\/span><\/p>\n<p><span style=\"font-weight: 400;\">I mellemtiden kan den opskalerede fremstillingsproces for TIPS-mikropartikler, der er udviklet, anvendes til andre anvendelser af mikropartikelteknologien, der i \u00f8jeblikket unders\u00f8ges i udviklingspipelinen. <\/span><\/p>[\/et_pb_blurb][\/et_pb_column][\/et_pb_row][\/et_pb_section][et_pb_section fb_built=&#8221;1&#8243; _builder_version=&#8221;4.6.3&#8243; _module_preset=&#8221;default&#8221;][\/et_pb_section]","protected":false},"excerpt":{"rendered":"<p><div class=\"et_pb_module dsm_block_reveal_text dsm_block_reveal_text_0\">\n\t\t\t\t\n\t\t\t\t\n\t\t\t\t\n\t\t\t\t\n\t\t\t\t\n\t\t\t\t\n\t\t\t\t<div class=\"et_pb_module_inner\">\n\t\t\t\t\t<div class=\"dsm_block_reveal_text_wrapper\" data-dsm-block-reveal-animation=\"lr\" data-dsm-block-reveal-color=\"#0e94f9\" data-dsm-block-reveal-delay=\"0\" data-dsm-block-reveal-viewport=\"80%\"><h1 class=\"dsm_block_reveal_text_header et_pb_module_header\">FORDELE<\/h1><\/div>\n\t\t\t\t<\/div>\n\t\t\t<\/div><div class=\"et_pb_module dsm_block_reveal_text dsm_block_reveal_text_1\">\n\t\t\t\t\n\t\t\t\t\n\t\t\t\t\n\t\t\t\t\n\t\t\t\t\n\t\t\t\t\n\t\t\t\t<div class=\"et_pb_module_inner\">\n\t\t\t\t\t<div class=\"dsm_block_reveal_text_wrapper\" data-dsm-block-reveal-animation=\"lr\" data-dsm-block-reveal-color=\"#0e94f9\" data-dsm-block-reveal-delay=\"0.1\" data-dsm-block-reveal-viewport=\"80%\"><h2 class=\"dsm_block_reveal_text_header et_pb_module_header\">AF AMELIE<\/h2><\/div>\n\t\t\t\t<\/div>\n\t\t\t<\/div><div class=\"et_pb_module dsm_tilt_image dsm_tilt_image_0\">\n\t\t\t\t\n\t\t\t\t\n\t\t\t\t\n\t\t\t\t\n\t\t\t\t\n\t\t\t\t\n\t\t\t\t<div class=\"et_pb_module_inner\">\n\t\t\t\t\t<div class=\"dsm-tilt-image-wrapper\" data-tilt data-tilt-max=\"15\" data-tilt-speed=\"300\" data-tilt-perspective=\"1000\" data-tilt-scale=\"1.1\" data-tilt-mobile-disable=\"on\" data-tilt-glare data-tilt-max-glare=\"0.5\" data-tilt-reverse=\"false\">\n\t\t\t\t\n\t\t\t\t\n\t\t\t\t<span class=\"et_pb_image_wrap\"><img decoding=\"async\" src=\"https:\/\/amelie-project.eu\/wp-content\/uploads\/2020\/09\/science1shadow-4.png\" alt=\"\" title=\"videnskab1skygge\" \/><\/span>\n\t\t\t<\/div>\n\t\t\t\t<\/div>\n\t\t\t<\/div>Potentielle nye regenerative terapier til at im\u00f8dekomme uopfyldte kliniske behov hos store patientgrupper identificeret.<div class=\"et_pb_module dsm_tilt_image dsm_tilt_image_1\">\n\t\t\t\t\n\t\t\t\t\n\t\t\t\t\n\t\t\t\t\n\t\t\t\t\n\t\t\t\t\n\t\t\t\t<div class=\"et_pb_module_inner\">\n\t\t\t\t\t<div class=\"dsm-tilt-image-wrapper\" data-tilt data-tilt-max=\"15\" data-tilt-speed=\"300\" data-tilt-perspective=\"1000\" data-tilt-scale=\"1.1\" data-tilt-mobile-disable=\"on\" data-tilt-glare data-tilt-max-glare=\"0.5\" data-tilt-reverse=\"false\">\n\t\t\t\t\n\t\t\t\t\n\t\t\t\t<span class=\"et_pb_image_wrap\"><img decoding=\"async\" src=\"https:\/\/amelie-project.eu\/wp-content\/uploads\/2020\/09\/science2shadow.png\" alt=\"\" title=\"videnskab2skygge\" \/><\/span>\n\t\t\t<\/div>\n\t\t\t\t<\/div>\n\t\t\t<\/div>Europas position inden for translationel regenerativ medicin er blevet styrket.<div class=\"et_pb_module dsm_tilt_image dsm_tilt_image_2\">\n\t\t\t\t\n\t\t\t\t\n\t\t\t\t\n\t\t\t\t\n\t\t\t\t\n\t\t\t\t\n\t\t\t\t<div class=\"et_pb_module_inner\">\n\t\t\t\t\t<div class=\"dsm-tilt-image-wrapper\" data-tilt data-tilt-max=\"15\" data-tilt-speed=\"300\" data-tilt-perspective=\"1000\" data-tilt-scale=\"1.1\" data-tilt-mobile-disable=\"on\" data-tilt-glare data-tilt-max-glare=\"0.5\" data-tilt-reverse=\"false\">\n\t\t\t\t\n\t\t\t\t\n\t\t\t\t<span class=\"et_pb_image_wrap\"><img decoding=\"async\" src=\"https:\/\/amelie-project.eu\/wp-content\/uploads\/2020\/09\/science3shadow-2.png\" alt=\"\" title=\"videnskab3skygge\" \/><\/span>\n\t\t\t<\/div>\n\t\t\t\t<\/div>\n\t\t\t<\/div>New therapies for major human diseases and conditions, and new approaches for therapy taken further in the development pipeline.FI is a common condition affecting ~9% European adults. This figure is underestimated as ~70% of patients with FI do not consult a healthcare provider about their condition. Only a proportion of those that do will seek further treatment, but ~50% will not be suited to current options. AMELIE\u2019s approach has numerous advantages over other surgical interventions, which risk infection, pain and lead defect\/dislocation, which can result in permanent stoma. The effect of improved continence following treatment will have impact beyond those immediately suffering the condition, such as carers and those on nursing home waiting lists.\u00a0 If effective, treatment with the implantable cell-microcarrier technology will [&hellip;]<\/p>","protected":false},"author":1,"featured_media":0,"parent":0,"menu_order":0,"comment_status":"closed","ping_status":"closed","template":"","meta":{"_et_pb_use_builder":"on","_et_pb_old_content":"","_et_gb_content_width":"","_coblocks_attr":"","_coblocks_dimensions":"","_coblocks_responsive_height":"","_coblocks_accordion_ie_support":"","footnotes":"","_links_to":"","_links_to_target":""},"class_list":["post-28371","page","type-page","status-publish","hentry"],"_links":{"self":[{"href":"https:\/\/amelie-project.eu\/da\/wp-json\/wp\/v2\/pages\/28371","targetHints":{"allow":["GET"]}}],"collection":[{"href":"https:\/\/amelie-project.eu\/da\/wp-json\/wp\/v2\/pages"}],"about":[{"href":"https:\/\/amelie-project.eu\/da\/wp-json\/wp\/v2\/types\/page"}],"author":[{"embeddable":true,"href":"https:\/\/amelie-project.eu\/da\/wp-json\/wp\/v2\/users\/1"}],"replies":[{"embeddable":true,"href":"https:\/\/amelie-project.eu\/da\/wp-json\/wp\/v2\/comments?post=28371"}],"version-history":[{"count":53,"href":"https:\/\/amelie-project.eu\/da\/wp-json\/wp\/v2\/pages\/28371\/revisions"}],"predecessor-version":[{"id":31152,"href":"https:\/\/amelie-project.eu\/da\/wp-json\/wp\/v2\/pages\/28371\/revisions\/31152"}],"wp:attachment":[{"href":"https:\/\/amelie-project.eu\/da\/wp-json\/wp\/v2\/media?parent=28371"}],"curies":[{"name":"wp","href":"https:\/\/api.w.org\/{rel}","templated":true}]}}